{"id":6,"date":"2018-10-18T13:03:48","date_gmt":"2018-10-18T11:03:48","guid":{"rendered":"https:\/\/blogs.uni-bremen.de\/skottki\/?page_id=6"},"modified":"2018-11-06T08:03:55","modified_gmt":"2018-11-06T07:03:55","slug":"ueber-mich","status":"publish","type":"page","link":"https:\/\/blogs.uni-bremen.de\/skottki\/","title":{"rendered":"\u00dcber mich"},"content":{"rendered":"<p><span style=\"font-family: georgia,palatino,serif\">Hallo !<\/span><\/p>\n<p><span style=\"font-family: georgia,palatino,serif\">Mein Name ist Jacqueline Skottki und studiere Geschichte (Profil) und Kulturwissenschaften (Komplement\u00e4r)\u00a0 im ersten Jahr an der Universit\u00e4t Bremen.<\/span><\/p>\n<p><span style=\"font-family: georgia,palatino,serif\">Neben dem Studium treibe ich im REV Bremerhaven Sport wie auch arbeite ich in einem Eiscaf\u00e9, um mir mein Studium in den n\u00e4chsten Jahren finanzieren zu k\u00f6nnen.<\/span><\/p>\n<p><span style=\"font-family: georgia,palatino,serif\">Auch bin ich sehr Sprach interessiert und lerne in meiner Freizeit Koreanisch wie auch Franz\u00f6sisch, da es mein Ziel ist in beiden Sprachen endlich flie\u00dfend zu werden.<\/span><\/p>\n<p><span style=\"font-family: georgia,palatino,serif\">In meinem Blog werde ich mich haupts\u00e4chlich \u00fcber die erste Zeit an der Universit\u00e4t Bremen sowie auch mit meinen Erfahrungen in meinem Studium befassen.\u00a0<\/span><\/p>\n<p><span style=\"font-family: georgia,palatino,serif\">\uc548\ub155\ud788\uac00\uc138\uc694 ! \u00a0 Au revoir ! Bis bald !<\/span><\/p>\n","protected":false},"excerpt":{"rendered":"<p>Hallo ! Mein Name ist Jacqueline Skottki und studiere Geschichte (Profil) und Kulturwissenschaften (Komplement\u00e4r)\u00a0 im ersten Jahr an der Universit\u00e4t Bremen. Neben dem Studium treibe ich im REV Bremerhaven Sport wie auch arbeite ich in einem Eiscaf\u00e9, um mir mein Studium in den n\u00e4chsten Jahren finanzieren zu k\u00f6nnen. Auch bin ich sehr Sprach interessiert und [&hellip;]<\/p>\n","protected":false},"author":10329,"featured_media":0,"parent":0,"menu_order":0,"comment_status":"closed","ping_status":"closed","template":"template-home.php","meta":{"_bbp_topic_count":0,"_bbp_reply_count":0,"_bbp_total_topic_count":0,"_bbp_total_reply_count":0,"_bbp_voice_count":0,"_bbp_anonymous_reply_count":0,"_bbp_topic_count_hidden":0,"_bbp_reply_count_hidden":0,"_bbp_forum_subforum_count":0,"footnotes":""},"class_list":["post-6","page","type-page","status-publish","hentry"],"_links":{"self":[{"href":"https:\/\/blogs.uni-bremen.de\/skottki\/wp-json\/wp\/v2\/pages\/6","targetHints":{"allow":["GET"]}}],"collection":[{"href":"https:\/\/blogs.uni-bremen.de\/skottki\/wp-json\/wp\/v2\/pages"}],"about":[{"href":"https:\/\/blogs.uni-bremen.de\/skottki\/wp-json\/wp\/v2\/types\/page"}],"author":[{"embeddable":true,"href":"https:\/\/blogs.uni-bremen.de\/skottki\/wp-json\/wp\/v2\/users\/10329"}],"replies":[{"embeddable":true,"href":"https:\/\/blogs.uni-bremen.de\/skottki\/wp-json\/wp\/v2\/comments?post=6"}],"version-history":[{"count":3,"href":"https:\/\/blogs.uni-bremen.de\/skottki\/wp-json\/wp\/v2\/pages\/6\/revisions"}],"predecessor-version":[{"id":70,"href":"https:\/\/blogs.uni-bremen.de\/skottki\/wp-json\/wp\/v2\/pages\/6\/revisions\/70"}],"wp:attachment":[{"href":"https:\/\/blogs.uni-bremen.de\/skottki\/wp-json\/wp\/v2\/media?parent=6"}],"curies":[{"name":"wp","href":"https:\/\/api.w.org\/{rel}","templated":true}]}}