{"id":28,"date":"2021-06-23T17:55:10","date_gmt":"2021-06-23T15:55:10","guid":{"rendered":"https:\/\/blogs.uni-bremen.de\/sicheinbildmachendigital2021\/?page_id=28"},"modified":"2021-06-27T13:14:37","modified_gmt":"2021-06-27T11:14:37","slug":"projekte","status":"publish","type":"page","link":"https:\/\/blogs.uni-bremen.de\/sicheinbildmachendigital2021\/projekte\/","title":{"rendered":"Die Projekte"},"content":{"rendered":"<p style=\"text-align: center\"><span style=\"color: #d98b57\">&#8222;Every artist was first an amateur.&#8220;<\/span><br \/>\n<span style=\"font-size: 10pt\"><em>~ Ralph Waldo Emerson<\/em><\/span><\/p>\n<p>&nbsp;<\/p>\n<p style=\"text-align: justify\">Durch die Corona-Pandemie hat es gerade jede Kunstausstellung schwer, ihr Publikum zu erreichen. Deswegen baut auch die Universit\u00e4t Bremen mithilfe ihrer Student:innen ihr digitales Angebot weiter aus. Da die urspr\u00fcnglich angedachte Grundkursausstellung am Ende des 2. Semesters nicht in Pr\u00e4senz stattfinden kann, haben wir uns als Kurs f\u00fcr unsere Projekte aus dem Seminar &#8222;K\u00fcnstlerische Praxis I: sich \/ ein Bild machen <em>\u2015<\/em> \u00fcbergreifende malerische Prozesse&#8220;\u00a0 eine digitale Pr\u00e4sentationsform \u00fcberlegt.<\/p>\n<p style=\"text-align: justify\">In diesem Blog der Universit\u00e4t Bremen sind alle eigens entwickelten Arbeiten aus dem Grundkurs von Dr. Maja Linke in einer virtuellen Ausstellung zu sehen. Mit gro\u00dfem Engagement und spr\u00fchender Kreativit\u00e4t haben sich \u00fcber zwei Semester hinweg bei uns Studentinnen pers\u00f6nliche Grenzen erweitert,\u00a0 individuelle F\u00e4higkeiten entwickelt und k\u00fcnstlerische Techniken gefestigt. In mehrstufigen, vielschichtigen und kreativen Auseinandersetzungsprozessen mit seperat gew\u00e4hlten Themen, zeigen wir unser erworbenes K\u00f6nnen, unser neu Gelerntes und unser daraus Erschaffenes.<\/p>\n<p style=\"text-align: justify\">Unsere Arbeiten vereinen insgesamt alle subjektiven und vielf\u00e4ltigen Entwicklungsprozesse, die wir in der Zeit des Seminars durchlebt haben. Diese finden sich auch in den entstandenen Werken wieder und spiegeln sich dort in einem facettenreichen Ausdruck.<\/p>\n<p style=\"text-align: justify\">Wir alle haben die Hindernisse und Einschr\u00e4nkungen der Corona-Pandemie \u00fcberwunden, indem wir ideenreich, konstruktiv, k\u00fcnstlerisch und sch\u00f6pferisch waren <em>\u2015<\/em> was zu einem tollen Resultat gef\u00fchrt hat! Seht selbst!<\/p>\n<p>&nbsp;<\/p>\n<p style=\"text-align: center\">Unsere Projekte:<\/p>\n<p style=\"text-align: center\"><a href=\"https:\/\/blogs.uni-bremen.de\/sicheinbildmachendigital2021\/projekte\/annalenas-projekt\/\"><span style=\"color: #e09867\"><span style=\"color: #d9844c\">Annalenas Projekt<\/span><\/span><\/a><span style=\"color: #d9844c\">\u00a0\u00a0\u00a0 <a style=\"color: #d9844c\" href=\"https:\/\/blogs.uni-bremen.de\/sicheinbildmachendigital2021\/projekte\/dilaras-projekt\/\">Dilaras Projekt<\/a> \u00a0\u00a0 <a style=\"color: #d9844c\" href=\"https:\/\/blogs.uni-bremen.de\/sicheinbildmachendigital2021\/projekte\/emilys-projekt\/\">Emilys Projekt<\/a> \u00a0\u00a0 <a style=\"color: #d9844c\" href=\"https:\/\/blogs.uni-bremen.de\/sicheinbildmachendigital2021\/projekte\/joannas-projekt\/\">Joannas Projekt<\/a>\u00a0\u00a0\u00a0 <a style=\"color: #d9844c\" href=\"https:\/\/blogs.uni-bremen.de\/sicheinbildmachendigital2021\/projekte\/katharinas-projekt\/\">Katharinas Projekt<\/a>\u00a0\u00a0\u00a0 <a style=\"color: #d9844c\" href=\"https:\/\/blogs.uni-bremen.de\/sicheinbildmachendigital2021\/projekte\/kathrins-projekt\/\">Kathrins Projekt<\/a>\u00a0\u00a0\u00a0 <a style=\"color: #d9844c\" href=\"https:\/\/blogs.uni-bremen.de\/sicheinbildmachendigital2021\/projekte\/leas-projekt\/\">Leas Projekt<\/a>\u00a0\u00a0\u00a0 <a style=\"color: #d9844c\" href=\"https:\/\/blogs.uni-bremen.de\/sicheinbildmachendigital2021\/projekte\/marias-projekt\/\">Marias Projekt<\/a>\u00a0\u00a0\u00a0 <\/span><br \/>\n<span style=\"color: #d9844c\"><a style=\"color: #d9844c\" href=\"https:\/\/blogs.uni-bremen.de\/sicheinbildmachendigital2021\/projekte\/marits-projekt\/\">Marits Projekt<\/a>\u00a0\u00a0\u00a0 <a style=\"color: #d9844c\" href=\"https:\/\/blogs.uni-bremen.de\/sicheinbildmachendigital2021\/projekte\/meldas-projekt\/\">Meldas Projekt<\/a>\u00a0\u00a0\u00a0 <a style=\"color: #d9844c\" href=\"https:\/\/blogs.uni-bremen.de\/sicheinbildmachendigital2021\/projekte\/sophies-projekt\/\">Sophies Projekt<\/a><\/span><\/p>\n<p style=\"text-align: justify\">\n","protected":false},"excerpt":{"rendered":"<p>&#8222;Every artist was first an amateur.&#8220; ~ Ralph Waldo Emerson &nbsp; Durch die Corona-Pandemie hat es gerade jede Kunstausstellung schwer, ihr Publikum zu erreichen. Deswegen baut auch die Universit\u00e4t Bremen mithilfe ihrer Student:innen ihr digitales Angebot weiter aus. Da die urspr\u00fcnglich angedachte Grundkursausstellung am Ende des 2. Semesters nicht in Pr\u00e4senz stattfinden kann, haben wir &hellip; <\/p>\n<p class=\"link-more\"><a href=\"https:\/\/blogs.uni-bremen.de\/sicheinbildmachendigital2021\/projekte\/\" class=\"more-link\"><span class=\"screen-reader-text\">\u201eDie Projekte\u201c <\/span>weiterlesen<\/a><\/p>\n","protected":false},"author":13046,"featured_media":0,"parent":0,"menu_order":2,"comment_status":"closed","ping_status":"closed","template":"","meta":{"_bbp_topic_count":0,"_bbp_reply_count":0,"_bbp_total_topic_count":0,"_bbp_total_reply_count":0,"_bbp_voice_count":0,"_bbp_anonymous_reply_count":0,"_bbp_topic_count_hidden":0,"_bbp_reply_count_hidden":0,"_bbp_forum_subforum_count":0,"footnotes":""},"class_list":["post-28","page","type-page","status-publish","hentry"],"_links":{"self":[{"href":"https:\/\/blogs.uni-bremen.de\/sicheinbildmachendigital2021\/wp-json\/wp\/v2\/pages\/28","targetHints":{"allow":["GET"]}}],"collection":[{"href":"https:\/\/blogs.uni-bremen.de\/sicheinbildmachendigital2021\/wp-json\/wp\/v2\/pages"}],"about":[{"href":"https:\/\/blogs.uni-bremen.de\/sicheinbildmachendigital2021\/wp-json\/wp\/v2\/types\/page"}],"author":[{"embeddable":true,"href":"https:\/\/blogs.uni-bremen.de\/sicheinbildmachendigital2021\/wp-json\/wp\/v2\/users\/13046"}],"replies":[{"embeddable":true,"href":"https:\/\/blogs.uni-bremen.de\/sicheinbildmachendigital2021\/wp-json\/wp\/v2\/comments?post=28"}],"version-history":[{"count":10,"href":"https:\/\/blogs.uni-bremen.de\/sicheinbildmachendigital2021\/wp-json\/wp\/v2\/pages\/28\/revisions"}],"predecessor-version":[{"id":123,"href":"https:\/\/blogs.uni-bremen.de\/sicheinbildmachendigital2021\/wp-json\/wp\/v2\/pages\/28\/revisions\/123"}],"wp:attachment":[{"href":"https:\/\/blogs.uni-bremen.de\/sicheinbildmachendigital2021\/wp-json\/wp\/v2\/media?parent=28"}],"curies":[{"name":"wp","href":"https:\/\/api.w.org\/{rel}","templated":true}]}}