{"id":2,"date":"2021-06-23T15:51:15","date_gmt":"2021-06-23T13:51:15","guid":{"rendered":"https:\/\/blogs.uni-bremen.de\/sicheinbildmachendigital2021\/?page_id=2"},"modified":"2021-06-24T16:07:45","modified_gmt":"2021-06-24T14:07:45","slug":"beispiel-seite","status":"publish","type":"page","link":"https:\/\/blogs.uni-bremen.de\/sicheinbildmachendigital2021\/","title":{"rendered":"Herzlich Willkommen!"},"content":{"rendered":"<p style=\"text-align: center\"><span style=\"color: #d98b57\">&#8222;Je mehr ich mich Stift und Pinsel in meiner Hand anvertrauen kann,<\/span><br \/>\n<span style=\"color: #d98b57\">desto mehr kann ich mir ein eigenes Bild von der Welt machen<\/span><br \/>\n<span style=\"color: #d98b57\">und neue Bildwelten entwerfen.&#8220;<\/span><br \/>\n<em><span style=\"font-size: 10pt\">~ Dr. Maja Linke (Kommentar zur Veranstaltung, WiSe 20\/21)<\/span><\/em><\/p>\n<p>&nbsp;<\/p>\n<p style=\"text-align: center\">Herzlich Willkommen in der digitalen Ausstellung des Grundkurses &#8222;K\u00fcnstlerische Praxis I: sich \/ ein Bild machen &#8211; \u00fcbergreifende<br \/>\nmalerische Prozesse 2021&#8220; der Universit\u00e4t Bremen!<\/p>\n<p style=\"text-align: center\">Hier pr\u00e4sentieren wir unsere k\u00fcnstlerischen Projekte in digitaler Form, die wir \u00fcber zwei Corona-Semester hinweg entwickelt haben.<\/p>\n<p style=\"text-align: center\">Viel Spa\u00df beim Umsehen!<\/p>\n<p style=\"text-align: center\"><span style=\"color: #de8f5b\"><a href=\"https:\/\/blogs.uni-bremen.de\/sicheinbildmachendigital2021\/projekte\/\"><span style=\"color: #de8f5b\">Zu den Projekten<\/span><\/a> \u2192<\/span><\/p>\n<p style=\"text-align: center\">\n","protected":false},"excerpt":{"rendered":"<p>&#8222;Je mehr ich mich Stift und Pinsel in meiner Hand anvertrauen kann, desto mehr kann ich mir ein eigenes Bild von der Welt machen und neue Bildwelten entwerfen.&#8220; ~ Dr. Maja Linke (Kommentar zur Veranstaltung, WiSe 20\/21) &nbsp; Herzlich Willkommen in der digitalen Ausstellung des Grundkurses &#8222;K\u00fcnstlerische Praxis I: sich \/ ein Bild machen &#8211; &hellip; <\/p>\n<p class=\"link-more\"><a href=\"https:\/\/blogs.uni-bremen.de\/sicheinbildmachendigital2021\/\" class=\"more-link\"><span class=\"screen-reader-text\">\u201eHerzlich Willkommen!\u201c <\/span>weiterlesen<\/a><\/p>\n","protected":false},"author":13046,"featured_media":0,"parent":0,"menu_order":1,"comment_status":"closed","ping_status":"open","template":"","meta":{"_bbp_topic_count":0,"_bbp_reply_count":0,"_bbp_total_topic_count":0,"_bbp_total_reply_count":0,"_bbp_voice_count":0,"_bbp_anonymous_reply_count":0,"_bbp_topic_count_hidden":0,"_bbp_reply_count_hidden":0,"_bbp_forum_subforum_count":0,"footnotes":""},"class_list":["post-2","page","type-page","status-publish","hentry"],"_links":{"self":[{"href":"https:\/\/blogs.uni-bremen.de\/sicheinbildmachendigital2021\/wp-json\/wp\/v2\/pages\/2","targetHints":{"allow":["GET"]}}],"collection":[{"href":"https:\/\/blogs.uni-bremen.de\/sicheinbildmachendigital2021\/wp-json\/wp\/v2\/pages"}],"about":[{"href":"https:\/\/blogs.uni-bremen.de\/sicheinbildmachendigital2021\/wp-json\/wp\/v2\/types\/page"}],"author":[{"embeddable":true,"href":"https:\/\/blogs.uni-bremen.de\/sicheinbildmachendigital2021\/wp-json\/wp\/v2\/users\/13046"}],"replies":[{"embeddable":true,"href":"https:\/\/blogs.uni-bremen.de\/sicheinbildmachendigital2021\/wp-json\/wp\/v2\/comments?post=2"}],"version-history":[{"count":10,"href":"https:\/\/blogs.uni-bremen.de\/sicheinbildmachendigital2021\/wp-json\/wp\/v2\/pages\/2\/revisions"}],"predecessor-version":[{"id":120,"href":"https:\/\/blogs.uni-bremen.de\/sicheinbildmachendigital2021\/wp-json\/wp\/v2\/pages\/2\/revisions\/120"}],"wp:attachment":[{"href":"https:\/\/blogs.uni-bremen.de\/sicheinbildmachendigital2021\/wp-json\/wp\/v2\/media?parent=2"}],"curies":[{"name":"wp","href":"https:\/\/api.w.org\/{rel}","templated":true}]}}