{"id":55,"date":"2018-05-18T10:24:20","date_gmt":"2018-05-18T08:24:20","guid":{"rendered":"https:\/\/blogs.uni-bremen.de\/sektionstagung\/?page_id=55"},"modified":"2018-05-28T10:01:38","modified_gmt":"2018-05-28T08:01:38","slug":"call-for-posters","status":"publish","type":"page","link":"https:\/\/blogs.uni-bremen.de\/sektionstagung\/call-for-posters\/","title":{"rendered":"CALL FOR POSTERS"},"content":{"rendered":"<p><span style=\"font-size: 14pt\"><strong><span style=\"font-family: arial, helvetica, sans-serif\">CALL FOR POSTERS<\/span><\/strong><\/span><\/p>\n<p><span style=\"font-family: arial, helvetica, sans-serif;font-size: 10pt\">(Hier der Call zum <a href=\"https:\/\/blogs.uni-bremen.de\/sektionstagung\/files\/2018\/05\/Call_Bremen2018.pdf\">Download<\/a>)<\/span><\/p>\n<p><span style=\"font-family: arial, helvetica, sans-serif\">Die Herbsttagung 2018 der Sektion Medienp\u00e4dagogik der Deutschen Gesellschaft f\u00fcr Erziehungswissenschaft<\/span><br \/>\n<span style=\"font-family: arial, helvetica, sans-serif\">(DGfE) bietet neben den klassischen Beitragseinreichungen auch die<\/span><br \/>\n<span style=\"font-family: arial, helvetica, sans-serif\">M\u00f6glichkeit, <strong>aktuelle Forschungsarbeiten in Form eines Posters<\/strong> zu pr\u00e4sentieren. Dabei<\/span><br \/>\n<span style=\"font-family: arial, helvetica, sans-serif\">k\u00f6nnen insbesondere auch laufende oder k\u00fcrzlich gestartete Forschungsvorhaben \u2013 z.B.<\/span><br \/>\n<span style=\"font-family: arial, helvetica, sans-serif\">zum Forschungsdesign oder detaillierte Informationen zur Forschungsmethodologie \u2013 vorgestellt<\/span><br \/>\n<span style=\"font-family: arial, helvetica, sans-serif\">werden.<\/span><\/p>\n<p><span style=\"font-family: arial, helvetica, sans-serif\">Es ist vorgesehen, dass es einen <strong>Posterpreis<\/strong> f\u00fcr das beste Poster geben wird. Kriterien<\/span><br \/>\n<span style=\"font-family: arial, helvetica, sans-serif\">sind Inhalt, Pr\u00e4sentation\/Visualisierung, Originalit\u00e4t der Fragestellung, Methodik und Bedeutsamkeit<\/span><br \/>\n<span style=\"font-family: arial, helvetica, sans-serif\">f\u00fcr die Medienp\u00e4dagogik. <\/span><\/p>\n<p><span style=\"font-family: arial, helvetica, sans-serif\">F\u00fcr die Pr\u00e4sentation ist ein Zeitfenster zwischen <strong>17 und 18 Uhr am 20. September<\/strong><\/span><br \/>\n<span style=\"font-family: arial, helvetica, sans-serif\">2017 vorgesehen. Mindestens ein Mitglied der Autorengruppe sollte zum Pr\u00e4sentationstermin<\/span><br \/>\n<span style=\"font-family: arial, helvetica, sans-serif\">f\u00fcr ein 5-min\u00fctige Kurzpr\u00e4sentation sowie f\u00fcr Erl\u00e4uterungen und Fragen vor Ort sein.<\/span><br \/>\n<span style=\"font-family: arial, helvetica, sans-serif\">Au\u00dferdem wird darum gebeten, Handouts zum Poster zu erstellen.<\/span><\/p>\n<p><span style=\"font-family: arial, helvetica, sans-serif\">Beitr\u00e4ge k\u00f6nnen bis zum 6. September in elektronischer Form \u00fcber <a href=\"mai&#108;&#116;&#111;&#x3a;&#x6d;&#x70;&#x61;&#x65;&#x64;18&#64;&#117;&#110;&#105;&#45;&#x62;&#x72;&#x65;&#x6d;&#x65;&#x6e;&#46;de\">mpaed18@uni-bremen.<\/a><\/span><br \/>\n<span style=\"font-family: arial, helvetica, sans-serif\"><a href=\"&#x6d;&#x61;&#105;lt&#x6f;&#x3a;&#109;&#112;a&#x65;&#x64;&#49;&#56;&#64;&#x75;&#x6e;&#x69;&#45;br&#x65;&#x6d;&#101;&#110;&#46;&#x64;&#x65;\">de<\/a> eingereicht werden. \u00dcber die Annahme des Posters erhalten Sie kurz nach Ihrer Einreichung<\/span><br \/>\n<span style=\"font-family: arial, helvetica, sans-serif\">eine R\u00fcckmeldung.<\/span><\/p>\n<p><span style=\"font-family: arial, helvetica, sans-serif\">F\u00fcr die Planung und Organisation der Postersession werden im Vorfeld die folgenden Informationen<\/span><br \/>\n<span style=\"font-family: arial, helvetica, sans-serif\">ben\u00f6tigt:<\/span><\/p>\n<ul style=\"list-style-type: circle\">\n<li><span style=\"font-family: arial, helvetica, sans-serif\">Titel des Posters<\/span><\/li>\n<li><span style=\"font-family: arial, helvetica, sans-serif\">Abstract (max. 250 W\u00f6rter inkl. Leerzeichen; ein Literaturverzeichnis ist nicht erforderlich;<\/span><br \/>\n<span style=\"font-family: arial, helvetica, sans-serif\">Kurzbelege im Text reichen aus)<\/span><\/li>\n<li><span style=\"font-family: arial, helvetica, sans-serif\">Liste der Autorinnen\/der Autoren: Namen, Vornamen mit akademischen Titeln (in der<\/span><br \/>\n<span style=\"font-family: arial, helvetica, sans-serif\">Reihenfolge der gew\u00fcnschten Nennung), Institution\/Ort<\/span><\/li>\n<li><span style=\"font-family: arial, helvetica, sans-serif\">Email\u2010Adresse eines Ansprechpartners\/einer Ansprechpartnerin<\/span><\/li>\n<\/ul>\n<p><span style=\"font-family: arial, helvetica, sans-serif\">Es besteht die M\u00f6glichkeit der Teilnahme an einer virtuellen Posterpr\u00e4sentation. Dazu schicken<\/span><br \/>\n<span style=\"font-family: arial, helvetica, sans-serif\">Sie uns bitte vorab eine PDF-Version ihres Posters.<\/span><\/p>\n<p><span style=\"font-family: arial, helvetica, sans-serif\">Bei Fragen k\u00f6nnen Sie sich jederzeit gerne unter <a href=\"&#x6d;&#x61;&#105;lt&#x6f;&#x3a;&#109;&#112;a&#x65;&#x64;&#49;&#56;&#64;&#x75;&#x6e;&#x69;&#45;br&#x65;&#x6d;&#101;&#110;&#46;&#x64;&#x65;\">&#x6d;&#x70;&#x61;&#x65;&#x64;&#49;&#56;&#64;&#117;ni-&#x62;&#x72;&#x65;&#x6d;&#x65;&#x6e;&#46;&#100;&#101;<\/a> an das Tagungsteam<\/span><br \/>\n<span style=\"font-family: arial, helvetica, sans-serif\">wenden. Weitere Informationen zur Tagung finden Sie unter <a href=\"https:\/\/blogs.unibremen.de\/sektionstagung\/\">https:\/\/blogs.unibremen.de\/sektionstagung\/<\/a> .<\/span><\/p>\n<p><span style=\"font-family: arial, helvetica, sans-serif\">Wir freuen uns auf Ihre Vorschl\u00e4ge.<\/span><\/p>\n","protected":false},"excerpt":{"rendered":"<p>CALL FOR POSTERS (Hier der Call zum Download) Die Herbsttagung 2018 der Sektion Medienp\u00e4dagogik der Deutschen Gesellschaft f\u00fcr Erziehungswissenschaft (DGfE) bietet neben den klassischen Beitragseinreichungen auch die M\u00f6glichkeit, aktuelle Forschungsarbeiten in Form eines Posters zu pr\u00e4sentieren. Dabei k\u00f6nnen insbesondere auch laufende oder k\u00fcrzlich gestartete Forschungsvorhaben \u2013 z.B. zum Forschungsdesign oder detaillierte Informationen zur Forschungsmethodologie \u2013 [&hellip;]<\/p>\n","protected":false},"author":9506,"featured_media":0,"parent":0,"menu_order":0,"comment_status":"closed","ping_status":"closed","template":"","meta":{"_bbp_topic_count":0,"_bbp_reply_count":0,"_bbp_total_topic_count":0,"_bbp_total_reply_count":0,"_bbp_voice_count":0,"_bbp_anonymous_reply_count":0,"_bbp_topic_count_hidden":0,"_bbp_reply_count_hidden":0,"_bbp_forum_subforum_count":0,"footnotes":""},"class_list":["post-55","page","type-page","status-publish","hentry"],"_links":{"self":[{"href":"https:\/\/blogs.uni-bremen.de\/sektionstagung\/wp-json\/wp\/v2\/pages\/55","targetHints":{"allow":["GET"]}}],"collection":[{"href":"https:\/\/blogs.uni-bremen.de\/sektionstagung\/wp-json\/wp\/v2\/pages"}],"about":[{"href":"https:\/\/blogs.uni-bremen.de\/sektionstagung\/wp-json\/wp\/v2\/types\/page"}],"author":[{"embeddable":true,"href":"https:\/\/blogs.uni-bremen.de\/sektionstagung\/wp-json\/wp\/v2\/users\/9506"}],"replies":[{"embeddable":true,"href":"https:\/\/blogs.uni-bremen.de\/sektionstagung\/wp-json\/wp\/v2\/comments?post=55"}],"version-history":[{"count":6,"href":"https:\/\/blogs.uni-bremen.de\/sektionstagung\/wp-json\/wp\/v2\/pages\/55\/revisions"}],"predecessor-version":[{"id":77,"href":"https:\/\/blogs.uni-bremen.de\/sektionstagung\/wp-json\/wp\/v2\/pages\/55\/revisions\/77"}],"wp:attachment":[{"href":"https:\/\/blogs.uni-bremen.de\/sektionstagung\/wp-json\/wp\/v2\/media?parent=55"}],"curies":[{"name":"wp","href":"https:\/\/api.w.org\/{rel}","templated":true}]}}