{"id":17,"date":"2018-03-14T09:46:08","date_gmt":"2018-03-14T08:46:08","guid":{"rendered":"https:\/\/blogs.uni-bremen.de\/sektionstagung\/?page_id=17"},"modified":"2018-09-12T18:51:07","modified_gmt":"2018-09-12T16:51:07","slug":"anmeldung","status":"publish","type":"page","link":"https:\/\/blogs.uni-bremen.de\/sektionstagung\/anmeldung\/","title":{"rendered":"Anmeldung"},"content":{"rendered":"<div class=\"entry-content\">\n<p><span style=\"font-family: arial, helvetica, sans-serif\">Die Anmeldung zur Sektionstagung Medienp\u00e4dagogik an der Universit\u00e4t Bremen ist ab sofort geschlossen. Wir freuen uns auf alle angemeldeten Tagungsg\u00e4ste und stehen f\u00fcr R\u00fcckfragen stets zur Verf\u00fcgung.<\/span><\/p>\n<p><span style=\"font-family: arial, helvetica, sans-serif\">Sollten Sie noch Fragen zum Anmeldeprozess haben, kontaktieren Sie bitte das Tagungsteam unter <a href=\"&#109;&#x61;i&#x6c;t&#111;&#x3a;&#109;&#x70;a&#101;&#x64;&#49;&#x38;&#64;&#x75;&#x6e;&#105;&#x2d;b&#x72;e&#109;&#x65;&#110;&#x2e;d&#101;\"><strong>&#109;&#x70;a&#x65;&#x64;&#49;&#x38;&#64;&#117;&#x6e;&#105;&#x2d;b&#114;&#x65;m&#x65;n&#46;&#x64;e<\/strong><\/a>.<\/span><\/p>\n<\/div>\n","protected":false},"excerpt":{"rendered":"<p>Die Anmeldung zur Sektionstagung Medienp\u00e4dagogik an der Universit\u00e4t Bremen ist ab sofort geschlossen. Wir freuen uns auf alle angemeldeten Tagungsg\u00e4ste und stehen f\u00fcr R\u00fcckfragen stets zur Verf\u00fcgung. Sollten Sie noch Fragen zum Anmeldeprozess haben, kontaktieren Sie bitte das Tagungsteam unter &#109;&#x70;&#x61;e&#100;&#x31;8&#64;&#x75;&#x6e;&#105;&#x2d;&#x62;r&#101;&#x6d;e&#110;&#x2e;&#x64;&#101;.<\/p>\n","protected":false},"author":9506,"featured_media":0,"parent":0,"menu_order":0,"comment_status":"closed","ping_status":"closed","template":"","meta":{"_bbp_topic_count":0,"_bbp_reply_count":0,"_bbp_total_topic_count":0,"_bbp_total_reply_count":0,"_bbp_voice_count":0,"_bbp_anonymous_reply_count":0,"_bbp_topic_count_hidden":0,"_bbp_reply_count_hidden":0,"_bbp_forum_subforum_count":0,"footnotes":""},"class_list":["post-17","page","type-page","status-publish","hentry"],"_links":{"self":[{"href":"https:\/\/blogs.uni-bremen.de\/sektionstagung\/wp-json\/wp\/v2\/pages\/17","targetHints":{"allow":["GET"]}}],"collection":[{"href":"https:\/\/blogs.uni-bremen.de\/sektionstagung\/wp-json\/wp\/v2\/pages"}],"about":[{"href":"https:\/\/blogs.uni-bremen.de\/sektionstagung\/wp-json\/wp\/v2\/types\/page"}],"author":[{"embeddable":true,"href":"https:\/\/blogs.uni-bremen.de\/sektionstagung\/wp-json\/wp\/v2\/users\/9506"}],"replies":[{"embeddable":true,"href":"https:\/\/blogs.uni-bremen.de\/sektionstagung\/wp-json\/wp\/v2\/comments?post=17"}],"version-history":[{"count":10,"href":"https:\/\/blogs.uni-bremen.de\/sektionstagung\/wp-json\/wp\/v2\/pages\/17\/revisions"}],"predecessor-version":[{"id":183,"href":"https:\/\/blogs.uni-bremen.de\/sektionstagung\/wp-json\/wp\/v2\/pages\/17\/revisions\/183"}],"wp:attachment":[{"href":"https:\/\/blogs.uni-bremen.de\/sektionstagung\/wp-json\/wp\/v2\/media?parent=17"}],"curies":[{"name":"wp","href":"https:\/\/api.w.org\/{rel}","templated":true}]}}