{"id":12,"date":"2018-03-14T09:46:07","date_gmt":"2018-03-14T08:46:07","guid":{"rendered":"https:\/\/blogs.uni-bremen.de\/sektionstagung\/?page_id=12"},"modified":"2018-07-04T11:29:20","modified_gmt":"2018-07-04T09:29:20","slug":"call-for-papers","status":"publish","type":"page","link":"https:\/\/blogs.uni-bremen.de\/sektionstagung\/call-for-papers\/","title":{"rendered":"CALL FOR PRESENTATIONS"},"content":{"rendered":"<p><span style=\"font-family: arial, helvetica, sans-serif;font-size: 14pt\"><em><b>Verl\u00e4ngerter Call for Participation Herbsttagung der DGfE-Sektion Medienp\u00e4dagogik<\/b><\/em><\/span><\/p>\n<p><span style=\"font-family: arial, helvetica, sans-serif\">Auf mehrfache Anfrage wird der Call for Participation der Herbsttagung der Sektion Medienp\u00e4dagogik um zwei Wochen auf den <strong>15. Juli 2018<\/strong> verl\u00e4ngert!<span class=\"Apple-converted-space\">\u00a0<\/span><\/span><\/p>\n<hr \/>\n<p><span style=\"font-family: arial, helvetica, sans-serif;font-size: 10pt\">CALL FOR PRESENTATIONS<\/span><br \/>\n<span style=\"font-size: 14pt\"><strong><span style=\"font-family: arial, helvetica, sans-serif\">MEDIENP\u00c4DAGOGIK IN ZEITEN<\/span><\/strong><\/span><br \/>\n<span style=\"font-size: 14pt\"><strong><span style=\"font-family: arial, helvetica, sans-serif\">EINER TIEFGREIFENDEN MEDIATISIERUNG<\/span><\/strong><\/span><\/p>\n<p><span style=\"font-family: arial, helvetica, sans-serif\">(Hier der Call zum <a href=\"https:\/\/blogs.uni-bremen.de\/sektionstagung\/files\/2018\/05\/Call_Bremen2018.pdf\">Download<\/a>)<\/span><\/p>\n<p><span style=\"font-family: arial, helvetica, sans-serif\">Die diesj\u00e4hrige Herbsttagung der Sektion Medienp\u00e4dagogik der Deutschen Gesellschaft<\/span><br \/>\n<span style=\"font-family: arial, helvetica, sans-serif\">f\u00fcr Erziehungswissenschaft (DGfE) widmet sich den Forschungsfeldern der Medienp\u00e4dagogik<\/span><br \/>\n<span style=\"font-family: arial, helvetica, sans-serif\">in Zeiten einer tiefgreifenden Mediatisierung. Die Tagung findet am 20. und 21. September<\/span><br \/>\n<span style=\"font-family: arial, helvetica, sans-serif\">2018 an der Universit\u00e4t Bremen statt.<\/span><\/p>\n<p><span style=\"font-family: arial, helvetica, sans-serif\">Mit dem Begriff der Digitalisierung ist die Besch\u00e4ftigung mit Medien (wieder) in das Zentrum<\/span><br \/>\n<span style=\"font-family: arial, helvetica, sans-serif\">der bildungspolitischen Diskussion ger\u00fcckt. So hat auch in Deutschland das KMK-Strategiepapier<\/span><br \/>\n<span style=\"font-family: arial, helvetica, sans-serif\">\u201eBildung in einer digitalen Welt\u201c (2017) medienp\u00e4dagogische Kompetenzen in den<\/span><br \/>\n<span style=\"font-family: arial, helvetica, sans-serif\">allgemeinen Pflichtkanon der Aus- und Weiterbildung von Lehrkr\u00e4ften gehoben, w\u00e4hrend in<\/span><br \/>\n<span style=\"font-family: arial, helvetica, sans-serif\">der Schweiz der Themenkomplex \u201eMedien und Informatik\u201cals Teil des \u201eLehrplan 21\u201c vollst\u00e4ndig<\/span><br \/>\n<span style=\"font-family: arial, helvetica, sans-serif\">\u00fcberarbeitet wurde und in \u00d6sterreich das BMBWF die Digitalisierungsstrategie<\/span><br \/>\n<span style=\"font-family: arial, helvetica, sans-serif\">\u201eSchule 4.0\u201c implementiert. Aber auch in der au\u00dferschulischen und der beruflichen Bildung<\/span><br \/>\n<span style=\"font-family: arial, helvetica, sans-serif\">gibt es einen Konsens \u00fcber die Notwendigkeit, sich intensiver mit den p\u00e4dagogischen und<\/span><br \/>\n<span style=\"font-family: arial, helvetica, sans-serif\">didaktischen Konsequenzen eines Ver\u00e4nderungsprozesses zu besch\u00e4ftigen, welcher in den<\/span><br \/>\n<span style=\"font-family: arial, helvetica, sans-serif\">Kommunikations- und Medienwissenschaften als Mediatisierung bezeichnet wird: den<\/span><br \/>\n<span style=\"font-family: arial, helvetica, sans-serif\">Wechselbezug zwischen einem sich beschleunigenden Medienwandel, sowohl beharrenden<\/span><br \/>\n<span style=\"font-family: arial, helvetica, sans-serif\">als auch innovativen Kommunikationspraxen sowie einem globalen soziokulturellen Wandel<\/span><br \/>\n<span style=\"font-family: arial, helvetica, sans-serif\">(Krotz, 2007).<\/span><\/p>\n<p><span style=\"font-family: arial, helvetica, sans-serif\">Das \u201eCommunicative Figurations\u201c Research Network der Universit\u00e4ten Bremen und Hamburg<\/span><br \/>\n<span style=\"font-family: arial, helvetica, sans-serif\">beschreibt mit dem Begriff \u201etiefgreifende Mediatisierung\u201c eine radikalisierte Version der<\/span><br \/>\n<span style=\"font-family: arial, helvetica, sans-serif\">Mediatisierung, welche aktuell durch f\u00fcnf Trends charakterisiert wird (Hepp &amp; \u201eCommunicative<\/span><br \/>\n<span style=\"font-family: arial, helvetica, sans-serif\">Figurations\u201d Research Network 2017): die wachsende Differenzierung, Konnektivit\u00e4t,<\/span><br \/>\n<span style=\"font-family: arial, helvetica, sans-serif\">Omnipr\u00e4senz, Innovationsgeschwindigkeit und Datafizierung der Medien.<\/span><\/p>\n<p><span style=\"font-family: arial, helvetica, sans-serif\">Diese vielschichtigen und beschleunigten Wandlungsprozesse in ihrer Bedeutung f\u00fcr die<\/span><br \/>\n<span style=\"font-family: arial, helvetica, sans-serif\">Themenfelder Bildung, Lehren, Lernen, Erziehung und Sozialisation zu interpretieren, zu erforschen<\/span><br \/>\n<span style=\"font-family: arial, helvetica, sans-serif\">und zu gestalten, obliegt in besonderem Ma\u00dfe der Medienp\u00e4dagogik und den mediendidaktisch-<\/span><br \/>\n<span style=\"font-family: arial, helvetica, sans-serif\">orientierten Fachdidaktiken in Zusammenarbeit mit ihren Bezugsdisziplinen<\/span><br \/>\n<span style=\"font-family: arial, helvetica, sans-serif\">wie z.B. der Informatik, der Soziologie, der Psychologie oder der Kommunikations- und Medienwissenschaft.<\/span><\/p>\n<p><span style=\"font-family: arial, helvetica, sans-serif\">Unter dem Titel <strong>\u201eMedienp\u00e4dagogik in Zeiten einer tiefgreifenden Mediatisierung\u201c<\/strong> sind<\/span><br \/>\n<span style=\"font-family: arial, helvetica, sans-serif\">empirische und\/oder theoretische Forschungsarbeiten zu den zentralen Forschungs- und<\/span><br \/>\n<span style=\"font-family: arial, helvetica, sans-serif\">Reflexionsfeldern der Medienp\u00e4dagogik (Erziehung, Bildung, Didaktik, Sozialisation) in Bezug<\/span><br \/>\n<span style=\"font-family: arial, helvetica, sans-serif\">auf die Prozesse und Konsequenzen einer tiefgreifenden Mediatisierung gew\u00fcnscht.<\/span><\/p>\n<p><span style=\"font-family: arial, helvetica, sans-serif\">Neben Einreichungen zum aktuellen Thema der Herbsttagung besteht die M\u00f6glichkeit, die<\/span><br \/>\n<span style=\"font-family: arial, helvetica, sans-serif\">Pr\u00e4sentation von (Zwischen-) Ergebnissen aus laufenden Forschungsprojekten anzubieten,<\/span><br \/>\n<span style=\"font-family: arial, helvetica, sans-serif\">f\u00fcr die ein eigenes Panel im Programm vorgesehen ist.<\/span><\/p>\n<p><span style=\"font-family: arial, helvetica, sans-serif\">Interessent*innen sind herzlich eingeladen, bis zum <del><strong>20.06.2018<\/strong><\/del>\u00a0<span style=\"color: #800000\"><strong>15.07.2018<\/strong><\/span> (verl\u00e4ngerte Einreichungsfrist) ein kurzes Abstract im Umfang<\/span><br \/>\n<span style=\"font-family: arial, helvetica, sans-serif\">von maximal 500 W\u00f6rtern an <a href=\"mailto:m&#112;&#97;&#101;&#100;&#49;&#56;&#64;&#117;&#110;&#105;&#x2d;&#x62;&#x72;&#x65;&#x6d;&#x65;&#x6e;&#x2e;&#x64;&#x65;\">&#x6d;&#x70;&#x61;&#x65;&#x64;&#49;&#56;&#64;&#117;ni-&#x62;&#x72;&#x65;&#x6d;&#x65;&#x6e;&#46;&#100;&#101;<\/a> zu schicken. Die Mitteilung<\/span><br \/>\n<span style=\"font-family: arial, helvetica, sans-serif\">\u00fcber die Annahme der Abstracts erfolgt bis zum 6. Juli 2018.<\/span><\/p>\n<p><span style=\"font-family: arial, helvetica, sans-serif\">Zu dem Themenkomplex der Herbsttagung ist die Herausgabe eines Open-Access-Sammelbandes<\/span><br \/>\n<span style=\"font-family: arial, helvetica, sans-serif\">(Jahrbuch Medienp\u00e4dagogik) in Kooperation mit der \u201eMedienp\u00e4dagogik: Zeitschrift<\/span><br \/>\n<span style=\"font-family: arial, helvetica, sans-serif\">f\u00fcr Theorie und Praxis der Medienbildung\u201c geplant. Ein gesonderter Call erfolgt nach<\/span><br \/>\n<span style=\"font-family: arial, helvetica, sans-serif\">der Tagung.<\/span><\/p>\n<p><span style=\"font-family: arial, helvetica, sans-serif\">Mit freundlichen Gr\u00fc\u00dfen,<\/span><br \/>\n<span style=\"font-family: arial, helvetica, sans-serif\">Prof. Dr. Karsten D. Wolf<\/span><\/p>\n<p><span style=\"font-family: arial, helvetica, sans-serif;font-size: 8pt\"><strong>Hepp, A. &amp; \u201eCommunicative Figurations\u201c Research Network (2017).<\/strong> Transforming Communications.<\/span><br \/>\n<span style=\"font-family: arial, helvetica, sans-serif;font-size: 8pt\">Media-related Changes in Times of Deep Mediatization. Working Paper No. 16. http:\/\/www.kommunikativefigurationen.<\/span><br \/>\n<span style=\"font-family: arial, helvetica, sans-serif;font-size: 8pt\">de\/fileadmin\/redak_kofi\/Arbeitspapiere\/CoFi_EWP_Hepp-Research-Network.pdf [20.03.2018]<\/span><\/p>\n<p><span style=\"font-family: arial, helvetica, sans-serif;font-size: 8pt\"><strong>Krotz, F. (2007).<\/strong> The meta-process of mediatization as a conceptual frame. In: Global Media and Communication,<\/span><br \/>\n<span style=\"font-family: arial, helvetica, sans-serif;font-size: 8pt\">3(3), S. 256-260.<\/span><\/p>\n<p><span style=\"font-family: arial, helvetica, sans-serif;font-size: 8pt\"><strong>Kultusministerkonferenz (2017).<\/strong> Bildung in einer digitalen Welt. Strategie der Kultusministerkonferenz.<\/span><br \/>\n<span style=\"font-family: arial, helvetica, sans-serif;font-size: 8pt\">https:\/\/www.kmk.org\/fileadmin\/Dateien\/pdf\/PresseUndAktuelles\/2018\/Digitalstrategie_2017_mit_Weiterbildung.<\/span><br \/>\n<span style=\"font-family: arial, helvetica, sans-serif;font-size: 8pt\">pdf [20.03.2018]<\/span><\/p>\n<p><span style=\"font-family: arial, helvetica, sans-serif\">Hier der Call zum <a href=\"https:\/\/blogs.uni-bremen.de\/sektionstagung\/files\/2018\/05\/CALL-FOR-PAPERS-FINAL.pdf\">Download (akualisiert)<\/a>.<\/span><\/p>\n","protected":false},"excerpt":{"rendered":"<p>Verl\u00e4ngerter Call for Participation Herbsttagung der DGfE-Sektion Medienp\u00e4dagogik Auf mehrfache Anfrage wird der Call for Participation der Herbsttagung der Sektion Medienp\u00e4dagogik um zwei Wochen auf den 15. Juli 2018 verl\u00e4ngert!\u00a0 CALL FOR PRESENTATIONS MEDIENP\u00c4DAGOGIK IN ZEITEN EINER TIEFGREIFENDEN MEDIATISIERUNG (Hier der Call zum Download) Die diesj\u00e4hrige Herbsttagung der Sektion Medienp\u00e4dagogik der Deutschen Gesellschaft f\u00fcr Erziehungswissenschaft [&hellip;]<\/p>\n","protected":false},"author":9506,"featured_media":0,"parent":0,"menu_order":0,"comment_status":"closed","ping_status":"closed","template":"","meta":{"_bbp_topic_count":0,"_bbp_reply_count":0,"_bbp_total_topic_count":0,"_bbp_total_reply_count":0,"_bbp_voice_count":0,"_bbp_anonymous_reply_count":0,"_bbp_topic_count_hidden":0,"_bbp_reply_count_hidden":0,"_bbp_forum_subforum_count":0,"footnotes":""},"class_list":["post-12","page","type-page","status-publish","hentry"],"_links":{"self":[{"href":"https:\/\/blogs.uni-bremen.de\/sektionstagung\/wp-json\/wp\/v2\/pages\/12","targetHints":{"allow":["GET"]}}],"collection":[{"href":"https:\/\/blogs.uni-bremen.de\/sektionstagung\/wp-json\/wp\/v2\/pages"}],"about":[{"href":"https:\/\/blogs.uni-bremen.de\/sektionstagung\/wp-json\/wp\/v2\/types\/page"}],"author":[{"embeddable":true,"href":"https:\/\/blogs.uni-bremen.de\/sektionstagung\/wp-json\/wp\/v2\/users\/9506"}],"replies":[{"embeddable":true,"href":"https:\/\/blogs.uni-bremen.de\/sektionstagung\/wp-json\/wp\/v2\/comments?post=12"}],"version-history":[{"count":11,"href":"https:\/\/blogs.uni-bremen.de\/sektionstagung\/wp-json\/wp\/v2\/pages\/12\/revisions"}],"predecessor-version":[{"id":96,"href":"https:\/\/blogs.uni-bremen.de\/sektionstagung\/wp-json\/wp\/v2\/pages\/12\/revisions\/96"}],"wp:attachment":[{"href":"https:\/\/blogs.uni-bremen.de\/sektionstagung\/wp-json\/wp\/v2\/media?parent=12"}],"curies":[{"name":"wp","href":"https:\/\/api.w.org\/{rel}","templated":true}]}}