{"id":853,"date":"2019-11-05T22:08:14","date_gmt":"2019-11-05T21:08:14","guid":{"rendered":"https:\/\/blogs.uni-bremen.de\/scienceblog\/?page_id=853"},"modified":"2022-10-25T09:51:59","modified_gmt":"2022-10-25T07:51:59","slug":"kontakt","status":"publish","type":"page","link":"https:\/\/blogs.uni-bremen.de\/scienceblog\/kontakt\/","title":{"rendered":"Impressum"},"content":{"rendered":"<p>&nbsp;<\/p>\n<p><span style=\"font-size: 18pt\">Kontakt<\/span><\/p>\n<p>Hast du Lust, etwas zu ver\u00f6ffentlichen oder bei uns mitzuarbeiten? Willst du uns Feedback zu unserem Blog geben? Hast du Fragen?<\/p>\n<p>Wir freuen uns \u00fcber jede Nachricht!<\/p>\n<p>Schreib uns einfach an sciblog<span class=\"\">@uni-bremen.de<\/span>!<\/p>\n<p>&nbsp;<\/p>\n<p><span style=\"font-size: 18pt\">Impressum\u00a0<\/span><\/p>\n<p class=\"docData;DOCY;v5;3757;BQiAAgAAEYQCAAAGiAIAAAP5DAAABQcNAAAAAAAAAAAAAAAAAAAAAAAAAAAAAAAAAAAAAAAAAAAAAAAAAAAAAAAAAAAAAAAAAAAAAAAAAAAAAAAAAAAAAAAAAAAAAAAAAAAAAAAAAAAAAAAAAAAAAAAAAAAAAAAAAAAAAAAAAAAAAAAAAAAAAAAAAAAAAAAAAAAAAAAAAAAAAAAAAAAAAAAAAAAAAAAAAAAAAAAAAAAAAAAAAAAAAAAAAAAAAAAAAAAAAAAAAAAAAAAAAAAAAAAAAAAAAAAAAAAAAAAAAAAAAAAAAAAAAAAAAAAAAAAAAAAAAAAAAAAAAAAAAAAAAAAAAAAAAAAAAAAAAAAAAAAAAAAAAAAAAAAAAAAAAAAAAAAAAAAAAAAAAAAAAAAAAAAAAAAAAAAAAAAAAAAAAAAAAAAAAAAAAAAAAAAAAAAAAAAAAAAAAAAAAAAAAAAAAAAAAAAAAAAAAAAAAAAAAAAAAAAAAAAAAAAAAAAAAAAAAAAAAAAAAAAAAAAAAAAAAAAAAAAAAAAAAAAAAAAAAAAAAAAAAAAAAAAAAAAAAAAAAAAAAAAAAAAAAAAAAAAAAAAAAAAAAAAAAAAAAAAAAAAAAAAAAAAAAAAAAAAAAAAAAAAAAAAAAAAAAAAAAAAAAAAAAAAAAAAAAAAAAAAAAAAAAAAAAAAAAAAAAAAAAAAAAAAAAAAAAAAAAAAAAAAAAAAAAAAAAAAAAAAAAAAAAAAAAAAAAAAAAAAAAAAAAAAAAAAAAAAAAAAAAAAAAAAAAAAAAAAAAAAAAAAAAAAAAAAAAAAAAAAAAAAAAAAAAAAAAAAAAAAAAAAAAAAAAAAAAAAAAAAAAAAAbQoAAABVAQAAAS8AAAABBgAAAAAJBgYAAAApBNwAAAAaBhEAAAAIBBIAAAAJA1VVVRYEEgAAABsGAAAAAAIcAQAABegAAAABEQAAAAgEEgAAAAkDVVVVFgQSAAAACM0AAAAAyAAAAEEAbgBiAGkAZQB0AGUAcgAgAGQAaQBlAHMAZQByACAASQBuAHQAZQByAG4AZQB0AC0AUwBlAGkAdABlAG4AIABpAHMAdAAgAGkAbQAgAFIAZQBjAGgAdABzAHMAaQBuAG4AIABkAGkAZQAgAFUAbgBpAHYAZQByAHMAaQB0AOQAdAAgAEIAcgBlAG0AZQBuACwAIAB2AGUAcgB0AHIAZQB0AGUAbgAgAGQAdQByAGMAaAAgAGQAZQBuACAAUgBlAGsAdABvAHIABQoAAAABAAAAAAgAAAAABRsAAAABEQAAAAgEEgAAAAkDVVVVFgQSAAAACAAAAAAAsQAAAAEvAAAAAQYAAAAACQYGAAAAKQTcAAAAGgYRAAAACAQSAAAACQNVVVUWBBIAAAAbBgAAAAACeAAAAAVEAAAAAREAAAAIBBIAAAAJA1VVVRYEEgAAAAgpAAAAACQAAABVAG4AaQB2AGUAcgBzAGkAdADkAHQAIABCAHIAZQBtAGUAbgAFCgAAAAEAAAAACAAAAAAFGwAAAAERAAAACAQSAAAACQNVVVUWBBIAAAAIAAAAAACxAAAAAS8AAAABBgAAAAAJBgYAAAApBNwAAAAaBhEAAAAIBBIAAAAJA1VVVRYEEgAAABsGAAAAAAJ4AAAABUQAAAABEQAAAAgEEgAAAAkDVVVVFgQSAAAACCkAAAAAJAAAAEIAaQBiAGwAaQBvAHQAaABlAGsAcwB0AHIAYQDfAGUAIAAxAAUKAAAAAQAAAAAIAAAAAAUbAAAAAREAAAAIBBIAAAAJA1VVVRYEEgAAAAgAAAAAAKUAAAABLwAAAAEGAAAAAAkGBgAAACkE3AAAABoGEQAAAAgEEgAAAAkDVVVVFgQSAAAAGwYAAAAAAmwAAAAFOAAAAAERAAAACAQSAAAACQNVVVUWBBIAAAAIHQAAAAAYAAAAMgA4ADMANQA5ACAAQgByAGUAbQBlAG4ABQoAAAABAAAAAAgAAAAABRsAAAABEQAAAAgEEgAAAAkDVVVVFgQSAAAACAAAAAAAtwAAAAEvAAAAAQYAAAAACQYGAAAAKQTcAAAAGgYRAAAACAQSAAAACQNVVVUWBBIAAAAbBgAAAAACfgAAAAVKAAAAAREAAAAIBBIAAAAJA1VVVRYEEgAAAAgvAAAAACoAAABzAGMAaQBiAGwAbwBnAEAAdQBuAGkALQBiAHIAZQBtAGUAbgAuAGQAZQAFCgAAAAEAAAAACAAAAAAFGwAAAAERAAAACAQSAAAACQNVVVUWBBIAAAAIAAAAAABzAQAAATIAAAABBgAAAAAJBgYAAAApBNwAAAAaBhQAAAACAQEIBBIAAAAJAx+z3RYEEgAAABsGAAAAAAI3AQAABTQAAAABEQAAAAgEEgAAAAkDVVVVFgQSAAAACBkAAAAAFAAAAEkAbgB0AGUAcgBuAGUAdAA6ACAACscAAAABNAAAAGgAdAB0AHAAcwA6AC8ALwB3AHcAdwAuAHUAbgBpAC0AYgByAGUAbQBlAG4ALgBkAGUALwADNAAAAGgAdAB0AHAAcwA6AC8ALwB3AHcAdwAuAHUAbgBpAC0AYgByAGUAbQBlAG4ALgBkAGUALwAEAQAAAAEASgAAAAVFAAAAARQAAAACAQEIBBIAAAAJAx+z3RYEEgAAAAgnAAAAACIAAAB3AHcAdwAuAHUAbgBpAC0AYgByAGUAbQBlAG4ALgBkAGUABQoAAAABAAAAAAgAAAAABR4AAAABFAAAAAIBAQgEEgAAAAkDH7PdFgQSAAAACAAAAAAA3gEAAAEpAAAAAQYAAAAACQYAAAAAGgYRAAAACAQSAAAACQNVVVUWBBIAAAAbBgAAAAACqwEAAAUgAQAAAREAAAAIBBIAAAAJA1VVVRYEEgAAAAgFAQAAAAABAABEAGkAZQAgAFUAbgBpAHYAZQByAHMAaQB0AOQAdAAgAEIAcgBlAG0AZQBuACAAaQBzAHQAIABlAGkAbgBlACAASwD2AHIAcABlAHIAcwBjAGgAYQBmAHQAIABkAGUAcwAgANYAZgBmAGUAbgB0AGwAaQBjAGgAZQBuACAAUgBlAGMAaAB0AHMALgAoICAAUwBpAGUAIAB3AGkAcgBkACAAZAB1AHIAYwBoACAAZABlAG4AIABSAGUAawB0AG8AcgAgAFAAcgBvAGYALgAgAEQAcgAuAC0ASQBuAGcALgAgAEIAZQByAG4AZAAgAFMAYwBoAG8AbAB6AC0AUgBlAGkABVIAAAABEQAAAAgEEgAAAAkDVVVVFgQSAAAACDcAAAAAMgAAAHQAZQByACAAZwBlAHMAZQB0AHoAbABpAGMAaAAgAHYAZQByAHQAcgBlAHQAZQBuAC4ABQoAAAABAAAAAAgAAAAABRsAAAABEQAAAAgEEgAAAAkDVVVVFgQSAAAACAAAAAAArQEAAAEpAAAAAQYAAAAACQYAAAAAGgYRAAAACAQSAAAACQNVVVUWBBIAAAAbBgAAAAACegEAAAW4AAAAAREAAAAIBBIAAAAJA1VVVRYEEgAAAAidAAAAAJgAAABaAHUAcwB0AOQAbgBkAGkAZwBlACAAQQB1AGYAcwBpAGMAaAB0AHMAYgBlAGgA9gByAGQAZQAgAGkAcwB0ACAAZABpAGUAIABTAGUAbgBhAHQAbwByAGkAbgAgAGYA\/AByACAAQgBpAGwAZAB1AG4AZwAgAHUAbgBkACAAVwBpAHMAcwBlAG4AcwBjAGgAYQBmAHQALAAgAAU4AAAAAREAAAAIBBIAAAAJA1VVVRYEEgAAAAgdAAAAABgAAABSAGUAbQBiAGUAcgB0AGkAcgBpAG4AZwAFTAAAAAERAAAACAQSAAAACQNVVVUWBBIAAAAIMQAAAAAsAAAAIAA4ACAAEyAgADEAMgAsACAAMgA4ADEAOQA1ACAAQgByAGUAbQBlAG4ALgAFCgAAAAEAAAAACAAAAAAFGwAAAAERAAAACAQSAAAACQNVVVUWBBIAAAAIAAAAAAAvAQAAASkAAAABBgAAAAAJBgAAAAAaBhEAAAAIBBIAAAAJA1VVVRYEEgAAABsGAAAAAAL8AAAABcoAAAABEQAAAAgEEgAAAAkDVVVVFgQSAAAACK8AAAAAqgAAAFUAbQBzAGEAdAB6AHMAdABlAHUAZQByAC0ASQBkAGUAbgB0AGkAZgBpAGsAYQB0AGkAbwBuAHMAbgB1AG0AbQBlAHIAIABnAGUAbQDkAN8AIACnACAAMgA3ACAAYQAgAFUAUwB0AEcAIABVAG0AcwBhAHQAegBzAHQAZQB1AGUAcgAtAE4AcgAuADoAIABEAEUAIAA4ADEAMQAgADIANAA1ACAAMAA3ADAABQoAAAABAAAAAAgAAAAABQoAAAABAAAAAAgAAAAABQoAAAAIBQAAAA0AAAAACgAAAAAAAAAAEQAAAACiAQAAANwAAAAAAQABBhIAAAAkBAAAAAAlBAAAAAAmBAAAAAAFAQEGAQAHAQAIAQAJBhsAAAAnBBQBAAALAQEcAQAoBAAAAAAdAQApBAAAAAAOBggAAAAAAQEBA\/\/\/\/xkBARsGfQAAAAAUAAAAAAMAAAAFBAAAAAAGBAQAAAADAQABFAAAAAADAAAABQQAAAAABgQEAAAAAwEAAhQAAAAAAwAAAAUEAAAAAAYEBAAAAAMBAAMUAAAAAAMAAAAFBAAAAAAGBAQAAAADAQALFAAAAAADAAAABQQAAAAABgQEAAAAAwEAAbcAAAAAAQABAQACAQADAQAEBgoAAABBAHIAaQBhAGwABQYKAAAAQQByAGkAYQBsAAcGCgAAAEEAcgBpAGEAbAAGBgoAAABBAHIAaQBhAGwAEwEBCAQWAAAACgEADAEAJgQAAAAADwEAEAEAEQEAJwQAAAAAFAEAFQEAFgQWAAAAFwEAGAEAGQYEAAAAZABlABoGCgAAAGEAcgAtAFMAQQAbBgoAAABkAGUALQBEAEUAHAYCAAAAAAAeAQACAAAAAA==\">Anbieter dieser Internet-Seiten ist im Rechtssinn die Universit\u00e4t Bremen, vertreten durch die Rektorin<\/p>\n<p>Universit\u00e4t Bremen<\/p>\n<p>Bibliothekstra\u00dfe 1<\/p>\n<p>28359 Bremen<\/p>\n<p>&#115;c&#x69;b&#x6c;o&#x67;&#64;&#x75;&#110;&#x69;&#45;&#x62;&#114;&#x65;&#109;e&#110;&#46;&#x64;e<\/p>\n<p>Internet: <a title=\"https:\/\/www.uni-bremen.de\/\" href=\"https:\/\/www.uni-bremen.de\/\"><u>www.uni-bremen.de<\/u><\/a><\/p>\n<p>Die Universit\u00e4t Bremen ist eine K\u00f6rperschaft des \u00d6ffentlichen Rechts.\u2028 Sie wird durch die Rektorin Prof. Dr. Jutta G\u00fcnther gesetzlich vertreten.<\/p>\n<p>Zust\u00e4ndige Aufsichtsbeh\u00f6rde ist die Senatorin f\u00fcr Wissenschaft und H\u00e4fen, Katharinenstra\u00dfe 37, 28195 Bremen.<\/p>\n<p>Umsatzsteuer-Identifikationsnummer gem\u00e4\u00df \u00a7 27 a UStG: DE 811 245 070<\/p>\n<h2><span style=\"font-size: 18pt\">Haftungsausschluss<\/span><\/h2>\n<p data-adtags-visited=\"true\"><strong>Haftung f\u00fcr Inhalte<br \/>\n<\/strong>Die Inhalte unserer Seiten wurden mit gr\u00f6\u00dfter Sorgfalt erstellt.\u00a0F\u00fcr die Richtigkeit, Vollst\u00e4ndigkeit und Aktualit\u00e4t der Inhalte\u00a0k\u00f6nnen wir jedoch keine Gew\u00e4hr \u00fcbernehmen. Als Diensteanbieter sind wir gem\u00e4\u00df \u00a7 7 Abs.1 TMG f\u00fcr\u00a0eigene Inhalte auf diesen Seiten nach den allgemeinen Gesetzen verantwortlich.\u00a0Nach \u00a7\u00a7 8 bis 10 TMG sind wir als Diensteanbieter jedoch nicht\u00a0verpflichtet, \u00fcbermittelte oder gespeicherte fremde Informationen zu\u00a0\u00fcberwachen oder nach Umst\u00e4nden zu forschen, die auf eine rechtswidrige\u00a0T\u00e4tigkeit hinweisen. Verpflichtungen zur Entfernung oder Sperrung der\u00a0Nutzung von Informationen nach den allgemeinen Gesetzen bleiben hiervon\u00a0unber\u00fchrt. Eine diesbez\u00fcgliche Haftung ist jedoch erst ab dem\u00a0Zeitpunkt der Kenntnis einer konkreten Rechtsverletzung m\u00f6glich. Bei\u00a0Bekanntwerden von entsprechenden Rechtsverletzungen werden wir diese Inhalte\u00a0umgehend entfernen.<\/p>\n<p data-adtags-visited=\"true\"><strong>Haftung f\u00fcr Links<br \/>\n<\/strong>Unser Angebot enth\u00e4lt Links zu externen Webseiten Dritter, auf deren\u00a0Inhalte wir keinen Einfluss haben. Deshalb k\u00f6nnen wir f\u00fcr diese\u00a0fremden Inhalte auch keine Gew\u00e4hr \u00fcbernehmen. F\u00fcr die Inhalte\u00a0der verlinkten Seiten ist stets der jeweilige Anbieter oder Betreiber der\u00a0Seiten verantwortlich. Die verlinkten Seiten wurden zum Zeitpunkt der Verlinkung\u00a0auf m\u00f6gliche Rechtsverst\u00f6\u00dfe \u00fcberpr\u00fcft. Rechtswidrige\u00a0Inhalte waren zum Zeitpunkt der Verlinkung nicht erkennbar. Eine permanente\u00a0inhaltliche Kontrolle der verlinkten Seiten ist jedoch ohne konkrete Anhaltspunkte\u00a0einer Rechtsverletzung nicht zumutbar. Bei Bekanntwerden von Rechtsverletzungen\u00a0werden wir derartige Links umgehend entfernen.<\/p>\n<p data-adtags-visited=\"true\"><strong>Urheberrecht<br \/>\n<\/strong>Die durch die Seitenbetreiber erstellten Inhalte und Werke auf diesen Seiten\u00a0unterliegen dem deutschen Urheberrecht. Die Vervielf\u00e4ltigung, Bearbeitung, Verbreitung und\u00a0jede Art der Verwertung au\u00dferhalb der Grenzen des Urheberrechtes bed\u00fcrfen\u00a0der schriftlichen Zustimmung des jeweiligen Autors bzw. Erstellers. Downloads\u00a0und Kopien dieser Seite sind nur f\u00fcr den privaten, nicht kommerziellen\u00a0Gebrauch gestattet. Soweit die Inhalte auf dieser Seite nicht vom Betreiber erstellt wurden,\u00a0werden die Urheberrechte Dritter beachtet. Insbesondere werden Inhalte Dritter als solche\u00a0gekennzeichnet. Sollten Sie trotzdem auf eine Urheberrechtsverletzung aufmerksam werden, bitten wir um einen entsprechenden Hinweis.\u00a0Bei Bekanntwerden von Rechtsverletzungen werden wir derartige Inhalte umgehend entfernen.<\/p>\n<p data-adtags-visited=\"true\"><strong>Datenschutz<br \/>\n<\/strong>Die Nutzung unserer Webseite ist in der Regel ohne Angabe personenbezogener Daten m\u00f6glich. Soweit auf unseren Seiten personenbezogene Daten (beispielsweise Name,\u00a0Anschrift oder eMail-Adressen) erhoben werden, erfolgt dies, soweit m\u00f6glich, stets auf freiwilliger Basis. Diese Daten werden ohne Ihre ausdr\u00fcckliche Zustimmung nicht an Dritte weitergegeben.<br \/>\nWir weisen darauf hin, dass die Daten\u00fcbertragung im Internet (z.B.\u00a0bei der Kommunikation per E-Mail) Sicherheitsl\u00fccken aufweisen kann.\u00a0Ein l\u00fcckenloser Schutz der Daten vor dem Zugriff durch Dritte ist nicht\u00a0m\u00f6glich.<br \/>\nDer Nutzung von im Rahmen der Impressumspflicht ver\u00f6ffentlichten Kontaktdaten\u00a0durch Dritte zur \u00dcbersendung von nicht ausdr\u00fccklich angeforderter\u00a0Werbung und Informationsmaterialien wird hiermit ausdr\u00fccklich widersprochen.\u00a0Die Betreiber der Seiten behalten sich ausdr\u00fccklich rechtliche Schritte\u00a0im Falle der unverlangten Zusendung von Werbeinformationen, etwa durch Spam-Mails,\u00a0vor.<\/p>\n<p data-adtags-visited=\"true\">Quelle: <a href=\"https:\/\/www.e-recht24.de\/muster-disclaimer.html\">Disclaimer<\/a> von eRecht24<\/p>\n","protected":false},"excerpt":{"rendered":"<p>&nbsp; Kontakt Hast du Lust, etwas zu ver\u00f6ffentlichen oder bei uns mitzuarbeiten? Willst du uns Feedback zu unserem Blog geben? Hast du Fragen? Wir freuen uns \u00fcber jede Nachricht! Schreib uns einfach an &#115;c&#x69;b&#x6c;o&#x67;&#64;&#x75;n&#x69;-&#x62;&#114;&#x65;&#109;&#x65;&#110;&#x2e;&#100;&#x65;! &nbsp; Impressum\u00a0 Anbieter dieser Internet-Seiten ist im Rechtssinn die Universit\u00e4t Bremen, vertreten durch die Rektorin Universit\u00e4t Bremen Bibliothekstra\u00dfe 1 28359 Bremen [&hellip;]<\/p>\n","protected":false},"author":9714,"featured_media":0,"parent":0,"menu_order":0,"comment_status":"closed","ping_status":"closed","template":"","meta":{"_bbp_topic_count":0,"_bbp_reply_count":0,"_bbp_total_topic_count":0,"_bbp_total_reply_count":0,"_bbp_voice_count":0,"_bbp_anonymous_reply_count":0,"_bbp_topic_count_hidden":0,"_bbp_reply_count_hidden":0,"_bbp_forum_subforum_count":0,"footnotes":""},"class_list":["post-853","page","type-page","status-publish","hentry","post-preview"],"_links":{"self":[{"href":"https:\/\/blogs.uni-bremen.de\/scienceblog\/wp-json\/wp\/v2\/pages\/853","targetHints":{"allow":["GET"]}}],"collection":[{"href":"https:\/\/blogs.uni-bremen.de\/scienceblog\/wp-json\/wp\/v2\/pages"}],"about":[{"href":"https:\/\/blogs.uni-bremen.de\/scienceblog\/wp-json\/wp\/v2\/types\/page"}],"author":[{"embeddable":true,"href":"https:\/\/blogs.uni-bremen.de\/scienceblog\/wp-json\/wp\/v2\/users\/9714"}],"replies":[{"embeddable":true,"href":"https:\/\/blogs.uni-bremen.de\/scienceblog\/wp-json\/wp\/v2\/comments?post=853"}],"version-history":[{"count":6,"href":"https:\/\/blogs.uni-bremen.de\/scienceblog\/wp-json\/wp\/v2\/pages\/853\/revisions"}],"predecessor-version":[{"id":3217,"href":"https:\/\/blogs.uni-bremen.de\/scienceblog\/wp-json\/wp\/v2\/pages\/853\/revisions\/3217"}],"wp:attachment":[{"href":"https:\/\/blogs.uni-bremen.de\/scienceblog\/wp-json\/wp\/v2\/media?parent=853"}],"curies":[{"name":"wp","href":"https:\/\/api.w.org\/{rel}","templated":true}]}}