{"id":78,"date":"2018-01-25T09:48:13","date_gmt":"2018-01-25T08:48:13","guid":{"rendered":"https:\/\/blogs.uni-bremen.de\/scienceblog\/?page_id=78"},"modified":"2019-11-14T11:13:16","modified_gmt":"2019-11-14T10:13:16","slug":"mitmachen","status":"publish","type":"page","link":"https:\/\/blogs.uni-bremen.de\/scienceblog\/mitmachen\/","title":{"rendered":"Ver\u00f6ffentlichen"},"content":{"rendered":"<p>Wozu der ganze Forschungs- und Schreibaufwand, wenn keiner davon erf\u00e4hrt? Du m\u00f6chtest Menschen f\u00fcr deine Forschung begeistern? Du m\u00f6chtest zum Austausch zwischen den Fachbereichen beitragen? Sollen nicht auch Leute aus fremden Fachbereichen, die M\u00f6glichkeit bekommen, sich \u00fcber dein Thema zu informieren? Wissenschaftskommunikation und damit auch die F\u00e4higkeit, Forschungsergebnisse allgemeinverst\u00e4ndlich darzustellen, wird immer wichtiger. Denn nicht nur ein Fachpublikum ist an neuen Forschungsergebnissen interessiert, sondern auch eine breitere Leserschaft.<\/p>\n<p>Schreibe \u00fcber DEIN Thema und f\u00fcttere den Blog so mit Inhalten, die Aufmerksamkeit erregen und begeistern!<\/p>\n<p><strong>Das erwarten wir von dir:<\/strong><\/p>\n<p>\u2981 einen popul\u00e4rwissenschaftlich geschriebenen Text \u00fcber ein Thema, mit dem du dich bereits tiefergehend besch\u00e4ftigt hast (z.B. Forschungsergebnisse, Studienprojekte, Bachelor- oder Masterarbeit)<\/p>\n<p>\u2981 zwischen 700 und 1200 W\u00f6rter<\/p>\n<p>\u2981 (nach M\u00f6glichkeit) mindestens ein Bild oder eine Grafik\u00a0(Hierbei ist es wichtig, dass du bei Fotos das Recht zur Ver\u00f6ffentlichung hast oder dieses vorab einholst. Grafiken m\u00fcssen, sofern nicht aus eigener Feder, mit korrekter Quellenangabe belegt sein.)<\/p>\n<p>\u2981 dass du die Ver\u00f6ffentlichung mit deiner Betreuerin oder deinem Betreuer abgesprochen hast, bzw. mit weiteren am Projekt beteiligten Personen<\/p>\n<p>&nbsp;<\/p>\n<p><strong>So unterst\u00fctzen wir dich:<\/strong><\/p>\n<p>\u2981 Materialien zum popul\u00e4rwissenschaftlichen Schreiben \u00fcber Stud.IP<\/p>\n<p>\u2981 Coaching-Angebot bei Fragen zum popul\u00e4rwissenschaftlichen Schreiben, bei der Themen- und Schwerpunktfindung und allen weiteren Fragen, die das Schreiben betreffen<\/p>\n<p>&nbsp;<\/p>\n<p><strong>Haben wir dein Interesse geweckt?:<\/strong><\/p>\n<p>1) Schreib uns eine E-Mail an\u00a0<a href=\"&#x6d;&#97;&#105;&#x6c;&#x74;&#111;&#58;&#x73;&#x63;&#105;&#98;&#x6c;&#x6f;&#103;&#64;&#x75;&#x6e;&#105;&#45;&#x62;&#x72;&#101;&#109;&#x65;&#x6e;&#46;&#100;&#x65;\">&#115;&#99;&#x69;b&#108;&#x6f;&#x67;&#64;&#117;&#x6e;&#x69;-&#98;&#x72;&#x65;m&#101;&#x6e;&#x2e;d&#101;<\/a>. Nenne uns deinen Themenvorschlag.<\/p>\n<p>2) Wir melden uns zeitnah bei dir zur\u00fcck um das weitere Vorgehen zu besprechen und dich gegebenenfalls zur Sprechstunde oder aber zur Redaktionssitzung einzuladen.<\/p>\n<p>3) Melde dich im Kurs &#8222;Science Blog der Universit\u00e4t Bremen&#8220; auf Stud.IP an und erhalte Zugriff auf unsere Materialsammlung und Updates zu weiteren Treffen.<\/p>\n<p>&nbsp;<\/p>\n<p><strong>Du willst mehr als Schreiben?<\/strong><\/p>\n<p>Wenn du an einer Mitarbeit im Redaktionsteam interessiert bist, informiere dich auf der <a href=\"https:\/\/blogs.uni-bremen.de\/scienceblog\/ueber-uns\/\">&#8222;\u00dcber uns&#8220;-Seite<\/a> und melde dich per E-Mail unter <a href=\"&#x6d;&#x61;&#x69;&#x6c;&#x74;&#x6f;&#x3a;&#x73;&#99;&#105;&#98;&#108;&#111;&#103;&#64;uni-&#x62;&#x72;&#x65;&#x6d;&#x65;&#x6e;&#x2e;&#x64;&#x65;\">&#115;c&#x69;b&#x6c;o&#x67;&#64;&#x75;&#110;&#x69;&#45;b&#x72;e&#x6d;e&#x6e;&#46;&#x64;&#101;<\/a>\u00a0bei uns.<\/p>\n<p>Komm auch gerne in unsere <a href=\"https:\/\/www.facebook.com\/groups\/schreiben.mint\/\">Facebook-Gruppe<\/a> und bleib auf dem Laufenden!<\/p>\n<p>&nbsp;<\/p>\n<p>&nbsp;<\/p>\n","protected":false},"excerpt":{"rendered":"<p>Wozu der ganze Forschungs- und Schreibaufwand, wenn keiner davon erf\u00e4hrt? Du m\u00f6chtest Menschen f\u00fcr deine Forschung begeistern? Du m\u00f6chtest zum Austausch zwischen den Fachbereichen beitragen? Sollen nicht auch Leute aus fremden Fachbereichen, die M\u00f6glichkeit bekommen, sich \u00fcber dein Thema zu informieren? Wissenschaftskommunikation und damit auch die F\u00e4higkeit, Forschungsergebnisse allgemeinverst\u00e4ndlich darzustellen, wird immer wichtiger. Denn nicht [&hellip;]<\/p>\n","protected":false},"author":9121,"featured_media":0,"parent":0,"menu_order":0,"comment_status":"closed","ping_status":"closed","template":"","meta":{"_bbp_topic_count":0,"_bbp_reply_count":0,"_bbp_total_topic_count":0,"_bbp_total_reply_count":0,"_bbp_voice_count":0,"_bbp_anonymous_reply_count":0,"_bbp_topic_count_hidden":0,"_bbp_reply_count_hidden":0,"_bbp_forum_subforum_count":0,"footnotes":""},"class_list":["post-78","page","type-page","status-publish","hentry","post-preview"],"_links":{"self":[{"href":"https:\/\/blogs.uni-bremen.de\/scienceblog\/wp-json\/wp\/v2\/pages\/78","targetHints":{"allow":["GET"]}}],"collection":[{"href":"https:\/\/blogs.uni-bremen.de\/scienceblog\/wp-json\/wp\/v2\/pages"}],"about":[{"href":"https:\/\/blogs.uni-bremen.de\/scienceblog\/wp-json\/wp\/v2\/types\/page"}],"author":[{"embeddable":true,"href":"https:\/\/blogs.uni-bremen.de\/scienceblog\/wp-json\/wp\/v2\/users\/9121"}],"replies":[{"embeddable":true,"href":"https:\/\/blogs.uni-bremen.de\/scienceblog\/wp-json\/wp\/v2\/comments?post=78"}],"version-history":[{"count":11,"href":"https:\/\/blogs.uni-bremen.de\/scienceblog\/wp-json\/wp\/v2\/pages\/78\/revisions"}],"predecessor-version":[{"id":593,"href":"https:\/\/blogs.uni-bremen.de\/scienceblog\/wp-json\/wp\/v2\/pages\/78\/revisions\/593"}],"wp:attachment":[{"href":"https:\/\/blogs.uni-bremen.de\/scienceblog\/wp-json\/wp\/v2\/media?parent=78"}],"curies":[{"name":"wp","href":"https:\/\/api.w.org\/{rel}","templated":true}]}}