{"id":1872,"date":"2021-04-01T11:03:16","date_gmt":"2021-04-01T09:03:16","guid":{"rendered":"https:\/\/blogs.uni-bremen.de\/scienceblog\/?page_id=1872"},"modified":"2021-06-23T16:19:12","modified_gmt":"2021-06-23T14:19:12","slug":"blogs","status":"publish","type":"page","link":"https:\/\/blogs.uni-bremen.de\/scienceblog\/blogs\/","title":{"rendered":"Blogs"},"content":{"rendered":"<p>Hier findet ihr einige Empfehlungen zu anderen Blogs aus verschiedenen Bereichen der Wissenschaft.<\/p>\n<p>Viel Spa\u00df beim Lesen und Entdecken!<\/p>\n<ul>\n<li><a href=\"https:\/\/sciencebloglg.wordpress.com\/\" target=\"_blank\" rel=\"noopener\">Science Blog<\/a> der Universit\u00e4t L\u00fcneburg:<\/li>\n<\/ul>\n<p><a href=\"https:\/\/blogs.uni-bremen.de\/campusgoesbiodiverse\/\" target=\"_blank\" rel=\"noopener\">\u00a0\u00a0\u00a0\u00a0\u00a0\u00a0\u00a0\u00a0\u00a0\u00a0\u00a0\u00a0\u00a0\u00a0\u00a0\u00a0\u00a0 <img loading=\"lazy\" decoding=\"async\" class=\"alignnone wp-image-1885\" src=\"https:\/\/blogs.uni-bremen.de\/scienceblog\/files\/Logo-Blog-Lueneburg-300x300.jpeg\" alt=\"\" width=\"208\" height=\"208\" srcset=\"https:\/\/blogs.uni-bremen.de\/scienceblog\/files\/Logo-Blog-Lueneburg-300x300.jpeg 300w, https:\/\/blogs.uni-bremen.de\/scienceblog\/files\/Logo-Blog-Lueneburg-150x150.jpeg 150w, https:\/\/blogs.uni-bremen.de\/scienceblog\/files\/Logo-Blog-Lueneburg.jpeg 481w\" sizes=\"auto, (max-width: 208px) 100vw, 208px\" \/><\/a><\/p>\n<p>&nbsp;<\/p>\n<ul>\n<li>Blog \u00fcber das Projekt <a href=\"https:\/\/blogs.uni-bremen.de\/campusgoesbiodiverse\/\" target=\"_blank\" rel=\"noopener\">Campus goes Biodiverse<\/a> an der Uni Bremen:<\/li>\n<\/ul>\n<p><a href=\"https:\/\/blogs.uni-bremen.de\/campusgoesbiodiverse\/\" target=\"_blank\" rel=\"noopener\">\u00a0\u00a0\u00a0\u00a0\u00a0\u00a0\u00a0\u00a0\u00a0\u00a0\u00a0\u00a0\u00a0\u00a0\u00a0\u00a0\u00a0\u00a0 <img loading=\"lazy\" decoding=\"async\" class=\"alignnone wp-image-2128\" src=\"https:\/\/blogs.uni-bremen.de\/scienceblog\/files\/BioDivLogo3-300x300.png\" alt=\"\" width=\"205\" height=\"205\" srcset=\"https:\/\/blogs.uni-bremen.de\/scienceblog\/files\/BioDivLogo3-300x300.png 300w, https:\/\/blogs.uni-bremen.de\/scienceblog\/files\/BioDivLogo3-1024x1021.png 1024w, https:\/\/blogs.uni-bremen.de\/scienceblog\/files\/BioDivLogo3-150x150.png 150w, https:\/\/blogs.uni-bremen.de\/scienceblog\/files\/BioDivLogo3-768x766.png 768w, https:\/\/blogs.uni-bremen.de\/scienceblog\/files\/BioDivLogo3-1536x1532.png 1536w, https:\/\/blogs.uni-bremen.de\/scienceblog\/files\/BioDivLogo3-2048x2042.png 2048w, https:\/\/blogs.uni-bremen.de\/scienceblog\/files\/BioDivLogo3-676x674.png 676w\" sizes=\"auto, (max-width: 205px) 100vw, 205px\" \/><\/a><\/p>\n<p>&nbsp;<\/p>\n<ul>\n<li>Blog der Arbeitsgruppe <a href=\"https:\/\/blogs.uni-bremen.de\/ecology\/\" target=\"_blank\" rel=\"noopener\">\u00d6kologie<\/a> der Uni Bremen:<\/li>\n<\/ul>\n<p><a href=\"https:\/\/blogs.uni-bremen.de\/ecology\/\" target=\"_blank\" rel=\"noopener\">\u00a0\u00a0\u00a0\u00a0\u00a0\u00a0\u00a0\u00a0\u00a0 <img loading=\"lazy\" decoding=\"async\" class=\"alignnone  wp-image-2130\" src=\"https:\/\/blogs.uni-bremen.de\/scienceblog\/files\/Ecology-Blog-300x38.png\" alt=\"\" width=\"513\" height=\"65\" srcset=\"https:\/\/blogs.uni-bremen.de\/scienceblog\/files\/Ecology-Blog-300x38.png 300w, https:\/\/blogs.uni-bremen.de\/scienceblog\/files\/Ecology-Blog-676x85.png 676w, https:\/\/blogs.uni-bremen.de\/scienceblog\/files\/Ecology-Blog.png 756w\" sizes=\"auto, (max-width: 513px) 100vw, 513px\" \/><\/a><\/p>\n<p>&nbsp;<\/p>\n<ul>\n<li>Blog der <a href=\"https:\/\/blogs.uni-bremen.de\/nubnaturschutz\/\" target=\"_blank\" rel=\"noopener\">Naturschutzgruppe<\/a> der Uni Bremen:<\/li>\n<\/ul>\n<p><a href=\"https:\/\/blogs.uni-bremen.de\/nubnaturschutz\/\" target=\"_blank\" rel=\"noopener\">\u00a0\u00a0\u00a0\u00a0\u00a0\u00a0\u00a0\u00a0\u00a0\u00a0\u00a0\u00a0\u00a0\u00a0\u00a0\u00a0\u00a0\u00a0 <img loading=\"lazy\" decoding=\"async\" class=\"alignnone  wp-image-2131\" src=\"https:\/\/blogs.uni-bremen.de\/scienceblog\/files\/NUB-Logo-300x300.png\" alt=\"\" width=\"199\" height=\"199\" srcset=\"https:\/\/blogs.uni-bremen.de\/scienceblog\/files\/NUB-Logo-300x300.png 300w, https:\/\/blogs.uni-bremen.de\/scienceblog\/files\/NUB-Logo-1024x1024.png 1024w, https:\/\/blogs.uni-bremen.de\/scienceblog\/files\/NUB-Logo-150x150.png 150w, https:\/\/blogs.uni-bremen.de\/scienceblog\/files\/NUB-Logo-768x768.png 768w, https:\/\/blogs.uni-bremen.de\/scienceblog\/files\/NUB-Logo-676x676.png 676w, https:\/\/blogs.uni-bremen.de\/scienceblog\/files\/NUB-Logo.png 1170w\" sizes=\"auto, (max-width: 199px) 100vw, 199px\" \/><\/a><\/p>\n","protected":false},"excerpt":{"rendered":"<p>Hier findet ihr einige Empfehlungen zu anderen Blogs aus verschiedenen Bereichen der Wissenschaft. Viel Spa\u00df beim Lesen und Entdecken! Science Blog der Universit\u00e4t L\u00fcneburg: \u00a0\u00a0\u00a0\u00a0\u00a0\u00a0\u00a0\u00a0\u00a0\u00a0\u00a0\u00a0\u00a0\u00a0\u00a0\u00a0\u00a0 &nbsp; Blog \u00fcber das Projekt Campus goes Biodiverse an der Uni Bremen: \u00a0\u00a0\u00a0\u00a0\u00a0\u00a0\u00a0\u00a0\u00a0\u00a0\u00a0\u00a0\u00a0\u00a0\u00a0\u00a0\u00a0\u00a0 &nbsp; Blog der Arbeitsgruppe \u00d6kologie der Uni Bremen: \u00a0\u00a0\u00a0\u00a0\u00a0\u00a0\u00a0\u00a0\u00a0 &nbsp; Blog der Naturschutzgruppe der Uni Bremen: \u00a0\u00a0\u00a0\u00a0\u00a0\u00a0\u00a0\u00a0\u00a0\u00a0\u00a0\u00a0\u00a0\u00a0\u00a0\u00a0\u00a0\u00a0<\/p>\n","protected":false},"author":12874,"featured_media":0,"parent":0,"menu_order":0,"comment_status":"closed","ping_status":"closed","template":"","meta":{"_bbp_topic_count":0,"_bbp_reply_count":0,"_bbp_total_topic_count":0,"_bbp_total_reply_count":0,"_bbp_voice_count":0,"_bbp_anonymous_reply_count":0,"_bbp_topic_count_hidden":0,"_bbp_reply_count_hidden":0,"_bbp_forum_subforum_count":0,"footnotes":""},"class_list":["post-1872","page","type-page","status-publish","hentry","post-preview"],"_links":{"self":[{"href":"https:\/\/blogs.uni-bremen.de\/scienceblog\/wp-json\/wp\/v2\/pages\/1872","targetHints":{"allow":["GET"]}}],"collection":[{"href":"https:\/\/blogs.uni-bremen.de\/scienceblog\/wp-json\/wp\/v2\/pages"}],"about":[{"href":"https:\/\/blogs.uni-bremen.de\/scienceblog\/wp-json\/wp\/v2\/types\/page"}],"author":[{"embeddable":true,"href":"https:\/\/blogs.uni-bremen.de\/scienceblog\/wp-json\/wp\/v2\/users\/12874"}],"replies":[{"embeddable":true,"href":"https:\/\/blogs.uni-bremen.de\/scienceblog\/wp-json\/wp\/v2\/comments?post=1872"}],"version-history":[{"count":6,"href":"https:\/\/blogs.uni-bremen.de\/scienceblog\/wp-json\/wp\/v2\/pages\/1872\/revisions"}],"predecessor-version":[{"id":2132,"href":"https:\/\/blogs.uni-bremen.de\/scienceblog\/wp-json\/wp\/v2\/pages\/1872\/revisions\/2132"}],"wp:attachment":[{"href":"https:\/\/blogs.uni-bremen.de\/scienceblog\/wp-json\/wp\/v2\/media?parent=1872"}],"curies":[{"name":"wp","href":"https:\/\/api.w.org\/{rel}","templated":true}]}}