{"id":1637,"date":"2021-03-16T08:15:57","date_gmt":"2021-03-16T07:15:57","guid":{"rendered":"https:\/\/blogs.uni-bremen.de\/scienceblog\/?page_id=1637"},"modified":"2021-04-09T14:23:48","modified_gmt":"2021-04-09T12:23:48","slug":"mint-an-der-uni-bremen","status":"publish","type":"page","link":"https:\/\/blogs.uni-bremen.de\/scienceblog\/mint-an-der-uni-bremen\/","title":{"rendered":"MINT an der Uni Bremen"},"content":{"rendered":"<p><span style=\"font-family: arial, helvetica, sans-serif\">Mit dem Science Blog wollen wir euch \u00fcber den MINT-Bereich der Uni Bremen informieren und spannende Einblicke in verschiedene Forschungsbereiche geben.<\/span><\/p>\n<p><span style=\"font-family: arial, helvetica, sans-serif\">Wenn euch ein Bereich besonders interessiert oder ihr mehr Informationen zu Forschung und Studium sucht, dann schaut auf den Websites der MINT &#8211; Fachbereiche vorbei:<\/span><\/p>\n<p><span style=\"font-family: arial, helvetica, sans-serif\"><a href=\"https:\/\/www.uni-bremen.de\/fb1\">FB01 &#8211; Physik\/Elektrotechnik<\/a> \u2013 Der Fachbereich 1 besch\u00e4ftigt sich unter anderem mit nachhaltiger Energieversorgung, Industrie 4.0, Bio- und Umweltphysik, Mikrosensoren und Hochfrequenztechnik.<\/span><\/p>\n<p><span style=\"font-family: arial, helvetica, sans-serif\"><a href=\"https:\/\/www.uni-bremen.de\/fb2\">FB02 &#8211; Biologie\/Chemie<\/a> \u2013 Am Fachbereich 2 wird zu physikalischer und organischer Chemie, Kristallographie, Inselzellen, Meeresbiologie, Neurobiologie, Naturschutz und vielen mehr geforscht.<\/span><\/p>\n<p><span style=\"font-family: arial, helvetica, sans-serif\"><a href=\"https:\/\/www.uni-bremen.de\/fb3\">FB03 &#8211; Mathematik\/Informatik<\/a> \u2013 Der Fachbereich 3 arbeitet insbesondere zu den Themen K\u00fcnstliche Intelligenz, Robotik, Digitale Medien, Statistik, Biometrie, Technomathematik und Datenmanagement. <em>\u00a0\u00a0<\/em><\/span><\/p>\n<p><span style=\"font-family: arial, helvetica, sans-serif\"><a href=\"https:\/\/www.uni-bremen.de\/fb4\">FB04 &#8211; Produktionstechnik\/Maschinenbau\/Verfahrenstechnik<\/a> \u2013 Der Fachbereich 4 besch\u00e4ftigt sich sowohl mit der Entwicklung und Gestaltung von Produktionssystemen und Werkstoffen als auch mit Raumfahrttechnologie, Wirtschaftsingenieurswesen und Beruflicher Bildung.<\/span><\/p>\n<p><span style=\"font-family: arial, helvetica, sans-serif\"><a href=\"https:\/\/www.uni-bremen.de\/fb5\">FB05 &#8211; Geowissenschaften<\/a> \u2013 Am Fachbereich 5 wird zu Klima- und Ozeandynamiken, Geomaterialien, Meeresgeologie, Geophysik und Meeresspiegel- und Klimaver\u00e4nderungen geforscht.<\/span><\/p>\n<p>&nbsp;<\/p>\n<p><span style=\"font-family: arial, helvetica, sans-serif;font-size: 18pt\">Weitere Veranstaltungen im MINT-Bereich:<\/span><\/p>\n<p><span style=\"font-family: arial, helvetica, sans-serif\">\u00dcber viele Themen und Forschungsgebiete aus dem MINT-Bereich wird in der Schule nicht oder nur selten gesprochen. In den <a href=\"https:\/\/www.uni-bremen.de\/kooperationen\/uni-schule\/schuelerinnen-und-schueler\/schuelerlabore\">Sch\u00fclerlaboren<\/a> oder der <a href=\"https:\/\/www.uni-bremen.de\/kinderuni\">Kinder Uni<\/a> k\u00f6nnen Sch\u00fclerinnen und Sch\u00fcler verschiedener Jahrgangsstufen erste Einblicke in die Forschung erhalten.<\/span><\/p>\n<p><span style=\"font-family: arial, helvetica, sans-serif\">Berufst\u00e4tige oder Arbeitssuchende, die sich weiterbilden m\u00f6chten, finden bei <a href=\"https:\/\/www.uni-bremen.de\/life\">LIFE<\/a>verschiedene Angebote und Module aus mehreren Bereichen der Uni Bremen, unter anderem in Informatik, Luft- und Raumfahrttechnik und Gesundheit und Pflege.<\/span><\/p>\n<p><span style=\"font-family: arial, helvetica, sans-serif\">Auch f\u00fcr Lehrerinnen und Lehrer bietet die Uni Bremen verschiedene Fortbildungen und Seminare im MINT-Bereich an. N\u00e4here Informationen dazu findet ihr <a href=\"https:\/\/www.uni-bremen.de\/kooperationen\/uni-schule\/lehrkraefte\">hier<\/a>.<\/span><\/p>\n<p><span style=\"font-family: arial, helvetica, sans-serif\">Noch mehr Informationen zu Angeboten im MINT-Bereich findet ihr auf der Seite <a href=\"https:\/\/www.uni-bremen.de\/mint-portal\">39 Gr\u00fcnde f\u00fcr MINT an der Universit\u00e4t Bremen.<\/a><\/span><\/p>\n<p>&nbsp;<\/p>\n<p><span style=\"font-family: arial, helvetica, sans-serif\">Viel Spa\u00df beim St\u00f6bern und Entdecken!<\/span><\/p>\n","protected":false},"excerpt":{"rendered":"<p>Mit dem Science Blog wollen wir euch \u00fcber den MINT-Bereich der Uni Bremen informieren und spannende Einblicke in verschiedene Forschungsbereiche geben. Wenn euch ein Bereich besonders interessiert oder ihr mehr Informationen zu Forschung und Studium sucht, dann schaut auf den Websites der MINT &#8211; Fachbereiche vorbei: FB01 &#8211; Physik\/Elektrotechnik \u2013 Der Fachbereich 1 besch\u00e4ftigt sich [&hellip;]<\/p>\n","protected":false},"author":12874,"featured_media":0,"parent":0,"menu_order":0,"comment_status":"closed","ping_status":"closed","template":"","meta":{"_bbp_topic_count":0,"_bbp_reply_count":0,"_bbp_total_topic_count":0,"_bbp_total_reply_count":0,"_bbp_voice_count":0,"_bbp_anonymous_reply_count":0,"_bbp_topic_count_hidden":0,"_bbp_reply_count_hidden":0,"_bbp_forum_subforum_count":0,"footnotes":""},"class_list":["post-1637","page","type-page","status-publish","hentry","post-preview"],"_links":{"self":[{"href":"https:\/\/blogs.uni-bremen.de\/scienceblog\/wp-json\/wp\/v2\/pages\/1637","targetHints":{"allow":["GET"]}}],"collection":[{"href":"https:\/\/blogs.uni-bremen.de\/scienceblog\/wp-json\/wp\/v2\/pages"}],"about":[{"href":"https:\/\/blogs.uni-bremen.de\/scienceblog\/wp-json\/wp\/v2\/types\/page"}],"author":[{"embeddable":true,"href":"https:\/\/blogs.uni-bremen.de\/scienceblog\/wp-json\/wp\/v2\/users\/12874"}],"replies":[{"embeddable":true,"href":"https:\/\/blogs.uni-bremen.de\/scienceblog\/wp-json\/wp\/v2\/comments?post=1637"}],"version-history":[{"count":5,"href":"https:\/\/blogs.uni-bremen.de\/scienceblog\/wp-json\/wp\/v2\/pages\/1637\/revisions"}],"predecessor-version":[{"id":1892,"href":"https:\/\/blogs.uni-bremen.de\/scienceblog\/wp-json\/wp\/v2\/pages\/1637\/revisions\/1892"}],"wp:attachment":[{"href":"https:\/\/blogs.uni-bremen.de\/scienceblog\/wp-json\/wp\/v2\/media?parent=1637"}],"curies":[{"name":"wp","href":"https:\/\/api.w.org\/{rel}","templated":true}]}}