{"id":1635,"date":"2021-03-16T08:15:57","date_gmt":"2021-03-16T07:15:57","guid":{"rendered":"https:\/\/blogs.uni-bremen.de\/scienceblog\/?page_id=1635"},"modified":"2021-03-17T08:18:25","modified_gmt":"2021-03-17T07:18:25","slug":"was-ist-mint","status":"publish","type":"page","link":"https:\/\/blogs.uni-bremen.de\/scienceblog\/was-ist-mint\/","title":{"rendered":"Was ist MINT?"},"content":{"rendered":"<p><strong>MINT<\/strong> ist ein weit gefasster Begriff, der die akademischen Disziplinen <em><strong>M<\/strong>athematik<\/em>, <em><strong>I<\/strong>nformatik<\/em>, <em><strong>N<\/strong>aturwissenschaft<\/em> und <em><strong>T<\/strong>echnik<\/em> zusammenfasst. Als vergleichbares Pendant steht diesem, das englische Akronym <strong>STEM<\/strong> f\u00fcr <em><strong>s<\/strong>cience <\/em>(Natur-\/ Wissenschaft), <em><strong>t<\/strong>echnology <\/em>(Technologie\/ Technik), <em><strong>e<\/strong>ngineering<\/em> (Ingenieurwesen) und <em><strong>m<\/strong>athematics<\/em> (Mathematik) gegen\u00fcber.<\/p>\n<p>Uns interessiert, was im MINT-Bereich der Uni Bremen los ist. Wir wollen hinter verschlossene Labor- und Institutst\u00fcren blicken sowie mehr \u00fcber studentische Projekte und spannende Aktivit\u00e4ten im MINT-Bereich erfahren. Hierzu treffen wir uns mindestens einmal im Monat. Unsere Treffen drehen sich zumeist um konzeptionelle Fragen, Sichtung und Redaktion von Texten sowie die Entwicklung neuer Ideen.<\/p>\n","protected":false},"excerpt":{"rendered":"<p>MINT ist ein weit gefasster Begriff, der die akademischen Disziplinen Mathematik, Informatik, Naturwissenschaft und Technik zusammenfasst. Als vergleichbares Pendant steht diesem, das englische Akronym STEM f\u00fcr science (Natur-\/ Wissenschaft), technology (Technologie\/ Technik), engineering (Ingenieurwesen) und mathematics (Mathematik) gegen\u00fcber. Uns interessiert, was im MINT-Bereich der Uni Bremen los ist. Wir wollen hinter verschlossene Labor- und Institutst\u00fcren [&hellip;]<\/p>\n","protected":false},"author":12874,"featured_media":0,"parent":0,"menu_order":0,"comment_status":"closed","ping_status":"closed","template":"","meta":{"_bbp_topic_count":0,"_bbp_reply_count":0,"_bbp_total_topic_count":0,"_bbp_total_reply_count":0,"_bbp_voice_count":0,"_bbp_anonymous_reply_count":0,"_bbp_topic_count_hidden":0,"_bbp_reply_count_hidden":0,"_bbp_forum_subforum_count":0,"footnotes":""},"class_list":["post-1635","page","type-page","status-publish","hentry","post-preview"],"_links":{"self":[{"href":"https:\/\/blogs.uni-bremen.de\/scienceblog\/wp-json\/wp\/v2\/pages\/1635","targetHints":{"allow":["GET"]}}],"collection":[{"href":"https:\/\/blogs.uni-bremen.de\/scienceblog\/wp-json\/wp\/v2\/pages"}],"about":[{"href":"https:\/\/blogs.uni-bremen.de\/scienceblog\/wp-json\/wp\/v2\/types\/page"}],"author":[{"embeddable":true,"href":"https:\/\/blogs.uni-bremen.de\/scienceblog\/wp-json\/wp\/v2\/users\/12874"}],"replies":[{"embeddable":true,"href":"https:\/\/blogs.uni-bremen.de\/scienceblog\/wp-json\/wp\/v2\/comments?post=1635"}],"version-history":[{"count":4,"href":"https:\/\/blogs.uni-bremen.de\/scienceblog\/wp-json\/wp\/v2\/pages\/1635\/revisions"}],"predecessor-version":[{"id":1680,"href":"https:\/\/blogs.uni-bremen.de\/scienceblog\/wp-json\/wp\/v2\/pages\/1635\/revisions\/1680"}],"wp:attachment":[{"href":"https:\/\/blogs.uni-bremen.de\/scienceblog\/wp-json\/wp\/v2\/media?parent=1635"}],"curies":[{"name":"wp","href":"https:\/\/api.w.org\/{rel}","templated":true}]}}