{"id":47,"date":"2024-03-19T14:09:51","date_gmt":"2024-03-19T13:09:51","guid":{"rendered":"https:\/\/blogs.uni-bremen.de\/rockundhippies\/?page_id=47"},"modified":"2024-03-22T20:10:13","modified_gmt":"2024-03-22T19:10:13","slug":"fazit","status":"publish","type":"page","link":"https:\/\/blogs.uni-bremen.de\/rockundhippies\/fazit\/","title":{"rendered":"Fazit"},"content":{"rendered":"<p>Zum Abschluss dieses Projekts m\u00f6cht noch ein knappes pers\u00f6nliches Fazit abgeben.<\/p>\n<p>Zu Beginn diese Projekts hatte ich noch wenig Vorstellungen davon wie es ist Intrviews zu f\u00fchren und eine Website zu gestalten. Auch wenn ich diese Dinge wom\u00f6glich nicht perfekt umgesetzt habe, denke ich das ich hier wichitge Erkenntnise und \u00e4higkeiten mitgenommen habe, die hffentlich im weiteren Verlauf des Studiums noch verfeinert werden.<\/p>\n<p>Nach meinem Expos\u00e9 zu Beginn des Kurses sah mein Thema noch etwas anders aus. Ich habe mich im Verlauf des Projektts von den Ideen des Expos\u00e9 etwas entfernt und bin von Hippies &amp; Rockmusik bei der Geschichte eines 68ers gelandet. Dies hatte einige organisatorische Gr\u00fcnde vor allem im Bezug auf das Interview, aber lag auch viel daran wie sich meine Interesse innerhalb des gro\u00dfen Felds der End-60er und Counter Culture verschoben hatte.<\/p>\n<p>Das interview selbst hat mir viel Spa\u00df gemacht, da es fl\u00fc\u00dfig lief und die themen und Geschichten, selbst wenn sie etwas vom Thema abwichen, immer spannend blieben. Das liegt auch viel an meinem Gespr\u00e4chspartner, der viel zu erz\u00e4hlen hatte und bei dem ich mich hier auch noch einmal bedanken m\u00f6chte.<\/p>\n<p>Zuletzt m\u00f6chte ich erw\u00e4hnen, dass das Interview und die inhaltliche Thematik mir etwas mitgegeben haben und zwar, dass man vergleichsweise zu den 68ern f\u00fcr die Demokratie einstehen sollte und daf\u00fcr k\u00e4mpfen sollte, da sie nicht einfach ohne Arbeit funktoniert, sondern Einsatz ben\u00f6tigt damit wir sie erhalten k\u00f6nnen.<\/p>\n<p>Man darf Geschichte nicht vergessen, da man aus ihr f\u00fcr die Zukunft lernen kann.<\/p>\n<p>So das war\u2018s mit meinem Ersten Forschungsprojekt.<\/p>\n","protected":false},"excerpt":{"rendered":"<p>Zum Abschluss dieses Projekts m\u00f6cht noch ein knappes pers\u00f6nliches Fazit abgeben. Zu Beginn diese Projekts hatte ich noch wenig Vorstellungen davon wie es ist Intrviews zu f\u00fchren und eine Website zu gestalten. Auch wenn ich diese Dinge wom\u00f6glich nicht perfekt umgesetzt habe, denke ich das ich hier wichitge Erkenntnise und \u00e4higkeiten mitgenommen habe, die hffentlich [&hellip;]<\/p>\n","protected":false},"author":15312,"featured_media":0,"parent":0,"menu_order":0,"comment_status":"closed","ping_status":"closed","template":"template-fullwidth.php","meta":{"_bbp_topic_count":0,"_bbp_reply_count":0,"_bbp_total_topic_count":0,"_bbp_total_reply_count":0,"_bbp_voice_count":0,"_bbp_anonymous_reply_count":0,"_bbp_topic_count_hidden":0,"_bbp_reply_count_hidden":0,"_bbp_forum_subforum_count":0,"footnotes":""},"class_list":["post-47","page","type-page","status-publish","hentry","post-preview"],"_links":{"self":[{"href":"https:\/\/blogs.uni-bremen.de\/rockundhippies\/wp-json\/wp\/v2\/pages\/47","targetHints":{"allow":["GET"]}}],"collection":[{"href":"https:\/\/blogs.uni-bremen.de\/rockundhippies\/wp-json\/wp\/v2\/pages"}],"about":[{"href":"https:\/\/blogs.uni-bremen.de\/rockundhippies\/wp-json\/wp\/v2\/types\/page"}],"author":[{"embeddable":true,"href":"https:\/\/blogs.uni-bremen.de\/rockundhippies\/wp-json\/wp\/v2\/users\/15312"}],"replies":[{"embeddable":true,"href":"https:\/\/blogs.uni-bremen.de\/rockundhippies\/wp-json\/wp\/v2\/comments?post=47"}],"version-history":[{"count":2,"href":"https:\/\/blogs.uni-bremen.de\/rockundhippies\/wp-json\/wp\/v2\/pages\/47\/revisions"}],"predecessor-version":[{"id":140,"href":"https:\/\/blogs.uni-bremen.de\/rockundhippies\/wp-json\/wp\/v2\/pages\/47\/revisions\/140"}],"wp:attachment":[{"href":"https:\/\/blogs.uni-bremen.de\/rockundhippies\/wp-json\/wp\/v2\/media?parent=47"}],"curies":[{"name":"wp","href":"https:\/\/api.w.org\/{rel}","templated":true}]}}