{"id":203,"date":"2015-05-14T13:27:14","date_gmt":"2015-05-14T11:27:14","guid":{"rendered":"https:\/\/blogs.uni-bremen.de\/researchinsights\/?page_id=203"},"modified":"2017-03-27T11:11:11","modified_gmt":"2017-03-27T09:11:11","slug":"research-insights","status":"publish","type":"page","link":"https:\/\/blogs.uni-bremen.de\/researchinsights\/research-insights\/","title":{"rendered":"R e s e a r c h   I n s i g h t s"},"content":{"rendered":"<p style=\"text-align: justify\">Im Rahmen des Projekts &#8222;Forschendes Lernen als Studiengangsprofil im BA Kulturwissenschaft&#8220; am Institut f\u00fcr Ethnologie und Kulturwissenschaft werden die Tagungen \u201eResearch Insights&#8220; organisiert. Dabei handelt es sich um eine Tagung zur Vorstellung studentischer Forschungsarbeiten. Die Tagung verfolgt die Intention studentische Forschung sichtbar zu machen. Das Organisationsteam, bestehend aus Studierenden ist der Meinung, dass auch forschungsbegeisterte Studierende spannende Gedanken und Erkenntnisse mitzuteilen haben. Deshalb m\u00f6chte die Tagung \u201eResearch Insights\u201c Studierenden eine Plattform bieten, sich in einem wissenschaftlichen Rahmen zu pr\u00e4sentieren. Dar\u00fcber hinaus werden so Qualifikationen und Kompetenzen, eigene Forschungsvorhaben zu rechtfertigen und verteidigen gef\u00f6rdert, die auch au\u00dferhalb der Hochschule von Bedeutung sind. Ausgerichtet vom Fachbereich 9 Kulturwissenschaften wendet sich die Veranstaltung an alle Interessierten der Kultur-und Sozialwissenschaften.<\/p>\n<p style=\"text-align: justify\">Wir freuen uns weiterhin \u00fcber eure spannenden Tagungsbeitr\u00e4ge!<\/p>\n<p style=\"text-align: justify\">\n","protected":false},"excerpt":{"rendered":"<p>Im Rahmen des Projekts &#8222;Forschendes Lernen als Studiengangsprofil im BA Kulturwissenschaft&#8220; am Institut f\u00fcr Ethnologie und Kulturwissenschaft werden die Tagungen \u201eResearch Insights&#8220; organisiert. Dabei handelt es sich um eine Tagung zur Vorstellung studentischer Forschungsarbeiten. Die Tagung verfolgt die Intention studentische &hellip; <a href=\"https:\/\/blogs.uni-bremen.de\/researchinsights\/research-insights\/\">Weiterlesen <span class=\"meta-nav\">&rarr;<\/span><\/a><\/p>\n","protected":false},"author":3094,"featured_media":0,"parent":0,"menu_order":0,"comment_status":"closed","ping_status":"closed","template":"","meta":{"_bbp_topic_count":0,"_bbp_reply_count":0,"_bbp_total_topic_count":0,"_bbp_total_reply_count":0,"_bbp_voice_count":0,"_bbp_anonymous_reply_count":0,"_bbp_topic_count_hidden":0,"_bbp_reply_count_hidden":0,"_bbp_forum_subforum_count":0,"footnotes":""},"class_list":["post-203","page","type-page","status-publish","hentry"],"_links":{"self":[{"href":"https:\/\/blogs.uni-bremen.de\/researchinsights\/wp-json\/wp\/v2\/pages\/203","targetHints":{"allow":["GET"]}}],"collection":[{"href":"https:\/\/blogs.uni-bremen.de\/researchinsights\/wp-json\/wp\/v2\/pages"}],"about":[{"href":"https:\/\/blogs.uni-bremen.de\/researchinsights\/wp-json\/wp\/v2\/types\/page"}],"author":[{"embeddable":true,"href":"https:\/\/blogs.uni-bremen.de\/researchinsights\/wp-json\/wp\/v2\/users\/3094"}],"replies":[{"embeddable":true,"href":"https:\/\/blogs.uni-bremen.de\/researchinsights\/wp-json\/wp\/v2\/comments?post=203"}],"version-history":[{"count":6,"href":"https:\/\/blogs.uni-bremen.de\/researchinsights\/wp-json\/wp\/v2\/pages\/203\/revisions"}],"predecessor-version":[{"id":433,"href":"https:\/\/blogs.uni-bremen.de\/researchinsights\/wp-json\/wp\/v2\/pages\/203\/revisions\/433"}],"wp:attachment":[{"href":"https:\/\/blogs.uni-bremen.de\/researchinsights\/wp-json\/wp\/v2\/media?parent=203"}],"curies":[{"name":"wp","href":"https:\/\/api.w.org\/{rel}","templated":true}]}}