{"id":184,"date":"2015-05-06T19:27:00","date_gmt":"2015-05-06T17:27:00","guid":{"rendered":"http:\/\/blogs.uni-bremen.de\/researchinsights\/?page_id=184"},"modified":"2016-01-20T23:02:20","modified_gmt":"2016-01-20T21:02:20","slug":"rueckblicke","status":"publish","type":"page","link":"https:\/\/blogs.uni-bremen.de\/researchinsights\/rueckblicke\/","title":{"rendered":"R \u00fc c k b l i c k"},"content":{"rendered":"<p>Hier erhaltet Ihr in den weiteren Reitern einen R\u00fcckblick zu bereits stattgefundenen <span style=\"color: #3366ff\">Research-Insights-Tagungen<\/span> und die M\u00f6glichkeit Einblicke zu bekommen wie Eure Forschung pr\u00e4sentiert werden kann.<\/p>\n","protected":false},"excerpt":{"rendered":"<p>Hier erhaltet Ihr in den weiteren Reitern einen R\u00fcckblick zu bereits stattgefundenen Research-Insights-Tagungen und die M\u00f6glichkeit Einblicke zu bekommen wie Eure Forschung pr\u00e4sentiert werden kann.<\/p>\n","protected":false},"author":3094,"featured_media":0,"parent":0,"menu_order":3,"comment_status":"closed","ping_status":"closed","template":"","meta":{"_bbp_topic_count":0,"_bbp_reply_count":0,"_bbp_total_topic_count":0,"_bbp_total_reply_count":0,"_bbp_voice_count":0,"_bbp_anonymous_reply_count":0,"_bbp_topic_count_hidden":0,"_bbp_reply_count_hidden":0,"_bbp_forum_subforum_count":0,"footnotes":""},"class_list":["post-184","page","type-page","status-publish","hentry"],"_links":{"self":[{"href":"https:\/\/blogs.uni-bremen.de\/researchinsights\/wp-json\/wp\/v2\/pages\/184","targetHints":{"allow":["GET"]}}],"collection":[{"href":"https:\/\/blogs.uni-bremen.de\/researchinsights\/wp-json\/wp\/v2\/pages"}],"about":[{"href":"https:\/\/blogs.uni-bremen.de\/researchinsights\/wp-json\/wp\/v2\/types\/page"}],"author":[{"embeddable":true,"href":"https:\/\/blogs.uni-bremen.de\/researchinsights\/wp-json\/wp\/v2\/users\/3094"}],"replies":[{"embeddable":true,"href":"https:\/\/blogs.uni-bremen.de\/researchinsights\/wp-json\/wp\/v2\/comments?post=184"}],"version-history":[{"count":4,"href":"https:\/\/blogs.uni-bremen.de\/researchinsights\/wp-json\/wp\/v2\/pages\/184\/revisions"}],"predecessor-version":[{"id":435,"href":"https:\/\/blogs.uni-bremen.de\/researchinsights\/wp-json\/wp\/v2\/pages\/184\/revisions\/435"}],"wp:attachment":[{"href":"https:\/\/blogs.uni-bremen.de\/researchinsights\/wp-json\/wp\/v2\/media?parent=184"}],"curies":[{"name":"wp","href":"https:\/\/api.w.org\/{rel}","templated":true}]}}