{"id":96,"date":"2023-03-26T20:38:27","date_gmt":"2023-03-26T18:38:27","guid":{"rendered":"https:\/\/blogs.uni-bremen.de\/queerspacesbremen\/?page_id=96"},"modified":"2023-03-31T16:50:52","modified_gmt":"2023-03-31T14:50:52","slug":"vorstellung","status":"publish","type":"page","link":"https:\/\/blogs.uni-bremen.de\/queerspacesbremen\/vorstellung\/","title":{"rendered":"Vorstellung"},"content":{"rendered":"<p><span style=\"font-weight: 400;font-family: verdana, geneva, sans-serif;font-size: 14pt\">Hier stellen wir dir unsere Interviewpartner:innen vor und was sie zu sagen haben:\u00a0<\/span><\/p>\n<p><span style=\"font-weight: 400;font-family: verdana, geneva, sans-serif;font-size: 14pt\"><span style=\"color: #800080\"><strong>Cosmo<\/strong> <\/span>ist 25 Jahre alt, wei\u00df und identifiziert sich als Nichtbin\u00e4r* und ist bisexuell. Im Deutschen verwendet Cosmo keine oder sie\/ihr Pronomen.<\/span><\/p>\n<p><span style=\"font-weight: 400;font-family: verdana, geneva, sans-serif;font-size: 14pt\"><span style=\"color: #800080\"><strong>Violet<\/strong><\/span> ist 21 Jahre alt, wei\u00df und identifiziert sich als cis Frau (questioning) und ist lesbisch. Violet benutzt sie\/ihr (she\/they) Pronomen.\u00a0<\/span><\/p>\n<p><span style=\"font-weight: 400;font-family: verdana, geneva, sans-serif;font-size: 14pt\"><span style=\"color: #800080\"><strong>Hyacinth<\/strong><\/span> ist 23 Jahre alt, wei\u00df und identifiziert sich als cis Mann und ist schwul. Im Deutschen verwendet Hyacinth er\/ihm Pronomen.<\/span><\/p>\n<p><span style=\"font-weight: 400;font-family: verdana, geneva, sans-serif;font-size: 14pt\"><strong><span style=\"color: #800080\">Tulip<\/span> <\/strong>ist 25 Jahre alt, wei\u00df und identifiziert sich als Nichtbin\u00e4r* und ist bisexuell. Im Deutschen verwendet Tulip er\/ihm Pronomen.<\/span><\/p>\n<p><span style=\"font-family: verdana, geneva, sans-serif;font-size: 14pt\"><span style=\"font-weight: 400\">Da es sich um sehr pers\u00f6nliche Themen und Daten handelt, haben wir die Namen unserer Partner:innen anonymisiert. Eckdaten \u00fcber ihre Person wie Alter, Genderidentit\u00e4t, sexuelle Orientierung und Pronomen haben wir festgehalten. Diese Daten haben wir gesammelt, damit klar wird, aus welchen Positionen gesprochen wird, da in <\/span><span style=\"color: #800080\"><strong><i>Queer Geographies<\/i><\/strong><\/span><span style=\"font-weight: 400\"> oft die Perspektiven von trans Menschen (und die unter den umbrella fallenden Identit\u00e4ten) vom Diskurs ausgelassen werden (vgl. Schuster 2012:\u00a0 647).<\/span><\/span><\/p>\n<p><span style=\"font-weight: 400;font-family: verdana, geneva, sans-serif;font-size: 14pt\">Alle zu Interviewenden waren bereits mit uns bekannt, was zu einer entspannten und vertrauten Gespr\u00e4chssituation beigetragen hat. Die Interviews verliefen entweder in Person oder online \u00fcber Zoom, je nachdem, wie es sich f\u00fcr unsere Partner:innen am besten angeboten hat.\u00a0<\/span><\/p>\n<p><span style=\"font-weight: 400;font-family: verdana, geneva, sans-serif;font-size: 14pt\">Unser Ziel f\u00fcr die Interviews war es, die Menschen selber sprechen zu lassen und so ihren Gedanken und Meinungen eine Plattform zu geben, in denen sie selbst die Hauptakteure sind. Dadurch haben wir uns f\u00fcr ein narratives Interview nach Fischer-Rosenthal und Rosenthal (1997) entschieden. Das narrative Interview zeichnet sich durch die Offenheit der Erz\u00e4hlstruktur aus. Es geht um das aktive und kontrollierte Zuh\u00f6ren seitens des Interviewers sowie das erz\u00e4hlgenerierende Nachfragen (vgl. Fischer-Rosenthal und Rosenthal 1997). Vor jedem Interview haben wir unseren Interviewpartner:innen jeweils einen Informationsbogen mitgeschickt, welcher unsere Forschungsidee und -ziel darstellte, sodass sie einen ersten Eindruck von unserer Forschung erhielten. Zudem konnten sie auf diesem Bogen Angaben zu ihrer sexuellen und geschlechtlichen Identit\u00e4t machen. Dadurch hatten sie die Gelegenheit, sich bereits vor dem Interview auf das Gespr\u00e4ch einzustellen und sich Gedanken zu machen, ob und was sie mit uns teilen m\u00f6chten.\u00a0<\/span><\/p>\n<p><span style=\"font-weight: 400;font-family: verdana, geneva, sans-serif;font-size: 14pt\">Wir haben im Verlauf der Interviews gemerkt, dass die F\u00fchrung der Interviews nicht zwangsl\u00e4ufig narrativ war, sondern teilweise schon gezielte Fragen, insbesondere zu Definitionen, gestellt wurden. So kann man sagen, dass unsere Interviewform eine Mischung von Narrativen Interview und Leitfadeninterview ist. Grunds\u00e4tzlich haben wir aber \u00fcberwiegend versucht, die Interviewpersonen f\u00fcr sich sprechen zu lassen und haben gelegentlich Nachfragen gestellt.<\/span><\/p>\n<p><span style=\"font-weight: 400;font-family: verdana, geneva, sans-serif;font-size: 14pt\">In allen Interviewgespr\u00e4chen wiederholten sich bestimmte Themenpunkte immer wieder. Dies nahmen wir zum Anlass, diese Themen n\u00e4her zu beleuchten und in den Fokus unserer Arbeit zu stellen. Folgende Unterpunkte waren ausschlaggebend f\u00fcr eine n\u00e4here Betrachtung: <a href=\"https:\/\/blogs.uni-bremen.de\/queerspacesbremen\/sicherhiet\/\"><span style=\"color: #800080\"><strong><em>Sicherheit<\/em><\/strong><\/span><\/a>, <a href=\"https:\/\/blogs.uni-bremen.de\/queerspacesbremen\/sichtbarkeit\/\"><span style=\"color: #800080\"><em><strong>Sichtbarkeit<\/strong> <\/em><\/span><\/a>und <a href=\"https:\/\/blogs.uni-bremen.de\/queerspacesbremen\/vernetzung\/\"><span style=\"color: #800080\"><strong><em>Vernetzung<\/em><\/strong><\/span><\/a>.\u00a0<\/span><\/p>\n","protected":false},"excerpt":{"rendered":"<p>Hier stellen wir dir unsere Interviewpartner:innen vor und was sie zu sagen haben:\u00a0 Cosmo ist 25 Jahre alt, wei\u00df und identifiziert sich als Nichtbin\u00e4r* und ist bisexuell. Im Deutschen verwendet Cosmo keine oder sie\/ihr Pronomen. Violet ist 21 Jahre alt, wei\u00df und identifiziert sich als cis Frau (questioning) und ist lesbisch. Violet benutzt sie\/ihr (she\/they) &hellip; <a href=\"https:\/\/blogs.uni-bremen.de\/queerspacesbremen\/vorstellung\/\" class=\"more-link\"><span class=\"screen-reader-text\">Vorstellung<\/span> weiterlesen<\/a><\/p>\n","protected":false},"author":11117,"featured_media":0,"parent":0,"menu_order":0,"comment_status":"closed","ping_status":"closed","template":"","meta":{"_bbp_topic_count":0,"_bbp_reply_count":0,"_bbp_total_topic_count":0,"_bbp_total_reply_count":0,"_bbp_voice_count":0,"_bbp_anonymous_reply_count":0,"_bbp_topic_count_hidden":0,"_bbp_reply_count_hidden":0,"_bbp_forum_subforum_count":0,"footnotes":""},"class_list":["post-96","page","type-page","status-publish","hentry"],"_links":{"self":[{"href":"https:\/\/blogs.uni-bremen.de\/queerspacesbremen\/wp-json\/wp\/v2\/pages\/96","targetHints":{"allow":["GET"]}}],"collection":[{"href":"https:\/\/blogs.uni-bremen.de\/queerspacesbremen\/wp-json\/wp\/v2\/pages"}],"about":[{"href":"https:\/\/blogs.uni-bremen.de\/queerspacesbremen\/wp-json\/wp\/v2\/types\/page"}],"author":[{"embeddable":true,"href":"https:\/\/blogs.uni-bremen.de\/queerspacesbremen\/wp-json\/wp\/v2\/users\/11117"}],"replies":[{"embeddable":true,"href":"https:\/\/blogs.uni-bremen.de\/queerspacesbremen\/wp-json\/wp\/v2\/comments?post=96"}],"version-history":[{"count":7,"href":"https:\/\/blogs.uni-bremen.de\/queerspacesbremen\/wp-json\/wp\/v2\/pages\/96\/revisions"}],"predecessor-version":[{"id":426,"href":"https:\/\/blogs.uni-bremen.de\/queerspacesbremen\/wp-json\/wp\/v2\/pages\/96\/revisions\/426"}],"wp:attachment":[{"href":"https:\/\/blogs.uni-bremen.de\/queerspacesbremen\/wp-json\/wp\/v2\/media?parent=96"}],"curies":[{"name":"wp","href":"https:\/\/api.w.org\/{rel}","templated":true}]}}