{"id":93,"date":"2023-03-26T20:38:27","date_gmt":"2023-03-26T18:38:27","guid":{"rendered":"https:\/\/blogs.uni-bremen.de\/queerspacesbremen\/?page_id=93"},"modified":"2023-03-31T20:22:54","modified_gmt":"2023-03-31T18:22:54","slug":"motivation-und-aufbau","status":"publish","type":"page","link":"https:\/\/blogs.uni-bremen.de\/queerspacesbremen\/motivation-und-aufbau\/","title":{"rendered":"Alter, Gender und Sexualit\u00e4t"},"content":{"rendered":"<p><span style=\"color: #000000\"><strong><span style=\"text-decoration: underline;font-family: verdana, geneva, sans-serif;font-size: 14pt\">Alter<\/span><\/strong><\/span><\/p>\n<p><span style=\"font-weight: 400;font-family: verdana, geneva, sans-serif;font-size: 14pt;color: #000000\">Insgesamt 26 Personen haben bei unserer Umfrage ihr Alter angegeben. In der Grafik siehst du die Verteilung nach Altersgruppen. Etwa 70% derjenigen, die an der Umfrage teilgenommen haben, sind zwischen 18 und 24 Jahre alt.\u00a0<\/span><\/p>\n<p><span style=\"font-family: verdana, geneva, sans-serif;font-size: 14pt;color: #000000\"><span style=\"font-weight: 400\">Die Verteilung der Altersgruppen der befragten Personen \u00fcberrascht uns eher weniger, da wir den Link zur Umfrage \u00fcber Soziale Medien, wie WhatsApp und \u00fcber unsere privaten Instagram Profile geteilt haben. Da wir somit von Bekannten sowie den weiteren Teilen der Umfrage abh\u00e4ngig waren und wir selbst in dieser Altersgruppe <\/span><span style=\"font-weight: 400\">stecken<\/span><span style=\"font-weight: 400\">, war es absehbar, dass die meisten Teilnehmenden junge Erwachsene sind. Die restlichen 30% sind \u00fcber 25 Jahre alt. Es gab keine Angaben bez\u00fcglich des Alters von unter 18-j\u00e4hrigen.\u00a0<\/span><\/span><\/p>\n<p><span style=\"color: #000000\"><span style=\"font-family: verdana, geneva, sans-serif;font-size: 14pt\"> <img loading=\"lazy\" decoding=\"async\" class=\"alignnone wp-image-351 size-large\" src=\"https:\/\/blogs.uni-bremen.de\/queerspacesbremen\/files\/Grafik-Alter_2-1024x560.jpg\" alt=\"\" width=\"660\" height=\"361\" srcset=\"https:\/\/blogs.uni-bremen.de\/queerspacesbremen\/files\/Grafik-Alter_2-1024x560.jpg 1024w, https:\/\/blogs.uni-bremen.de\/queerspacesbremen\/files\/Grafik-Alter_2-300x164.jpg 300w, https:\/\/blogs.uni-bremen.de\/queerspacesbremen\/files\/Grafik-Alter_2-768x420.jpg 768w, https:\/\/blogs.uni-bremen.de\/queerspacesbremen\/files\/Grafik-Alter_2-1536x841.jpg 1536w, https:\/\/blogs.uni-bremen.de\/queerspacesbremen\/files\/Grafik-Alter_2-2048x1121.jpg 2048w\" sizes=\"auto, (max-width: 660px) 100vw, 660px\" \/><\/span><\/span><\/p>\n<p>&nbsp;<\/p>\n<p><span style=\"color: #000000\"><strong><span style=\"text-decoration: underline;font-family: verdana, geneva, sans-serif;font-size: 14pt\">Gender<\/span><\/strong><\/span><\/p>\n<p><span style=\"font-family: verdana, geneva, sans-serif;font-size: 14pt;color: #000000\"><span style=\"font-weight: 400\">Die Frage bez\u00fcglich der Genderidentit\u00e4t haben 26 Personen beantwortet. In der Grafik findest du die Verteilung. Diese Frage war als Multiple Choice Frage mit folgenden Antwortm\u00f6glichkeiten gestaltet:\u00a0<\/span><\/span><\/p>\n<p><span style=\"font-weight: 400;font-family: verdana, geneva, sans-serif;font-size: 14pt;color: #000000\">Da die Genderidentit\u00e4t, genauso wie die Sexualit\u00e4t, fluid sein kann (vgl. Zheng), wollten wir den Befragten freien Raum lassen, ihre Genderidentit\u00e4t so passend wie m\u00f6glich anzugeben. <\/span><\/p>\n<ul>\n<li style=\"list-style-type: none\">\n<ul>\n<li style=\"list-style-type: none\">\n<ul style=\"list-style-type: disc\">\n<li><span style=\"font-size: 14pt;font-family: verdana, geneva, sans-serif\">Agender<\/span><\/li>\n<li><span style=\"font-weight: 400;font-family: verdana, geneva, sans-serif;font-size: 14pt;color: #000000\">cis Frau<\/span><\/li>\n<li><span style=\"font-family: verdana, geneva, sans-serif;font-size: 14pt;color: #000000\">cis Mann<\/span><\/li>\n<li><span style=\"font-family: verdana, geneva, sans-serif;font-size: 14pt;color: #000000\">Intersex*<\/span><\/li>\n<li><span style=\"font-family: verdana, geneva, sans-serif;font-size: 14pt;color: #000000\">Nichtbin\u00e4r*<\/span><\/li>\n<li><span style=\"font-size: 14pt;font-family: verdana, geneva, sans-serif;color: #000000\">trans Frau<\/span><\/li>\n<li><span style=\"font-size: 14pt;font-family: verdana, geneva, sans-serif;color: #000000\">trans Mann<\/span><\/li>\n<li><span style=\"font-size: 14pt;font-family: verdana, geneva, sans-serif;color: #000000\">Unlabelled<\/span><\/li>\n<li><span style=\"font-family: verdana, geneva, sans-serif;font-size: 14pt;color: #000000\">Andere (mit der M\u00f6glichkeit, selbst eine Angabe zu machen)<\/span><\/li>\n<li><span style=\"font-size: 14pt;font-family: verdana, geneva, sans-serif;color: #000000\">keine Angabe<\/span><\/li>\n<\/ul>\n<\/li>\n<\/ul>\n<\/li>\n<\/ul>\n<p><span style=\"font-family: verdana, geneva, sans-serif;font-size: 14pt;color: #000000\"><span style=\"font-weight: 400\">Etwa die H\u00e4lfte der Befragten identifiziert sich als <\/span><span style=\"color: #800080\"><i><span style=\"font-weight: 400\">cis Frau<\/span><\/i><\/span><span style=\"font-weight: 400\">. Ein Viertel der Personen identifiziert sich als <\/span><span style=\"color: #800080\"><i><span style=\"font-weight: 400\">Nichtbin\u00e4r<\/span><\/i><\/span><span style=\"font-weight: 400\"><span style=\"color: #800080\">*<\/span>. Weitere 15,38% der Befragten identifizieren sich als <\/span><span style=\"color: #800080\"><i><span style=\"font-weight: 400\">cis Mann<\/span><\/i><\/span><span style=\"font-weight: 400\"> und 7,69% als <\/span><span style=\"color: #800080\"><i><span style=\"font-weight: 400\">trans Mann<\/span><\/i><\/span><span style=\"font-weight: 400\">. 3,85% der Befragten identifizieren sich als <\/span><span style=\"color: #800080\"><i><span style=\"font-weight: 400\">Genderfluid<\/span><\/i><\/span><span style=\"font-weight: 400\"> und 7,69% wollten keine Angabe bez\u00fcglich ihrer Genderidentit\u00e4t machen.\u00a0<\/span><\/span><\/p>\n<p><span style=\"color: #000000\"><img loading=\"lazy\" decoding=\"async\" class=\"alignleft wp-image-144 size-large\" src=\"https:\/\/blogs.uni-bremen.de\/queerspacesbremen\/files\/Grafik-Gender-1024x583.jpg\" alt=\"\" width=\"660\" height=\"376\" srcset=\"https:\/\/blogs.uni-bremen.de\/queerspacesbremen\/files\/Grafik-Gender-1024x583.jpg 1024w, https:\/\/blogs.uni-bremen.de\/queerspacesbremen\/files\/Grafik-Gender-300x171.jpg 300w, https:\/\/blogs.uni-bremen.de\/queerspacesbremen\/files\/Grafik-Gender-768x437.jpg 768w, https:\/\/blogs.uni-bremen.de\/queerspacesbremen\/files\/Grafik-Gender-1536x875.jpg 1536w, https:\/\/blogs.uni-bremen.de\/queerspacesbremen\/files\/Grafik-Gender.jpg 1972w\" sizes=\"auto, (max-width: 660px) 100vw, 660px\" \/><\/span><\/p>\n<p><strong><span style=\"text-decoration: underline;font-size: 14pt;font-family: verdana, geneva, sans-serif\">Sexualit\u00e4t<\/span><\/strong><\/p>\n<p><span style=\"font-weight: 400;font-family: verdana, geneva, sans-serif;font-size: 14pt;color: #000000\">26 Personen haben Angaben bez\u00fcglich ihrer Sexualit\u00e4t gemacht. In der Grafik siehst du die relative Verteilung. Auch diese Frage wurde als Multiple Choice gestellt, um m\u00f6glichst offene und freie Antwortm\u00f6glichkeiten zu bieten. Wir hatten folgende Antwortm\u00f6glichkeiten angeboten:<\/span><\/p>\n<ul>\n<li style=\"list-style-type: none\">\n<ul>\n<li style=\"list-style-type: none\">\n<ul>\n<li style=\"font-weight: 400\"><span style=\"font-weight: 400;font-family: verdana, geneva, sans-serif;font-size: 14pt;color: #000000\">asexuell<\/span><\/li>\n<li style=\"font-weight: 400\"><span style=\"font-weight: 400;font-family: verdana, geneva, sans-serif;font-size: 14pt;color: #000000\">bisexuell<\/span><\/li>\n<li style=\"font-weight: 400\"><span style=\"font-weight: 400;font-family: verdana, geneva, sans-serif;font-size: 14pt;color: #000000\">heterosexuell<\/span><\/li>\n<li style=\"font-weight: 400\"><span style=\"font-weight: 400;font-family: verdana, geneva, sans-serif;font-size: 14pt;color: #000000\">lesbisch<\/span><\/li>\n<li style=\"font-weight: 400\"><span style=\"font-weight: 400;font-family: verdana, geneva, sans-serif;font-size: 14pt;color: #000000\">pansexuell<\/span><\/li>\n<li><span style=\"font-family: verdana, geneva, sans-serif;font-size: 14pt;color: #000000\">schwul<\/span><\/li>\n<li style=\"font-weight: 400\"><span style=\"font-weight: 400;font-family: verdana, geneva, sans-serif;font-size: 14pt;color: #000000\">Unlabelled<\/span><\/li>\n<li style=\"font-weight: 400\"><span style=\"font-weight: 400;font-family: verdana, geneva, sans-serif;font-size: 14pt;color: #000000\">Andere<\/span><\/li>\n<li><span style=\"font-size: 14pt;font-family: verdana, geneva, sans-serif;color: #000000\">keine Angaben<\/span><\/li>\n<\/ul>\n<\/li>\n<\/ul>\n<\/li>\n<\/ul>\n<p><span style=\"color: #000000\"><img loading=\"lazy\" decoding=\"async\" class=\"alignnone wp-image-145 size-large\" src=\"https:\/\/blogs.uni-bremen.de\/queerspacesbremen\/files\/Grafik-Sexualitaet-1024x624.jpg\" alt=\"\" width=\"660\" height=\"402\" srcset=\"https:\/\/blogs.uni-bremen.de\/queerspacesbremen\/files\/Grafik-Sexualitaet-1024x624.jpg 1024w, https:\/\/blogs.uni-bremen.de\/queerspacesbremen\/files\/Grafik-Sexualitaet-300x183.jpg 300w, https:\/\/blogs.uni-bremen.de\/queerspacesbremen\/files\/Grafik-Sexualitaet-768x468.jpg 768w, https:\/\/blogs.uni-bremen.de\/queerspacesbremen\/files\/Grafik-Sexualitaet-1536x936.jpg 1536w, https:\/\/blogs.uni-bremen.de\/queerspacesbremen\/files\/Grafik-Sexualitaet.jpg 1893w\" sizes=\"auto, (max-width: 660px) 100vw, 660px\" \/><\/span><\/p>\n<p><span style=\"font-family: verdana, geneva, sans-serif;font-size: 14pt;color: #000000\"><span style=\"font-weight: 400\">Die Grafik zeigt, dass etwa ein Viertel der Befragten angab<\/span><\/span><span style=\"font-family: verdana, geneva, sans-serif;font-size: 14pt;color: #000000\"><span style=\"font-weight: 400\">, <\/span><i><span style=\"font-weight: 400\"><span style=\"color: #800080\">schwul<\/span> <\/span><\/i><span style=\"font-weight: 400\">zu sein. Weitere 11 Personen identifizieren sich als <\/span><span style=\"color: #800080\"><i><span style=\"font-weight: 400\">bisexuell<\/span><\/i><\/span><span style=\"font-weight: 400\">. Zwei Personen gaben an, <span style=\"color: #800080\"><em>asexuell<\/em> <\/span>zu sein und drei Personen identifizieren sich als <\/span><i><span style=\"font-weight: 400\"><span style=\"color: #800080\">pansexuell<\/span>. <\/span><\/i><span style=\"font-weight: 400\">Zwei weitere Personen m\u00f6chten ihre Sexualit\u00e4t <span style=\"color: #800080\"><em>nicht<\/em> <\/span><\/span><span style=\"color: #800080\"><i><span style=\"font-weight: 400\">labeln<\/span><\/i><\/span><span style=\"font-weight: 400\">. 15% der Befragten sind <span style=\"color: #800080\"><em>lesbisch<\/em><\/span>.\u00a0<\/span><\/span><\/p>\n<p>&nbsp;<\/p>\n<p><span style=\"color: #000000\"><strong><span style=\"text-decoration: underline\"><span style=\"font-size: 14pt;font-family: verdana, geneva, sans-serif\">Anmerkungen<\/span><\/span><\/strong><\/span><\/p>\n<p><span style=\"font-family: verdana, geneva, sans-serif;font-size: 14pt;color: #000000\"><span style=\"font-weight: 400\">Schlussendlich ist festzuhalten, dass unsere Ergebnisse bez\u00fcglich der Demographie in Bremen beziehungsweise Deutschland nur begrenzt \u00fcbertragbar sind, da ein zu kleiner Pool an Personen an unserer Umfrage teilgenommen hatte. Eine Studie des RKI <\/span><span style=\"font-weight: 400\">erw\u00e4hnt<\/span><span style=\"font-weight: 400\">, dass etwa 4,6 von 100.000 Personen transgeschlechtlich sind. Diese Zahlen sollten allerdings mit Vorsicht betrachtet werden, da der Bev\u00f6lkerungsanteil von trans- beziehungsweise intergeschlechtlichen Personen momentan nicht gesch\u00e4tzt werden kann (vgl. P\u00f6ge et al. 2022: 53f). Die Zahlen bez\u00fcglich der Intergeschlechtlichkeit schwanken zwischen 0,018% &#8211; 3,8% der Geburten, die \u201c\u2018Varianten der Geschlechtsentwicklung\u2019 beziehungsweise des urogenitalen Systems\u201d aufweisen (P\u00f6ge et al. 2022: 54).\u00a0<\/span><\/span><\/p>\n<p><span style=\"font-weight: 400;font-family: verdana, geneva, sans-serif;font-size: 14pt;color: #000000\">Bez\u00fcglich der Verteilung der sexuellen Orientierung ergab eine Umfrage des Spiegel aus dem Mai 2015, dass sich 84% der 1000 Befragten zwischen 18 und 30 Jahren als heterosexuell identifizieren. Jeweils 5% der Befragten beschreiben ihre sexuelle Orientierung als bi- beziehungsweise homosexuell. Die restlichen 4% der Befragten gaben an, ihre sexuelle Orientierung nicht labeln zu wollen (vgl. Spiegel (bento) 2015).<\/span><\/p>\n<p><span style=\"font-family: verdana, geneva, sans-serif;font-size: 14pt;color: #000000\">Ebenso ist uns bewusst, dass es weitaus mehr und differenziertere Genderidentit\u00e4ten und Sexualit\u00e4ten sowie Bezeichnungen f\u00fcr diese gibt, welche je nach kulturellem Raum anders definiert werden k\u00f6nnen (vgl. Sauer 2018). Aufgrund der Einschr\u00e4nkungen durch das Umfrage Portal sowie die Vielzahl der verschiedenen Identit\u00e4ten und Sexualit\u00e4ten haben wir uns daf\u00fcr entschieden, die oben genannten Genderidentit\u00e4ten beziehungsweise Sexualit\u00e4ten als Auswahlm\u00f6glichkeiten bereit zu stellen. Um mehr Spielraum zu bieten, haben wir auch eine Antwortm\u00f6glichkeit &#8222;Andere&#8220;, mit der M\u00f6glichkeit, die eigene Identit\u00e4t beziehungsweise Sexualit\u00e4t passender zu beschreiben, geboten.\u00a0<\/span><\/p>\n<p>&nbsp;<\/p>\n","protected":false},"excerpt":{"rendered":"<p>Alter Insgesamt 26 Personen haben bei unserer Umfrage ihr Alter angegeben. In der Grafik siehst du die Verteilung nach Altersgruppen. Etwa 70% derjenigen, die an der Umfrage teilgenommen haben, sind zwischen 18 und 24 Jahre alt.\u00a0 Die Verteilung der Altersgruppen der befragten Personen \u00fcberrascht uns eher weniger, da wir den Link zur Umfrage \u00fcber Soziale &hellip; <a href=\"https:\/\/blogs.uni-bremen.de\/queerspacesbremen\/motivation-und-aufbau\/\" class=\"more-link\"><span class=\"screen-reader-text\">Alter, Gender und Sexualit\u00e4t<\/span> weiterlesen<\/a><\/p>\n","protected":false},"author":11117,"featured_media":0,"parent":0,"menu_order":0,"comment_status":"closed","ping_status":"closed","template":"","meta":{"_bbp_topic_count":0,"_bbp_reply_count":0,"_bbp_total_topic_count":0,"_bbp_total_reply_count":0,"_bbp_voice_count":0,"_bbp_anonymous_reply_count":0,"_bbp_topic_count_hidden":0,"_bbp_reply_count_hidden":0,"_bbp_forum_subforum_count":0,"footnotes":""},"class_list":["post-93","page","type-page","status-publish","hentry"],"_links":{"self":[{"href":"https:\/\/blogs.uni-bremen.de\/queerspacesbremen\/wp-json\/wp\/v2\/pages\/93","targetHints":{"allow":["GET"]}}],"collection":[{"href":"https:\/\/blogs.uni-bremen.de\/queerspacesbremen\/wp-json\/wp\/v2\/pages"}],"about":[{"href":"https:\/\/blogs.uni-bremen.de\/queerspacesbremen\/wp-json\/wp\/v2\/types\/page"}],"author":[{"embeddable":true,"href":"https:\/\/blogs.uni-bremen.de\/queerspacesbremen\/wp-json\/wp\/v2\/users\/11117"}],"replies":[{"embeddable":true,"href":"https:\/\/blogs.uni-bremen.de\/queerspacesbremen\/wp-json\/wp\/v2\/comments?post=93"}],"version-history":[{"count":10,"href":"https:\/\/blogs.uni-bremen.de\/queerspacesbremen\/wp-json\/wp\/v2\/pages\/93\/revisions"}],"predecessor-version":[{"id":496,"href":"https:\/\/blogs.uni-bremen.de\/queerspacesbremen\/wp-json\/wp\/v2\/pages\/93\/revisions\/496"}],"wp:attachment":[{"href":"https:\/\/blogs.uni-bremen.de\/queerspacesbremen\/wp-json\/wp\/v2\/media?parent=93"}],"curies":[{"name":"wp","href":"https:\/\/api.w.org\/{rel}","templated":true}]}}