{"id":62,"date":"2023-03-26T19:23:49","date_gmt":"2023-03-26T17:23:49","guid":{"rendered":"https:\/\/blogs.uni-bremen.de\/queerspacesbremen\/?page_id=62"},"modified":"2023-03-31T19:19:22","modified_gmt":"2023-03-31T17:19:22","slug":"queering-the-map","status":"publish","type":"page","link":"https:\/\/blogs.uni-bremen.de\/queerspacesbremen\/queering-the-map\/","title":{"rendered":"Queering the Map"},"content":{"rendered":"<p><span style=\"font-weight: 400;font-family: verdana, geneva, sans-serif;font-size: 14pt\">Queering the Map (QtM) ist ein digitaler space, der queeren Menschen die M\u00f6glichkeit bietet, kleine Geschichten, Anekdoten und Erfahrungen mit anderen Menschen zu teilen. Die Geschichten werden gesammelt und, nach Pr\u00fcfung auf personenbezogene Daten,\u00a0 auf einer Weltkarte anonymisiert gepinnt. Das Projekt wurde 2017 gestartet, mit dem Ziel <span style=\"color: #ff99cc\"><span style=\"font-weight: 400\">\u201e<\/span>gemeinschaftlich Spaces zu dokumentieren, die queere Erinnerungen halten\u201d<\/span> und <span style=\"color: #ff99cc\"><span style=\"font-weight: 400\">\u201e<\/span>queere Momente zu markieren, wo immer sie auftreten\u201d <\/span>(queeringthemap.com zitiert in Kirby et al. 2021: 1044, eigene \u00dcbersetzung). Kirby et al. beschreiben QtM als einen digitalen<em> safe space<\/em> und verweisen auf dessen Mehrwert als <span style=\"color: #ff99cc\"><strong>\u201earchive of queer experience\u201d<\/strong><\/span> (2021: 1045). Zudem wird QtM als neue M\u00f6glichkeit gesehen, LGBTQIA+* &#8211; Erfahrungen <span style=\"color: #ff99cc\"><span style=\"font-weight: 400\">\u201e<\/span>zu (re)produzieren und sichtbar zu machen\u201d<span style=\"color: #000000\">, <\/span><\/span>\u00a0die sonst unbekannt bleiben w\u00fcrden (queeringthemap.com zitiert in Kirby et al. 2021: 1045, eigene \u00dcbersetzung).\u00a0<\/span><\/p>\n<p><span style=\"font-size: 14pt\"><span style=\"font-family: verdana, geneva, sans-serif\"><span style=\"font-weight: 400\">Wenn du dir einen \u00dcberblick \u00fcber das Projekt verschaffen m\u00f6chtest, findest du hier den <span style=\"color: #ff99cc\"><strong><a style=\"color: #ff99cc\" href=\"https:\/\/www.queeringthemap.com\/\">Link<\/a><\/strong><\/span><\/span><\/span><span style=\"font-weight: 400\"><span style=\"font-family: verdana, geneva, sans-serif\">.<\/span> <\/span><\/span><\/p>\n","protected":false},"excerpt":{"rendered":"<p>Queering the Map (QtM) ist ein digitaler space, der queeren Menschen die M\u00f6glichkeit bietet, kleine Geschichten, Anekdoten und Erfahrungen mit anderen Menschen zu teilen. Die Geschichten werden gesammelt und, nach Pr\u00fcfung auf personenbezogene Daten,\u00a0 auf einer Weltkarte anonymisiert gepinnt. Das Projekt wurde 2017 gestartet, mit dem Ziel \u201egemeinschaftlich Spaces zu dokumentieren, die queere Erinnerungen halten\u201d &hellip; <a href=\"https:\/\/blogs.uni-bremen.de\/queerspacesbremen\/queering-the-map\/\" class=\"more-link\"><span class=\"screen-reader-text\">Queering the Map<\/span> weiterlesen<\/a><\/p>\n","protected":false},"author":11117,"featured_media":0,"parent":0,"menu_order":0,"comment_status":"closed","ping_status":"closed","template":"","meta":{"_bbp_topic_count":0,"_bbp_reply_count":0,"_bbp_total_topic_count":0,"_bbp_total_reply_count":0,"_bbp_voice_count":0,"_bbp_anonymous_reply_count":0,"_bbp_topic_count_hidden":0,"_bbp_reply_count_hidden":0,"_bbp_forum_subforum_count":0,"footnotes":""},"class_list":["post-62","page","type-page","status-publish","hentry"],"_links":{"self":[{"href":"https:\/\/blogs.uni-bremen.de\/queerspacesbremen\/wp-json\/wp\/v2\/pages\/62","targetHints":{"allow":["GET"]}}],"collection":[{"href":"https:\/\/blogs.uni-bremen.de\/queerspacesbremen\/wp-json\/wp\/v2\/pages"}],"about":[{"href":"https:\/\/blogs.uni-bremen.de\/queerspacesbremen\/wp-json\/wp\/v2\/types\/page"}],"author":[{"embeddable":true,"href":"https:\/\/blogs.uni-bremen.de\/queerspacesbremen\/wp-json\/wp\/v2\/users\/11117"}],"replies":[{"embeddable":true,"href":"https:\/\/blogs.uni-bremen.de\/queerspacesbremen\/wp-json\/wp\/v2\/comments?post=62"}],"version-history":[{"count":9,"href":"https:\/\/blogs.uni-bremen.de\/queerspacesbremen\/wp-json\/wp\/v2\/pages\/62\/revisions"}],"predecessor-version":[{"id":472,"href":"https:\/\/blogs.uni-bremen.de\/queerspacesbremen\/wp-json\/wp\/v2\/pages\/62\/revisions\/472"}],"wp:attachment":[{"href":"https:\/\/blogs.uni-bremen.de\/queerspacesbremen\/wp-json\/wp\/v2\/media?parent=62"}],"curies":[{"name":"wp","href":"https:\/\/api.w.org\/{rel}","templated":true}]}}