{"id":307,"date":"2023-03-31T12:56:37","date_gmt":"2023-03-31T10:56:37","guid":{"rendered":"https:\/\/blogs.uni-bremen.de\/queerspacesbremen\/?page_id=307"},"modified":"2023-03-31T16:49:18","modified_gmt":"2023-03-31T14:49:18","slug":"teil-ii","status":"publish","type":"page","link":"https:\/\/blogs.uni-bremen.de\/queerspacesbremen\/teil-ii\/","title":{"rendered":"Teil II"},"content":{"rendered":"<p><span style=\"font-family: verdana, geneva, sans-serif;font-size: 14pt\"><span style=\"font-weight: 400\">F\u00fcr die verschiedenen Genderidentit\u00e4ten und sexuellen Orientierungen haben wir dir hier die Definitionen von <\/span><a href=\"https:\/\/queer-lexikon.net\/glossar\/\"><b><i><span style=\"color: #800080\">Queer Lexikon<\/span> <\/i><\/b><\/a><span style=\"font-weight: 400\">aufgef\u00fchrt. Anzumerken ist, dass wir nur die Definitionen aufgef\u00fchrt haben, die wir auch innerhalb unserer Forschung verwendet haben. Auf der Seite findest du viele weitere Begriffserkl\u00e4rungen.<\/span><\/span><\/p>\n<p><span style=\"font-family: verdana, geneva, sans-serif;font-size: 14pt\"><b>Agender:<\/b><span style=\"font-weight: 400\"> auch: genderless. Menschen, die kein Geschlecht haben, sich keinem Geschlecht zugeh\u00f6rig f\u00fchlen oder mit dem Konzept von Geschlecht nichts anfangen k\u00f6nnen, k\u00f6nnen sich agender nennen.<\/span><\/span><\/p>\n<p><span style=\"font-family: verdana, geneva, sans-serif;font-size: 14pt\"><b>Allosexuell:<\/b><span style=\"font-weight: 400\"> Allosexuell ist eine Person, wenn sie grunds\u00e4tzlich sexuelle Anziehung gegen\u00fcber anderen Menschen versp\u00fcrt, also zum Beispiel heterosexuell oder bisexuell ist.<\/span><\/span><\/p>\n<p><span style=\"font-family: verdana, geneva, sans-serif;font-size: 14pt\"><b>Asexualit\u00e4t<\/b><span style=\"font-weight: 400\">: auch: Asexualit\u00e4t, Nonsexualit\u00e4t, A_sexualit\u00e4t. Asexualit\u00e4t ist eine sexuelle Orientierung. Eine Person, die wenig oder keine sexuelle Anziehung zu anderen Menschen empfindet, kann sich als asexuell bezeichnen.\u00a0<\/span><\/span><\/p>\n<p><span style=\"font-family: verdana, geneva, sans-serif;font-size: 14pt\"><b>Bin\u00e4res Geschlecht:<\/b><span style=\"font-weight: 400\"> Das bin\u00e4re (westliche) Geschlechtersystem geht davon aus, dass es nur zwei Geschlechter, n\u00e4mlich m\u00e4nnlich und weiblich, gibt. Es l\u00e4sst keine anderen Geschlechter oder Zwischenstufen zu.<\/span><\/span><\/p>\n<p><span style=\"font-family: verdana, geneva, sans-serif;font-size: 14pt\"><b>Bisexualit\u00e4t:<\/b><span style=\"font-weight: 400\"> Eine Person, die sich sexuell zu Menschen zweier oder mehrerer Geschlechter hingezogen f\u00fchlt, kann sich bisexuell nennen.<\/span><\/span><\/p>\n<p><span style=\"font-family: verdana, geneva, sans-serif;font-size: 14pt\"><b>Cis:<\/b><span style=\"font-weight: 400\"> \u201aCis\u2018 ist das Gegenst\u00fcck zu \u201atrans\u2018. \u201aCis\u2018 wird benutzt, um auszudr\u00fccken, dass eine Person das Geschlecht hat, das ihr bei der Geburt aufgrund der Genitalien zugewiesen wurde.<\/span><\/span><\/p>\n<p><span style=\"font-family: verdana, geneva, sans-serif;font-size: 14pt\"><b>Cis Frau: <\/b><span style=\"font-weight: 400\">Eine cis Frau ist eine Person, die bei der Geburt dem weiblichen Geschlecht zugewiesen wurde und sich auch als Frau identifiziert.<\/span><\/span><\/p>\n<p><span style=\"font-family: verdana, geneva, sans-serif;font-size: 14pt\"><b>Cis Mann:<\/b><span style=\"font-weight: 400\"> Ein cis Mann ist eine Person, die bei der Geburt dem m\u00e4nnlichen Geschlecht zugewiesen wurde und sich auch als Mann identifiziert.<\/span><\/span><\/p>\n<p><span style=\"font-family: verdana, geneva, sans-serif;font-size: 14pt\"><b>Dyke:<\/b><span style=\"font-weight: 400\"> Der Begriff Dyke (englisch, \u00fcbersetzt in etwa &#8222;Kampflesbe&#8220;) war urspr\u00fcnglich ein Schimpfwort f\u00fcr lesbische Frauen. Allerdings wird er mittlerweile im Normalfall als positive Selbstbezeichnung verwendet.<\/span><\/span><\/p>\n<p><span style=\"font-family: verdana, geneva, sans-serif;font-size: 14pt\"><b>Genderfluid:<\/b><span style=\"font-weight: 400\"> Als genderfluid k\u00f6nnen sich Menschen bezeichnen, bei denen sich die Geschlechtsidentit\u00e4t \u00fcber einen Zeitraum oder auf bestimmte Situationen bezogen \u00e4ndert. Das Geschlecht kann zwischen allen m\u00f6glichen Geschlechtern wechseln, zum Beispiel von m\u00e4nnlich zu weiblich, aber auch von weiblich zu nonbinary, von nonbinary zu agender, etc.<\/span><\/span><\/p>\n<p><span style=\"font-family: verdana, geneva, sans-serif;font-size: 14pt\"><b>Geschlechtsidentit\u00e4t: <\/b><span style=\"font-weight: 400\">Die Geschlechtsidentit\u00e4t eines Menschen bezeichnet, mit welchem Geschlecht oder welchen Geschlechtern sich ein Mensch selbst identifiziert. Die Geschlechtsidentit\u00e4t eines Menschen muss nicht mit dem (biologischen) Geschlecht \u00fcbereinstimmen, das der Person bei der Geburt zugewiesen wurde.<\/span><\/span><\/p>\n<p><span style=\"font-family: verdana, geneva, sans-serif;font-size: 14pt\"><b>Heterosexualit\u00e4t:<\/b><span style=\"font-weight: 400\"> Heterosexualit\u00e4t ist eine sexuelle Orientierung. Heterosexuelle Menschen f\u00fchlen sich sexuell zu Menschen des beziehungsweise eines anderen Geschlechts hingezogen.<\/span><\/span><\/p>\n<p><span style=\"font-family: verdana, geneva, sans-serif;font-size: 14pt\"><b>Homosexualit\u00e4t:<\/b><span style=\"font-weight: 400\"> Homosexualit\u00e4t bezeichnet die sexuelle Orientierung, bei der sich Menschen zu dem beziehungsweise einem eigenen oder \u00e4hnlichen Geschlecht hingezogen f\u00fchlen. Homosexuelle M\u00e4nner bezeichnen sich oft als schwul, homosexuelle Frauen als lesbisch.<\/span><\/span><\/p>\n<p><span style=\"font-family: verdana, geneva, sans-serif;font-size: 14pt\"><b>Inter*:<\/b><span style=\"font-weight: 400\"> auch: Inter, Intersex, Intergeschlechtlichkeit. Inter Menschen sind Menschen, deren k\u00f6rperliches Geschlecht (beispielsweise die Genitalien oder die Chromosomen) nicht der medizinischen Norm von \u2018eindeutig\u2019 m\u00e4nnlichen oder weiblichen K\u00f6rpern zugeordnet werden kann, sondern sich in einem Spektrum dazwischen bewegt. Bis heute werden die Genitalien von inter Kindern nach der Diagnose operativ einem der beiden der medizinischen Norm entsprechenden Geschlechter, meist dem weiblichen, angeglichen. Dies geht teilweise mit erheblichen gesundheitlichen Einschr\u00e4nkungen und psychischen Problemen einher.<\/span><\/span><\/p>\n<p><span style=\"font-family: verdana, geneva, sans-serif;font-size: 14pt\"><b>Lesbisch:<\/b><span style=\"font-weight: 400\"> Als lesbisch bezeichnen sich viele queere Frauen und nichtbin\u00e4re Personen, die sich romantisch und\/oder sexuell von Frauen beziehungsweise Weiblichkeit angezogen f\u00fchlen.<\/span><\/span><\/p>\n<p><span style=\"font-family: verdana, geneva, sans-serif;font-size: 14pt\"><b>Monogamie: <\/b><span style=\"font-weight: 400\">Monogamie bedeutet \u201aEinehe\u2018 und beschreibt, dass eine Person nur mit einer anderen Person auf einmal verheiratet beziehungsweise in einer Beziehung ist.<\/span><\/span><\/p>\n<p><span style=\"font-family: verdana, geneva, sans-serif;font-size: 14pt\"><b>Nichtbin\u00e4r*:<\/b><span style=\"font-weight: 400\"> Auch: nonbinary, nicht-bin\u00e4r, nicht bin\u00e4r, non bin\u00e4r. Nichtbin\u00e4r ist ein Geschlecht. Als nichtbin\u00e4r k\u00f6nnen sich Menschen bezeichnen, die nicht (oder nicht zu 100%) Mann oder Frau sind. Stattdessen ist ihr Geschlecht beispielsweise beides gleichzeitig, zwischen m\u00e4nnlich und weiblich oder weder m\u00e4nnlich noch weiblich.<\/span><\/span><\/p>\n<p><span style=\"font-family: verdana, geneva, sans-serif;font-size: 14pt\"><b>Pansexualit\u00e4t:<\/b><span style=\"font-weight: 400\"> Pansexualit\u00e4t ist eine sexuelle Orientierung. Menschen, die sexuelle Anziehung gegen\u00fcber Menschen aller Geschlechter empfinden beziehungsweise deren sexuelle Anziehung nicht vom Geschlecht der anderen Person abh\u00e4ngig ist, k\u00f6nnen sich als pansexuell bezeichnen.<\/span><\/span><\/p>\n<p><span style=\"font-family: verdana, geneva, sans-serif;font-size: 14pt\"><b>Polygamie:<\/b><span style=\"font-weight: 400\"> Polygamie bedeutet \u201aVielehe\u2018 und bezeichnet eine Form der Ehe oder Beziehung, bei der mehr als nur zwei Personen verheiratet sind. Es geht dabei meist um eine Person, die mehrere Ehepartner*innen hat, und nicht um eine Gruppe von Personen, die alle miteinander verheiratet sind.<\/span><\/span><\/p>\n<p><span style=\"font-family: verdana, geneva, sans-serif;font-size: 14pt\"><b>Questioning:<\/b><span style=\"font-weight: 400\"> Menschen, die (noch) kein passendes Label beziehungsweise keine passende Beschreibung f\u00fcr ihre sexuelle beziehungsweise romantische Orientierung oder ihr Geschlecht gefunden haben, k\u00f6nnen sich als questioning (englisch: fragend, hinterfragend, zweifelnd) bezeichnen.\u00a0<\/span><\/span><\/p>\n<p><span style=\"font-family: verdana, geneva, sans-serif;font-size: 14pt\"><b>Schwul:<\/b><span style=\"font-weight: 400\"> Auch: gay (engl.). Als schwul werden M\u00e4nner oder sich mit M\u00e4nnlichkeit identifizierende nonbinary Personen bezeichnet, die sich romantisch und\/oder k\u00f6rperlich zu anderen M\u00e4nnern oder sich mit M\u00e4nnlichkeit identifizierenden nonbinary Personen hingezogen f\u00fchlen.<\/span><\/span><\/p>\n<p><span style=\"font-family: verdana, geneva, sans-serif;font-size: 14pt\"><b>Sexuelle Orientierung:<\/b><span style=\"font-weight: 400\"> Die sexuelle Orientierung eines Menschen beschreibt, zu Menschen welches Geschlechts beziehungsweise welcher Geschlechter sich ein Mensch emotional, k\u00f6rperlich und\/oder sexuell hingezogen f\u00fchlt, unabh\u00e4ngig von der sexuellen Praxis und der sexuellen Pr\u00e4ferenz.<\/span><\/span><\/p>\n<p><span style=\"font-family: verdana, geneva, sans-serif;font-size: 14pt\"><b>Trans:<\/b><span style=\"font-weight: 400\"> Auch: trans*. Menschen, die sich nicht mit dem (biologischen) Geschlecht identifizieren, das ihnen bei der Geburt zugewiesen wurde, sind trans. Nicht alle Menschen, auf die dies zutrifft, bezeichnen sich selbst so. Trans wird jedoch h\u00e4ufig als Selbstbezeichnung verwendet.<\/span><\/span><\/p>\n<p><span style=\"font-family: verdana, geneva, sans-serif;font-size: 14pt\"><b>Trans Frau:<\/b><span style=\"font-weight: 400\"> Trans Frau beschreibt ein Geschlecht. Eine Frau, der bei der Geburt nicht das weibliche (biologische) Geschlecht zugewiesen wurde, ist eine trans Frau.<\/span><\/span><\/p>\n<p><span style=\"font-family: verdana, geneva, sans-serif;font-size: 14pt\"><b>Trans Mann:<\/b><span style=\"font-weight: 400\"> Trans Mann beschreibt ein Geschlecht. Ein Mann, dem bei der Geburt nicht das m\u00e4nnliche (biologische) Geschlecht zugewiesen wurde, ist ein trans Mann.<\/span><\/span><\/p>\n<p>&nbsp;<\/p>\n","protected":false},"excerpt":{"rendered":"<p>F\u00fcr die verschiedenen Genderidentit\u00e4ten und sexuellen Orientierungen haben wir dir hier die Definitionen von Queer Lexikon aufgef\u00fchrt. Anzumerken ist, dass wir nur die Definitionen aufgef\u00fchrt haben, die wir auch innerhalb unserer Forschung verwendet haben. Auf der Seite findest du viele weitere Begriffserkl\u00e4rungen. Agender: auch: genderless. Menschen, die kein Geschlecht haben, sich keinem Geschlecht zugeh\u00f6rig f\u00fchlen &hellip; <a href=\"https:\/\/blogs.uni-bremen.de\/queerspacesbremen\/teil-ii\/\" class=\"more-link\"><span class=\"screen-reader-text\">Teil II<\/span> weiterlesen<\/a><\/p>\n","protected":false},"author":11117,"featured_media":0,"parent":0,"menu_order":0,"comment_status":"closed","ping_status":"closed","template":"","meta":{"_bbp_topic_count":0,"_bbp_reply_count":0,"_bbp_total_topic_count":0,"_bbp_total_reply_count":0,"_bbp_voice_count":0,"_bbp_anonymous_reply_count":0,"_bbp_topic_count_hidden":0,"_bbp_reply_count_hidden":0,"_bbp_forum_subforum_count":0,"footnotes":""},"class_list":["post-307","page","type-page","status-publish","hentry"],"_links":{"self":[{"href":"https:\/\/blogs.uni-bremen.de\/queerspacesbremen\/wp-json\/wp\/v2\/pages\/307","targetHints":{"allow":["GET"]}}],"collection":[{"href":"https:\/\/blogs.uni-bremen.de\/queerspacesbremen\/wp-json\/wp\/v2\/pages"}],"about":[{"href":"https:\/\/blogs.uni-bremen.de\/queerspacesbremen\/wp-json\/wp\/v2\/types\/page"}],"author":[{"embeddable":true,"href":"https:\/\/blogs.uni-bremen.de\/queerspacesbremen\/wp-json\/wp\/v2\/users\/11117"}],"replies":[{"embeddable":true,"href":"https:\/\/blogs.uni-bremen.de\/queerspacesbremen\/wp-json\/wp\/v2\/comments?post=307"}],"version-history":[{"count":8,"href":"https:\/\/blogs.uni-bremen.de\/queerspacesbremen\/wp-json\/wp\/v2\/pages\/307\/revisions"}],"predecessor-version":[{"id":425,"href":"https:\/\/blogs.uni-bremen.de\/queerspacesbremen\/wp-json\/wp\/v2\/pages\/307\/revisions\/425"}],"wp:attachment":[{"href":"https:\/\/blogs.uni-bremen.de\/queerspacesbremen\/wp-json\/wp\/v2\/media?parent=307"}],"curies":[{"name":"wp","href":"https:\/\/api.w.org\/{rel}","templated":true}]}}