{"id":306,"date":"2023-03-31T12:56:37","date_gmt":"2023-03-31T10:56:37","guid":{"rendered":"https:\/\/blogs.uni-bremen.de\/queerspacesbremen\/?page_id=306"},"modified":"2023-03-31T16:38:11","modified_gmt":"2023-03-31T14:38:11","slug":"teil-i","status":"publish","type":"page","link":"https:\/\/blogs.uni-bremen.de\/queerspacesbremen\/teil-i\/","title":{"rendered":"Teil I"},"content":{"rendered":"<p><span style=\"font-family: verdana, geneva, sans-serif;font-size: 14pt\"><b>Ally:<\/b><span style=\"font-weight: 400\"> Menschen, die sich mit queeren Personen verb\u00fcnden, sie respektieren und sie unterst\u00fctzen, selber aber nicht zwangsl\u00e4ufig queer sind.\u00a0<\/span><\/span><\/p>\n<p><span style=\"font-family: verdana, geneva, sans-serif;font-size: 14pt\"><b>Chosen name:<\/b><span style=\"font-weight: 400\"> Ist der neue selbstgew\u00e4hlte Name einer trans Person nach ihrer Transition.<\/span><\/span><\/p>\n<p><span style=\"font-family: verdana, geneva, sans-serif;font-size: 14pt\"><b>Christopher Street Day:<\/b><span style=\"font-weight: 400\"> \u201eDer Christopher Street Day ist ein Tag oder ein Zeitraum, an dem queere Menschen f\u00fcr sich und f\u00fcr ihre Belange auf die Stra\u00dfe gehen, \u00d6ffentlichkeit herstellen und ihre Forderungen erheben\u201c (Regenbogenportal k.A.).<\/span><\/span><\/p>\n<p><span style=\"font-family: verdana, geneva, sans-serif;font-size: 14pt\"><b>Deadname:<\/b><span style=\"font-weight: 400\">\u00a0 Ist der Name einer trans Person vor ihrer Transition, der abgelegt wurde.<\/span><\/span><\/p>\n<p><span style=\"font-family: verdana, geneva, sans-serif;font-size: 14pt\"><b>Heteronormativit\u00e4t:<\/b><span style=\"font-weight: 400\"> \u201eDas Konzept der Heteronormativit\u00e4t kritisiert die gesellschaftlich postulierte Zweigeschlechterordnung und die Macht beziehungsweise Gewalt, die von ihr gegen\u00fcber anderen Geschlechtsidentit\u00e4ten ausgeht. In dem Begriff enthalten ist auch eine Kritik an der Privilegierung von Heterosexualit\u00e4t als\u00a0 unhinterfragter Norm\u201c (Sauer 2018).<\/span><\/span><\/p>\n<p><span style=\"font-family: verdana, geneva, sans-serif;font-size: 14pt\"><b>LSBTIQ (LGBTIAQ+* engl.):<\/b><span style=\"font-weight: 400\"> \u201eDie deutsche Abk\u00fcrzung LSBTIQ steht f\u00fcr Lesben, Schwule, Bisexuelle, Trans*, Inter* und Queers. Manchmal wird auch im Deutschen das englische Akronym LGBTIQ (\u201eLesbians, Gays, Bisexuals, Transgender, Intersex &amp; Queers\u201c) benutzt. Manchmal wird der Asterisk (Sternchen \u201c*\u201c) als \u00d6ffnung und Platzhalter f\u00fcr weitere, nicht benannte Identit\u00e4ten hinzugef\u00fcgt (LSBTIQ*), manchmal nicht.<\/span><\/span><\/p>\n<p><span style=\"font-weight: 400;font-family: verdana, geneva, sans-serif;font-size: 14pt\">An dieser Stelle sei auf einige Probleme verwiesen, die mit dem Akronym (den Abk\u00fcrzungen) verkn\u00fcpft sind. Erstens bleibt festzuhalten, dass \u2013 auch wenn in der Abk\u00fcrzung das \u201cI\u201c und \u201cT\u201c enthalten sind \u2013 insbesondere Inter*-, aber auch Trans*-Aktivist:innen und deren Anliegen in der LSBTIQ-Bewegung kaum vertreten sind. Gleichsam finden bisexuelle und queere Positionen h\u00e4ufig keinen Wiederklang in lesbisch-schwulen Identit\u00e4tspolitiken. Zu ber\u00fccksichtigen ist zweitens, dass sich nicht alle Inter*- oder Trans*-Menschen als Teil einer sexualit\u00e4tsbasierten LSB-Emanzipationsbewegung verstehen. Drittens ist herauszustellen, dass LSBTIQ westliche Definitionen zusammenfasst, die einen einschr\u00e4nkenden, uniformierenden und hegemonialen (vorherrschenden) Charakter haben&#8220; (Sauer 2018).<\/span><\/p>\n<p><span style=\"font-weight: 400;font-family: verdana, geneva, sans-serif;font-size: 14pt\">Im Rahmen des vorliegenden Lexikons sollen diese Bezeichnungen nicht suggerieren, dass es sich hierbei um lebenslang und universell g\u00fcltige Identit\u00e4tsformen handelt. Sie werden vielmehr strategisch benutzt, um \u00fcber die unterschiedlichsten sexuellen Orientierungen und Geschlechtsidentit\u00e4ten \u00fcber alle kulturellen, geographischen, sprachlichen und zeitlichen Grenzen hinweg sprechen zu k\u00f6nnen. Andere, lokale und indigene Selbstdefinitionen wie zum Beispiel Lesbi (Indonesien), Shamakhami (Bangladesch), Hijra (Indien\/Pakistan), Jota (Mexiko), Two Spirit (USA\/Kanada) etc. sind darin nicht repr\u00e4sentiert\u201d (Sauer 2018).<\/span><\/p>\n<p><span style=\"font-family: verdana, geneva, sans-serif;font-size: 14pt\"><b>Pupplay:<\/b><span style=\"font-weight: 400\"> \u201eHuman Pupplay ist ein Rollenspiel, bei dem eine Person die Rolle eines Pup (Welpe) oder Dog (erwachsener Hund) einnimmt. Man kann es alleine zusammen mit anderen Pups\/Dogs, mit einem Herrchen oder Frauchen, Trainer, Master oder einer anderen von vielen m\u00f6glichen Rollen spielen\u201c (Pupplay k.A.).<\/span><\/span><\/p>\n<p><span style=\"font-family: verdana, geneva, sans-serif;font-size: 14pt\"><b>queer:<\/b><span style=\"font-weight: 400\"> \u201eIn subkulturellen, politischen Kontexten eine Selbstbezeichnung von Menschen, die ihre Identit\u00e4t und ihre Lebensformen jenseits von Heterosexualit\u00e4t und Zweigeschlechtlichkeit einordnen\u201c (Jagose 2001 zitiert in Schuster 2012: 646).<\/span><\/span><\/p>\n<p><span style=\"font-family: verdana, geneva, sans-serif;font-size: 14pt\"><b>Trans*Inter*Dyke-March:<\/b><span style=\"font-weight: 400\"> \u201eDer Dyke*March ist eine Demonstration, um lesbische Sichtbarkeit im \u00f6ffentlichen Raum zu fordern und f\u00fcr gleiche und f\u00fcr feministische Rechte lesbischer Frauen eintritt\u201c (Dyke*March Rhein-Neckar k.A.).<\/span><\/span><\/p>\n<p><span style=\"font-family: verdana, geneva, sans-serif;font-size: 14pt\"><b>Outing:<\/b><span style=\"font-weight: 400\"> \u201eJemanden zu outen bedeutet, die Geschlechtsidentit\u00e4t und\/oder sexuelle Orientierung eines Menschen einem anderen Menschen, einer Gruppe und\/oder der \u00d6ffentlichkeit zu verraten. Meistens findet das unfreiwillig ohne die Zustimmung oder Einwilligung der betroffenen Person statt\u201c (Queer Lexikon).<\/span><\/span><\/p>\n","protected":false},"excerpt":{"rendered":"<p>Ally: Menschen, die sich mit queeren Personen verb\u00fcnden, sie respektieren und sie unterst\u00fctzen, selber aber nicht zwangsl\u00e4ufig queer sind.\u00a0 Chosen name: Ist der neue selbstgew\u00e4hlte Name einer trans Person nach ihrer Transition. Christopher Street Day: \u201eDer Christopher Street Day ist ein Tag oder ein Zeitraum, an dem queere Menschen f\u00fcr sich und f\u00fcr ihre Belange &hellip; <a href=\"https:\/\/blogs.uni-bremen.de\/queerspacesbremen\/teil-i\/\" class=\"more-link\"><span class=\"screen-reader-text\">Teil I<\/span> weiterlesen<\/a><\/p>\n","protected":false},"author":11117,"featured_media":0,"parent":0,"menu_order":0,"comment_status":"closed","ping_status":"closed","template":"","meta":{"_bbp_topic_count":0,"_bbp_reply_count":0,"_bbp_total_topic_count":0,"_bbp_total_reply_count":0,"_bbp_voice_count":0,"_bbp_anonymous_reply_count":0,"_bbp_topic_count_hidden":0,"_bbp_reply_count_hidden":0,"_bbp_forum_subforum_count":0,"footnotes":""},"class_list":["post-306","page","type-page","status-publish","hentry"],"_links":{"self":[{"href":"https:\/\/blogs.uni-bremen.de\/queerspacesbremen\/wp-json\/wp\/v2\/pages\/306","targetHints":{"allow":["GET"]}}],"collection":[{"href":"https:\/\/blogs.uni-bremen.de\/queerspacesbremen\/wp-json\/wp\/v2\/pages"}],"about":[{"href":"https:\/\/blogs.uni-bremen.de\/queerspacesbremen\/wp-json\/wp\/v2\/types\/page"}],"author":[{"embeddable":true,"href":"https:\/\/blogs.uni-bremen.de\/queerspacesbremen\/wp-json\/wp\/v2\/users\/11117"}],"replies":[{"embeddable":true,"href":"https:\/\/blogs.uni-bremen.de\/queerspacesbremen\/wp-json\/wp\/v2\/comments?post=306"}],"version-history":[{"count":6,"href":"https:\/\/blogs.uni-bremen.de\/queerspacesbremen\/wp-json\/wp\/v2\/pages\/306\/revisions"}],"predecessor-version":[{"id":414,"href":"https:\/\/blogs.uni-bremen.de\/queerspacesbremen\/wp-json\/wp\/v2\/pages\/306\/revisions\/414"}],"wp:attachment":[{"href":"https:\/\/blogs.uni-bremen.de\/queerspacesbremen\/wp-json\/wp\/v2\/media?parent=306"}],"curies":[{"name":"wp","href":"https:\/\/api.w.org\/{rel}","templated":true}]}}