{"id":238,"date":"2023-03-31T11:06:17","date_gmt":"2023-03-31T09:06:17","guid":{"rendered":"https:\/\/blogs.uni-bremen.de\/queerspacesbremen\/?page_id=238"},"modified":"2023-03-31T17:25:04","modified_gmt":"2023-03-31T15:25:04","slug":"zugang-iii","status":"publish","type":"page","link":"https:\/\/blogs.uni-bremen.de\/queerspacesbremen\/zugang-iii\/","title":{"rendered":"Zugang III"},"content":{"rendered":"<p><span style=\"font-size: 14pt\"><span style=\"font-family: verdana, geneva, sans-serif\"><span style=\"font-weight: 400\">Meine Motivation f\u00fcr dieses Forschungsprojekt ist sehr pers\u00f6nlich. Ich bin selbst bisexuell und verstehe mich als Teil der LGBTQIA+* &#8211; Community. Ich bin in Baden-W\u00fcrttemberg geboren und aufgewachsen und leider gab beziehungsweise gibt es in meinem Heimatort auch keine queeren Bars, Jugendtreffs etc. Angebote f\u00fcr queere Jugendliche und junge Erwachsene sind erst in umliegenden Gro\u00dfst\u00e4dten wie Heidelberg oder Mannheim zu finden, jedoch habe ich diese Angebote in meiner Jugend nie wahrgenommen. Als ich 2019 aufgrund meines Studiums nach Bremen gezogen bin, kannte ich die Stadt und auch die M\u00f6glichkeiten, sich mit anderen queeren Leuten zu treffen und zu vernetzen, kaum. Einer meiner Gr\u00fcnde f\u00fcr diese Forschung ist also das Kennenlernen und Wahrnehmen queerer Spaces in Bremen. Zudem befasse ich mich innerhalb und au\u00dferhalb meines Studiums auch gerne mit Themen aus dem Bereich der Gender- und Queer Studies. Andererseits bin ich gespannt zu erfahren, wie die queere Bremer Szene sich verortet und R\u00e4ume erschlie\u00dft, an denen wir keine Angst vor Abneigung, Anfeindungen und Diskriminierung haben sollten. Da mir dieses Thema pers\u00f6nlich sehr nah geht, freue ich mich sehr auf diese Arbeit, habe aber auch ein paar Bedenken beziehungsweise negative Gedanken im Kopf.\u00a0 <\/span> <span style=\"font-weight: 400\"> \u00a0 \u00a0 \u00a0 <\/span><\/span><\/span><\/p>\n<p><span style=\"font-size: 14pt\"><span style=\"font-family: verdana, geneva, sans-serif\"><span style=\"font-weight: 400\">Unter anderem mache ich mir Gedanken, ob wir gen\u00fcgend Interviewpartner:innen f\u00fcr unser Projekt gewinnen k\u00f6nnen. Des Weiteren hoffe ich, dass unsere Umfrage positiv aufgenommen und vielfach ausgef\u00fcllt wird. Da wir die Umfrage gr\u00f6\u00dftenteils \u00fcber unsere privaten Social Media Kan\u00e4le, i.e. WhatsApp, Instagram etc. teilen werden, frage ich mich, ob es zu negativen Reaktionen kommen wird. Hinzu kommt, dass ich auch einige empirische Methoden, die bez\u00fcglich der Datenerhebung im Raum stehen, kritisch be\u00e4uge. Vor allem die Teilnehmende Beobachtung empfinde ich als eine fragw\u00fcrdige Methode, da der Grad zwischen respektvollem Umgang und <\/span><i><span style=\"font-weight: 400\">Othering<\/span><\/i><\/span><span style=\"font-weight: 400\"><span style=\"font-family: verdana, geneva, sans-serif\"> besonders in diesem Kontext sehr schmal ist. Auch bin ich mir meiner eigenen Rolle bewusst. Da ich Teil des Forschungsteams und gleichzeitig auch Teil der zu erforschenden Gruppe bin, bin ich gespannt, zu sehen, ob und inwieweit meine Identit\u00e4t die Durchf\u00fchrung und Auswertung dieser Forschung beeinflusst.\u00a0 \u00a0 \u00a0 \u00a0 \u00a0 \u00a0 \u00a0 \u00a0 \u00a0 \u00a0 \u00a0 \u00a0 \u00a0 \u00a0 <\/span><\/span><\/span><\/p>\n<p><span style=\"font-size: 14pt\"><span style=\"font-weight: 400\"><span style=\"font-family: verdana, geneva, sans-serif\">Meine Hoffnungen und W\u00fcnsche f\u00fcr diese Forschung sind es, der queeren Community in Bremen mehr Aufmerksamkeit und Platz zu schenken. Ich m\u00f6chte erfahren, welche Bedeutung Queer Spaces f\u00fcr andere queere Menschen haben wie beispielsweise: welche queeren Erinnerungen und Erfahrungen verkn\u00fcpfen andere mit Orte in Bremen. Auch bin ich gespannt zu erfahren ob und inwieweit die Stadt Bremen darum bem\u00fcht ist, Queer Spaces zu schaffen oder zu unterst\u00fctzen.<\/span> <\/span><\/span><\/p>\n","protected":false},"excerpt":{"rendered":"<p>Meine Motivation f\u00fcr dieses Forschungsprojekt ist sehr pers\u00f6nlich. Ich bin selbst bisexuell und verstehe mich als Teil der LGBTQIA+* &#8211; Community. Ich bin in Baden-W\u00fcrttemberg geboren und aufgewachsen und leider gab beziehungsweise gibt es in meinem Heimatort auch keine queeren Bars, Jugendtreffs etc. Angebote f\u00fcr queere Jugendliche und junge Erwachsene sind erst in umliegenden Gro\u00dfst\u00e4dten &hellip; <a href=\"https:\/\/blogs.uni-bremen.de\/queerspacesbremen\/zugang-iii\/\" class=\"more-link\"><span class=\"screen-reader-text\">Zugang III<\/span> weiterlesen<\/a><\/p>\n","protected":false},"author":11117,"featured_media":0,"parent":0,"menu_order":0,"comment_status":"closed","ping_status":"closed","template":"","meta":{"_bbp_topic_count":0,"_bbp_reply_count":0,"_bbp_total_topic_count":0,"_bbp_total_reply_count":0,"_bbp_voice_count":0,"_bbp_anonymous_reply_count":0,"_bbp_topic_count_hidden":0,"_bbp_reply_count_hidden":0,"_bbp_forum_subforum_count":0,"footnotes":""},"class_list":["post-238","page","type-page","status-publish","hentry"],"_links":{"self":[{"href":"https:\/\/blogs.uni-bremen.de\/queerspacesbremen\/wp-json\/wp\/v2\/pages\/238","targetHints":{"allow":["GET"]}}],"collection":[{"href":"https:\/\/blogs.uni-bremen.de\/queerspacesbremen\/wp-json\/wp\/v2\/pages"}],"about":[{"href":"https:\/\/blogs.uni-bremen.de\/queerspacesbremen\/wp-json\/wp\/v2\/types\/page"}],"author":[{"embeddable":true,"href":"https:\/\/blogs.uni-bremen.de\/queerspacesbremen\/wp-json\/wp\/v2\/users\/11117"}],"replies":[{"embeddable":true,"href":"https:\/\/blogs.uni-bremen.de\/queerspacesbremen\/wp-json\/wp\/v2\/comments?post=238"}],"version-history":[{"count":5,"href":"https:\/\/blogs.uni-bremen.de\/queerspacesbremen\/wp-json\/wp\/v2\/pages\/238\/revisions"}],"predecessor-version":[{"id":439,"href":"https:\/\/blogs.uni-bremen.de\/queerspacesbremen\/wp-json\/wp\/v2\/pages\/238\/revisions\/439"}],"wp:attachment":[{"href":"https:\/\/blogs.uni-bremen.de\/queerspacesbremen\/wp-json\/wp\/v2\/media?parent=238"}],"curies":[{"name":"wp","href":"https:\/\/api.w.org\/{rel}","templated":true}]}}