{"id":237,"date":"2023-03-31T11:06:17","date_gmt":"2023-03-31T09:06:17","guid":{"rendered":"https:\/\/blogs.uni-bremen.de\/queerspacesbremen\/?page_id=237"},"modified":"2023-03-31T20:27:22","modified_gmt":"2023-03-31T18:27:22","slug":"zugang-ii","status":"publish","type":"page","link":"https:\/\/blogs.uni-bremen.de\/queerspacesbremen\/zugang-ii\/","title":{"rendered":"Zugang II"},"content":{"rendered":"<p><span style=\"font-family: verdana, geneva, sans-serif;font-size: 14pt\"><span style=\"font-weight: 400\">Im Sommer 2022 absolvierte ich ein Praktikum bei der Kultur- und Wirtschaftsinstitution <\/span><i><span style=\"font-weight: 400\">belladonna<\/span><\/i><span style=\"font-weight: 400\">. In belladonnas Archiv und Dokumentationszentrum sammeln sie unter anderem Literatur zu (queer)feministischen Themen. W\u00e4hrend meines Praktikums konnte ich Einblicke in diverse Daten zu diesen Themen erhalten und konnte somit auch mein Wissen erweitern. Bei der Recherche ist mir allerdings aufgefallen, wie viel ich noch nicht wusste. Ich selbst identifiziere mich nicht als queer, sodass ich als cis-hetero Frau manche Probleme, denen queere Menschen gegen\u00fcberstehen, oder Sichtweisen nicht beziehungsweise kaum nachempfinden kann, was einfach daran liegt, dass ich nicht direkt betroffen bin und nicht dieselben Erfahrungen wie diese Personen mache. Mir ist allerdings klar, dass die Mitglieder dieser Community nach wie vor f\u00fcr gesellschaftliche Akzeptanz k\u00e4mpfen und sich im Alltag oft noch Diskriminierung ausgesetzt sehen. Das wei\u00df ich aus Erz\u00e4hlungen von queeren Freund:innen und Bekannten aus meinem Umfeld. Ich verstehe mich daher als Ally und m\u00f6chte diesem Thema Aufmerksamkeit widmen, ohne diese Menschen lediglich auf ihre negativen Erfahrungen zu reduzieren. In erster Linie sollen queere Menschen zu Wort kommen und Erfahrungen, Geschichten und vieles mehr mit uns teilen, sodass die besprochenen Themen von den Interviewer:innen aus behandelt werden.<\/span><\/span><\/p>\n<p><span style=\"font-weight: 400;font-family: verdana, geneva, sans-serif;font-size: 14pt\">Wie bei jeder ethnologischen Forschung ist auch bei dieser Feldforschung besonderes Einf\u00fchlungsverm\u00f6gen gefragt, denn schlie\u00dflich werden pers\u00f6nliche Daten in Erfahrung gebracht und Fragen, die mit der Identit\u00e4t der erforschten Person zusammenh\u00e4ngen, gestellt.\u00a0<\/span><\/p>\n","protected":false},"excerpt":{"rendered":"<p>Im Sommer 2022 absolvierte ich ein Praktikum bei der Kultur- und Wirtschaftsinstitution belladonna. In belladonnas Archiv und Dokumentationszentrum sammeln sie unter anderem Literatur zu (queer)feministischen Themen. W\u00e4hrend meines Praktikums konnte ich Einblicke in diverse Daten zu diesen Themen erhalten und konnte somit auch mein Wissen erweitern. Bei der Recherche ist mir allerdings aufgefallen, wie viel &hellip; <a href=\"https:\/\/blogs.uni-bremen.de\/queerspacesbremen\/zugang-ii\/\" class=\"more-link\"><span class=\"screen-reader-text\">Zugang II<\/span> weiterlesen<\/a><\/p>\n","protected":false},"author":11117,"featured_media":0,"parent":0,"menu_order":0,"comment_status":"closed","ping_status":"closed","template":"","meta":{"_bbp_topic_count":0,"_bbp_reply_count":0,"_bbp_total_topic_count":0,"_bbp_total_reply_count":0,"_bbp_voice_count":0,"_bbp_anonymous_reply_count":0,"_bbp_topic_count_hidden":0,"_bbp_reply_count_hidden":0,"_bbp_forum_subforum_count":0,"footnotes":""},"class_list":["post-237","page","type-page","status-publish","hentry"],"_links":{"self":[{"href":"https:\/\/blogs.uni-bremen.de\/queerspacesbremen\/wp-json\/wp\/v2\/pages\/237","targetHints":{"allow":["GET"]}}],"collection":[{"href":"https:\/\/blogs.uni-bremen.de\/queerspacesbremen\/wp-json\/wp\/v2\/pages"}],"about":[{"href":"https:\/\/blogs.uni-bremen.de\/queerspacesbremen\/wp-json\/wp\/v2\/types\/page"}],"author":[{"embeddable":true,"href":"https:\/\/blogs.uni-bremen.de\/queerspacesbremen\/wp-json\/wp\/v2\/users\/11117"}],"replies":[{"embeddable":true,"href":"https:\/\/blogs.uni-bremen.de\/queerspacesbremen\/wp-json\/wp\/v2\/comments?post=237"}],"version-history":[{"count":4,"href":"https:\/\/blogs.uni-bremen.de\/queerspacesbremen\/wp-json\/wp\/v2\/pages\/237\/revisions"}],"predecessor-version":[{"id":499,"href":"https:\/\/blogs.uni-bremen.de\/queerspacesbremen\/wp-json\/wp\/v2\/pages\/237\/revisions\/499"}],"wp:attachment":[{"href":"https:\/\/blogs.uni-bremen.de\/queerspacesbremen\/wp-json\/wp\/v2\/media?parent=237"}],"curies":[{"name":"wp","href":"https:\/\/api.w.org\/{rel}","templated":true}]}}