{"id":216,"date":"2023-03-29T23:03:07","date_gmt":"2023-03-29T21:03:07","guid":{"rendered":"https:\/\/blogs.uni-bremen.de\/queerspacesbremen\/?page_id=216"},"modified":"2023-03-31T19:53:27","modified_gmt":"2023-03-31T17:53:27","slug":"anlaufstellen","status":"publish","type":"page","link":"https:\/\/blogs.uni-bremen.de\/queerspacesbremen\/anlaufstellen\/","title":{"rendered":"Anlaufstellen"},"content":{"rendered":"<p><span style=\"font-family: verdana, geneva, sans-serif;font-size: 14pt\"><span style=\"font-weight: 400\">In diesem Abschnitt siehst du eine gesammelte Auflistung von Anlaufstellen, die dich interessieren k\u00f6nnten:<br \/>\n<\/span><\/span><\/p>\n<ul style=\"list-style-type: disc\">\n<li><b><\/b><span style=\"font-family: verdana, geneva, sans-serif;font-size: 14pt\"><b>AIDS-Hilfe Bremen e.V.\u00a0<\/b><\/span><\/li>\n<\/ul>\n<p><span style=\"font-weight: 400;font-family: verdana, geneva, sans-serif;font-size: 14pt\">(Sielwall 3, 28203 Bremen)<\/span><\/p>\n<p><span style=\"font-weight: 400;font-family: verdana, geneva, sans-serif;font-size: 14pt\">Die AIDS-Hilfe unterst\u00fctzt, betreut und ber\u00e4t Menschen. Der Verein ber\u00e4t Menschen jeglichen Geschlechts, sexueller Orientierung und Herkunft sowie Psychischerkrankte, Drogenabh\u00e4ngige und von STI\u2019s Betroffene. Zudem f\u00fchren sie Aufkl\u00e4rungsarbeit durch und bieten Schnelltests f\u00fcr STI\u2019s an. Au\u00dferdem unterst\u00fctzt der Verein Betroffene finanziell, unterst\u00fctzt Menschen bei Umz\u00fcgen sowie Renovierungen, unterst\u00fctzt Alleinerziehende und vieles mehr.\u00a0<\/span><\/p>\n<p><span style=\"font-family: verdana, geneva, sans-serif;font-size: 14pt\"><span style=\"font-weight: 400\">Mehr Infos unter: <\/span><a href=\"https:\/\/www.aidshilfe-bremen.de\/index.php\"><span style=\"font-weight: 400\">https:\/\/www.aidshilfe-bremen.de\/index.php<\/span><\/a><span style=\"font-weight: 400\">\u00a0<\/span><\/span><\/p>\n<ul>\n<li><span style=\"font-family: verdana, geneva, sans-serif;font-size: 14pt\"><b>Aktionsplan gegen Homo-, Trans- und Interphobie f\u00fcr das Land Bremen\u00a0<\/b><\/span><\/li>\n<\/ul>\n<p><span style=\"font-family: verdana, geneva, sans-serif;font-size: 14pt\"><span style=\"font-weight: 400\">Mehr Infos unter: <\/span><a href=\"https:\/\/www.soziales.bremen.de\/sixcms\/media.php\/13\/2018%2002%2027%20BerichtAktionsplan.pdf\"><span style=\"font-weight: 400\">https:\/\/www.soziales.bremen.de\/sixcms\/media.php\/13\/2018%2002%2027%20BerichtAktionsplan.pdf<\/span><\/a><span style=\"font-weight: 400\">\u00a0<\/span><\/span><\/p>\n<ul>\n<li><span style=\"font-family: verdana, geneva, sans-serif;font-size: 14pt\"><b>Antidiskriminierungsstelle des Bundes<\/b><span style=\"font-weight: 400\">\u00a0<\/span><\/span><\/li>\n<\/ul>\n<p><span style=\"font-weight: 400;font-family: verdana, geneva, sans-serif;font-size: 14pt\">Beratung bei Diskriminierungserfahrungen und sexuellen \u00dcbergriffen.<\/span><\/p>\n<p><span style=\"font-family: verdana, geneva, sans-serif;font-size: 14pt\"><span style=\"font-weight: 400\">Mehr Infos unter: <\/span><a href=\"https:\/\/www.antidiskriminierungsstelle.de\/DE\/wir-beraten-sie\/wir-beraten-sie-node.html\"><span style=\"font-weight: 400\">https:\/\/www.antidiskriminierungsstelle.de\/DE\/wir-beraten-sie\/wir-beraten-sie-node.html<\/span><\/a><span style=\"font-weight: 400\">\u00a0<\/span><\/span><\/p>\n<ul>\n<li><span style=\"font-family: verdana, geneva, sans-serif;font-size: 14pt\"><b>Arbeitsstelle gegen Diskrimierung und Gewalt &#8211; Expertise und Konfliktberatung an der Universit\u00e4t Bremen (ADE)<\/b><\/span><\/li>\n<\/ul>\n<p><span style=\"font-family: verdana, geneva, sans-serif;font-size: 14pt\"><span style=\"font-weight: 400\">Mehr Infos unter:<\/span> <a href=\"https:\/\/www.uni-bremen.de\/ade\"><span style=\"font-weight: 400\">https:\/\/www.uni-bremen.de\/ade<\/span><\/a><span style=\"font-weight: 400\">\u00a0<\/span><\/span><\/p>\n<ul>\n<li><span style=\"font-family: verdana, geneva, sans-serif;font-size: 14pt\"><b>belladonna e.V.<\/b><\/span><\/li>\n<\/ul>\n<p><span style=\"font-weight: 400;font-family: verdana, geneva, sans-serif;font-size: 14pt\">(Sonnenstra\u00dfe 8, 28203 Bremen)<\/span><\/p>\n<p><span style=\"font-weight: 400;font-family: verdana, geneva, sans-serif;font-size: 14pt\">belladonna ist ein kultureller, wirtschaftlicher und bildender Verein mit einem Archiv. Frauen stehen bei diesem Verein im Vordergrund.<\/span><\/p>\n<p><span style=\"font-family: verdana, geneva, sans-serif;font-size: 14pt\"><span style=\"font-weight: 400\">Mehr Infos unter: <\/span><a href=\"https:\/\/www.belladonna-bremen.de\/\"><span style=\"font-weight: 400\">https:\/\/www.belladonna-bremen.de\/<\/span><\/a><span style=\"font-weight: 400\">\u00a0<\/span><\/span><\/p>\n<ul>\n<li><span style=\"font-family: verdana, geneva, sans-serif;font-size: 14pt\"><b>Friends Bar (Queere Bar)<\/b><\/span><\/li>\n<\/ul>\n<p><span style=\"font-weight: 400;font-family: verdana, geneva, sans-serif;font-size: 14pt\">(Rembertistra\u00dfe 32, 28203 Bremen)<\/span><\/p>\n<p><span style=\"font-weight: 400;font-family: verdana, geneva, sans-serif;font-size: 14pt\">Stammtische, Karaoke Nights, Bingo uvm.\u00a0<\/span><\/p>\n<p><span style=\"font-family: verdana, geneva, sans-serif;font-size: 14pt\"><span style=\"font-weight: 400\">Mehr Infos unter: <\/span><a href=\"https:\/\/www.friends-bar.de\/\"><span style=\"font-weight: 400\">https:\/\/www.friends-bar.de\/<\/span><\/a><span style=\"font-weight: 400\">\u00a0<\/span><\/span><\/p>\n<ul>\n<li><span style=\"font-family: verdana, geneva, sans-serif;font-size: 14pt\"><b>Gesundheitsamt Bremen<\/b><\/span><\/li>\n<\/ul>\n<p><span style=\"font-weight: 400;font-family: verdana, geneva, sans-serif;font-size: 14pt\">(Horner Stra\u00dfe 60-70, 28203 Bremen)<\/span><\/p>\n<p><span style=\"font-weight: 400;font-family: verdana, geneva, sans-serif;font-size: 14pt\">Bietet Hilfe und Beratung sowie Schnelltest f\u00fcr STI\u2019s (sexually transmitted infections aka \u00fcber Sex \u00fcbertragbare Krankheiten) an.<\/span><\/p>\n<p><span style=\"font-family: verdana, geneva, sans-serif;font-size: 14pt\"><span style=\"font-weight: 400\">Mehr Infos unter: <\/span><a href=\"https:\/\/www.gesundheitsamt.bremen.de\/beratungsstelle-fuer-sexuelle-gesundheit-aids-std-beratung-1597\"><span style=\"font-weight: 400\">https:\/\/www.gesundheitsamt.bremen.de\/beratungsstelle-fuer-sexuelle-gesundheit-aids-std-beratung-1597<\/span><\/a><span style=\"font-weight: 400\">\u00a0<\/span><\/span><\/p>\n<ul>\n<li><span style=\"font-family: verdana, geneva, sans-serif;font-size: 14pt\"><b>Hilfe und Beratung bei h\u00e4uslicher Gewalt:<\/b> <a href=\"https:\/\/www.service.bremen.de\/dienstleistungen\/hilfe-und-beratung-bei-haeuslicher-gewalt-13236?reg=verfahren\"><span style=\"font-weight: 400\">https:\/\/www.service.bremen.de\/dienstleistungen\/hilfe-und-beratung-bei-haeuslicher-gewalt-13236?reg=verfahren<\/span><\/a><\/span><\/li>\n<\/ul>\n<p><span style=\"font-family: verdana, geneva, sans-serif;font-size: 14pt\"><span style=\"font-weight: 400\">\u00a0<\/span><\/span><\/p>\n<ul>\n<li><span style=\"font-family: verdana, geneva, sans-serif;font-size: 14pt\"><b>Intergeschlechtliche Menschen e.V.\u00a0<\/b><\/span><\/li>\n<\/ul>\n<p><span style=\"font-weight: 400;font-family: verdana, geneva, sans-serif;font-size: 14pt\">(Slebuschstieg 6, 20537 Hamburg)<\/span><\/p>\n<p><span style=\"font-weight: 400;font-family: verdana, geneva, sans-serif;font-size: 14pt\">Bundesl\u00e4nder \u00fcbergreifend Beratungsstellen\u00a0<\/span><\/p>\n<p><span style=\"font-family: verdana, geneva, sans-serif;font-size: 14pt\"><span style=\"font-weight: 400\">Bremen: <\/span><a href=\"m&#97;&#x69;&#x6c;&#x74;o&#58;&#x6c;&#x76;&#x2e;b&#114;&#x65;&#x6d;&#x65;n&#64;&#x69;&#x6d;&#x2d;e&#118;&#x2e;&#x64;&#x65;\"><span style=\"font-weight: 400\">&#108;&#x76;&#46;&#x62;&#x72;&#101;&#x6d;e&#110;&#x40;&#105;&#x6d;-&#101;&#x76;&#46;&#x64;e<\/span><\/a><span style=\"font-weight: 400\">\u00a0<\/span><\/span><\/p>\n<p><span style=\"font-family: verdana, geneva, sans-serif;font-size: 14pt\"><span style=\"font-weight: 400\">Mehr Infos unter: <\/span><a href=\"https:\/\/im-ev.de\/\"><span style=\"font-weight: 400\">https:\/\/im-ev.de\/<\/span><\/a><span style=\"font-weight: 400\">\u00a0<\/span><\/span><\/p>\n<ul>\n<li><span style=\"font-family: verdana, geneva, sans-serif;font-size: 14pt\"><b>Queeraspora\u00a0<\/b><\/span><\/li>\n<\/ul>\n<p><span style=\"font-weight: 400;font-family: verdana, geneva, sans-serif;font-size: 14pt\">ist eine Gruppe, die sich aus queeren und nicht wei\u00dfen Menschen zusammensetzt.<\/span><\/p>\n<p><span style=\"font-family: verdana, geneva, sans-serif;font-size: 14pt\"><span style=\"font-weight: 400\">Mehr Infos unter: <\/span><a href=\"https:\/\/welcometobremen.de\/angebot\/queeraspora-gruppe-fuer-queere-menschen\/\"><span style=\"font-weight: 400\">https:\/\/www.google.com\/url?q=https:\/\/welcometobremen.de\/angebot\/queeraspora-gruppe-fuer-queere-menschen\/&amp;sa=D&amp;source=docs&amp;ust=1680100173931514&amp;usg=AOvVaw3BaTIWkGO8bsGxmbBYwyym<\/span><\/a><span style=\"font-weight: 400\">\u00a0<\/span><\/span><\/p>\n<ul>\n<li><span style=\"font-family: verdana, geneva, sans-serif;font-size: 14pt\"><b>Queere Community an der Universit\u00e4t Bremen<\/b><\/span><\/li>\n<\/ul>\n<p><span style=\"font-weight: 400;font-family: verdana, geneva, sans-serif;font-size: 14pt\">(Bibliothekstra\u00dfe 1, 28359 Bremen &#8211; Asta-Etage, Raum A2130)<\/span><\/p>\n<p><span style=\"font-family: verdana, geneva, sans-serif;font-size: 14pt\"><span style=\"font-weight: 400\">Mehr Infos unter: <\/span><a href=\"https:\/\/www.bremen.de\/visitenkarte\/queer-community-der-uni-bremen-44727181\"><span style=\"font-weight: 400\">https:\/\/www.bremen.de\/visitenkarte\/queer-community-der-uni-bremen-44727181#\/<\/span><\/a><\/span><\/p>\n<ul>\n<li><span style=\"font-family: verdana, geneva, sans-serif;font-size: 14pt\"><b>Rat &amp; Tat-Zentrum\u00a0<\/b><\/span><\/li>\n<\/ul>\n<p><span style=\"font-weight: 400;font-family: verdana, geneva, sans-serif;font-size: 14pt\">(Theodor-K\u00f6rner-Stra\u00dfe 1, 28203 Bremen)<\/span><\/p>\n<p><span style=\"font-weight: 400;font-family: verdana, geneva, sans-serif;font-size: 14pt\">Das Rat und Tat-Zentrum ist ein gemeinn\u00fctziger Verein und versteht sich als Interessenvertretung und Anlaufstelle f\u00fcr LSBTIQ+* Menschen. Es gibt dort eine psychosoziale Beratungsstelle, Aufkl\u00e4rungsveranstaltungen, Selbsthilfegruppen, politische und kulturelle Veranstaltungen sowie eine Bar, welche als sozialer Treffpunkt fungiert.\u00a0<\/span><\/p>\n<p><span style=\"font-family: verdana, geneva, sans-serif;font-size: 14pt\"><span style=\"font-weight: 400\">Mehr Infos unter: <\/span><a href=\"https:\/\/www.ratundtat-bremen.de\/\"><span style=\"font-weight: 400\">https:\/\/www.ratundtat-bremen.de\/<\/span><\/a><span style=\"font-weight: 400\">\u00a0<\/span><\/span><\/p>\n<ul>\n<li><span style=\"font-family: verdana, geneva, sans-serif;font-size: 14pt\"><b>Trans Recht e.V.\u00a0<\/b><\/span><\/li>\n<\/ul>\n<p><span style=\"font-weight: 400;font-family: verdana, geneva, sans-serif;font-size: 14pt\">(Am Wall 190, 28195 Bremen)<\/span><\/p>\n<p><span style=\"font-weight: 400;font-family: verdana, geneva, sans-serif;font-size: 14pt\">Trans*Beratung in Bremen<\/span><\/p>\n<p><span style=\"font-weight: 400;font-family: verdana, geneva, sans-serif;font-size: 14pt\">Psychologische Beratung zu Themen bez\u00fcglich Geschlechteridentit\u00e4ten. <\/span><span style=\"font-weight: 400;font-family: verdana, geneva, sans-serif;font-size: 14pt\">Arbeiten mit Initiativen der Fl\u00fcchtlings- und Migrationsberatung zusammen.<\/span><\/p>\n<p><span style=\"font-family: verdana, geneva, sans-serif;font-size: 14pt\"><span style=\"font-weight: 400\">Mehr Infos unter: <\/span><a href=\"https:\/\/transberatung-bremen.de\/\"><span style=\"font-weight: 400\">https:\/\/transberatung-bremen.de\/<\/span><\/a><span style=\"font-weight: 400\">\u00a0<\/span><\/span><\/p>\n<ul>\n<li><span style=\"font-family: verdana, geneva, sans-serif;font-size: 14pt\"><b>VLSP (Verband f\u00fcr Lesbische, Schwule, Bisexuelle, Trans*, Intersexuelle und queere Menschen in der Psychologie\u00a0<\/b><\/span><\/li>\n<\/ul>\n<p><span style=\"font-weight: 400;font-family: verdana, geneva, sans-serif;font-size: 14pt\">haben Deutschlandweit mehrere Beratungsstellen\u00a0<\/span><\/p>\n<p><span style=\"font-family: verdana, geneva, sans-serif;font-size: 14pt\"><span style=\"font-weight: 400\">Mehr Infos unter: <\/span><a href=\"https:\/\/www.vlsp.de\/beratung-therapie\/angebote\"><span style=\"font-weight: 400\">https:\/\/www.vlsp.de\/beratung-therapie\/angebote<\/span><\/a><span style=\"font-weight: 400\">\u00a0<\/span><\/span><\/p>\n<ul>\n<li><span style=\"font-family: verdana, geneva, sans-serif;font-size: 14pt\"><b>Weitere Anlaufstellen findest du auf dieser PDF:<\/b> <a href=\"https:\/\/interventionen.dissens.de\/fileadmin\/Interventionen\/Bremen_Angebote_f%C3%BCr_Jugendliche.pdf\"><span style=\"font-weight: 400\">https:\/\/interventionen.dissens.de\/fileadmin\/Interventionen\/Bremen_Angebote_f%C3%BCr_Jugendliche.pdf<\/span><\/a><\/span><\/li>\n<\/ul>\n","protected":false},"excerpt":{"rendered":"<p>In diesem Abschnitt siehst du eine gesammelte Auflistung von Anlaufstellen, die dich interessieren k\u00f6nnten: AIDS-Hilfe Bremen e.V.\u00a0 (Sielwall 3, 28203 Bremen) Die AIDS-Hilfe unterst\u00fctzt, betreut und ber\u00e4t Menschen. Der Verein ber\u00e4t Menschen jeglichen Geschlechts, sexueller Orientierung und Herkunft sowie Psychischerkrankte, Drogenabh\u00e4ngige und von STI\u2019s Betroffene. Zudem f\u00fchren sie Aufkl\u00e4rungsarbeit durch und bieten Schnelltests f\u00fcr STI\u2019s &hellip; <a href=\"https:\/\/blogs.uni-bremen.de\/queerspacesbremen\/anlaufstellen\/\" class=\"more-link\"><span class=\"screen-reader-text\">Anlaufstellen<\/span> weiterlesen<\/a><\/p>\n","protected":false},"author":11337,"featured_media":0,"parent":0,"menu_order":0,"comment_status":"closed","ping_status":"closed","template":"","meta":{"_bbp_topic_count":0,"_bbp_reply_count":0,"_bbp_total_topic_count":0,"_bbp_total_reply_count":0,"_bbp_voice_count":0,"_bbp_anonymous_reply_count":0,"_bbp_topic_count_hidden":0,"_bbp_reply_count_hidden":0,"_bbp_forum_subforum_count":0,"footnotes":""},"class_list":["post-216","page","type-page","status-publish","hentry"],"_links":{"self":[{"href":"https:\/\/blogs.uni-bremen.de\/queerspacesbremen\/wp-json\/wp\/v2\/pages\/216","targetHints":{"allow":["GET"]}}],"collection":[{"href":"https:\/\/blogs.uni-bremen.de\/queerspacesbremen\/wp-json\/wp\/v2\/pages"}],"about":[{"href":"https:\/\/blogs.uni-bremen.de\/queerspacesbremen\/wp-json\/wp\/v2\/types\/page"}],"author":[{"embeddable":true,"href":"https:\/\/blogs.uni-bremen.de\/queerspacesbremen\/wp-json\/wp\/v2\/users\/11337"}],"replies":[{"embeddable":true,"href":"https:\/\/blogs.uni-bremen.de\/queerspacesbremen\/wp-json\/wp\/v2\/comments?post=216"}],"version-history":[{"count":9,"href":"https:\/\/blogs.uni-bremen.de\/queerspacesbremen\/wp-json\/wp\/v2\/pages\/216\/revisions"}],"predecessor-version":[{"id":491,"href":"https:\/\/blogs.uni-bremen.de\/queerspacesbremen\/wp-json\/wp\/v2\/pages\/216\/revisions\/491"}],"wp:attachment":[{"href":"https:\/\/blogs.uni-bremen.de\/queerspacesbremen\/wp-json\/wp\/v2\/media?parent=216"}],"curies":[{"name":"wp","href":"https:\/\/api.w.org\/{rel}","templated":true}]}}