{"id":201,"date":"2023-03-28T21:35:10","date_gmt":"2023-03-28T19:35:10","guid":{"rendered":"https:\/\/blogs.uni-bremen.de\/queerspacesbremen\/?page_id=201"},"modified":"2023-03-31T19:17:33","modified_gmt":"2023-03-31T17:17:33","slug":"wie-queer-ist-bremen","status":"publish","type":"page","link":"https:\/\/blogs.uni-bremen.de\/queerspacesbremen\/wie-queer-ist-bremen\/","title":{"rendered":"Wie queer ist Bremen?"},"content":{"rendered":"<p><span style=\"font-size: 14pt;font-family: verdana, geneva, sans-serif\"><span style=\"font-weight: 400\">Um ein erstes Stimmungsbild der Befragten bez\u00fcglich der <\/span><i><span style=\"font-weight: 400\">Queerness<\/span><\/i><span style=\"font-weight: 400\"> der Stadt Bremen zu erhalten, stellten wir die Frage: \u201eNimmst du Bremen als queere Stadt wahr?\u201c und boten folgende Antwortm\u00f6glichkeiten:\u00a0<\/span><\/span><\/p>\n<ul>\n<li style=\"list-style-type: none\">\n<ul>\n<li style=\"font-weight: 400\"><span style=\"font-weight: 400;font-size: 14pt;font-family: verdana, geneva, sans-serif\">Ja.\u00a0<\/span><\/li>\n<li style=\"font-weight: 400\"><span style=\"font-weight: 400;font-size: 14pt;font-family: verdana, geneva, sans-serif\">\u00dcberwiegend ja.<\/span><\/li>\n<li style=\"font-weight: 400\"><span style=\"font-weight: 400;font-size: 14pt;font-family: verdana, geneva, sans-serif\">Weder noch.\u00a0<\/span><\/li>\n<li style=\"font-weight: 400\"><span style=\"font-weight: 400;font-size: 14pt;font-family: verdana, geneva, sans-serif\">\u00dcberwiegend nein.\u00a0<\/span><\/li>\n<li style=\"font-weight: 400\"><span style=\"font-weight: 400;font-size: 14pt;font-family: verdana, geneva, sans-serif\">Nein.\u00a0<\/span><\/li>\n<\/ul>\n<\/li>\n<\/ul>\n<p><span style=\"font-weight: 400;font-family: verdana, geneva, sans-serif;font-size: 14pt\">Die Auswertung der Frage zeigt folgendes Ergebnis: von 26 Befragten gaben 3 Personen an, dass Bremen eine queere Stadt ist und weitere 8 Personen sagten, dass sie Bremen als \u00fcberwiegend queer wahrnehmen.\u00a0 9 Personen stehen dieser Frage neutral gegen\u00fcber. Die restlichen 6 Personen nehmen Bremen \u00fcberwiegend als nicht queere Stadt wahr. <\/span><\/p>\n<p><span style=\"font-size: 14pt;font-family: verdana, geneva, sans-serif\"><img loading=\"lazy\" decoding=\"async\" class=\"alignnone wp-image-269 size-large\" src=\"https:\/\/blogs.uni-bremen.de\/queerspacesbremen\/files\/Bremen-als-queere-Stadt-1024x629.jpg\" alt=\"\" width=\"660\" height=\"405\" srcset=\"https:\/\/blogs.uni-bremen.de\/queerspacesbremen\/files\/Bremen-als-queere-Stadt-1024x629.jpg 1024w, https:\/\/blogs.uni-bremen.de\/queerspacesbremen\/files\/Bremen-als-queere-Stadt-300x184.jpg 300w, https:\/\/blogs.uni-bremen.de\/queerspacesbremen\/files\/Bremen-als-queere-Stadt-768x472.jpg 768w, https:\/\/blogs.uni-bremen.de\/queerspacesbremen\/files\/Bremen-als-queere-Stadt-1536x944.jpg 1536w, https:\/\/blogs.uni-bremen.de\/queerspacesbremen\/files\/Bremen-als-queere-Stadt.jpg 1891w\" sizes=\"auto, (max-width: 660px) 100vw, 660px\" \/><\/span><\/p>\n<p><span style=\"font-size: 14pt;font-family: verdana, geneva, sans-serif\"><span style=\"font-weight: 400\">Auf die Nachfrage, <\/span><b><i>was <\/i><\/b><span style=\"font-weight: 400\">an Bremen als <\/span><strong><span style=\"color: #800080\"><i>queer<\/i><\/span><\/strong><span style=\"font-weight: 400\"> empfunden wird, wurden verschiedene Aspekte genannt. Die Antworten lassen sich grob in sieben Kategorien einteilen:\u00a0<\/span><\/span><\/p>\n<ul>\n<li style=\"list-style-type: none\">\n<ul>\n<li style=\"font-weight: 400\"><span style=\"font-weight: 400;font-size: 14pt;font-family: verdana, geneva, sans-serif\">Personen<\/span><\/li>\n<li style=\"font-weight: 400\"><span style=\"font-weight: 400;font-size: 14pt;font-family: verdana, geneva, sans-serif\">Veranstaltungen<\/span><\/li>\n<li style=\"font-weight: 400\"><span style=\"font-weight: 400;font-size: 14pt;font-family: verdana, geneva, sans-serif\">Institutionen<\/span><\/li>\n<li style=\"font-weight: 400\"><span style=\"font-weight: 400;font-size: 14pt;font-family: verdana, geneva, sans-serif\">Kneipen\/Bars<\/span><\/li>\n<li style=\"font-weight: 400\"><span style=\"font-weight: 400;font-size: 14pt;font-family: verdana, geneva, sans-serif\">Uni\u00a0<\/span><\/li>\n<li style=\"font-weight: 400\"><span style=\"font-weight: 400;font-size: 14pt;font-family: verdana, geneva, sans-serif\">Andere<\/span><\/li>\n<li style=\"font-weight: 400\"><span style=\"font-weight: 400;font-size: 14pt;font-family: verdana, geneva, sans-serif\">Kritik<\/span><\/li>\n<\/ul>\n<\/li>\n<\/ul>\n<p><span style=\"font-weight: 400;font-size: 14pt;font-family: verdana, geneva, sans-serif\">Die Umfrage ergab, dass besonders Personen die Stadt queer machen. Die Befragten gaben an, dass <span style=\"color: #800080\"><em>\u201ePersonen, die als queer gelesen werden\u201c<\/em><\/span>, <span style=\"color: #800080\"><em>\u201evielf\u00e4ltige Leute mit Offenheit\u201c<\/em> <\/span>sowie die <em><span style=\"color: #800080\">\u201eoffene und gr\u00f6\u00dftenteils politisch linke Einstellung\u201c<\/span> <\/em>(Umfrage) dazu beitragen, dass Bremen als queer empfunden wird. Hinzu kommen Veranstaltungen wie der CSD, der Trans*Inter*Dyke March oder auch regelm\u00e4\u00dfig stattfindende queere Partys wie die Gay Candy oder Gay Kiss. Institutionen wie das Rat &amp; Tat-Zentrum f\u00fcr queeres Leben e.V. bieten mit ihrer Funktion als Beratungsstelle, den Jugendgruppen und verschiedenen Veranstaltungen Hilfe und Orte der Vernetzung.\u00a0<\/span><\/p>\n<p><span style=\"font-size: 14pt;font-family: verdana, geneva, sans-serif\"><span style=\"font-weight: 400\">Die Befragten gaben auch eine Vielzahl an Kneipen und Bars an, welche Bremens queere Szene mitgestalten. Allen voran die Friends Bar und der Schwarze Hermann wurden h\u00e4ufig von den Befragten erw\u00e4hnt, aber auch weitere Lokale wie die K\u00f6nigs Lounge, das Queens, das Bronx und das Rendezvous fielen als Antworten. Neben Lokalen und Institutionen, die sich eher in der Innenstadt ansammeln, wurde auch die Universit\u00e4t Bremen erw\u00e4hnt. Eine Person \u00e4u\u00dferte sich dahingehend mit <em><span style=\"color: #800080\">\u201eIch denke, dass die Universit\u00e4t Bremen f\u00fcr mich der Ort ist, an dem ich am ehesten merke, dass [es] relativ viele Queer People in Bremen und Umgebung gibt\u201c<\/span><\/em> (Umfrage). Eine weitere Person merkte an: <span style=\"color: #800080\"><em>\u201ean der Uni f\u00fchle ich mich ziemlich akzeptiert und safe, aber in der Stadt eher nicht\u201c<\/em> <\/span>(Umfrage). Auch die Regenbogenflagge, die mitunter in der Glashalle h\u00e4ngt, wird positiv aufgenommen. Zudem wurde angemerkt, dass <span style=\"color: #800080\"><em>\u201ean der staatlichen Uni [&#8230;] die Awareness viel st\u00e4rker [ist] als z.B. im S\u00fcden von Deutschland\u201c<\/em><\/span> (Umfrage). Es wurden auch viele weitere verschiedene Spaces angesprochen, die wir unter <\/span><i><span style=\"font-weight: 400\">Andere<\/span><\/i><span style=\"font-weight: 400\"> zusammengefasst haben. Darunter fallen das Perseus (Gay-Club Sauna) und das Movies (Sexkino), aber auch inklusive Werbungen sowie die Dating App <\/span><i><span style=\"font-weight: 400\">Grinder<\/span><\/i><span style=\"font-weight: 400\">. Der Stadtteil Viertel wurde auch von einigen Befragten erw\u00e4hnt.\u00a0<\/span><\/span><\/p>\n<p><span style=\"font-weight: 400;font-size: 14pt;font-family: verdana, geneva, sans-serif\">Neben einer Vielzahl an Beispielen und positiven Ergebnissen wurde auch einiges an Kritik ge\u00e4u\u00dfert. So machte eine Person ihren Frust bekannt:\u00a0<\/span><\/p>\n<p><span style=\"font-size: 14pt;font-family: verdana, geneva, sans-serif\"><span style=\"color: #800080\"><em><span style=\"font-weight: 400\">\u201e[i]ch empfinde Bremen diesbez\u00fcglich eher als scheinheilig. Bremen spricht sich zwar<\/span> <span style=\"font-weight: 400\">f\u00fcr queere Menschen aus, tut allerdings nicht mehr als das. F\u00fcr mich sind es diese<\/span> <span style=\"font-weight: 400\">Orte, [&#8230;] die Schwulenbars, wie das Friends, das Queens, der Schwarze Hermann<\/span> <span style=\"font-weight: 400\">und die K\u00f6nigslounge. Hierf\u00fcr sind allerdings eher die Betreiber verantwortlich als<\/span> <span style=\"font-weight: 400\">die Stadt. Dies gilt ebenfalls f\u00fcr Veranstaltungen wie die Gaycandy oder \u00e4hnliches,<\/span> <\/em><\/span><span style=\"font-weight: 400\"><span style=\"color: #800080\"><em>welche von Menschen aus der Community selbst veranstaltet werden\u201c<\/em><\/span> (Umfrage).<\/span><\/span><\/p>\n<p><span style=\"font-size: 14pt;font-family: verdana, geneva, sans-serif\"><span style=\"font-weight: 400\">Hierbei wird eindr\u00fccklich, dass die Community beziehungsweise queere Menschen selbst verantwortlich f\u00fcr die Errichtung und Unterst\u00fctzung von Queer Spaces sind. Die Stadt Bremen selbst gibt auf ihrer Website an, dass \u201e[d]as Land Bremen [\u2026] sich entschieden gegen Diskriminierung und f\u00fcr gleiche Rechte von lesbischen, schwulen, bisexuellen, trans*, inter* und queeren (LSBTIQ*) Menschen [engagiert]\u201c (\u201ePolitik f\u00fcr LSBTIQ*-Personen\u201c). So gibt die Stadt an, verschiedene gesetzliche Forderungen, wie das Recht auf Eheschlie\u00dfung gleichgeschlechtlicher Ehepartner:innen oder die Erg\u00e4nzung des Art. 3.3 im Grundgesetz gestellt und unterst\u00fctzt zu haben (vgl. \u201ePolitik f\u00fcr LSBTIQ*-Personen\u201c). Auch unterst\u00fctzt die Stadt das bereits genannte Rat &amp; Tat-Zentrum, das sich f\u00fcr die Interessen queerer Menschen einsetzt und als Anlaufstelle sowie Ort der Vernetzung und des Beisammenseins fungiert. Seit 2020 gibt es auch den <\/span><i><span style=\"font-weight: 400\">Queerpolitischen Beirat<\/span><\/i><span style=\"font-weight: 400\">. Die Aufgaben des Beirats sind unter anderem die Umsetzung des <\/span><i><span style=\"font-weight: 400\">Landesaktionsplans gegen Homo-, Trans- und Interphobie 2015<\/span><\/i><span style=\"font-weight: 400\"> (\u201eQueerpolitischer Beirat\u201c).<\/span><\/span><\/p>\n<p><span style=\"font-weight: 400;font-size: 14pt;font-family: verdana, geneva, sans-serif\">Auch wenn diese Dinge in die richtige Richtung gehen, ist immer noch Luft nach oben insbesondere, wenn es um das Schaffen von Queer Spaces und queerfreundlichen R\u00e4umen geht. Dies betrifft jedoch nicht nur die Stadt. Ein Wandel der gesamten Gesellschaft ist erforderlich.\u00a0<\/span><\/p>\n<p><span style=\"font-weight: 400;font-size: 14pt;font-family: verdana, geneva, sans-serif\">Andere Kommentare sagten, dass Bremen h\u00e4ufig recht offen erscheint, dass das jedoch nicht immer und \u00fcberall der Fall sei. Einige empfinden die Stadt auch gar nicht als queer (vgl. Umfrage).<\/span><\/p>\n<p><span style=\"font-size: 14pt;font-family: verdana, geneva, sans-serif\"><span style=\"font-weight: 400\">Unter dem Reiter <a href=\"https:\/\/blogs.uni-bremen.de\/queerspacesbremen\/negative-erfahrungen\/\"><span style=\"color: #800080\"><strong><em>Negative Erfahrungen <\/em><\/strong><\/span><\/a><\/span><span style=\"font-weight: 400\">findest du eine Karte und eine kurze Beschreibung mit Orten, an denen sich unsere Befragten unwohl oder auch unsicher f\u00fchlen.<\/span><\/span><\/p>\n<p><span style=\"font-size: 14pt;font-family: verdana, geneva, sans-serif\"><span style=\"font-weight: 400\">Unter dem Reiter <a href=\"https:\/\/blogs.uni-bremen.de\/queerspacesbremen\/physische-queer-spaces\/\"><span style=\"color: #800080\"><strong><em>Physische Queer Spaces<\/em><\/strong><\/span><\/a>\u00a0<\/span><span style=\"font-weight: 400\">findest du eine \u00dcbersicht von Spaces, die unsere Befragten als Queer Space empfinden. Weitere Informationen zu einigen dieser Spaces findest du auch unter <\/span><a href=\"https:\/\/blogs.uni-bremen.de\/queerspacesbremen\/anlaufstellen\/\"><span style=\"color: #800080\"><em><strong>Anlaufstellen<\/strong><\/em><\/span><\/a><span style=\"font-weight: 400\">.<\/span><\/span><\/p>\n<p><span style=\"font-size: 14pt;font-family: verdana, geneva, sans-serif\"><span style=\"font-weight: 400\">Unter dem Reiter \u00a0<\/span><a href=\"https:\/\/blogs.uni-bremen.de\/queerspacesbremen\/queer-moments-in-bremen\/\"><strong><span style=\"color: #800080\"><i>Queer Moments in Bremen<\/i><\/span><\/strong><\/a><span style=\"font-weight: 400\"> findest du eine Karte mit queeren Momenten, die Menschen in Bremen erlebt haben.<\/span><\/span><\/p>\n<p><span style=\"font-size: 14pt;font-family: verdana, geneva, sans-serif\"><span style=\"font-weight: 400\">Wenn du dir den <\/span><span style=\"font-weight: 400\">Aktionsplan<\/span><span style=\"font-weight: 400\"> anschauen m\u00f6chtest, findest du einen Link unter <\/span><a href=\"https:\/\/blogs.uni-bremen.de\/queerspacesbremen\/anlaufstellen\/\"><span style=\"color: #800080\"><strong><i>Anlaufstellen<\/i><\/strong><\/span><\/a><span style=\"font-weight: 400\">.<\/span><\/span><\/p>\n","protected":false},"excerpt":{"rendered":"<p>Um ein erstes Stimmungsbild der Befragten bez\u00fcglich der Queerness der Stadt Bremen zu erhalten, stellten wir die Frage: \u201eNimmst du Bremen als queere Stadt wahr?\u201c und boten folgende Antwortm\u00f6glichkeiten:\u00a0 Ja.\u00a0 \u00dcberwiegend ja. Weder noch.\u00a0 \u00dcberwiegend nein.\u00a0 Nein.\u00a0 Die Auswertung der Frage zeigt folgendes Ergebnis: von 26 Befragten gaben 3 Personen an, dass Bremen eine queere &hellip; <a href=\"https:\/\/blogs.uni-bremen.de\/queerspacesbremen\/wie-queer-ist-bremen\/\" class=\"more-link\"><span class=\"screen-reader-text\">Wie queer ist Bremen?<\/span> weiterlesen<\/a><\/p>\n","protected":false},"author":11117,"featured_media":0,"parent":0,"menu_order":0,"comment_status":"closed","ping_status":"closed","template":"","meta":{"_bbp_topic_count":0,"_bbp_reply_count":0,"_bbp_total_topic_count":0,"_bbp_total_reply_count":0,"_bbp_voice_count":0,"_bbp_anonymous_reply_count":0,"_bbp_topic_count_hidden":0,"_bbp_reply_count_hidden":0,"_bbp_forum_subforum_count":0,"footnotes":""},"class_list":["post-201","page","type-page","status-publish","hentry"],"_links":{"self":[{"href":"https:\/\/blogs.uni-bremen.de\/queerspacesbremen\/wp-json\/wp\/v2\/pages\/201","targetHints":{"allow":["GET"]}}],"collection":[{"href":"https:\/\/blogs.uni-bremen.de\/queerspacesbremen\/wp-json\/wp\/v2\/pages"}],"about":[{"href":"https:\/\/blogs.uni-bremen.de\/queerspacesbremen\/wp-json\/wp\/v2\/types\/page"}],"author":[{"embeddable":true,"href":"https:\/\/blogs.uni-bremen.de\/queerspacesbremen\/wp-json\/wp\/v2\/users\/11117"}],"replies":[{"embeddable":true,"href":"https:\/\/blogs.uni-bremen.de\/queerspacesbremen\/wp-json\/wp\/v2\/comments?post=201"}],"version-history":[{"count":10,"href":"https:\/\/blogs.uni-bremen.de\/queerspacesbremen\/wp-json\/wp\/v2\/pages\/201\/revisions"}],"predecessor-version":[{"id":471,"href":"https:\/\/blogs.uni-bremen.de\/queerspacesbremen\/wp-json\/wp\/v2\/pages\/201\/revisions\/471"}],"wp:attachment":[{"href":"https:\/\/blogs.uni-bremen.de\/queerspacesbremen\/wp-json\/wp\/v2\/media?parent=201"}],"curies":[{"name":"wp","href":"https:\/\/api.w.org\/{rel}","templated":true}]}}