{"id":2,"date":"2026-01-31T11:33:06","date_gmt":"2026-01-31T10:33:06","guid":{"rendered":"https:\/\/blogs.uni-bremen.de\/playpals\/?page_id=2"},"modified":"2026-02-14T14:22:54","modified_gmt":"2026-02-14T13:22:54","slug":"playpals-2","status":"publish","type":"page","link":"https:\/\/blogs.uni-bremen.de\/playpals\/","title":{"rendered":"Spiele Empfehlungen f\u00fcr jeden Geschmack!"},"content":{"rendered":"<p>Willkommen bei PlayPals &#8211; deinem Ort f\u00fcr gute Spiele und gute Gesellschaft.<\/p>\n<p><img loading=\"lazy\" decoding=\"async\" class=\"alignnone size-full wp-image-39\" src=\"https:\/\/blogs.uni-bremen.de\/playpals\/files\/Startseite-2.jpg\" alt=\"Playstation Controller auf lila Hintergrund\" width=\"746\" height=\"500\" srcset=\"https:\/\/blogs.uni-bremen.de\/playpals\/files\/Startseite-2.jpg 746w, https:\/\/blogs.uni-bremen.de\/playpals\/files\/Startseite-2-300x201.jpg 300w\" sizes=\"auto, (max-width: 746px) 100vw, 746px\" \/><\/p>\n<p>Ob Brettspiel, Kartenspiel oder auf der Konsole: PlayPals hilft dir dabei, genau die Spiele zu finden, die zu dir, deiner Gruppe und deinem Moment passen.<\/p>\n<p>Du suchst ein witziges Spiel f\u00fcr den n\u00e4chsten WG-Abend oder <a href=\"https:\/\/blogs.uni-bremen.de\/playpals\/2026\/01\/31\/hallo-welt\/\">die besten Multiplayer-Games f\u00fcr die PS5<\/a>? Kein Problem.<\/p>\n<p>Bei PlayPals kannst du gezielt nach Genre, Spieleranzahl, Spieldauer oder Stimmung filtern. Aber vor allem kannst du lesen, was wir und die Community wirklich dar\u00fcber denken: Wie f\u00fchlt sich das Spiel an? F\u00fcr welche Runden taugt es? Hier tauschen sich Spielbegeisterte aus, teilen Empfehlungen und schreiben Rezensionen, die wirklich weiterhelfen.<\/p>\n<p>PlayPals bringt Menschen mit \u00e4hnlichen Spielvorlieben zusammen und macht das Entdecken neuer Spiele einfach und \u00fcbersichtlich.<\/p>\n<p><img loading=\"lazy\" decoding=\"async\" class=\"alignnone size-full wp-image-31\" src=\"https:\/\/blogs.uni-bremen.de\/playpals\/files\/Foto-Startseite-1.png\" alt=\"Eine Gruppe Menschen sitzt am Tisch und spielt Karten\" width=\"749\" height=\"500\" srcset=\"https:\/\/blogs.uni-bremen.de\/playpals\/files\/Foto-Startseite-1.png 749w, https:\/\/blogs.uni-bremen.de\/playpals\/files\/Foto-Startseite-1-300x200.png 300w\" sizes=\"auto, (max-width: 749px) 100vw, 749px\" \/><\/p>\n<p>&nbsp;<\/p>\n<p>&nbsp;<\/p>\n<p>&nbsp;<\/p>\n<p>&nbsp;<\/p>\n","protected":false},"excerpt":{"rendered":"<p>Willkommen bei PlayPals &#8211; deinem Ort f\u00fcr gute Spiele und gute Gesellschaft. Ob Brettspiel, Kartenspiel oder auf der Konsole: PlayPals [&hellip;]<\/p>\n","protected":false},"author":16766,"featured_media":0,"parent":0,"menu_order":0,"comment_status":"closed","ping_status":"open","template":"","meta":{"_bbp_topic_count":0,"_bbp_reply_count":0,"_bbp_total_topic_count":0,"_bbp_total_reply_count":0,"_bbp_voice_count":0,"_bbp_anonymous_reply_count":0,"_bbp_topic_count_hidden":0,"_bbp_reply_count_hidden":0,"_bbp_forum_subforum_count":0,"site-sidebar-layout":"default","site-content-layout":"","ast-site-content-layout":"default","site-content-style":"default","site-sidebar-style":"default","ast-global-header-display":"","ast-banner-title-visibility":"","ast-main-header-display":"","ast-hfb-above-header-display":"","ast-hfb-below-header-display":"","ast-hfb-mobile-header-display":"","site-post-title":"","ast-breadcrumbs-content":"","ast-featured-img":"","footer-sml-layout":"","ast-disable-related-posts":"","theme-transparent-header-meta":"default","adv-header-id-meta":"","stick-header-meta":"","header-above-stick-meta":"","header-main-stick-meta":"","header-below-stick-meta":"","astra-migrate-meta-layouts":"set","ast-page-background-enabled":"default","ast-page-background-meta":{"desktop":{"background-color":"var(--ast-global-color-5)","background-image":"","background-repeat":"repeat","background-position":"center center","background-size":"auto","background-attachment":"scroll","background-type":"","background-media":"","overlay-type":"","overlay-color":"","overlay-opacity":"","overlay-gradient":""},"tablet":{"background-color":"","background-image":"","background-repeat":"repeat","background-position":"center center","background-size":"auto","background-attachment":"scroll","background-type":"","background-media":"","overlay-type":"","overlay-color":"","overlay-opacity":"","overlay-gradient":""},"mobile":{"background-color":"","background-image":"","background-repeat":"repeat","background-position":"center center","background-size":"auto","background-attachment":"scroll","background-type":"","background-media":"","overlay-type":"","overlay-color":"","overlay-opacity":"","overlay-gradient":""}},"ast-content-background-meta":{"desktop":{"background-color":"var(--ast-global-color-4)","background-image":"","background-repeat":"repeat","background-position":"center center","background-size":"auto","background-attachment":"scroll","background-type":"","background-media":"","overlay-type":"","overlay-color":"","overlay-opacity":"","overlay-gradient":""},"tablet":{"background-color":"var(--ast-global-color-4)","background-image":"","background-repeat":"repeat","background-position":"center center","background-size":"auto","background-attachment":"scroll","background-type":"","background-media":"","overlay-type":"","overlay-color":"","overlay-opacity":"","overlay-gradient":""},"mobile":{"background-color":"var(--ast-global-color-4)","background-image":"","background-repeat":"repeat","background-position":"center center","background-size":"auto","background-attachment":"scroll","background-type":"","background-media":"","overlay-type":"","overlay-color":"","overlay-opacity":"","overlay-gradient":""}},"footnotes":""},"class_list":["post-2","page","type-page","status-publish","hentry"],"yoast_head":"<!-- This site is optimized with the Yoast SEO plugin v27.3 - https:\/\/yoast.com\/product\/yoast-seo-wordpress\/ -->\n<title>PlayPals: Spiele entdecken, bewerten &amp; vergleichen<\/title>\n<meta name=\"description\" content=\"Finde jetzt dein Lieblingsspiel durch unser gro\u00dfes Suchportal und tausch dich aus: \u2713Brettspiele \u2713Kartenspiele, \u2713Kosolen-Games \u2713PC-Games\" class=\"yoast-seo-meta-tag\" \/>\n<meta name=\"robots\" content=\"index, follow, max-snippet:-1, max-image-preview:large, max-video-preview:-1\" \/>\n<link rel=\"canonical\" href=\"https:\/\/blogs.uni-bremen.de\/playpals\/\" class=\"yoast-seo-meta-tag\" \/>\n<meta property=\"og:locale\" content=\"de_DE\" class=\"yoast-seo-meta-tag\" \/>\n<meta property=\"og:type\" content=\"article\" class=\"yoast-seo-meta-tag\" \/>\n<meta property=\"og:title\" content=\"PlayPals: Spiele entdecken, bewerten &amp; vergleichen\" class=\"yoast-seo-meta-tag\" \/>\n<meta property=\"og:description\" content=\"Finde jetzt dein Lieblingsspiel durch unser gro\u00dfes Suchportal und tausch dich aus: \u2713Brettspiele \u2713Kartenspiele, \u2713Kosolen-Games \u2713PC-Games\" class=\"yoast-seo-meta-tag\" \/>\n<meta property=\"og:url\" content=\"https:\/\/blogs.uni-bremen.de\/playpals\/\" class=\"yoast-seo-meta-tag\" \/>\n<meta property=\"article:modified_time\" content=\"2026-02-14T13:22:54+00:00\" class=\"yoast-seo-meta-tag\" \/>\n<meta property=\"og:image\" content=\"https:\/\/blogs.uni-bremen.de\/playpals\/files\/Startseite-2.jpg\" class=\"yoast-seo-meta-tag\" \/>\n\t<meta property=\"og:image:width\" content=\"746\" class=\"yoast-seo-meta-tag\" \/>\n\t<meta property=\"og:image:height\" content=\"500\" class=\"yoast-seo-meta-tag\" \/>\n\t<meta property=\"og:image:type\" content=\"image\/jpeg\" class=\"yoast-seo-meta-tag\" \/>\n<meta name=\"twitter:card\" content=\"summary_large_image\" class=\"yoast-seo-meta-tag\" \/>\n<meta name=\"twitter:label1\" content=\"Gesch\u00e4tzte Lesezeit\" class=\"yoast-seo-meta-tag\" \/>\n\t<meta name=\"twitter:data1\" content=\"2\u00a0Minuten\" class=\"yoast-seo-meta-tag\" \/>\n<script type=\"application\/ld+json\" class=\"yoast-schema-graph\">{\"@context\":\"https:\\\/\\\/schema.org\",\"@graph\":[{\"@type\":\"WebPage\",\"@id\":\"https:\\\/\\\/blogs.uni-bremen.de\\\/playpals\\\/\",\"url\":\"https:\\\/\\\/blogs.uni-bremen.de\\\/playpals\\\/\",\"name\":\"PlayPals: Spiele entdecken, bewerten & vergleichen\",\"isPartOf\":{\"@id\":\"https:\\\/\\\/blogs.uni-bremen.de\\\/playpals\\\/#website\"},\"primaryImageOfPage\":{\"@id\":\"https:\\\/\\\/blogs.uni-bremen.de\\\/playpals\\\/#primaryimage\"},\"image\":{\"@id\":\"https:\\\/\\\/blogs.uni-bremen.de\\\/playpals\\\/#primaryimage\"},\"thumbnailUrl\":\"https:\\\/\\\/blogs.uni-bremen.de\\\/playpals\\\/files\\\/Startseite-2.jpg\",\"datePublished\":\"2026-01-31T10:33:06+00:00\",\"dateModified\":\"2026-02-14T13:22:54+00:00\",\"description\":\"Finde jetzt dein Lieblingsspiel durch unser gro\u00dfes Suchportal und tausch dich aus: \u2713Brettspiele \u2713Kartenspiele, \u2713Kosolen-Games \u2713PC-Games\",\"breadcrumb\":{\"@id\":\"https:\\\/\\\/blogs.uni-bremen.de\\\/playpals\\\/#breadcrumb\"},\"inLanguage\":\"de\",\"potentialAction\":[{\"@type\":\"ReadAction\",\"target\":[\"https:\\\/\\\/blogs.uni-bremen.de\\\/playpals\\\/\"]}]},{\"@type\":\"ImageObject\",\"inLanguage\":\"de\",\"@id\":\"https:\\\/\\\/blogs.uni-bremen.de\\\/playpals\\\/#primaryimage\",\"url\":\"https:\\\/\\\/blogs.uni-bremen.de\\\/playpals\\\/files\\\/Startseite-2.jpg\",\"contentUrl\":\"https:\\\/\\\/blogs.uni-bremen.de\\\/playpals\\\/files\\\/Startseite-2.jpg\",\"width\":746,\"height\":500,\"caption\":\"Playstation Controller auf lila Hintergrund\"},{\"@type\":\"BreadcrumbList\",\"@id\":\"https:\\\/\\\/blogs.uni-bremen.de\\\/playpals\\\/#breadcrumb\",\"itemListElement\":[{\"@type\":\"ListItem\",\"position\":1,\"name\":\"Start\",\"item\":\"https:\\\/\\\/blogs.uni-bremen.de\\\/playpals\\\/\"},{\"@type\":\"ListItem\",\"position\":2,\"name\":\"Spiele Empfehlungen f\u00fcr jeden Geschmack!\"}]},{\"@type\":\"WebSite\",\"@id\":\"https:\\\/\\\/blogs.uni-bremen.de\\\/playpals\\\/#website\",\"url\":\"https:\\\/\\\/blogs.uni-bremen.de\\\/playpals\\\/\",\"name\":\"\",\"description\":\"\",\"potentialAction\":[{\"@type\":\"SearchAction\",\"target\":{\"@type\":\"EntryPoint\",\"urlTemplate\":\"https:\\\/\\\/blogs.uni-bremen.de\\\/playpals\\\/?s={search_term_string}\"},\"query-input\":{\"@type\":\"PropertyValueSpecification\",\"valueRequired\":true,\"valueName\":\"search_term_string\"}}],\"inLanguage\":\"de\"}]}<\/script>\n<!-- \/ Yoast SEO plugin. -->","yoast_head_json":{"title":"PlayPals: Spiele entdecken, bewerten & vergleichen","description":"Finde jetzt dein Lieblingsspiel durch unser gro\u00dfes Suchportal und tausch dich aus: \u2713Brettspiele \u2713Kartenspiele, \u2713Kosolen-Games \u2713PC-Games","robots":{"index":"index","follow":"follow","max-snippet":"max-snippet:-1","max-image-preview":"max-image-preview:large","max-video-preview":"max-video-preview:-1"},"canonical":"https:\/\/blogs.uni-bremen.de\/playpals\/","og_locale":"de_DE","og_type":"article","og_title":"PlayPals: Spiele entdecken, bewerten & vergleichen","og_description":"Finde jetzt dein Lieblingsspiel durch unser gro\u00dfes Suchportal und tausch dich aus: \u2713Brettspiele \u2713Kartenspiele, \u2713Kosolen-Games \u2713PC-Games","og_url":"https:\/\/blogs.uni-bremen.de\/playpals\/","article_modified_time":"2026-02-14T13:22:54+00:00","og_image":[{"width":746,"height":500,"url":"https:\/\/blogs.uni-bremen.de\/playpals\/files\/Startseite-2.jpg","type":"image\/jpeg"}],"twitter_card":"summary_large_image","twitter_misc":{"Gesch\u00e4tzte Lesezeit":"2\u00a0Minuten"},"schema":{"@context":"https:\/\/schema.org","@graph":[{"@type":"WebPage","@id":"https:\/\/blogs.uni-bremen.de\/playpals\/","url":"https:\/\/blogs.uni-bremen.de\/playpals\/","name":"PlayPals: Spiele entdecken, bewerten & vergleichen","isPartOf":{"@id":"https:\/\/blogs.uni-bremen.de\/playpals\/#website"},"primaryImageOfPage":{"@id":"https:\/\/blogs.uni-bremen.de\/playpals\/#primaryimage"},"image":{"@id":"https:\/\/blogs.uni-bremen.de\/playpals\/#primaryimage"},"thumbnailUrl":"https:\/\/blogs.uni-bremen.de\/playpals\/files\/Startseite-2.jpg","datePublished":"2026-01-31T10:33:06+00:00","dateModified":"2026-02-14T13:22:54+00:00","description":"Finde jetzt dein Lieblingsspiel durch unser gro\u00dfes Suchportal und tausch dich aus: \u2713Brettspiele \u2713Kartenspiele, \u2713Kosolen-Games \u2713PC-Games","breadcrumb":{"@id":"https:\/\/blogs.uni-bremen.de\/playpals\/#breadcrumb"},"inLanguage":"de","potentialAction":[{"@type":"ReadAction","target":["https:\/\/blogs.uni-bremen.de\/playpals\/"]}]},{"@type":"ImageObject","inLanguage":"de","@id":"https:\/\/blogs.uni-bremen.de\/playpals\/#primaryimage","url":"https:\/\/blogs.uni-bremen.de\/playpals\/files\/Startseite-2.jpg","contentUrl":"https:\/\/blogs.uni-bremen.de\/playpals\/files\/Startseite-2.jpg","width":746,"height":500,"caption":"Playstation Controller auf lila Hintergrund"},{"@type":"BreadcrumbList","@id":"https:\/\/blogs.uni-bremen.de\/playpals\/#breadcrumb","itemListElement":[{"@type":"ListItem","position":1,"name":"Start","item":"https:\/\/blogs.uni-bremen.de\/playpals\/"},{"@type":"ListItem","position":2,"name":"Spiele Empfehlungen f\u00fcr jeden Geschmack!"}]},{"@type":"WebSite","@id":"https:\/\/blogs.uni-bremen.de\/playpals\/#website","url":"https:\/\/blogs.uni-bremen.de\/playpals\/","name":"","description":"","potentialAction":[{"@type":"SearchAction","target":{"@type":"EntryPoint","urlTemplate":"https:\/\/blogs.uni-bremen.de\/playpals\/?s={search_term_string}"},"query-input":{"@type":"PropertyValueSpecification","valueRequired":true,"valueName":"search_term_string"}}],"inLanguage":"de"}]}},"_links":{"self":[{"href":"https:\/\/blogs.uni-bremen.de\/playpals\/wp-json\/wp\/v2\/pages\/2","targetHints":{"allow":["GET"]}}],"collection":[{"href":"https:\/\/blogs.uni-bremen.de\/playpals\/wp-json\/wp\/v2\/pages"}],"about":[{"href":"https:\/\/blogs.uni-bremen.de\/playpals\/wp-json\/wp\/v2\/types\/page"}],"author":[{"embeddable":true,"href":"https:\/\/blogs.uni-bremen.de\/playpals\/wp-json\/wp\/v2\/users\/16766"}],"replies":[{"embeddable":true,"href":"https:\/\/blogs.uni-bremen.de\/playpals\/wp-json\/wp\/v2\/comments?post=2"}],"version-history":[{"count":9,"href":"https:\/\/blogs.uni-bremen.de\/playpals\/wp-json\/wp\/v2\/pages\/2\/revisions"}],"predecessor-version":[{"id":60,"href":"https:\/\/blogs.uni-bremen.de\/playpals\/wp-json\/wp\/v2\/pages\/2\/revisions\/60"}],"wp:attachment":[{"href":"https:\/\/blogs.uni-bremen.de\/playpals\/wp-json\/wp\/v2\/media?parent=2"}],"curies":[{"name":"wp","href":"https:\/\/api.w.org\/{rel}","templated":true}]}}