{"id":18,"date":"2022-01-22T15:04:02","date_gmt":"2022-01-22T14:04:02","guid":{"rendered":"https:\/\/blogs.uni-bremen.de\/pladdenkiste\/?page_id=18"},"modified":"2022-01-29T14:48:33","modified_gmt":"2022-01-29T13:48:33","slug":"pladdenkiste-vinylreviews-und-bandsupport","status":"publish","type":"page","link":"https:\/\/blogs.uni-bremen.de\/pladdenkiste\/","title":{"rendered":"Vinyl-Schallplatten-Fans aufgepasst!"},"content":{"rendered":"<p>Das Comeback der Vinyl-Schallplatte ist in vollem Gange, die Presswerke laufen hei\u00df. Die Vinylplatte hat sich vom totgesagten Tontr\u00e4ger z<img loading=\"lazy\" decoding=\"async\" class=\"wp-image-28 alignright\" src=\"https:\/\/blogs.uni-bremen.de\/pladdenkiste\/files\/Plattenspieler-Farbe-200x300.jpg\" alt=\"Plattenspieler Farbe\" width=\"223\" height=\"335\" srcset=\"https:\/\/blogs.uni-bremen.de\/pladdenkiste\/files\/Plattenspieler-Farbe-200x300.jpg 200w, https:\/\/blogs.uni-bremen.de\/pladdenkiste\/files\/Plattenspieler-Farbe-683x1024.jpg 683w, https:\/\/blogs.uni-bremen.de\/pladdenkiste\/files\/Plattenspieler-Farbe-768x1152.jpg 768w, https:\/\/blogs.uni-bremen.de\/pladdenkiste\/files\/Plattenspieler-Farbe-1024x1536.jpg 1024w, https:\/\/blogs.uni-bremen.de\/pladdenkiste\/files\/Plattenspieler-Farbe-1365x2048.jpg 1365w, https:\/\/blogs.uni-bremen.de\/pladdenkiste\/files\/Plattenspieler-Farbe.jpg 1500w\" sizes=\"auto, (max-width: 223px) 100vw, 223px\" \/>um beliebtesten physischen Musik-Medium zur\u00fcckgek\u00e4mpft. Nicht nur die gro\u00dfen Klassiker aus Rock, Pop, Jazz, Hip-Hop und Metal werden neu aufgelegt. Auch neue und kleinere Bands lassen ihre Musik auf die Scheibe pressen. Auf dem Pladdenkiste-Blog widme ich mich der guten alten LP.<\/p>\n<p>Ich bin Tobi, Host des\u00a0 vom Rolling Stone Magazin empfohlenen Musikpodcasts Ton&amp;Verderben, Vinyl-Liebhaber und\u00a0 ich bin hier, um meine Pladdenkiste zu \u00f6ffnen. Klassiker-Alben sollen hier auch ihren Platz finden, aber der Fokus soll auf unbekannteren, kleineren Bands liegen. Internationaler Untergrund oder Bremer Speckg\u00fcrtel: Wenn ich die Band mag, findet ihr sie hier.<\/p>\n<p>Band-Support<br \/>\nVor allem in Zeiten der Pandemie haben es kleinere Bands schwer. Live-Bands k\u00f6nnen nicht auftreten. Deshalb sind die umso mehr auf Musikverk\u00e4ufe angewiesen. Aus diesem <img loading=\"lazy\" decoding=\"async\" class=\"size-medium wp-image-29 alignright\" src=\"https:\/\/blogs.uni-bremen.de\/pladdenkiste\/files\/Live-Konzert-300x214.jpg\" alt=\"Live Konzert\" width=\"300\" height=\"214\" srcset=\"https:\/\/blogs.uni-bremen.de\/pladdenkiste\/files\/Live-Konzert-300x214.jpg 300w, https:\/\/blogs.uni-bremen.de\/pladdenkiste\/files\/Live-Konzert-1024x732.jpg 1024w, https:\/\/blogs.uni-bremen.de\/pladdenkiste\/files\/Live-Konzert-768x549.jpg 768w, https:\/\/blogs.uni-bremen.de\/pladdenkiste\/files\/Live-Konzert.jpg 1500w\" sizes=\"auto, (max-width: 300px) 100vw, 300px\" \/>Grund solltet ihr wissen, wie ihr Bands am besten unterst\u00fctzen k\u00f6nnt. Der Kauf von Vinyl-Schallplatten und Merch ist da eine gute M\u00f6glichkeit. Kein Bock, dass Amazon den gr\u00f6\u00dften Anteil des Geldes, dass an eure Lieblingsband gehen soll, abgreift? Dann passt auf: Unter den Empfehlungen findet ihr weiterf\u00fchrende Links zu Independent Shops, den Bandcamp-Seiten oder den Labels der K\u00fcnstler:innen. Auf diese Weise k\u00f6nnt ihr eure Lieblingsmusiker:innen besser und direkter unterst\u00fctzen.\u00a0 St\u00f6bert in der Pladdenkiste und tut unseren geliebten Bands etwas Gutes!<\/p>\n","protected":false},"excerpt":{"rendered":"<div class=\"entry-summary\">\nDas Comeback der Vinyl-Schallplatte ist in vollem Gange, die Presswerke laufen hei\u00df. Die Vinylplatte hat sich vom totgesagten Tontr\u00e4ger zum&hellip;\n<\/div>\n<div class=\"link-more\"><a href=\"https:\/\/blogs.uni-bremen.de\/pladdenkiste\/\" class=\"more-link\">Continue reading<span class=\"screen-reader-text\"> &ldquo;Vinyl-Schallplatten-Fans aufgepasst!&rdquo;<\/span>&hellip;<\/a><\/div>\n","protected":false},"author":13803,"featured_media":0,"parent":0,"menu_order":0,"comment_status":"closed","ping_status":"closed","template":"","meta":{"_bbp_topic_count":0,"_bbp_reply_count":0,"_bbp_total_topic_count":0,"_bbp_total_reply_count":0,"_bbp_voice_count":0,"_bbp_anonymous_reply_count":0,"_bbp_topic_count_hidden":0,"_bbp_reply_count_hidden":0,"_bbp_forum_subforum_count":0,"footnotes":""},"class_list":["post-18","page","type-page","status-publish","hentry","entry"],"yoast_head":"<!-- This site is optimized with the Yoast SEO plugin v27.3 - https:\/\/yoast.com\/product\/yoast-seo-wordpress\/ -->\n<title>Vinyl-Schallplatten-Fans aufgepasst! - Pladdenkiste<\/title>\n<meta name=\"description\" content=\"Auf Pladdenkiste findest du Schallplattenreviews und die besten Shops, um deine Lieblingsbands zu supporten!\" class=\"yoast-seo-meta-tag\" \/>\n<meta name=\"robots\" content=\"index, follow, max-snippet:-1, max-image-preview:large, max-video-preview:-1\" \/>\n<link rel=\"canonical\" href=\"https:\/\/blogs.uni-bremen.de\/pladdenkiste\/\" class=\"yoast-seo-meta-tag\" \/>\n<meta property=\"og:locale\" content=\"de_DE\" class=\"yoast-seo-meta-tag\" \/>\n<meta property=\"og:type\" content=\"article\" class=\"yoast-seo-meta-tag\" \/>\n<meta property=\"og:title\" content=\"Vinyl-Schallplatten-Fans aufgepasst! - Pladdenkiste\" class=\"yoast-seo-meta-tag\" \/>\n<meta property=\"og:description\" content=\"Auf Pladdenkiste findest du Schallplattenreviews und die besten Shops, um deine Lieblingsbands zu supporten!\" class=\"yoast-seo-meta-tag\" \/>\n<meta property=\"og:url\" content=\"https:\/\/blogs.uni-bremen.de\/pladdenkiste\/\" class=\"yoast-seo-meta-tag\" \/>\n<meta property=\"og:site_name\" content=\"Pladdenkiste\" class=\"yoast-seo-meta-tag\" \/>\n<meta property=\"article:modified_time\" content=\"2022-01-29T13:48:33+00:00\" class=\"yoast-seo-meta-tag\" \/>\n<meta property=\"og:image\" content=\"https:\/\/blogs.uni-bremen.de\/pladdenkiste\/files\/Plattenspieler-Farbe-200x300.jpg\" class=\"yoast-seo-meta-tag\" \/>\n<meta name=\"twitter:card\" content=\"summary_large_image\" class=\"yoast-seo-meta-tag\" \/>\n<meta name=\"twitter:label1\" content=\"Gesch\u00e4tzte Lesezeit\" class=\"yoast-seo-meta-tag\" \/>\n\t<meta name=\"twitter:data1\" content=\"2\u00a0Minuten\" class=\"yoast-seo-meta-tag\" \/>\n<script type=\"application\/ld+json\" class=\"yoast-schema-graph\">{\"@context\":\"https:\\\/\\\/schema.org\",\"@graph\":[{\"@type\":\"WebPage\",\"@id\":\"https:\\\/\\\/blogs.uni-bremen.de\\\/pladdenkiste\\\/\",\"url\":\"https:\\\/\\\/blogs.uni-bremen.de\\\/pladdenkiste\\\/\",\"name\":\"Vinyl-Schallplatten-Fans aufgepasst! - Pladdenkiste\",\"isPartOf\":{\"@id\":\"https:\\\/\\\/blogs.uni-bremen.de\\\/pladdenkiste\\\/#website\"},\"primaryImageOfPage\":{\"@id\":\"https:\\\/\\\/blogs.uni-bremen.de\\\/pladdenkiste\\\/#primaryimage\"},\"image\":{\"@id\":\"https:\\\/\\\/blogs.uni-bremen.de\\\/pladdenkiste\\\/#primaryimage\"},\"thumbnailUrl\":\"https:\\\/\\\/blogs.uni-bremen.de\\\/pladdenkiste\\\/files\\\/Plattenspieler-Farbe-200x300.jpg\",\"datePublished\":\"2022-01-22T14:04:02+00:00\",\"dateModified\":\"2022-01-29T13:48:33+00:00\",\"description\":\"Auf Pladdenkiste findest du Schallplattenreviews und die besten Shops, um deine Lieblingsbands zu supporten!\",\"breadcrumb\":{\"@id\":\"https:\\\/\\\/blogs.uni-bremen.de\\\/pladdenkiste\\\/#breadcrumb\"},\"inLanguage\":\"de\",\"potentialAction\":[{\"@type\":\"ReadAction\",\"target\":[\"https:\\\/\\\/blogs.uni-bremen.de\\\/pladdenkiste\\\/\"]}]},{\"@type\":\"ImageObject\",\"inLanguage\":\"de\",\"@id\":\"https:\\\/\\\/blogs.uni-bremen.de\\\/pladdenkiste\\\/#primaryimage\",\"url\":\"https:\\\/\\\/blogs.uni-bremen.de\\\/pladdenkiste\\\/files\\\/Plattenspieler-Farbe.jpg\",\"contentUrl\":\"https:\\\/\\\/blogs.uni-bremen.de\\\/pladdenkiste\\\/files\\\/Plattenspieler-Farbe.jpg\",\"width\":1500,\"height\":2250,\"caption\":\"Plattenspieler Farbe\"},{\"@type\":\"BreadcrumbList\",\"@id\":\"https:\\\/\\\/blogs.uni-bremen.de\\\/pladdenkiste\\\/#breadcrumb\",\"itemListElement\":[{\"@type\":\"ListItem\",\"position\":1,\"name\":\"Startseite\",\"item\":\"https:\\\/\\\/blogs.uni-bremen.de\\\/pladdenkiste\\\/\"},{\"@type\":\"ListItem\",\"position\":2,\"name\":\"Vinyl-Schallplatten-Fans aufgepasst!\"}]},{\"@type\":\"WebSite\",\"@id\":\"https:\\\/\\\/blogs.uni-bremen.de\\\/pladdenkiste\\\/#website\",\"url\":\"https:\\\/\\\/blogs.uni-bremen.de\\\/pladdenkiste\\\/\",\"name\":\"Pladdenkiste\",\"description\":\"Musikreviews und Bandsupport\",\"potentialAction\":[{\"@type\":\"SearchAction\",\"target\":{\"@type\":\"EntryPoint\",\"urlTemplate\":\"https:\\\/\\\/blogs.uni-bremen.de\\\/pladdenkiste\\\/?s={search_term_string}\"},\"query-input\":{\"@type\":\"PropertyValueSpecification\",\"valueRequired\":true,\"valueName\":\"search_term_string\"}}],\"inLanguage\":\"de\"}]}<\/script>\n<!-- \/ Yoast SEO plugin. -->","yoast_head_json":{"title":"Vinyl-Schallplatten-Fans aufgepasst! - Pladdenkiste","description":"Auf Pladdenkiste findest du Schallplattenreviews und die besten Shops, um deine Lieblingsbands zu supporten!","robots":{"index":"index","follow":"follow","max-snippet":"max-snippet:-1","max-image-preview":"max-image-preview:large","max-video-preview":"max-video-preview:-1"},"canonical":"https:\/\/blogs.uni-bremen.de\/pladdenkiste\/","og_locale":"de_DE","og_type":"article","og_title":"Vinyl-Schallplatten-Fans aufgepasst! - Pladdenkiste","og_description":"Auf Pladdenkiste findest du Schallplattenreviews und die besten Shops, um deine Lieblingsbands zu supporten!","og_url":"https:\/\/blogs.uni-bremen.de\/pladdenkiste\/","og_site_name":"Pladdenkiste","article_modified_time":"2022-01-29T13:48:33+00:00","og_image":[{"url":"https:\/\/blogs.uni-bremen.de\/pladdenkiste\/files\/Plattenspieler-Farbe-200x300.jpg","type":"","width":"","height":""}],"twitter_card":"summary_large_image","twitter_misc":{"Gesch\u00e4tzte Lesezeit":"2\u00a0Minuten"},"schema":{"@context":"https:\/\/schema.org","@graph":[{"@type":"WebPage","@id":"https:\/\/blogs.uni-bremen.de\/pladdenkiste\/","url":"https:\/\/blogs.uni-bremen.de\/pladdenkiste\/","name":"Vinyl-Schallplatten-Fans aufgepasst! - Pladdenkiste","isPartOf":{"@id":"https:\/\/blogs.uni-bremen.de\/pladdenkiste\/#website"},"primaryImageOfPage":{"@id":"https:\/\/blogs.uni-bremen.de\/pladdenkiste\/#primaryimage"},"image":{"@id":"https:\/\/blogs.uni-bremen.de\/pladdenkiste\/#primaryimage"},"thumbnailUrl":"https:\/\/blogs.uni-bremen.de\/pladdenkiste\/files\/Plattenspieler-Farbe-200x300.jpg","datePublished":"2022-01-22T14:04:02+00:00","dateModified":"2022-01-29T13:48:33+00:00","description":"Auf Pladdenkiste findest du Schallplattenreviews und die besten Shops, um deine Lieblingsbands zu supporten!","breadcrumb":{"@id":"https:\/\/blogs.uni-bremen.de\/pladdenkiste\/#breadcrumb"},"inLanguage":"de","potentialAction":[{"@type":"ReadAction","target":["https:\/\/blogs.uni-bremen.de\/pladdenkiste\/"]}]},{"@type":"ImageObject","inLanguage":"de","@id":"https:\/\/blogs.uni-bremen.de\/pladdenkiste\/#primaryimage","url":"https:\/\/blogs.uni-bremen.de\/pladdenkiste\/files\/Plattenspieler-Farbe.jpg","contentUrl":"https:\/\/blogs.uni-bremen.de\/pladdenkiste\/files\/Plattenspieler-Farbe.jpg","width":1500,"height":2250,"caption":"Plattenspieler Farbe"},{"@type":"BreadcrumbList","@id":"https:\/\/blogs.uni-bremen.de\/pladdenkiste\/#breadcrumb","itemListElement":[{"@type":"ListItem","position":1,"name":"Startseite","item":"https:\/\/blogs.uni-bremen.de\/pladdenkiste\/"},{"@type":"ListItem","position":2,"name":"Vinyl-Schallplatten-Fans aufgepasst!"}]},{"@type":"WebSite","@id":"https:\/\/blogs.uni-bremen.de\/pladdenkiste\/#website","url":"https:\/\/blogs.uni-bremen.de\/pladdenkiste\/","name":"Pladdenkiste","description":"Musikreviews und Bandsupport","potentialAction":[{"@type":"SearchAction","target":{"@type":"EntryPoint","urlTemplate":"https:\/\/blogs.uni-bremen.de\/pladdenkiste\/?s={search_term_string}"},"query-input":{"@type":"PropertyValueSpecification","valueRequired":true,"valueName":"search_term_string"}}],"inLanguage":"de"}]}},"_links":{"self":[{"href":"https:\/\/blogs.uni-bremen.de\/pladdenkiste\/wp-json\/wp\/v2\/pages\/18","targetHints":{"allow":["GET"]}}],"collection":[{"href":"https:\/\/blogs.uni-bremen.de\/pladdenkiste\/wp-json\/wp\/v2\/pages"}],"about":[{"href":"https:\/\/blogs.uni-bremen.de\/pladdenkiste\/wp-json\/wp\/v2\/types\/page"}],"author":[{"embeddable":true,"href":"https:\/\/blogs.uni-bremen.de\/pladdenkiste\/wp-json\/wp\/v2\/users\/13803"}],"replies":[{"embeddable":true,"href":"https:\/\/blogs.uni-bremen.de\/pladdenkiste\/wp-json\/wp\/v2\/comments?post=18"}],"version-history":[{"count":8,"href":"https:\/\/blogs.uni-bremen.de\/pladdenkiste\/wp-json\/wp\/v2\/pages\/18\/revisions"}],"predecessor-version":[{"id":51,"href":"https:\/\/blogs.uni-bremen.de\/pladdenkiste\/wp-json\/wp\/v2\/pages\/18\/revisions\/51"}],"wp:attachment":[{"href":"https:\/\/blogs.uni-bremen.de\/pladdenkiste\/wp-json\/wp\/v2\/media?parent=18"}],"curies":[{"name":"wp","href":"https:\/\/api.w.org\/{rel}","templated":true}]}}