{"id":8,"date":"2013-12-04T14:43:01","date_gmt":"2013-12-04T12:43:01","guid":{"rendered":"http:\/\/blogs.uni-bremen.de\/myuhb\/?page_id=8"},"modified":"2013-12-04T14:44:10","modified_gmt":"2013-12-04T12:44:10","slug":"disclaimer","status":"publish","type":"page","link":"https:\/\/blogs.uni-bremen.de\/myuhb\/disclaimer\/","title":{"rendered":"Disclaimer"},"content":{"rendered":"<p>Die Campus-App MyUHB ist eine Entwicklung des <a title=\"ZMML\" href=\"http:\/\/www.zmml.uni-bremen.de\" target=\"_blank\">Zentrums f\u00fcr Multimedia in der Lehre (ZMML)<\/a> der <a title=\"Universit\u00e4t Bremen\" href=\"http:\/\/www.uni-bremen.de\" target=\"_blank\">Universit\u00e4t Bremen<\/a>.<\/p>\n<p>Es gilt das <a title=\"Impressum\" href=\"http:\/\/www.uni-bremen.de\/impressum.html\" target=\"_blank\">Impressum der Universit\u00e4t Bremen<\/a> sowie die <a title=\"Datenschutz\" href=\"https:\/\/elearning.uni-bremen.de\/dispatch.php\/siteinfo\/show\/3\" target=\"_blank\">Datenschutz-<\/a> und <a title=\"Nutzungsbedingungen\" href=\"https:\/\/elearning.uni-bremen.de\/dispatch.php\/siteinfo\/show\/1\/7\" target=\"_blank\">Nutzungsbedingungen der zentralen Lernplattform<\/a> der Universit\u00e4t Bremen.<\/p>\n<p>&nbsp;<\/p>\n<p><strong>Entwicklerkontakt f\u00fcr die App:<\/strong><\/p>\n<p>Zentrum f\u00fcr Multimedia in der Lehre (ZMML)<\/p>\n<p>Jan Kulmann<\/p>\n<p>&#x6b;&#x75;&#x6c;&#x6d;&#97;&#110;&#110;&#64;zmm&#x6c;&#x2e;&#x75;&#x6e;&#x69;&#45;&#98;&#114;eme&#x6e;&#x2e;&#x64;&#x65;<\/p>\n<p>&nbsp;<\/p>\n<p><strong>Kontakt f\u00fcr die Lernplattform der Universit\u00e4t Bremen:<\/strong><\/p>\n<p>Zentrum f\u00fcr Multimedia in der Lehre (ZMML)<\/p>\n<p>&#x69;&#x6e;&#x66;&#111;&#64;el&#x65;&#x61;&#x72;&#110;&#105;ng&#x2e;&#x75;&#x6e;&#105;&#45;br&#x65;&#x6d;&#x65;&#110;&#46;de<\/p>\n<p>https:\/\/elearning.uni-bremen.de\/<\/p>\n","protected":false},"excerpt":{"rendered":"<p>Die Campus-App MyUHB ist eine Entwicklung des Zentrums f\u00fcr Multimedia in der Lehre (ZMML) der Universit\u00e4t Bremen. Es gilt das Impressum der Universit\u00e4t Bremen sowie die Datenschutz- und Nutzungsbedingungen der zentralen Lernplattform der Universit\u00e4t Bremen. &nbsp; Entwicklerkontakt f\u00fcr die App: &hellip; <a href=\"https:\/\/blogs.uni-bremen.de\/myuhb\/disclaimer\/\">Weiterlesen <span class=\"meta-nav\">&rarr;<\/span><\/a><\/p>\n","protected":false},"author":6,"featured_media":0,"parent":0,"menu_order":1,"comment_status":"open","ping_status":"open","template":"","meta":{"_bbp_topic_count":0,"_bbp_reply_count":0,"_bbp_total_topic_count":0,"_bbp_total_reply_count":0,"_bbp_voice_count":0,"_bbp_anonymous_reply_count":0,"_bbp_topic_count_hidden":0,"_bbp_reply_count_hidden":0,"_bbp_forum_subforum_count":0,"ngg_post_thumbnail":0,"footnotes":""},"class_list":["post-8","page","type-page","status-publish","hentry"],"_links":{"self":[{"href":"https:\/\/blogs.uni-bremen.de\/myuhb\/wp-json\/wp\/v2\/pages\/8","targetHints":{"allow":["GET"]}}],"collection":[{"href":"https:\/\/blogs.uni-bremen.de\/myuhb\/wp-json\/wp\/v2\/pages"}],"about":[{"href":"https:\/\/blogs.uni-bremen.de\/myuhb\/wp-json\/wp\/v2\/types\/page"}],"author":[{"embeddable":true,"href":"https:\/\/blogs.uni-bremen.de\/myuhb\/wp-json\/wp\/v2\/users\/6"}],"replies":[{"embeddable":true,"href":"https:\/\/blogs.uni-bremen.de\/myuhb\/wp-json\/wp\/v2\/comments?post=8"}],"version-history":[{"count":0,"href":"https:\/\/blogs.uni-bremen.de\/myuhb\/wp-json\/wp\/v2\/pages\/8\/revisions"}],"wp:attachment":[{"href":"https:\/\/blogs.uni-bremen.de\/myuhb\/wp-json\/wp\/v2\/media?parent=8"}],"curies":[{"name":"wp","href":"https:\/\/api.w.org\/{rel}","templated":true}]}}