{"id":2,"date":"2010-02-22T13:52:11","date_gmt":"2010-02-22T11:52:11","guid":{"rendered":"1807806445"},"modified":"2010-05-17T15:31:29","modified_gmt":"2010-05-17T13:31:29","slug":"ueber-das-seminar","status":"publish","type":"page","link":"https:\/\/blogs.uni-bremen.de\/mitmachnetz\/ueber-das-seminar\/","title":{"rendered":"\u00dcber das Seminar"},"content":{"rendered":"<p><a class=\"flickr-image alignright\" title=\"Studienalltag\" rel=\"flickr-mgr\" href=\"http:\/\/www.flickr.com\/photos\/pocait\/2235981139\/\"><img loading=\"lazy\" decoding=\"async\" class=\"flickr-medium alignright\" src=\"http:\/\/farm3.static.flickr.com\/2171\/2235981139_672b37b4a9_m.jpg\" alt=\"Studienalltag\" width=\"239\" height=\"237\" \/><\/a><\/p>\n<blockquote><p>Du schiebst immer wieder Aufgaben vor Dir her? Du versp\u00fcrst eine allgemeine M\u00fche und Unlust, die Arbeit aufzunehmen? Du wei\u00dft nicht wo Du anfangen sollst? Dich plagt st\u00e4ndig ein schlechtes Gewissen &#8222;Eigentlich sollte ich doch,&#8230;&#8220;?<\/p><\/blockquote>\n<blockquote><p>RSS, Twitter, Wikis, Social Bookmarking und Weblogs sind Fremdw\u00f6rter f\u00fcr Dich? Du wei\u00df nicht warum Du Dir einen Account bei Facebook oder StudiVZ anlegen solltest? Oder Du kennst diese Dinge zwar, kannst Dir aber nicht vorstellen, wie Du diese Werkzeuge jemals sinnvoll im Studium einsetzen k\u00f6nntest?<\/p><\/blockquote>\n<p>Dann ist dieses <strong>Selbstlernangebot <\/strong>genau das Richtige f\u00fcr Sie!<\/p>\n<p>Im Seminar &#8222;<strong>Studieren im Mitmachnetz<\/strong>&#8220; (SiM) werden Kompetenzen zum <strong>Einsatz digitaler Medien im Lernprozess<\/strong> vermittelt. Hierbei werden insbesondere die <strong>Werkzeuge des Web 2.0 <\/strong>(wie Weblogs, Wikis, RSS aber auch Podcasts) n\u00e4her beleuchtet, um deren Potential f\u00fcr ein <strong>erfolgreiches Studium<\/strong> aufzuzeigen. Die Facetten des <strong>mediengest\u00fctzten Lernens<\/strong> werden hierbei in ein ganzheitliches Konzept einer <strong>pers\u00f6nlichen Lern- und Arbeitsumgebung<\/strong> eingebettet. Hiermit erwerben Sie einen <strong>Mix an Methodenkompetenzen<\/strong>, um nicht nur im Studium hiervon zu profitieren, sondern um auch f\u00fcr einen <strong>lebenslangen Lernprozess<\/strong> ger\u00fcstet zu sein.<\/p>\n<h2>Ablauf und Aufwand<\/h2>\n<p>Unterteilt in <strong>sieben Module<\/strong> findet \u00fcber das <strong>Sommersemester<\/strong> (vom 6.4. bis 9.7.) verteilt ausschlie\u00dflich <strong>online<\/strong> die Vermittlung von Fachwissen \u00fcber <strong>didaktisch aufbereitete Lernvideos<\/strong> statt. Sammlungen von h\u00e4ufig aktualisierten weiterf\u00fchrenden <strong>Internetressourcen und Tutorials<\/strong> erg\u00e4nzen das <strong>Selbstlernangebot<\/strong>. Der Workload zum Durcharbeiten der Lernvideos liegt bei ca. 30 Stunden (1 CP). Zwei weitere Creditpoints im Umfang von 60 Stunden werden durch ein gleichzeitig stattfindendes <strong>Onlinepraktikum<\/strong> erworben. Dieses setzt sich aus der Bearbeitung von kleineren <strong>Aufgaben zur Auseinandersetzung mit den Themen<\/strong> und der <strong>Anwendung des Gelernten<\/strong> innerhalb eines <strong>selbst gew\u00e4hlten Lernprojektes<\/strong> zusammen. Das Lernprojekt k\u00f6nnte hierbei z.B. die Vorbereitung auf eine Klausur, das Erlernen oder Verbessern einer Fremdsprache, das Anfertigen einer Hausarbeit, oder, oder &#8230; sein, Sie selbst entscheiden! Wichtig ist nur, dass das Lernprojekt ausreichend Potential zur Bearbeitung \u00fcber ein gesamtes Semester von 14 Wochen bietet (also &#8222;Wie lege ich eine Tabelle in Word an?&#8220; w\u00fcrde nicht reichen, aber wie verwende ich Word um eine Hausarbeit zu erstellen schon). Die <strong>Dokumentation und Reflexion des Gelernten<\/strong> findet in einem pers\u00f6nlichen <strong>Weblog auf <a title=\"UniBremenlogs\" href=\"https:\/\/blogs.uni-bremen.de\/\">UniBremen<em>logs<\/em><\/a><\/strong> statt. Dieser kann hierbei als Start f\u00fcr ein eigenes <strong>ePortfolio<\/strong> genutzt werden.<\/p>\n<h2>Lernziele<\/h2>\n<p>Die Studierenden werden in der Lage sein, <strong>Grundregeln der  Medienkompetenz<\/strong> zu <strong>diskutieren<\/strong> und in ihrem Studium zu <strong> benutzen<\/strong>.<\/p>\n<p>Die Studierenden werden in der Lage sein, ihr <strong>Lernen selbst  zu organisieren<\/strong>, darin <strong>Web-Anwendungen<\/strong> zielorientiert zu<strong> implementieren<\/strong> und neue Werkzeuge hinsichtlich ihrer Tauglichkeit f\u00fcr das Studium zu  <strong>bewerten<\/strong>.<\/p>\n<p>Die Studierenden werden in der Lage sein, ihre eigenen <strong>Lerntechniken  und -strategien<\/strong> zu <strong>erkennen<\/strong>, sie hinsichtlich ihrer Eignung  f\u00fcr bestimmte Einsatzgebiete zu <strong>\u00fcberpr\u00fcfen<\/strong>, mit neuen <strong>anzureichern<\/strong> und  anschlie\u00dfend erfolgreich<strong> umzusetzen<\/strong>.<\/p>\n<h2>Inhalte<\/h2>\n<p><img decoding=\"async\" src=\"\/\/\/Users\/thbernhardt\/Library\/Caches\/TemporaryItems\/moz-screenshot.png\" alt=\"\" \/>Das Selbstlernangebot setzt sich aus sieben, aufeinander abgestimmte <strong>Module<\/strong> zusammen, die in einzelne <strong>Episoden<\/strong> unterteilt sind. F\u00fcr die Bearbeitung jedes Moduls stehen in der Zeit vom <strong><span style=\"text-decoration: line-through\">6. April<\/span> 12. April <\/strong>bis <strong>9. Juli<\/strong> jeweils zwei Wochen zur Verf\u00fcgung.<\/p>\n<p>Eine <strong>\u00dcbersicht <\/strong>finden Sie hier:<\/p>\n<table border=\"0\">\n<tbody>\n<tr style=\"text-align: center\">\n<td><strong>Kalenderwoche<\/strong><\/td>\n<td style=\"text-align: center\"><strong>Modul<\/strong><\/td>\n<td style=\"text-align: center\"><strong>Episoden<\/strong><\/td>\n<\/tr>\n<tr>\n<td style=\"text-align: center\">14-15<\/td>\n<td style=\"text-align: center\">Basics<\/td>\n<td style=\"text-align: center\">Organisatorisches, Web 2.0 &amp; E-Learning 2.0, PLE, &amp; Social Software<\/td>\n<\/tr>\n<tr>\n<td style=\"text-align: center\">16-17<\/td>\n<td style=\"text-align: center\">Socializing<\/td>\n<td style=\"text-align: center\">Online Communication, Social Networking &amp; Communities<\/td>\n<\/tr>\n<tr>\n<td style=\"text-align: center\">18-19<\/td>\n<td style=\"text-align: center\">Social Publishing<\/td>\n<td style=\"text-align: center\">Blogging, Microblogging, RSS &amp; Webtops<\/td>\n<\/tr>\n<tr>\n<td style=\"text-align: center\">20-21<\/td>\n<td style=\"text-align: center\">Getting Organized<\/td>\n<td style=\"text-align: center\">Projektplanung\u00a0 &amp; Getting Things Done<\/td>\n<\/tr>\n<tr>\n<td style=\"text-align: center\">22-23<\/td>\n<td style=\"text-align: center\">Information Processing<\/td>\n<td style=\"text-align: center\">Suchmaschinen, Folksonomy &amp; Literaturverwaltung<\/td>\n<\/tr>\n<tr>\n<td style=\"text-align: center\">24-25<\/td>\n<td style=\"text-align: center\">Content Production<\/td>\n<td style=\"text-align: center\">Text, Bild, Audio &amp; Video, Podcasting, Urheberrecht &amp; Datenschutz<\/td>\n<\/tr>\n<tr>\n<td style=\"text-align: center\">26-27<\/td>\n<td style=\"text-align: center\">Social Collaboration<\/td>\n<td style=\"text-align: center\">Wiki, Real Time Collaboration<\/td>\n<\/tr>\n<\/tbody>\n<\/table>\n<p><strong>Veranstalter<\/strong><br \/>\nProf. Dr. Karsten D. Wolf<br \/>\nUni Bremen, FB 12<br \/>\nErziehungs- und Bildungswissenschaften<br \/>\nE-Mail: &#x77;o&#x6c;&#102;&#64;&#x75;&#110;&#x69;&#x2d;b&#x72;&#101;m&#x65;&#110;&#x2e;&#100;e<\/p>\n<p><strong>Ansprechpartner<\/strong><br \/>\nThomas Bernhardt<br \/>\nE-Mail: &#116;h&#x2e;b&#x65;r&#x6e;h&#x61;r&#x64;t&#x40;&#117;&#x6e;&#105;&#x2d;&#98;&#x72;&#101;&#x6d;&#101;&#x6e;&#46;&#x64;&#101;<br \/>\nTel: 0421\/218-69141<br \/>\nSkype: thomas_bernhardt<\/p>\n<p style=\"text-align: right\">Foto: <a title=\"Attribution-NonCommercial-NoDerivs License\" rel=\"license\" href=\"http:\/\/creativecommons.org\/licenses\/by-nc-nd\/2.0\/\"><img decoding=\"async\" src=\"http:\/\/blogs.uni-bremen.de\/mitmachnetz\/wp-content\/plugins\/wordpress-flickr-manager\/images\/creative_commons_bw.gif\" alt=\"Attribution-NonCommercial-NoDerivs License\" \/><\/a> by <a href=\"http:\/\/www.flickr.com\/people\/21393555@N04\/\">rachel_titiriga<\/a><\/p>\n","protected":false},"excerpt":{"rendered":"<p>Du schiebst immer wieder Aufgaben vor Dir her? Du versp\u00fcrst eine allgemeine M\u00fche und Unlust, die Arbeit aufzunehmen? Du wei\u00dft nicht wo Du anfangen sollst? Dich plagt st\u00e4ndig ein schlechtes Gewissen &#8222;Eigentlich sollte ich doch,&#8230;&#8220;? RSS, Twitter, Wikis, Social Bookmarking &hellip; <a href=\"https:\/\/blogs.uni-bremen.de\/mitmachnetz\/ueber-das-seminar\/\">Weiterlesen <span class=\"meta-nav\">&rarr;<\/span><\/a><\/p>\n","protected":false},"author":31,"featured_media":0,"parent":0,"menu_order":5,"comment_status":"closed","ping_status":"closed","template":"","meta":{"_bbp_topic_count":0,"_bbp_reply_count":0,"_bbp_total_topic_count":0,"_bbp_total_reply_count":0,"_bbp_voice_count":0,"_bbp_anonymous_reply_count":0,"_bbp_topic_count_hidden":0,"_bbp_reply_count_hidden":0,"_bbp_forum_subforum_count":0,"footnotes":"","_links_to":"","_links_to_target":""},"class_list":["post-2","page","type-page","status-publish","hentry"],"_links":{"self":[{"href":"https:\/\/blogs.uni-bremen.de\/mitmachnetz\/wp-json\/wp\/v2\/pages\/2","targetHints":{"allow":["GET"]}}],"collection":[{"href":"https:\/\/blogs.uni-bremen.de\/mitmachnetz\/wp-json\/wp\/v2\/pages"}],"about":[{"href":"https:\/\/blogs.uni-bremen.de\/mitmachnetz\/wp-json\/wp\/v2\/types\/page"}],"author":[{"embeddable":true,"href":"https:\/\/blogs.uni-bremen.de\/mitmachnetz\/wp-json\/wp\/v2\/users\/31"}],"replies":[{"embeddable":true,"href":"https:\/\/blogs.uni-bremen.de\/mitmachnetz\/wp-json\/wp\/v2\/comments?post=2"}],"version-history":[{"count":1,"href":"https:\/\/blogs.uni-bremen.de\/mitmachnetz\/wp-json\/wp\/v2\/pages\/2\/revisions"}],"predecessor-version":[{"id":6,"href":"https:\/\/blogs.uni-bremen.de\/mitmachnetz\/wp-json\/wp\/v2\/pages\/2\/revisions\/6"}],"wp:attachment":[{"href":"https:\/\/blogs.uni-bremen.de\/mitmachnetz\/wp-json\/wp\/v2\/media?parent=2"}],"curies":[{"name":"wp","href":"https:\/\/api.w.org\/{rel}","templated":true}]}}