{"id":6,"date":"2024-05-14T13:04:54","date_gmt":"2024-05-14T11:04:54","guid":{"rendered":"https:\/\/blogs.uni-bremen.de\/mitappsunterrichten\/?page_id=6"},"modified":"2024-05-14T13:20:08","modified_gmt":"2024-05-14T11:20:08","slug":"start","status":"publish","type":"page","link":"https:\/\/blogs.uni-bremen.de\/mitappsunterrichten\/","title":{"rendered":"Start"},"content":{"rendered":"<p>Herzlich willkommen auf der Website <strong>Mit Apps unterrichten!<\/strong><\/p>\n<p>Auf den folgenden Seiten finden Sie <strong>fertig ausgearbeitete Unterrichtsentw\u00fcrfe <\/strong>inkl. <em>Verlaufspl\u00e4nen<\/em>, welche passend zu den <strong>Bildungspl\u00e4nen<\/strong> in Bremen von studentischen Teams an der Universit\u00e4t Bremen entwickelt worden sind. <strong>Ausgangspunkt<\/strong> ist jeweils eine spezifische <strong>iPad-App<\/strong> und ein <strong>Bildungsziel<\/strong>. Sie k\u00f6nnen diese &#8222;Anleitungen&#8220; entweder solo oder zusammen mit Kolleginnen und Kollegen gemeinsam erkunden und dann <strong>direkt in Ihrem Unterricht einsetzen!<\/strong> Viel Spa\u00df dabei!<\/p>\n","protected":false},"excerpt":{"rendered":"<p>Herzlich willkommen auf der Website Mit Apps unterrichten! Auf den folgenden Seiten finden Sie fertig ausgearbeitete Unterrichtsentw\u00fcrfe inkl. Verlaufspl\u00e4nen, welche passend zu den Bildungspl\u00e4nen in Bremen von studentischen Teams an der Universit\u00e4t Bremen entwickelt worden sind. Ausgangspunkt ist jeweils eine spezifische iPad-App und ein Bildungsziel. Sie k\u00f6nnen diese &#8222;Anleitungen&#8220; entweder solo oder zusammen mit Kolleginnen [&hellip;]<\/p>\n","protected":false},"author":31,"featured_media":0,"parent":0,"menu_order":0,"comment_status":"closed","ping_status":"closed","template":"","meta":{"_bbp_topic_count":0,"_bbp_reply_count":0,"_bbp_total_topic_count":0,"_bbp_total_reply_count":0,"_bbp_voice_count":0,"_bbp_anonymous_reply_count":0,"_bbp_topic_count_hidden":0,"_bbp_reply_count_hidden":0,"_bbp_forum_subforum_count":0,"footnotes":""},"class_list":["post-6","page","type-page","status-publish","hentry"],"_links":{"self":[{"href":"https:\/\/blogs.uni-bremen.de\/mitappsunterrichten\/wp-json\/wp\/v2\/pages\/6","targetHints":{"allow":["GET"]}}],"collection":[{"href":"https:\/\/blogs.uni-bremen.de\/mitappsunterrichten\/wp-json\/wp\/v2\/pages"}],"about":[{"href":"https:\/\/blogs.uni-bremen.de\/mitappsunterrichten\/wp-json\/wp\/v2\/types\/page"}],"author":[{"embeddable":true,"href":"https:\/\/blogs.uni-bremen.de\/mitappsunterrichten\/wp-json\/wp\/v2\/users\/31"}],"replies":[{"embeddable":true,"href":"https:\/\/blogs.uni-bremen.de\/mitappsunterrichten\/wp-json\/wp\/v2\/comments?post=6"}],"version-history":[{"count":3,"href":"https:\/\/blogs.uni-bremen.de\/mitappsunterrichten\/wp-json\/wp\/v2\/pages\/6\/revisions"}],"predecessor-version":[{"id":22,"href":"https:\/\/blogs.uni-bremen.de\/mitappsunterrichten\/wp-json\/wp\/v2\/pages\/6\/revisions\/22"}],"wp:attachment":[{"href":"https:\/\/blogs.uni-bremen.de\/mitappsunterrichten\/wp-json\/wp\/v2\/media?parent=6"}],"curies":[{"name":"wp","href":"https:\/\/api.w.org\/{rel}","templated":true}]}}