{"id":75,"date":"2021-07-03T16:20:26","date_gmt":"2021-07-03T14:20:26","guid":{"rendered":"https:\/\/blogs.uni-bremen.de\/medienpraxis\/?page_id=75"},"modified":"2026-04-11T18:58:27","modified_gmt":"2026-04-11T16:58:27","slug":"mpw","status":"publish","type":"page","link":"https:\/\/blogs.uni-bremen.de\/medienpraxis\/mpw\/","title":{"rendered":"Media Practice Day"},"content":{"rendered":"<p><strong>Du studierst Medien-, Kultur- oder Kommunikationswissenschaften und fragst dich, wie der Einstieg in die Medienpraxis aussehen kann?<\/strong><\/p>\n<p>Dann ist <strong>Moin Media Practice<\/strong> genau das Richtige f\u00fcr dich!<\/p>\n<h4>\u203c\ufe0fDie Touren sind ausgebucht, aber kommt gerne zur Abendveranstaltung\u203c\ufe0f<\/h4>\n<h6>Aftershowparty in der Lemon Lounge<\/h6>\n<p>Ab 18:00 Uhr kommen alle Studies im der Lemon Lounge zusammen. Bei Pizza und Drinks k\u00f6nnt ihr euch austauschen, Fragen stellen und habt mit <a href=\"https:\/\/www.instagram.com\/moritzboecalleneu?igsh=dWh0OGQ5bG1neng3\">DJ Moritz Boe<\/a> den perfekten Abschluss eines intensiven Medientages. Euch erwartet eine Tombola mit tollen Preisen. Bringt gerne Freunde mit!<\/p>\n<p>Was dich erwartet:<\/p>\n<p>Bei Moin Media Practice bekommst du am <strong>15. April 2026<\/strong> die M\u00f6glichkeit, drei verschiedene Medienunternehmen in Bremen kennenzulernen. Vor Ort erh\u00e4ltst du exklusive Einblicke in den Arbeitsalltag, kannst Fragen stellen und direkt mit Medienprofis ins Gespr\u00e4ch kommen.<\/p>\n<h3><span style=\"font-size: 14pt\"><strong>Zur Anmeldung und genaueren Informationen zu den Touren, klicke <a href=\"https:\/\/docs.google.com\/forms\/d\/e\/1FAIpQLScrhkJX36HtgINOVb2hD3TzGdWv49IRcuIdic4l3SQidyEgmA\/viewform\">hier<\/a>!<\/strong><\/span><\/h3>\n<p><span style=\"font-size: 14pt\"><strong>TOUREN:\u00a0<\/strong><\/span><\/p>\n<p>Um <strong>12:30 Uhr<\/strong> starten drei parallel stattfindende Touren, die Einblicke in unterschiedliche Unternehmen und Arbeitsfelder in Bremen erm\u00f6glichen.<\/p>\n<h6><span style=\"font-size: 14pt\">Tour 1: \u00a0Behind the Scenes &#8211; Sport, Film &amp; TV<\/span><\/h6>\n<p>Von Werder Bremen \u00fcber das Filmb\u00fcro Bremen bis zu RTL Nord: Erlebt, wie Sportkommunikation, Filmf\u00f6rderung und TV-Produktion funktionieren \u2013 vom Event \u00fcber die Idee bis zur Sendung.<\/p>\n<h6><span style=\"font-size: 14pt\">Tour 2: B\u00fchne, Beats &amp; Brand Stories<\/span><\/h6>\n<p>Ein Blick hinter die Kulissen von Theater Bremen, Energy Bremen und bremen online: Von kreativer B\u00fchnenproduktion \u00fcber Radio &amp; Social Media bis zu Stadtmarketing und digitaler Kommunikation.<\/p>\n<h6><span style=\"font-size: 14pt\">Tour 3: Events, Entertainment &amp; Audiowellen<\/span><\/h6>\n<p>Mit M3B GmbH, Metropol Theater und Radio Bremen \u2013 Bremen Vier: Erfahrt, wie Gro\u00dfevents, Shows und Radioprogramme geplant, produziert und erfolgreich umgesetzt werden.<\/p>\n<p><em><strong>Alle Touren bieten die M\u00f6glichkeit, hinter die Kulissen zu schauen, Fragen zu stellen und einen authentischen Eindruck vom Arbeitsalltag der jeweiligen Unternehmen und Einrichtungen zu gewinnen.<\/strong><\/em><\/p>\n<p>Schnell sein lohnt sich! <span style=\"font-size: 1.1em\">Die Pl\u00e4tze sind begrenzt.<\/span><\/p>\n<figure id=\"attachment_4714\" aria-describedby=\"caption-attachment-4714\" style=\"width: 924px\" class=\"wp-caption alignnone\"><img loading=\"lazy\" decoding=\"async\" class=\"wp-image-4714 size-full\" src=\"https:\/\/blogs.uni-bremen.de\/medienpraxis\/files\/IMG_1219.jpeg\" alt=\"\" width=\"924\" height=\"587\" srcset=\"https:\/\/blogs.uni-bremen.de\/medienpraxis\/files\/IMG_1219.jpeg 924w, https:\/\/blogs.uni-bremen.de\/medienpraxis\/files\/IMG_1219-300x191.jpeg 300w, https:\/\/blogs.uni-bremen.de\/medienpraxis\/files\/IMG_1219-768x488.jpeg 768w\" sizes=\"(max-width: 924px) 100vw, 924px\" \/><figcaption id=\"caption-attachment-4714\" class=\"wp-caption-text\">Screenshot<\/figcaption><\/figure>\n","protected":false},"excerpt":{"rendered":"<p>Du studierst Medien-, Kultur- oder Kommunikationswissenschaften und fragst dich, wie der Einstieg in die Medienpraxis aussehen kann? Dann ist Moin Media Practice genau das Richtige f\u00fcr dich! \u203c\ufe0fDie Touren sind ausgebucht, aber kommt gerne zur Abendveranstaltung\u203c\ufe0f Aftershowparty in &hellip; <\/p>\n<div class=\"more-link-wrapper\"><a href=\"https:\/\/blogs.uni-bremen.de\/medienpraxis\/mpw\/\" class=\"more-link\">Continue reading<span class=\"screen-reader-text\"> &#8222;Media Practice Day&#8220;<\/span><\/a><\/div>\n","protected":false},"author":13291,"featured_media":0,"parent":0,"menu_order":0,"comment_status":"closed","ping_status":"closed","template":"","meta":{"_bbp_topic_count":0,"_bbp_reply_count":0,"_bbp_total_topic_count":0,"_bbp_total_reply_count":0,"_bbp_voice_count":0,"_bbp_anonymous_reply_count":0,"_bbp_topic_count_hidden":0,"_bbp_reply_count_hidden":0,"_bbp_forum_subforum_count":0,"_et_pb_use_builder":"off","_et_pb_old_content":"","_et_gb_content_width":"","footnotes":""},"class_list":["post-75","page","type-page","status-publish","hentry"],"_links":{"self":[{"href":"https:\/\/blogs.uni-bremen.de\/medienpraxis\/wp-json\/wp\/v2\/pages\/75","targetHints":{"allow":["GET"]}}],"collection":[{"href":"https:\/\/blogs.uni-bremen.de\/medienpraxis\/wp-json\/wp\/v2\/pages"}],"about":[{"href":"https:\/\/blogs.uni-bremen.de\/medienpraxis\/wp-json\/wp\/v2\/types\/page"}],"author":[{"embeddable":true,"href":"https:\/\/blogs.uni-bremen.de\/medienpraxis\/wp-json\/wp\/v2\/users\/13291"}],"replies":[{"embeddable":true,"href":"https:\/\/blogs.uni-bremen.de\/medienpraxis\/wp-json\/wp\/v2\/comments?post=75"}],"version-history":[{"count":16,"href":"https:\/\/blogs.uni-bremen.de\/medienpraxis\/wp-json\/wp\/v2\/pages\/75\/revisions"}],"predecessor-version":[{"id":4678,"href":"https:\/\/blogs.uni-bremen.de\/medienpraxis\/wp-json\/wp\/v2\/pages\/75\/revisions\/4678"}],"wp:attachment":[{"href":"https:\/\/blogs.uni-bremen.de\/medienpraxis\/wp-json\/wp\/v2\/media?parent=75"}],"curies":[{"name":"wp","href":"https:\/\/api.w.org\/{rel}","templated":true}]}}