{"id":4524,"date":"2025-08-20T23:26:16","date_gmt":"2025-08-20T21:26:16","guid":{"rendered":"https:\/\/blogs.uni-bremen.de\/medienpraxis\/?page_id=4524"},"modified":"2025-08-20T23:26:16","modified_gmt":"2025-08-20T21:26:16","slug":"kmw-11b","status":"publish","type":"page","link":"https:\/\/blogs.uni-bremen.de\/medienpraxis\/kmw-11b\/","title":{"rendered":"Praktikumsvorbereitung KMW11b"},"content":{"rendered":"<p>[et_pb_section fb_built=&#8220;1&#8243; _builder_version=&#8220;4.16&#8243; _module_preset=&#8220;default&#8220; global_colors_info=&#8220;{}&#8220;][et_pb_row _builder_version=&#8220;4.16&#8243; _module_preset=&#8220;default&#8220; global_colors_info=&#8220;{}&#8220;][et_pb_column type=&#8220;4_4&#8243; _builder_version=&#8220;4.16&#8243; _module_preset=&#8220;default&#8220; global_colors_info=&#8220;{}&#8220;][et_pb_text admin_label=&#8220;Text&#8220; _builder_version=&#8220;4.27.4&#8243; _module_preset=&#8220;default&#8220; hover_enabled=&#8220;0&#8243; global_colors_info=&#8220;{}&#8220; sticky_enabled=&#8220;0&#8243;]<\/p>\n<p>Das Seminar KMW11b: Praxisvorbereitung und Reflexion &#8211; Fachwissenschaftliche Ausarbeitung erg\u00e4nzt die Praktikumsvorbereitung (KMW11a) und erm\u00f6glicht eine vertiefte fachliche Auseinandersetzung. Im Mittelpunkt steht die Anwendung kommunikations- und medienwissenschaftlicher Theorien und Modelle auf konkrete Praxisfelder. Die Themen k\u00f6nnen je nach Semester variieren und sind h\u00e4ufig an aktuelle Forschungs- oder Praxisprojekte der Lehrenden angelehnt.<\/p>\n<p>Ziel des Moduls ist es, theoretisches Wissen kritisch zu reflektieren und auf berufspraktische Kontexte zu \u00fcbertragen. Die Studierenden erweitern dabei ihre analytischen F\u00e4higkeiten, lernen gruppendynamische Prozesse zu verstehen und entwickeln Strategien, um Probleme gemeinsam zu l\u00f6sen. Erg\u00e4nzend werden Pr\u00e4sentations- und Projektmanagement-Kompetenzen geschult, die in einem Portfolio dokumentiert werden. Die Hausarbeit bildet die abschlie\u00dfende Pr\u00fcfungsleistung.<\/p>\n<p>Das Modul umfasst ein Seminar (2 SWS) und vergibt 6 CP. Es verbindet wissenschaftliche Vertiefung mit praxisnaher Reflexion und schlie\u00dft mit einer benoteten Pr\u00fcfungsleistung ab.<\/p>\n<p>[\/et_pb_text][et_pb_divider _builder_version=&#8220;4.27.4&#8243; _module_preset=&#8220;default&#8220; hover_enabled=&#8220;0&#8243; sticky_enabled=&#8220;0&#8243;][\/et_pb_divider][et_pb_heading _builder_version=&#8220;4.27.4&#8243; _module_preset=&#8220;default&#8220; hover_enabled=&#8220;0&#8243; sticky_enabled=&#8220;0&#8243; title=&#8220;<\/p>\n<h5><span><strong>H\u00e4ufig gestellte Fragen<\/strong><\/span><\/h5>\n<p>&#8222;][\/et_pb_heading][et_pb_accordion open_toggle_text_color=&#8220;#007bb5&#8243; closed_toggle_text_color=&#8220;#007bb5&#8243; admin_label=&#8220;Akkordeon&#8220; _builder_version=&#8220;4.27.4&#8243; _module_preset=&#8220;default&#8220; hover_enabled=&#8220;0&#8243; global_colors_info=&#8220;{}&#8220; sticky_enabled=&#8220;0&#8243;][et_pb_accordion_item title=&#8220;Woraus besteht das Modul KMW11b?&#8220; open=&#8220;on&#8220; _builder_version=&#8220;4.27.4&#8243; _module_preset=&#8220;default&#8220; hover_enabled=&#8220;0&#8243; global_colors_info=&#8220;{}&#8220; sticky_enabled=&#8220;0&#8243;]<\/p>\n<p>Aus einem Seminar mit 2 SWS (54 h Vor- und Nachbereitung, 98 h Pr\u00fcfungsvorbereitung).<\/p>\n<p>[\/et_pb_accordion_item][et_pb_accordion_item title=&#8220;Wie viele CP gibt es?&#8220; _builder_version=&#8220;4.27.4&#8243; _module_preset=&#8220;default&#8220; hover_enabled=&#8220;0&#8243; global_colors_info=&#8220;{}&#8220; open=&#8220;off&#8220; sticky_enabled=&#8220;0&#8243;]<\/p>\n<p>Das Seminar gibt 6CP.<\/p>\n<p>[\/et_pb_accordion_item][et_pb_accordion_item _builder_version=&#8220;4.27.4&#8243; _module_preset=&#8220;default&#8220; title=&#8220;Welche Voraussetzungen sollte ich mitbringen?&#8220;]<\/p>\n<p>Empfohlen sind die Grundlagenmodule KMW1, KMW3 und KMW6 \u2013 Pflicht sind sie jedoch nicht.<\/p>\n<p>[\/et_pb_accordion_item][et_pb_accordion_item _builder_version=&#8220;4.27.4&#8243; _module_preset=&#8220;default&#8220; title=&#8220;Wann wird das Modul angeboten und wie lange dauert es?&#8220; hover_enabled=&#8220;0&#8243; sticky_enabled=&#8220;0&#8243;]<\/p>\n<p>Das Seminar findet jedes Semester statt und dauert ein Semester.<\/p>\n<p>[\/et_pb_accordion_item][et_pb_accordion_item title=&#8220;Was ist die Studienleistung und die Pr\u00fcfungsleistung?&#8220; _builder_version=&#8220;4.27.4&#8243; _module_preset=&#8220;default&#8220; hover_enabled=&#8220;0&#8243; global_colors_info=&#8220;{}&#8220; open=&#8220;off&#8220; sticky_enabled=&#8220;0&#8243;]<\/p>\n<p>Das Modul umfasst zwei Teile: Ein Portfolio (unbenotet) und eine Hausarbeit (benotet). <\/p>\n<p>[\/et_pb_accordion_item][et_pb_accordion_item _builder_version=&#8220;4.27.4&#8243; _module_preset=&#8220;default&#8220; title=&#8220;Muss man sich bei PABO anmelden?&#8220; hover_enabled=&#8220;0&#8243; sticky_enabled=&#8220;0&#8243;]<\/p>\n<p>Ja, man muss sich f\u00fcr das Modul bei PABO anmelden.<\/p>\n<p>[\/et_pb_accordion_item][\/et_pb_accordion][\/et_pb_column][\/et_pb_row][\/et_pb_section]<\/p>\n","protected":false},"excerpt":{"rendered":"<p>Das Seminar KMW11b:&#8230;<\/p>\n","protected":false},"author":16604,"featured_media":0,"parent":0,"menu_order":0,"comment_status":"closed","ping_status":"closed","template":"","meta":{"_bbp_topic_count":0,"_bbp_reply_count":0,"_bbp_total_topic_count":0,"_bbp_total_reply_count":0,"_bbp_voice_count":0,"_bbp_anonymous_reply_count":0,"_bbp_topic_count_hidden":0,"_bbp_reply_count_hidden":0,"_bbp_forum_subforum_count":0,"_et_pb_use_builder":"on","_et_pb_old_content":"","_et_gb_content_width":"","footnotes":""},"class_list":["post-4524","page","type-page","status-publish","hentry"],"_links":{"self":[{"href":"https:\/\/blogs.uni-bremen.de\/medienpraxis\/wp-json\/wp\/v2\/pages\/4524","targetHints":{"allow":["GET"]}}],"collection":[{"href":"https:\/\/blogs.uni-bremen.de\/medienpraxis\/wp-json\/wp\/v2\/pages"}],"about":[{"href":"https:\/\/blogs.uni-bremen.de\/medienpraxis\/wp-json\/wp\/v2\/types\/page"}],"author":[{"embeddable":true,"href":"https:\/\/blogs.uni-bremen.de\/medienpraxis\/wp-json\/wp\/v2\/users\/16604"}],"replies":[{"embeddable":true,"href":"https:\/\/blogs.uni-bremen.de\/medienpraxis\/wp-json\/wp\/v2\/comments?post=4524"}],"version-history":[{"count":4,"href":"https:\/\/blogs.uni-bremen.de\/medienpraxis\/wp-json\/wp\/v2\/pages\/4524\/revisions"}],"predecessor-version":[{"id":4560,"href":"https:\/\/blogs.uni-bremen.de\/medienpraxis\/wp-json\/wp\/v2\/pages\/4524\/revisions\/4560"}],"wp:attachment":[{"href":"https:\/\/blogs.uni-bremen.de\/medienpraxis\/wp-json\/wp\/v2\/media?parent=4524"}],"curies":[{"name":"wp","href":"https:\/\/api.w.org\/{rel}","templated":true}]}}