{"id":452,"date":"2021-07-06T11:36:54","date_gmt":"2021-07-06T09:36:54","guid":{"rendered":"https:\/\/blogs.uni-bremen.de\/medienpraxis\/?page_id=452"},"modified":"2025-08-21T09:49:00","modified_gmt":"2025-08-21T07:49:00","slug":"startseite","status":"publish","type":"page","link":"https:\/\/blogs.uni-bremen.de\/medienpraxis\/","title":{"rendered":"Medienpraxis im Studium"},"content":{"rendered":"<p>[et_pb_section fb_built=&#8220;1&#8243; admin_label=&#8220;Neu&#8220; _builder_version=&#8220;4.27.4&#8243; _module_preset=&#8220;default&#8220; global_colors_info=&#8220;{}&#8220;][et_pb_row column_structure=&#8220;1_2,1_2&#8243; _builder_version=&#8220;4.27.4&#8243; _module_preset=&#8220;default&#8220; global_colors_info=&#8220;{}&#8220;][et_pb_column type=&#8220;1_2&#8243; _builder_version=&#8220;4.27.4&#8243; _module_preset=&#8220;default&#8220; global_colors_info=&#8220;{}&#8220;][et_pb_text _builder_version=&#8220;4.27.4&#8243; _module_preset=&#8220;default&#8220; global_colors_info=&#8220;{}&#8220;]<\/p>\n<p>Die Medienpraxis ist ein zentraler Bestandteil der kommunikations- und medienwissenschaftlichen Studieng\u00e4nge an der Universit\u00e4t Bremen. Das ZeMKI bietet praxisnahe Lehrformate, die gezielt auf die digitale Medienwelt vorbereiten.<\/p>\n<p>Ob Medienproduktion, Eventorganisation oder Kooperationen mit regionalen Partner:innen: In Seminaren und Praktika sammeln Studierende wertvolle Erfahrungen und erste Branchenkontakte. Lehrbeauftragte aus der Praxis bringen aktuelles Know-how direkt in die Lehre ein.<\/p>\n<p>Verankert ist die Medienpraxis im Bachelor Kommunikations- und Medienwissenschaft (mit Schwerpunktoption), im Master Digital Media and Society sowie im Master Media and Public Engagement.<\/p>\n<p>[\/et_pb_text][\/et_pb_column][et_pb_column type=&#8220;1_2&#8243; _builder_version=&#8220;4.27.4&#8243; _module_preset=&#8220;default&#8220; global_colors_info=&#8220;{}&#8220;][et_pb_text _builder_version=&#8220;4.27.4&#8243; _module_preset=&#8220;default&#8220; global_colors_info=&#8220;{}&#8220;]<\/p>\n<h5><span style=\"font-size: x-large\"><strong>Was euch hier auf dem Blog erwartet:<\/strong><\/span><\/h5>\n<ul>\n<li>\u00dcbersicht zu aktuellen Medienpraktika<\/li>\n<li>Infos zu Events wie der j\u00e4hrlichen Media Practice Week<\/li>\n<li>\u00dcberblick zu den Medienpraxisseminaren in den Studieng\u00e4ngen<\/li>\n<li>Praxisstimmen und Erfahrungsberichte zu Praktika<\/li>\n<li>Kontakte zu Unternehmen der Medien- und Kommunikationsbranche<\/li>\n<\/ul>\n<p>[\/et_pb_text][\/et_pb_column][\/et_pb_row][et_pb_row _builder_version=&#8220;4.27.4&#8243; _module_preset=&#8220;default&#8220; global_colors_info=&#8220;{}&#8220;][et_pb_column type=&#8220;4_4&#8243; _builder_version=&#8220;4.27.4&#8243; _module_preset=&#8220;default&#8220; global_colors_info=&#8220;{}&#8220;][et_pb_text _builder_version=&#8220;4.27.4&#8243; _module_preset=&#8220;default&#8220; global_colors_info=&#8220;{}&#8220;]<\/p>\n<h5><span style=\"font-size: x-large\"><strong>Praxisseminare<\/strong><\/span><\/h5>\n<p>Die Praxisseminare im Modul <a href=\"https:\/\/blogs.uni-bremen.de\/medienpraxis\/praxisseminare-kmw6c2\/\" target=\"_blank\">KMW6<\/a> m\u00fcssen innerhalb der beiden Schwerpunkte im Profilfach sowie im Komplement\u00e4rfach als Pflichtbereich belegt werden. Es sind insgesamt 6 CP zu erwerben, die in der Regel mit zwei Seminaren zu je 3 CP erworben werden.<br \/>\nIn den Masterstudieng\u00e4ngen sind die Praxisseminare als Modul <a href=\"https:\/\/blogs.uni-bremen.de\/medienpraxis\/praxisseminare-kmw6c2\/\" target=\"_blank\">C.2<\/a> im Wahlpflichtbereich gekennzeichnet. Es sind insgesamt 9 CP zu erwerben, die in der Regel mit drei Seminaren zu je 3 CP erworben werden. Die Praxisseminare sind immer mit einer benoteten Pr\u00fcfungsleistung abzuschlie\u00dfen. Au\u00dferdem gilt in den Seminaren eine Anwesenheitspflicht.<\/p>\n<p>[\/et_pb_text][et_pb_divider _builder_version=&#8220;4.27.4&#8243; _module_preset=&#8220;default&#8220; show_divider=&#8220;off&#8220; hover_enabled=&#8220;0&#8243; sticky_enabled=&#8220;0&#8243;][\/et_pb_divider][et_pb_text _builder_version=&#8220;4.27.4&#8243; _module_preset=&#8220;default&#8220; global_colors_info=&#8220;{}&#8220;]<\/p>\n<h5><span style=\"font-size: x-large\"><strong>Medienpraktika<\/strong><\/span><\/h5>\n<p>Das Praktikum im Modul <a href=\"https:\/\/blogs.uni-bremen.de\/medienpraxis\/kmw15\/\" target=\"_blank\">KMW15<\/a> ist als Pflichtbereich des Studiums im Profilfach des Bachelorstudienganges vorgesehen. Es sind insgesamt 9 CP zu erwerben. Das Praktikum <a href=\"https:\/\/blogs.uni-bremen.de\/medienpraxis\/c-1\/\" target=\"_blank\">C.1<\/a> ist in den beiden Masterstudieng\u00e4ngen ein Wahlpflichtbereich. Es sind insgesamt 9 CP zu erwerben. Es ist mit einer unbenoteten Studienleistung abzuschlie\u00dfen.<br \/>\nDas Praxissemester <a href=\"https:\/\/blogs.uni-bremen.de\/medienpraxis\/kmw12\/\" target=\"_blank\">KMW12<\/a> (inkl. Praxisbegleitseminar) ist nur f\u00fcr das Profilfach im Schwerpunkt Medienpraxis des Bachelorstudienganges verpflichtend. Es sind insgesamt 18 CP zu erwerben. Es ist mit einer unbenoteten Studienleistung abzuschlie\u00dfen.<br \/>\nIn bestimmten F\u00e4llen k\u00f6nnen berufliche <a href=\"https:\/\/blogs.uni-bremen.de\/medienpraxis\/nebentaetigkeit\/\" target=\"_blank\">Nebent\u00e4tigkeiten<\/a> oder au\u00dferuniversit\u00e4re Praxisprojekte unter bestimmten Voraussetzungen auf die CP-Anforderungen der Medienpraktika angerechnet werden. Die Anerkennung muss vorab mit der Modulverantwortlichen abgestimmt werden.<\/p>\n<p>[\/et_pb_text][et_pb_divider _builder_version=&#8220;4.27.4&#8243; _module_preset=&#8220;default&#8220; show_divider=&#8220;off&#8220; hover_enabled=&#8220;0&#8243; sticky_enabled=&#8220;0&#8243;][\/et_pb_divider][et_pb_text _builder_version=&#8220;4.27.4&#8243; _module_preset=&#8220;default&#8220; global_colors_info=&#8220;{}&#8220;]<\/p>\n<h5><span style=\"font-size: x-large\"><strong>Praxisvorbereitung und Reflexion<\/strong><\/span><\/h5>\n<p>\nDas Modul KMW 11 umfasst zwei Teile: <\/p>\n<ul>\n<li><a href=\"https:\/\/blogs.uni-bremen.de\/medienpraxis\/kmw11a\/\" target=\"_blank\">KMW11a<\/a> \u2013 Praxisvorbereitung und Reflexion: Praktikumsvorbereitung<br \/>\n  Dieses Seminar dient der inhaltlichen und organisatorischen Vorbereitung des Pflichtpraktikums. Es unterst\u00fctzt bei der Planung, Bewerbung und Reflexion der eigenen Praxisphase.<\/li>\n<li><a href=\"https:\/\/blogs.uni-bremen.de\/medienpraxis\/kmw-11b\/\" target=\"_blank\">KMW11b<\/a> \u2013 Praxisvorbereitung und Reflexion: Fachwissenschaftliche Ausarbeitung<br \/>\n  Hier erfolgt eine vertiefte Auseinandersetzung mit den im Praktikum gemachten Erfahrungen. Studierende erstellen eine fachwissenschaftliche Ausarbeitung, die das Praktikum theoretisch reflektiert.<\/li>\n<\/ul>\n<p>Beide Teile sind verpflichtend und zusammen auf 6 CP ausgelegt.<\/p>\n<p>[\/et_pb_text][et_pb_divider _builder_version=&#8220;4.27.4&#8243; _module_preset=&#8220;default&#8220; global_colors_info=&#8220;{}&#8220;][\/et_pb_divider][et_pb_text _builder_version=&#8220;4.27.4&#8243; _module_preset=&#8220;default&#8220; global_colors_info=&#8220;{}&#8220;]<\/p>\n<p><em>Hinweis: In \u00e4lteren Pr\u00fcfungsordnungen wurde das Modul KMW12 als \u201eM10b\u201c, das Modul KMW6 als M7 und das Modul KMW15 als \u201eGSd\u201c bezeichnet.<\/em><\/p>\n<p>[\/et_pb_text][\/et_pb_column][\/et_pb_row][\/et_pb_section]<\/p>\n","protected":false},"excerpt":{"rendered":"<p>Die Medienpraxis ist ein zentraler&#8230;<\/p>\n","protected":false},"author":13291,"featured_media":0,"parent":0,"menu_order":0,"comment_status":"closed","ping_status":"closed","template":"","meta":{"_bbp_topic_count":0,"_bbp_reply_count":0,"_bbp_total_topic_count":0,"_bbp_total_reply_count":0,"_bbp_voice_count":0,"_bbp_anonymous_reply_count":0,"_bbp_topic_count_hidden":0,"_bbp_reply_count_hidden":0,"_bbp_forum_subforum_count":0,"_et_pb_use_builder":"on","_et_pb_old_content":"<span style=\"font-family: helvetica, arial, sans-serif\">Praxiserfahrungen schon w\u00e4hrend des Studiums zu sammeln, ist ein wichtiger Bestandteil der kommunikations- und medienwissenschaftlichen Studieng\u00e4nge an der Universit\u00e4t Bremen. Auf dieser Internetseite findet ihr a<\/span><span style=\"font-family: helvetica, arial, sans-serif\">ktuelle<strong> Informationen<\/strong> <\/span><span style=\"font-family: helvetica, arial, sans-serif\">rund um den Bereich der Medienpraxis im kommunikations- und medienwissenschaftlichen Studium sowie zu den Praktika und Medienpraxisseminaren. Zudem findet ihr weitere Infos zu aktuellen Informationsangeboten sowie Unternehmen und Stellenangeboten der Medien- und Kommunikationsbranche.<\/span>\r\n\r\n<span style=\"font-family: helvetica, arial, sans-serif\">An der Universit\u00e4t Bremen kann der <span style=\"color: #000000\"><strong>Bachelorstudiengang Kommunikations- und Medienwissenschaft (KMW)<\/strong> entweder im Profil- oder Komplement\u00e4rfach studiert werden. Innerhalb des Profilfachs entscheidet ihr euch im sp\u00e4teren Verlauf des Studiums f\u00fcr einen Schwerpunkt, welcher entweder die <strong>Medienpraxis\u00a0<\/strong>oder die\u00a0<strong>Medienanalyse<\/strong> vertieft. Auch im deutschsprachigen Masterstudiengang <\/span><\/span><span style=\"font-family: helvetica, arial, sans-serif\"><span style=\"color: #000000\"><strong>Medienkultur und Globalisierung<\/strong> (MKG) sowie dem englischsprachigen Masterstudiengang <strong>Digital Media and Society (DMS) <\/strong>ist Medienpraxis im Wahlbereich integriert.<\/span><\/span>\r\n\r\n<span style=\"font-family: helvetica, arial, sans-serif\">Im <strong>Bachelorstudiengang Kommunikations- und Medienwissenschaft (KMW)<\/strong> fallen insbesondere die Module GSd (Praktikum) und M7 (Praxisseminare) sowie im Falle der Wahl des Profilfachschwerpunkts Medienpraxis die Module M10a (Praxisvorbereitungsseminar) und M10b (Praxissemester) in den Bereich der medienpraktischen Kenntnisse. In den Masterstudieng\u00e4ngen Medienkultur und Globalisierung (MKG) und Digital Media and Society (DMS) z\u00e4hlen vor allem die Module C1 (Praktikum) und C2 (Praxisseminare) in diesen Bereich. <\/span><span style=\"font-family: helvetica, arial, sans-serif\">Informiert Euch direkt im \u00dcberblick \u00fcber die Medienpraxismodule in den verschiedenen Studieng\u00e4ngen.\r\n<\/span>\r\n\r\n<span style=\"font-family: helvetica, arial, sans-serif\">\u00a0Bei weiteren Fragen k\u00f6nnt ihr uns auch gerne <a href=\"https:\/\/blogs.uni-bremen.de\/medienpraxis\/kontakt\/\">kontaktieren<\/a>! <\/span>\r\n\r\n<span style=\"font-family: helvetica, arial, sans-serif\">\u00a0<\/span>","_et_gb_content_width":"","footnotes":""},"class_list":["post-452","page","type-page","status-publish","hentry"],"_links":{"self":[{"href":"https:\/\/blogs.uni-bremen.de\/medienpraxis\/wp-json\/wp\/v2\/pages\/452","targetHints":{"allow":["GET"]}}],"collection":[{"href":"https:\/\/blogs.uni-bremen.de\/medienpraxis\/wp-json\/wp\/v2\/pages"}],"about":[{"href":"https:\/\/blogs.uni-bremen.de\/medienpraxis\/wp-json\/wp\/v2\/types\/page"}],"author":[{"embeddable":true,"href":"https:\/\/blogs.uni-bremen.de\/medienpraxis\/wp-json\/wp\/v2\/users\/13291"}],"replies":[{"embeddable":true,"href":"https:\/\/blogs.uni-bremen.de\/medienpraxis\/wp-json\/wp\/v2\/comments?post=452"}],"version-history":[{"count":13,"href":"https:\/\/blogs.uni-bremen.de\/medienpraxis\/wp-json\/wp\/v2\/pages\/452\/revisions"}],"predecessor-version":[{"id":4622,"href":"https:\/\/blogs.uni-bremen.de\/medienpraxis\/wp-json\/wp\/v2\/pages\/452\/revisions\/4622"}],"wp:attachment":[{"href":"https:\/\/blogs.uni-bremen.de\/medienpraxis\/wp-json\/wp\/v2\/media?parent=452"}],"curies":[{"name":"wp","href":"https:\/\/api.w.org\/{rel}","templated":true}]}}