{"id":3572,"date":"2023-08-03T21:52:40","date_gmt":"2023-08-03T19:52:40","guid":{"rendered":"https:\/\/blogs.uni-bremen.de\/medienpraxis\/?page_id=3572"},"modified":"2025-08-19T20:09:54","modified_gmt":"2025-08-19T18:09:54","slug":"krosse-info","status":"publish","type":"page","link":"https:\/\/blogs.uni-bremen.de\/medienpraxis\/krosse-info\/","title":{"rendered":"KROSSE.info"},"content":{"rendered":"<p>[et_pb_section fb_built=&#8220;1&#8243; _builder_version=&#8220;4.18.0&#8243; _module_preset=&#8220;default&#8220; custom_padding=&#8220;5px|10px|0px|10px|false|false&#8220; border_color_all=&#8220;#007eb3&#8243; global_colors_info=&#8220;{}&#8220;][et_pb_row column_structure=&#8220;3_5,2_5&#8243; _builder_version=&#8220;4.18.0&#8243; _module_preset=&#8220;default&#8220; global_colors_info=&#8220;{}&#8220;][et_pb_column type=&#8220;3_5&#8243; _builder_version=&#8220;4.18.0&#8243; _module_preset=&#8220;default&#8220; global_colors_info=&#8220;{}&#8220;][et_pb_text _builder_version=&#8220;4.27.4&#8243; _module_preset=&#8220;default&#8220; header_5_text_color=&#8220;#0C71C3&#8243; global_colors_info=&#8220;{}&#8220;]<\/p>\n<p><a href=\"https:\/\/krosse.info\/\" target=\"_blank\" rel=\"noopener\">KROSSE.info<\/a> ist das crossmediale Online-Magazin f\u00fcr Kultur, Medien, Freizeit und Gesellschaft im Nordwesten, das seit 2012 durch Studierende der Medienstudieng\u00e4nge der Uni Bremen betrieben wird.<\/p>\n<p>[\/et_pb_text][et_pb_text _builder_version=&#8220;4.21.2&#8243; _module_preset=&#8220;default&#8220; global_colors_info=&#8220;{}&#8220;]<\/p>\n<p>In diesem medienpraktischen Seminar erhalten Studierende einen Einblick in die journalistische Arbeitswelt und werden selbst zu KROSSE-Redakteur:innen. Dies umfasst beispielsweise das eigene Recherchieren, Verfassen und Ver\u00f6ffentlichen von Artikeln f\u00fcr KROSSE.info. Daneben k\u00f6nnen journalistische Beitr\u00e4ge f\u00fcr Social Media aufbereitet werden, z. B. in Form von Stories f\u00fcr Instagram.<br \/>Im Seminar erlernen die Studierenden einerseits journalistisches Hintergrundwissen und bekommen andererseits die Arbeit in einer Redaktion praxisnah verdeutlicht. Es gibt viel Raum zum gemeinsamen und betreuten Schreiben an Artikeln geben sowie w\u00f6chentliche Redaktionssitzungen, in denen gemeinsam \u00fcber Themen diskutiert wird und Aufgaben verteilt werden.<\/p>\n<p>[\/et_pb_text][\/et_pb_column][et_pb_column type=&#8220;2_5&#8243; _builder_version=&#8220;4.18.0&#8243; _module_preset=&#8220;default&#8220; global_colors_info=&#8220;{}&#8220;][et_pb_image src=&#8220;https:\/\/blogs.uni-bremen.de\/medienpraxis\/files\/3.png&#8220; title_text=&#8220;M7 Kachel KROSSE.info&#8220; _builder_version=&#8220;4.21.2&#8243; _module_preset=&#8220;default&#8220; max_width=&#8220;80%&#8220; custom_margin=&#8220;24px|||||&#8220; custom_padding=&#8220;0px|||||&#8220; global_colors_info=&#8220;{}&#8220;][\/et_pb_image][\/et_pb_column][\/et_pb_row][et_pb_row _builder_version=&#8220;4.18.0&#8243; _module_preset=&#8220;default&#8220; custom_margin=&#8220;-17px|auto||auto||&#8220; custom_padding=&#8220;1px|||||&#8220; global_colors_info=&#8220;{}&#8220;][et_pb_column type=&#8220;4_4&#8243; _builder_version=&#8220;4.18.0&#8243; _module_preset=&#8220;default&#8220; global_colors_info=&#8220;{}&#8220;][\/et_pb_column][\/et_pb_row][et_pb_row column_structure=&#8220;1_4,3_4&#8243; _builder_version=&#8220;4.18.0&#8243; _module_preset=&#8220;default&#8220; max_width=&#8220;870px&#8220; custom_margin=&#8220;14px|auto||auto||&#8220; global_colors_info=&#8220;{}&#8220;][et_pb_column type=&#8220;1_4&#8243; _builder_version=&#8220;4.18.0&#8243; _module_preset=&#8220;default&#8220; global_colors_info=&#8220;{}&#8220;][et_pb_text _builder_version=&#8220;4.21.2&#8243; _module_preset=&#8220;default&#8220; custom_margin=&#8220;12px||9px|8px|false|false&#8220; custom_padding=&#8220;39px||||false|false&#8220; global_colors_info=&#8220;{}&#8220;]<\/p>\n<h6 style=\"text-align: center\"><strong>Andrea Grahl<\/strong><\/h6>\n<p>[\/et_pb_text][et_pb_icon font_icon=&#8220;&#xe08a;||divi||400&#8243; icon_color=&#8220;#0C71C3&#8243; icon_width=&#8220;40px&#8220; _builder_version=&#8220;4.21.2&#8243; _module_preset=&#8220;default&#8220; global_colors_info=&#8220;{}&#8220;][\/et_pb_icon][\/et_pb_column][et_pb_column type=&#8220;3_4&#8243; _builder_version=&#8220;4.18.0&#8243; _module_preset=&#8220;default&#8220; global_colors_info=&#8220;{}&#8220;][et_pb_text _builder_version=&#8220;4.21.2&#8243; _module_preset=&#8220;default&#8220; custom_padding=&#8220;0px|||||&#8220; global_colors_info=&#8220;{}&#8220;]<\/p>\n<p><span>Andrea Grahl ist wissenschaftliche Mitarbeiterin am ZeMKI in dem Projekt \u201eTinder die Stadt \u2013 Software-bezogene Szenarien zur \u00dcberwindung der Krise mediatisierter \u00d6ffentlichkeit in Stadt und Umland\u201c. Davor war sie im Deutschen Auswandererhaus Bremerhaven als wissenschaftliche Mitarbeiterin und Museumsp\u00e4dagogin t\u00e4tig. Heute ist sie zudem in der Lehre an der Universit\u00e4t Bremen aktiv.<\/span><\/p>\n<p>[\/et_pb_text][\/et_pb_column][\/et_pb_row][et_pb_row _builder_version=&#8220;4.18.0&#8243; _module_preset=&#8220;default&#8220; custom_margin=&#8220;|auto|-31px|auto||&#8220; global_colors_info=&#8220;{}&#8220;][et_pb_column type=&#8220;4_4&#8243; _builder_version=&#8220;4.18.0&#8243; _module_preset=&#8220;default&#8220; global_colors_info=&#8220;{}&#8220;][et_pb_divider color=&#8220;#007eb3&#8243; divider_weight=&#8220;3px&#8220; _builder_version=&#8220;4.18.0&#8243; _module_preset=&#8220;default&#8220; width=&#8220;88%&#8220; module_alignment=&#8220;center&#8220; global_colors_info=&#8220;{}&#8220;][\/et_pb_divider][et_pb_text _builder_version=&#8220;4.21.0&#8243; _module_preset=&#8220;default&#8220; custom_padding=&#8220;||20px|||&#8220; global_colors_info=&#8220;{}&#8220;]<\/p>\n<h4 style=\"text-align: center\"><span style=\"text-decoration: underline\">Einblicke in die Seminarergebnisse<\/span><\/h4>\n<p>[\/et_pb_text][\/et_pb_column][\/et_pb_row][et_pb_row _builder_version=&#8220;4.21.2&#8243; _module_preset=&#8220;default&#8220; min_height=&#8220;92.6px&#8220; custom_padding=&#8220;10px||24px|||&#8220; global_colors_info=&#8220;{}&#8220;][et_pb_column type=&#8220;4_4&#8243; _builder_version=&#8220;4.19.4&#8243; _module_preset=&#8220;default&#8220; global_colors_info=&#8220;{}&#8220;][et_pb_image src=&#8220;https:\/\/blogs.uni-bremen.de\/medienpraxis\/files\/Bildschirmfoto-2023-08-03-um-10.00.28-PM.png&#8220; title_text=&#8220;KROSSE.info Website&#8220; align=&#8220;center&#8220; _builder_version=&#8220;4.21.2&#8243; _module_preset=&#8220;default&#8220; width=&#8220;73%&#8220; border_radii=&#8220;on|7px|7px|7px|7px&#8220; border_width_all=&#8220;3px&#8220; border_color_all=&#8220;#000000&#8243; box_shadow_style=&#8220;preset1&#8243; global_colors_info=&#8220;{}&#8220;][\/et_pb_image][et_pb_social_media_follow _builder_version=&#8220;4.21.2&#8243; _module_preset=&#8220;default&#8220; text_orientation=&#8220;center&#8220; global_colors_info=&#8220;{}&#8220;][et_pb_social_media_follow_network social_network=&#8220;facebook&#8220; _builder_version=&#8220;4.21.2&#8243; _module_preset=&#8220;default&#8220; background_color=&#8220;#3b5998&#8243; global_colors_info=&#8220;{}&#8220; follow_button=&#8220;off&#8220; url_new_window=&#8220;on&#8220;]facebook[\/et_pb_social_media_follow_network][et_pb_social_media_follow_network social_network=&#8220;twitter&#8220; _builder_version=&#8220;4.22.2&#8243; _module_preset=&#8220;default&#8220; background_color=&#8220;#000000&#8243; global_colors_info=&#8220;{}&#8220; follow_button=&#8220;off&#8220; url_new_window=&#8220;on&#8220;]twitter[\/et_pb_social_media_follow_network][et_pb_social_media_follow_network social_network=&#8220;youtube&#8220; _builder_version=&#8220;4.21.2&#8243; _module_preset=&#8220;default&#8220; background_color=&#8220;#a82400&#8243; global_colors_info=&#8220;{}&#8220; follow_button=&#8220;off&#8220; url_new_window=&#8220;on&#8220;]youtube[\/et_pb_social_media_follow_network][et_pb_social_media_follow_network social_network=&#8220;instagram&#8220; _builder_version=&#8220;4.21.2&#8243; _module_preset=&#8220;default&#8220; background_color=&#8220;#ea2c59&#8243; global_colors_info=&#8220;{}&#8220; follow_button=&#8220;off&#8220; url_new_window=&#8220;on&#8220;]instagram[\/et_pb_social_media_follow_network][\/et_pb_social_media_follow][\/et_pb_column][\/et_pb_row][et_pb_row column_structure=&#8220;1_2,1_2&#8243; _builder_version=&#8220;4.21.2&#8243; _module_preset=&#8220;default&#8220; global_colors_info=&#8220;{}&#8220;][et_pb_column type=&#8220;1_2&#8243; _builder_version=&#8220;4.21.2&#8243; _module_preset=&#8220;default&#8220; global_colors_info=&#8220;{}&#8220;][\/et_pb_column][et_pb_column type=&#8220;1_2&#8243; _builder_version=&#8220;4.21.2&#8243; _module_preset=&#8220;default&#8220; global_colors_info=&#8220;{}&#8220;][\/et_pb_column][\/et_pb_row][et_pb_row _builder_version=&#8220;4.18.0&#8243; _module_preset=&#8220;default&#8220; min_height=&#8220;55.6px&#8220; global_colors_info=&#8220;{}&#8220;][et_pb_column type=&#8220;4_4&#8243; _builder_version=&#8220;4.18.0&#8243; _module_preset=&#8220;default&#8220; global_colors_info=&#8220;{}&#8220;][et_pb_divider color=&#8220;#007eb3&#8243; divider_weight=&#8220;3px&#8220; _builder_version=&#8220;4.18.0&#8243; _module_preset=&#8220;default&#8220; width=&#8220;88%&#8220; module_alignment=&#8220;center&#8220; global_colors_info=&#8220;{}&#8220;][\/et_pb_divider][\/et_pb_column][\/et_pb_row][\/et_pb_section]<\/p>\n","protected":false},"excerpt":{"rendered":"<p>KROSSE.info ist das crossmediale&#8230;<\/p>\n","protected":false},"author":13850,"featured_media":0,"parent":0,"menu_order":0,"comment_status":"closed","ping_status":"closed","template":"","meta":{"_bbp_topic_count":0,"_bbp_reply_count":0,"_bbp_total_topic_count":0,"_bbp_total_reply_count":0,"_bbp_voice_count":0,"_bbp_anonymous_reply_count":0,"_bbp_topic_count_hidden":0,"_bbp_reply_count_hidden":0,"_bbp_forum_subforum_count":0,"_et_pb_use_builder":"on","_et_pb_old_content":"","_et_gb_content_width":"","footnotes":""},"class_list":["post-3572","page","type-page","status-publish","hentry"],"_links":{"self":[{"href":"https:\/\/blogs.uni-bremen.de\/medienpraxis\/wp-json\/wp\/v2\/pages\/3572","targetHints":{"allow":["GET"]}}],"collection":[{"href":"https:\/\/blogs.uni-bremen.de\/medienpraxis\/wp-json\/wp\/v2\/pages"}],"about":[{"href":"https:\/\/blogs.uni-bremen.de\/medienpraxis\/wp-json\/wp\/v2\/types\/page"}],"author":[{"embeddable":true,"href":"https:\/\/blogs.uni-bremen.de\/medienpraxis\/wp-json\/wp\/v2\/users\/13850"}],"replies":[{"embeddable":true,"href":"https:\/\/blogs.uni-bremen.de\/medienpraxis\/wp-json\/wp\/v2\/comments?post=3572"}],"version-history":[{"count":9,"href":"https:\/\/blogs.uni-bremen.de\/medienpraxis\/wp-json\/wp\/v2\/pages\/3572\/revisions"}],"predecessor-version":[{"id":4376,"href":"https:\/\/blogs.uni-bremen.de\/medienpraxis\/wp-json\/wp\/v2\/pages\/3572\/revisions\/4376"}],"wp:attachment":[{"href":"https:\/\/blogs.uni-bremen.de\/medienpraxis\/wp-json\/wp\/v2\/media?parent=3572"}],"curies":[{"name":"wp","href":"https:\/\/api.w.org\/{rel}","templated":true}]}}