{"id":187,"date":"2021-07-04T15:42:15","date_gmt":"2021-07-04T13:42:15","guid":{"rendered":"https:\/\/blogs.uni-bremen.de\/medienpraxis\/?page_id=187"},"modified":"2025-08-20T23:43:52","modified_gmt":"2025-08-20T21:43:52","slug":"kmw11a","status":"publish","type":"page","link":"https:\/\/blogs.uni-bremen.de\/medienpraxis\/kmw11a\/","title":{"rendered":"Praktikumsvorbereitung KMW11a"},"content":{"rendered":"<p>[et_pb_section fb_built=&#8220;1&#8243; _builder_version=&#8220;4.16&#8243; _module_preset=&#8220;default&#8220; global_colors_info=&#8220;{}&#8220;][et_pb_row _builder_version=&#8220;4.27.4&#8243; _module_preset=&#8220;default&#8220; global_colors_info=&#8220;{}&#8220;][et_pb_column type=&#8220;4_4&#8243; _builder_version=&#8220;4.27.4&#8243; _module_preset=&#8220;default&#8220; global_colors_info=&#8220;{}&#8220;][et_pb_text _builder_version=&#8220;4.27.4&#8243; _module_preset=&#8220;default&#8220; hover_enabled=&#8220;0&#8243; global_colors_info=&#8220;{}&#8220; sticky_enabled=&#8220;0&#8243;]<\/p>\n<p>Das Praxisvorbereitungsseminar KMW11a ist im Schwerpunkt Medienpraxis des Bachelorstudiengangs Kommunikations- und Medienwissenschaft verankert. Ziel des Seminars ist es, Studierenden Formen und M\u00f6glichkeiten der Bewerbung in der Kommunikations- und Medienbranche aufzuzeigen, Bewerbungsunterlagen zu erstellen und zu reflektieren sowie Bewerbungsgespr\u00e4che und Vernetzungsoptionen einzu\u00fcben. Durch das Simulieren von Bewerbungssituationen und das Wissen um die Hintergr\u00fcnde von Auswahlrunden, Testverfahren oder Assessment Centern (AC) k\u00f6nnen sich Studierende gezielt auf unterschiedliche Bewerbungs-Settings vorbereiten und so eine g\u00fcnstige Ausgangsposition bei potentiellen Arbeitgeberinnen und Arbeitgebern einnehmen.<\/p>\n<p>Neben der fachlichen Vorbereitung werden auch wichtige soziale und kommunikative Kompetenzen trainiert: Teamarbeit, Pr\u00e4sentations- und Moderationsf\u00e4higkeiten sowie der sichere Umgang in professionellen Gespr\u00e4chssituationen. Damit bildet das Seminar eine zentrale Grundlage f\u00fcr das anschlie\u00dfende Berufspraktikum im Modul KMW12.<\/p>\n<p>Das Modul umfasst nach \u00a7 2 der Fachspezifischen Pr\u00fcfungsordnung ein Seminar (1 SWS) mit einem Arbeitsaufwand von 3 CP. Die Studienleistung wird in Form eines Portfolios erbracht. Das Seminar sowie die Studienleistung sind unbenotet und m\u00fcssen \u00fcber PABO angemeldet werden.<\/p>\n<p>[\/et_pb_text][et_pb_divider _builder_version=&#8220;4.27.4&#8243; _module_preset=&#8220;default&#8220; global_colors_info=&#8220;{}&#8220;][\/et_pb_divider][et_pb_heading title=&#8220;<\/p>\n<h5><span><strong>H\u00e4ufig gestellte Fragen<\/strong><\/span><\/h5>\n<p>&#8220; _builder_version=&#8220;4.27.4&#8243; _module_preset=&#8220;default&#8220; hover_enabled=&#8220;0&#8243; global_colors_info=&#8220;{}&#8220; sticky_enabled=&#8220;0&#8243;][\/et_pb_heading][et_pb_accordion _builder_version=&#8220;4.27.4&#8243; _module_preset=&#8220;default&#8220; global_colors_info=&#8220;{}&#8220;][et_pb_accordion_item title=&#8220;Woraus besteht das Modul KMW11a?&#8220; open=&#8220;on&#8220; _builder_version=&#8220;4.27.4&#8243; _module_preset=&#8220;default&#8220; global_colors_info=&#8220;{}&#8220;]<\/p>\n<p>Aus einem Seminar mit 1 SWS (14 Stunden Anwesenheit, 28 Stunden Vor- und Nachbereitung, 48 Stunden Anfertigen von Bewerbungsunterlagen).<\/p>\n<p>[\/et_pb_accordion_item][et_pb_accordion_item title=&#8220;Wie viele CP gibt es?&#8220; _builder_version=&#8220;4.27.4&#8243; _module_preset=&#8220;default&#8220; global_colors_info=&#8220;{}&#8220; open=&#8220;off&#8220;]<\/p>\n<p>3 ECTS (ca. 90 Arbeitsstunden).<\/p>\n<p>[\/et_pb_accordion_item][et_pb_accordion_item title=&#8220;Was ist die n\u00f6tige Studienleistung?&#8220; _builder_version=&#8220;4.27.4&#8243; _module_preset=&#8220;default&#8220; global_colors_info=&#8220;{}&#8220; open=&#8220;off&#8220;]<\/p>\n<p>Die Studienleistung besteht aus verschiedenen \u00dcbungen zur Erstellung einer vollst\u00e4ndigen Bewerbung. Die Studienleistung ist unbenotet.<\/p>\n<p>[\/et_pb_accordion_item][et_pb_accordion_item title=&#8220;Wann wird das Modul angeboten und wie lange dauert es?&#8220; _builder_version=&#8220;4.27.4&#8243; _module_preset=&#8220;default&#8220; global_colors_info=&#8220;{}&#8220; open=&#8220;off&#8220;]<\/p>\n<p>Das Seminar wird jedes Semester angeboten und dauert ein Semester.<\/p>\n<p>[\/et_pb_accordion_item][et_pb_accordion_item title=&#8220;Ist eine Anmeldung \u00fcber PABO erfolderlich?&#8220; _builder_version=&#8220;4.27.4&#8243; _module_preset=&#8220;default&#8220; global_colors_info=&#8220;{}&#8220; open=&#8220;off&#8220;]<\/p>\n<p>Ja, man muss sich bei PABO anmelden.<\/p>\n<p>[\/et_pb_accordion_item][\/et_pb_accordion][\/et_pb_column][\/et_pb_row][\/et_pb_section]<\/p>\n","protected":false},"excerpt":{"rendered":"<p>Das Praxisvorbereitungsseminar&#8230;<\/p>\n","protected":false},"author":13290,"featured_media":0,"parent":0,"menu_order":0,"comment_status":"closed","ping_status":"closed","template":"","meta":{"_bbp_topic_count":0,"_bbp_reply_count":0,"_bbp_total_topic_count":0,"_bbp_total_reply_count":0,"_bbp_voice_count":0,"_bbp_anonymous_reply_count":0,"_bbp_topic_count_hidden":0,"_bbp_reply_count_hidden":0,"_bbp_forum_subforum_count":0,"_et_pb_use_builder":"on","_et_pb_old_content":"","_et_gb_content_width":"","footnotes":""},"class_list":["post-187","page","type-page","status-publish","hentry"],"_links":{"self":[{"href":"https:\/\/blogs.uni-bremen.de\/medienpraxis\/wp-json\/wp\/v2\/pages\/187","targetHints":{"allow":["GET"]}}],"collection":[{"href":"https:\/\/blogs.uni-bremen.de\/medienpraxis\/wp-json\/wp\/v2\/pages"}],"about":[{"href":"https:\/\/blogs.uni-bremen.de\/medienpraxis\/wp-json\/wp\/v2\/types\/page"}],"author":[{"embeddable":true,"href":"https:\/\/blogs.uni-bremen.de\/medienpraxis\/wp-json\/wp\/v2\/users\/13290"}],"replies":[{"embeddable":true,"href":"https:\/\/blogs.uni-bremen.de\/medienpraxis\/wp-json\/wp\/v2\/comments?post=187"}],"version-history":[{"count":9,"href":"https:\/\/blogs.uni-bremen.de\/medienpraxis\/wp-json\/wp\/v2\/pages\/187\/revisions"}],"predecessor-version":[{"id":4569,"href":"https:\/\/blogs.uni-bremen.de\/medienpraxis\/wp-json\/wp\/v2\/pages\/187\/revisions\/4569"}],"wp:attachment":[{"href":"https:\/\/blogs.uni-bremen.de\/medienpraxis\/wp-json\/wp\/v2\/media?parent=187"}],"curies":[{"name":"wp","href":"https:\/\/api.w.org\/{rel}","templated":true}]}}