{"id":1565,"date":"2022-03-28T15:52:54","date_gmt":"2022-03-28T13:52:54","guid":{"rendered":"https:\/\/blogs.uni-bremen.de\/medienpraxis\/?page_id=1565"},"modified":"2022-08-31T14:41:24","modified_gmt":"2022-08-31T12:41:24","slug":"psc","status":"publish","type":"page","link":"https:\/\/blogs.uni-bremen.de\/medienpraxis\/psc\/","title":{"rendered":"PRAXIS Summer Camp"},"content":{"rendered":"<p>[et_pb_section fb_built=&#8220;1&#8243; _builder_version=&#8220;4.16&#8243; global_colors_info=&#8220;{}&#8220;][et_pb_row column_structure=&#8220;2_5,3_5&#8243; _builder_version=&#8220;4.17.4&#8243; _module_preset=&#8220;default&#8220; global_colors_info=&#8220;{}&#8220;][et_pb_column type=&#8220;2_5&#8243; _builder_version=&#8220;4.17.4&#8243; _module_preset=&#8220;default&#8220; global_colors_info=&#8220;{}&#8220;][et_pb_image src=&#8220;https:\/\/blogs.uni-bremen.de\/medienpraxis\/files\/PSC_Logo_mini-e1657879959550.png&#8220; title_text=&#8220;PSC_Logo_mini&#8220; _builder_version=&#8220;4.17.4&#8243; _module_preset=&#8220;default&#8220; custom_margin=&#8220;23px|||||&#8220; custom_padding=&#8220;0px||0px|||&#8220; global_colors_info=&#8220;{}&#8220;][\/et_pb_image][\/et_pb_column][et_pb_column type=&#8220;3_5&#8243; _builder_version=&#8220;4.17.4&#8243; _module_preset=&#8220;default&#8220; global_colors_info=&#8220;{}&#8220;][et_pb_text admin_label=&#8220;Text&#8220; _builder_version=&#8220;4.16&#8243; background_size=&#8220;initial&#8220; background_position=&#8220;top_left&#8220; background_repeat=&#8220;repeat&#8220; global_colors_info=&#8220;{}&#8220;]<\/p>\n<p>Das Praxis Summer Camp (PSC) ist ein Praxis-Transfer-Lehrformat, in dem Studierende in Teams an echten Aufgabenstellungen von unterschiedlichen Unternehmen arbeiten. 2022 findet das PSC zum sechsten Mal statt und wird zum zweiten Mal in Kooperation vom Fachbereich Wirtschaftswissenschaften der Universit\u00e4t Bremen mit dem Zentrum f\u00fcr Medien-, Kommunikations- und Informationsforschung (ZeMKI, FB09) veranstaltet. Neben der Entwicklung von speziell nachhaltigen L\u00f6sungen f\u00fcr Unternehmensprobleme leisten aber alle Studierendenteams, gecoacht von den Dozentinnen und Dozenten, in allen Themenbereichen einen Beitrag, um insbesondere in Bremen innovative L\u00f6sungen f\u00fcr Unternehmensfragen aufzuzeigen und z.T. auch bereits umzusetzen.<\/p>\n<p>[\/et_pb_text][\/et_pb_column][\/et_pb_row][et_pb_row column_structure=&#8220;3_5,2_5&#8243; _builder_version=&#8220;4.17.4&#8243; _module_preset=&#8220;default&#8220; custom_padding=&#8220;26px|||||&#8220; global_colors_info=&#8220;{}&#8220;][et_pb_column type=&#8220;3_5&#8243; _builder_version=&#8220;4.17.4&#8243; _module_preset=&#8220;default&#8220; global_colors_info=&#8220;{}&#8220;][et_pb_text _builder_version=&#8220;4.18.0&#8243; _module_preset=&#8220;default&#8220; custom_margin=&#8220;-20px|||||&#8220; hover_enabled=&#8220;0&#8243; global_colors_info=&#8220;{}&#8220; sticky_enabled=&#8220;0&#8243;]<\/p>\n<p>Beim Praxis Summer Camp 2022 arbeiteten vom 8. bis 26. August interdisziplin\u00e4re und zum Teil internationale Studententeams in Kleingruppen w\u00e4hrend einer intensiven dreiw\u00f6chtigen Projektphase an realen Aufgabenstellungen aus Unternehmen und Institutionen, wobei die Projektarbeit von den Teams vorab gemeinsam in Zusammenarbeit mit den Unternehmen vorbereitet wird. Die intensive 3-w\u00f6chtige Praxis-Lehrveranstaltung hat in einem hybriden Format stattgefunden, an dem sowohl Bremer Studierende als auch Studierende von Partneruniversit\u00e4ten (auch aus dem YUFE-Netzwerk) in der ganzen Welt teilnehmen konnten. <a href=\"https:\/\/blogs.uni-bremen.de\/praxissummercamp\/\" target=\"_blank\" rel=\"noopener\"><\/a><\/p>\n<p>[\/et_pb_text][\/et_pb_column][et_pb_column type=&#8220;2_5&#8243; _builder_version=&#8220;4.17.4&#8243; _module_preset=&#8220;default&#8220; global_colors_info=&#8220;{}&#8220;][et_pb_image src=&#8220;https:\/\/blogs.uni-bremen.de\/medienpraxis\/files\/Summer-Camp-2019-scaled.jpg&#8220; title_text=&#8220;PRAXIS Summer Camp 2019&#8243; _builder_version=&#8220;4.17.4&#8243; _module_preset=&#8220;default&#8220; custom_margin=&#8220;-17px||12px|-27px||&#8220; custom_padding=&#8220;7px|||0px||&#8220; global_colors_info=&#8220;{}&#8220;][\/et_pb_image][\/et_pb_column][\/et_pb_row][et_pb_row _builder_version=&#8220;4.17.4&#8243; _module_preset=&#8220;default&#8220; global_colors_info=&#8220;{}&#8220; min_height=&#8220;123.1px&#8220; custom_padding=&#8220;||0px|||&#8220;][et_pb_column type=&#8220;4_4&#8243; _builder_version=&#8220;4.17.4&#8243; _module_preset=&#8220;default&#8220; global_colors_info=&#8220;{}&#8220;][et_pb_text _builder_version=&#8220;4.17.4&#8243; _module_preset=&#8220;default&#8220; custom_margin=&#8220;-39px|||||&#8220; global_colors_info=&#8220;{}&#8220; custom_padding=&#8220;||0px|||&#8220;]<\/p>\n<p>Auch Studierende der anderen Hochschulen und Unis im Land Bremen konnten bei Interesse teilnehmen. So nahmen bereits letztes Jahr Studierende der Jacobs University teil. Studierende arbeiten je nach Zusammensetzung der Teams virtuell oder in Pr\u00e4senz in den Unternehmen. Am 21.04.2022 konnten sich die Studierenden \u00fcber die Projektthemen und Projektpartner informieren, damit die studentischen Teams themen- und kompetenzbezogen zusammengestellt werden konnten und fr\u00fchzeitig feststeht, wer mit wem zusammenarbeiten wird.<a href=\"https:\/\/blogs.uni-bremen.de\/praxissummercamp\/\" target=\"_blank\" rel=\"noopener\"><\/a><\/p>\n<p>[\/et_pb_text][\/et_pb_column][\/et_pb_row][et_pb_row _builder_version=&#8220;4.18.0&#8243; _module_preset=&#8220;default&#8220; column_structure=&#8220;1_3,2_3&#8243;][et_pb_column _builder_version=&#8220;4.18.0&#8243; _module_preset=&#8220;default&#8220; type=&#8220;1_3&#8243;][et_pb_text _builder_version=&#8220;4.18.0&#8243; _module_preset=&#8220;default&#8220; hover_enabled=&#8220;0&#8243; sticky_enabled=&#8220;0&#8243;]<\/p>\n<p>Die Kick-off-Veranstaltung wurde am 08.08.2022 als hybrides Event im Plenum mit allen teilnehmenden Studierenden, Unternehmen und Kooperationspartnern organisiert. Ebenso das finale Event, bei denen die Projektergebnisse vor einem erweiterten Publikum pr\u00e4sentierten. Beide Veranstaltungen wurden in repr\u00e4sentativen R\u00e4umlichkeiten mit anschlie\u00dfendem Catering umgesetzt.<\/p>\n<p>Das PRAXIS Summer Camp wird weitgehend in englischer Sprache durchgef\u00fchrt, genauso wie manche Teams auf Englisch kommunizierten.<\/p>\n<p>Weitere Infos finden sich auf der <a href=\"https:\/\/blogs.uni-bremen.de\/praxissummercamp\/\" target=\"_blank\" rel=\"noopener\">Webseite des PRAXIS Summer Camp.<\/a><\/p>\n<p>[\/et_pb_text][\/et_pb_column][et_pb_column _builder_version=&#8220;4.18.0&#8243; _module_preset=&#8220;default&#8220; type=&#8220;2_3&#8243;][et_pb_image src=&#8220;https:\/\/blogs.uni-bremen.de\/medienpraxis\/files\/Mediapracticeweek2022.png&#8220; _builder_version=&#8220;4.18.0&#8243; _module_preset=&#8220;default&#8220; title_text=&#8220;Mediapracticeweek2022&#8243; hover_enabled=&#8220;0&#8243; sticky_enabled=&#8220;0&#8243; custom_padding=&#8220;0px|||||&#8220;][\/et_pb_image][\/et_pb_column][\/et_pb_row][\/et_pb_section]<\/p>\n","protected":false},"excerpt":{"rendered":"<p>Das Praxis Summer Camp (PSC) ist ein&#8230;<\/p>\n","protected":false},"author":12881,"featured_media":0,"parent":0,"menu_order":0,"comment_status":"closed","ping_status":"closed","template":"","meta":{"_bbp_topic_count":0,"_bbp_reply_count":0,"_bbp_total_topic_count":0,"_bbp_total_reply_count":0,"_bbp_voice_count":0,"_bbp_anonymous_reply_count":0,"_bbp_topic_count_hidden":0,"_bbp_reply_count_hidden":0,"_bbp_forum_subforum_count":0,"_et_pb_use_builder":"on","_et_pb_old_content":"<p>Das Praxis Summer Camp (PSC) ist ein Praxis-Transfer-Lehrformat, in dem Studierende in Teams an echten Aufgabenstellungen von unterschiedlichen Unternehmen arbeiten. 2022 findet das PSC zum sechsten Mal statt und wird zum zweiten Mal in Kooperation vom Fachbereich Wirtschaftswissenschaften der Universit\u00e4t Bremen mit dem Zentrum f\u00fcr Medien-, Kommunikations- und Informationsforschung (ZeMKI, FB09) veranstaltet. Neben der Entwicklung von speziell nachhaltigen L\u00f6sungen f\u00fcr Unternehmensprobleme leisten aber alle Studierendenteams, gecoacht von den Dozentinnen und Dozenten, in allen Themenbereichen einen Beitrag, um insbesondere in Bremen innovative L\u00f6sungen f\u00fcr Unternehmensfragen aufzuzeigen und z.T. auch bereits umzusetzen.<\/p>","_et_gb_content_width":"","footnotes":""},"class_list":["post-1565","page","type-page","status-publish","hentry"],"_links":{"self":[{"href":"https:\/\/blogs.uni-bremen.de\/medienpraxis\/wp-json\/wp\/v2\/pages\/1565","targetHints":{"allow":["GET"]}}],"collection":[{"href":"https:\/\/blogs.uni-bremen.de\/medienpraxis\/wp-json\/wp\/v2\/pages"}],"about":[{"href":"https:\/\/blogs.uni-bremen.de\/medienpraxis\/wp-json\/wp\/v2\/types\/page"}],"author":[{"embeddable":true,"href":"https:\/\/blogs.uni-bremen.de\/medienpraxis\/wp-json\/wp\/v2\/users\/12881"}],"replies":[{"embeddable":true,"href":"https:\/\/blogs.uni-bremen.de\/medienpraxis\/wp-json\/wp\/v2\/comments?post=1565"}],"version-history":[{"count":9,"href":"https:\/\/blogs.uni-bremen.de\/medienpraxis\/wp-json\/wp\/v2\/pages\/1565\/revisions"}],"predecessor-version":[{"id":2422,"href":"https:\/\/blogs.uni-bremen.de\/medienpraxis\/wp-json\/wp\/v2\/pages\/1565\/revisions\/2422"}],"wp:attachment":[{"href":"https:\/\/blogs.uni-bremen.de\/medienpraxis\/wp-json\/wp\/v2\/media?parent=1565"}],"curies":[{"name":"wp","href":"https:\/\/api.w.org\/{rel}","templated":true}]}}