{"id":25,"date":"2020-01-06T15:22:15","date_gmt":"2020-01-06T14:22:15","guid":{"rendered":"https:\/\/blogs.uni-bremen.de\/medienbildung\/?page_id=25"},"modified":"2022-12-15T09:55:44","modified_gmt":"2022-12-15T08:55:44","slug":"ueber-medienbildung","status":"publish","type":"page","link":"https:\/\/blogs.uni-bremen.de\/medienbildung\/","title":{"rendered":"Willkommen"},"content":{"rendered":"<p><div class=\"et_d4_element et_pb_section et_pb_section_0  et_pb_css_mix_blend_mode et_pb_fullwidth_section et_section_regular et_block_section\" >\n\t\t\t\t\n\t\t\t\t\n\t\t\t\t\n\t\t\t\t\n\t\t\t\t\n\t\t\t\t\n\t\t\t\t<div class=\"et_pb_module et_d4_element et_pb_fullwidth_slider_0 et_pb_slider\">\n\t\t\t\t<div class=\"et_pb_slides\">\n\t\t\t\t\t<div class=\"et_d4_element et_pb_slide et_pb_slide_0  et_pb_css_mix_blend_mode et_pb_bg_layout_dark et_pb_media_alignment_center et-pb-active-slide\" data-slide-id=\"et_pb_slide_0\">\n\t\t\t\t\n\t\t\t\t\n\t\t\t\t<div class=\"et_pb_container clearfix\">\n\t\t\t\t\t<div class=\"et_pb_slider_container_inner\">\n\t\t\t\t\t\t\n\t\t\t\t\t\t<div class=\"et_pb_slide_description\">\n\t\t\t\t\t\t\t<div class=\"et_pb_slide_content\"><p>Photo by\u00a0<a href=\"https:\/\/unsplash.com\/@ev?utm_source=unsplash&amp;utm_medium=referral&amp;utm_content=creditCopyText\">ev<\/a>\u00a0on\u00a0<a href=\"https:\/\/unsplash.com\/s\/photos\/data?utm_source=unsplash&amp;utm_medium=referral&amp;utm_content=creditCopyText\">Unsplash<\/a><\/p><\/div>\n\t\t\t\t\t\t\t<div class=\"et_pb_button_wrapper\"><a class=\"et_pb_button et_pb_more_button\" href=\"#Informationen\">Was soll das hier?<\/a><\/div>\n\t\t\t\t\t\t<\/div>\n\t\t\t\t\t<\/div>\n\t\t\t\t<\/div>\n\t\t\t\t\n\t\t\t\t\n\t\t\t\t\n\t\t\t<\/div>\n\t\t\t\n\t\t\t\t<\/div>\n\t\t\t\t\n\t\t\t<\/div>\n\t\t\t\n\t\t\t\t\n\t\t\t\t\n\t\t\t<\/div><div class=\"et_d4_element et_pb_section et_pb_section_1  et_pb_css_mix_blend_mode et_section_regular section_has_divider et_pb_top_divider et_block_section\" >\n\t\t\t\t<div class=\"et_pb_top_inside_divider et-no-transition\"><\/div>\n\t\t\t\t\n\t\t\t\t\n\t\t\t\t\n\t\t\t\t\n\t\t\t\t\n\t\t\t\t<div class=\"et_d4_element et_pb_row et_pb_row_0  et_pb_css_mix_blend_mode et_block_row\">\n\t\t\t\t<div class=\"et_d4_element et_pb_column_4_4 et_pb_column et_pb_column_0  et_pb_css_mix_blend_mode et-last-child et_block_column\">\n\t\t\t\t\n\t\t\t\t\n\t\t\t\t\n\t\t\t\t\n\t\t\t\t<div class=\"et_pb_module et_d4_element et_pb_post_title et_pb_post_title_0 et_pb_bg_layout_light  et_pb_text_align_left\"   >\n\t\t\t\t\n\t\t\t\t\n\t\t\t\t\n\t\t\t\t\n\t\t\t\t\n\t\t\t\t<div class=\"et_pb_title_container\">\n\t\t\t\t\t<h1 class=\"entry-title\"><\/h1>\n\t\t\t\t<\/div>\n\t\t\t\t\n\t\t\t<\/div>\n\t\t\t<\/div>\n\t\t\t\t\n\t\t\t\t\n\t\t\t\t\n\t\t\t\t\n\t\t\t<\/div><div class=\"et_d4_element et_pb_row et_pb_row_1  et_pb_css_mix_blend_mode et_block_row\">\n\t\t\t\t<div class=\"et_d4_element et_pb_column_1_4 et_pb_column et_pb_column_1  et_pb_css_mix_blend_mode et_block_column\">\n\t\t\t\t\n\t\t\t\t\n\t\t\t\t\n\t\t\t\t\n\t\t\t\t<div id=\"Informationen\" class=\"et_pb_module et_d4_element et_pb_text et_pb_text_0  et_pb_text_align_left et_pb_bg_layout_light\">\n\t\t\t\t\n\t\t\t\t\n\t\t\t\t\n\t\t\t\t\n\t\t\t\t<div class=\"et_pb_text_inner\"><p style=\"text-align: justify\">Liebe G\u00e4ste,<\/p>\n<p style=\"text-align: justify\">diese Webseite wird im Zuge verschiedener Universit\u00e4tsseminars zur Mediendidaktik und Medienbildung durch Studierende kontinuierlich weiterentwickelt. Beitr\u00e4ge wurden und werden von Studierenden verfasst und werden hier ohne zus\u00e4tzliche Redaktion ver\u00f6ffentlicht, um die Originalit\u00e4t zu erhalten. Bitte pr\u00fcfen Sie deshalb unbedingt die Inhalte auf entsprechende Fehler und\/oder Ungenauigkeiten, bevor Sie die Elemente in der Lehre einsetzen. Entsprechendes Feedback ist nat\u00fcrlich willkommen.<\/p>\n<p style=\"text-align: justify\">Die <a href=\"https:\/\/blogs.uni-bremen.de\/medienbildung\/aus-bildungsressourcen\/\" target=\"_blank\" rel=\"noopener noreferrer\">H5P-Spielwiese<\/a> wurden im Seminarkontext als \u00dcbungen (z.B. von digitalen Antwort-Wahl-Verfahren (AWV)) mithilfe von <a href=\"https:\/\/h5p.org\/\" target=\"_blank\" rel=\"noopener noreferrer\">H5P<\/a> gestaltet und bef\u00fcllt, die Ressourcen k\u00f6nnen gerne nachgenutzt werden. Bei den <a href=\"https:\/\/blogs.uni-bremen.de\/medienbildung\/studentische-reflexionsberichte-zu-themen-der-mediendidaktik-medienbildung\/\" target=\"_blank\" rel=\"noopener noreferrer\">Reflexionsberichten<\/a> der Studierenden handelt es sich um offene Bildungsartefakte, die zum Nachdenken, Diskutieren und Forschen anregen sollen. Bestimmte <a href=\"https:\/\/blogs.uni-bremen.de\/medienbildung\/seminarbeitraege\/\" target=\"_blank\" rel=\"noopener noreferrer\">Seminarbeitr\u00e4ge<\/a> werden an entsprechender Stelle ebenfalls ver\u00f6ffentlicht.<\/p>\n<p>Bitte beachten Sie die jeweiligen Einschr\u00e4nkungen zur Nachnutzung. Entsprechende Lizenzangaben finden sich unterhalb der Beitr\u00e4ge. Ist keine Lizenz angegeben, so gilt selbstverst\u00e4ndlich das <a href=\"https:\/\/irights.info\/artikel\/broschre-von-irights-und-klicksafe-nicht-alles-was-geht-ist-auch-erlaubt\/5599\" target=\"_blank\" rel=\"noopener\">Urheberrecht<\/a>.<\/p><\/div>\n\t\t\t<\/div>\n\t\t\t<\/div><div class=\"et_d4_element et_pb_column_1_2 et_pb_column et_pb_column_2  et_pb_css_mix_blend_mode et_block_column\">\n\t\t\t\t\n\t\t\t\t\n\t\t\t\t\n\t\t\t\t\n\t\t\t\t<div class=\"et_pb_module et_d4_element et_pb_image et_pb_image_0\">\n\t\t\t\t\n\t\t\t\t\n\t\t\t\t\n\t\t\t\t\n\t\t\t\t<span class=\"et_pb_image_wrap \"><img decoding=\"async\" src=\"https:\/\/blogs.uni-bremen.de\/medienbildung\/files\/2020\/02\/M-M.png\" alt=\"\" title=\"\" srcset=\"https:\/\/blogs.uni-bremen.de\/medienbildung\/files\/2020\/02\/M-M-e1580893235920.png 500w, https:\/\/blogs.uni-bremen.de\/medienbildung\/files\/2020\/02\/M-M-480x480.png 480w\" sizes=\"(min-width: 0px) and (max-width: 480px) 480px, (min-width: 481px) 500px, 100vw\" class=\"wp-image-711\" \/><\/span>\n\t\t\t<\/div>\n\t\t\t<\/div><div class=\"et_d4_element et_pb_column_1_4 et_pb_column et_pb_column_3  et_pb_css_mix_blend_mode et-last-child et_block_column\">\n\t\t\t\t\n\t\t\t\t\n\t\t\t\t\n\t\t\t\t\n\t\t\t\t<div class=\"et_pb_module et_d4_element et_pb_text et_pb_text_1  et_pb_text_align_left et_pb_bg_layout_light\">\n\t\t\t\t\n\t\t\t\t\n\t\t\t\t\n\t\t\t\t\n\t\t\t\t<div class=\"et_pb_text_inner\"><p style=\"text-align: justify\">Liebe Autor*innen,<\/p>\n<p style=\"text-align: justify\">\n<p style=\"text-align: justify\">vielen Dank f\u00fcr euer Engagement und eure Teilnahmebereitschaft.<\/p>\n<p style=\"text-align: justify\">Bitte \u00fcberlegt euch zu welchen Unterpunkten die jeweiligen Beitr\u00e4ge passen. Alle (Aus-)Bildungsressourcen m\u00fcssen, um auf entsprechender Seite abgebildet zu werden, der Kategorie <a href=\"https:\/\/blogs.uni-bremen.de\/medienbildung\/category\/ressourcen\/\" target=\"_blank\" rel=\"noopener noreferrer\">Ressourcen<\/a> zugeordnet werden. Die Seminarbeitr\u00e4ge sollten der Kategorie <a href=\"https:\/\/blogs.uni-bremen.de\/medienbildung\/category\/seminarbeitrag\/\" target=\"_blank\" rel=\"noopener noreferrer\">Seminarbeitrag<\/a> und die Reflexionsberichte der Kategorie <a href=\"https:\/\/blogs.uni-bremen.de\/medienbildung\/category\/reflexionsbericht\/\" target=\"_blank\" rel=\"noopener noreferrer\">Reflexionsbericht<\/a> zugeordnet werden.<\/p>\n<p style=\"text-align: justify\">Bitte achtet unbedingt auf die korrekten Angaben von Lizenzen und Zitaten. Um eigene Werke zu lizensieren bietet sich zur Orientierung der <a href=\"https:\/\/creativecommons.org\/choose\/\" target=\"_blank\" rel=\"noopener noreferrer\">Lizenzw\u00e4hler<\/a> von Creative Commons an.<\/p><\/div>\n\t\t\t<\/div>\n\t\t\t<\/div>\n\t\t\t\t\n\t\t\t\t\n\t\t\t\t\n\t\t\t\t\n\t\t\t<\/div>\n\t\t\t\t\n\t\t\t\t\n\t\t\t<\/div><\/p>\n","protected":false},"excerpt":{"rendered":"","protected":false},"author":6383,"featured_media":0,"parent":0,"menu_order":0,"comment_status":"closed","ping_status":"closed","template":"","meta":{"_bbp_topic_count":0,"_bbp_reply_count":0,"_bbp_total_topic_count":0,"_bbp_total_reply_count":0,"_bbp_voice_count":0,"_bbp_anonymous_reply_count":0,"_bbp_topic_count_hidden":0,"_bbp_reply_count_hidden":0,"_bbp_forum_subforum_count":0,"_et_pb_use_builder":"on","_et_pb_old_content":"","_et_gb_content_width":"","footnotes":""},"coauthors":[717803],"class_list":["post-25","page","type-page","status-publish","hentry"],"_links":{"self":[{"href":"https:\/\/blogs.uni-bremen.de\/medienbildung\/wp-json\/wp\/v2\/pages\/25","targetHints":{"allow":["GET"]}}],"collection":[{"href":"https:\/\/blogs.uni-bremen.de\/medienbildung\/wp-json\/wp\/v2\/pages"}],"about":[{"href":"https:\/\/blogs.uni-bremen.de\/medienbildung\/wp-json\/wp\/v2\/types\/page"}],"author":[{"embeddable":true,"href":"https:\/\/blogs.uni-bremen.de\/medienbildung\/wp-json\/wp\/v2\/users\/6383"}],"replies":[{"embeddable":true,"href":"https:\/\/blogs.uni-bremen.de\/medienbildung\/wp-json\/wp\/v2\/comments?post=25"}],"version-history":[{"count":9,"href":"https:\/\/blogs.uni-bremen.de\/medienbildung\/wp-json\/wp\/v2\/pages\/25\/revisions"}],"predecessor-version":[{"id":2113,"href":"https:\/\/blogs.uni-bremen.de\/medienbildung\/wp-json\/wp\/v2\/pages\/25\/revisions\/2113"}],"wp:attachment":[{"href":"https:\/\/blogs.uni-bremen.de\/medienbildung\/wp-json\/wp\/v2\/media?parent=25"}],"wp:term":[{"taxonomy":"author","embeddable":true,"href":"https:\/\/blogs.uni-bremen.de\/medienbildung\/wp-json\/wp\/v2\/coauthors?post=25"}],"curies":[{"name":"wp","href":"https:\/\/api.w.org\/{rel}","templated":true}]}}