{"id":79,"date":"2024-01-16T12:55:49","date_gmt":"2024-01-16T11:55:49","guid":{"rendered":"https:\/\/blogs.uni-bremen.de\/mathematikinderpraxis\/?page_id=79"},"modified":"2024-02-20T11:14:59","modified_gmt":"2024-02-20T10:14:59","slug":"vhs","status":"publish","type":"page","link":"https:\/\/blogs.uni-bremen.de\/mathematikinderpraxis\/vhs\/","title":{"rendered":"VHS-Rechnenkurse"},"content":{"rendered":"<p><div class=\"et_d4_element et_pb_section et_pb_section_0  et_pb_css_mix_blend_mode et_section_regular et_block_section\" >\n\t\t\t\t\n\t\t\t\t\n\t\t\t\t\n\t\t\t\t\n\t\t\t\t\n\t\t\t\t\n\t\t\t\t<div class=\"et_d4_element et_pb_row et_pb_row_0  et_pb_css_mix_blend_mode et_block_row\">\n\t\t\t\t<div class=\"et_d4_element et_pb_column_4_4 et_pb_column et_pb_column_0  et_pb_css_mix_blend_mode et-last-child et_block_column\">\n\t\t\t\t\n\t\t\t\t\n\t\t\t\t\n\t\t\t\t\n\t\t\t\t<div class=\"et_pb_module et_d4_element et_pb_text et_pb_text_0  et_pb_text_align_left et_pb_bg_layout_light\">\n\t\t\t\t\n\t\t\t\t\n\t\t\t\t\n\t\t\t\t\n\t\t\t\t<div class=\"et_pb_text_inner\"><h4 style=\"text-align: center\"><span style=\"font-size: xx-large\"><strong><span style=\"color: #000000;font-family: Abel\">Entdecke die Welt der Zahlen von Zuhause aus!<\/span><\/strong><\/span><\/h4><\/div>\n\t\t\t<\/div>\n\t\t\t<\/div>\n\t\t\t\t\n\t\t\t\t\n\t\t\t\t\n\t\t\t\t\n\t\t\t<\/div><div class=\"et_d4_element et_pb_row et_pb_row_1  et_pb_css_mix_blend_mode et_block_row\">\n\t\t\t\t<div class=\"et_d4_element et_pb_column_4_4 et_pb_column et_pb_column_1  et_pb_css_mix_blend_mode et-last-child et_block_column\">\n\t\t\t\t\n\t\t\t\t\n\t\t\t\t\n\t\t\t\t\n\t\t\t\t<div class=\"et_pb_module et_d4_element et_pb_text et_pb_text_1  et_pb_text_align_left et_pb_bg_layout_light\">\n\t\t\t\t\n\t\t\t\t\n\t\t\t\t\n\t\t\t\t\n\t\t\t\t<div class=\"et_pb_text_inner\"><h1><span style=\"color: #de792c\">\u00a0 \u00a0<img loading=\"lazy\" decoding=\"async\" class=\"aligncenter wp-image-116 size-large\" src=\"https:\/\/blogs.uni-bremen.de\/mathematikinderpraxis\/files\/Ekran-goeruentuesue-2024-01-21-184817-1024x205.png\" alt=\"\" width=\"1024\" height=\"205\" srcset=\"https:\/\/blogs.uni-bremen.de\/mathematikinderpraxis\/files\/Ekran-goeruentuesue-2024-01-21-184817-1024x205.png 1024w, https:\/\/blogs.uni-bremen.de\/mathematikinderpraxis\/files\/Ekran-goeruentuesue-2024-01-21-184817-980x196.png 980w, https:\/\/blogs.uni-bremen.de\/mathematikinderpraxis\/files\/Ekran-goeruentuesue-2024-01-21-184817-480x96.png 480w\" sizes=\"(min-width: 0px) and (max-width: 480px) 480px, (min-width: 481px) and (max-width: 980px) 980px, (min-width: 981px) 1024px, 100vw\" \/><\/span><\/h1>\n<h1><span style=\"color: #de792c\">\u00a0 \u00a0 \u00a0 \u00a0 \u00a0 <\/span><\/h1>\n<h1><\/h1>\n<p><span style=\"font-size: 12pt;color: #ffffff\">Mathe und Rechnen begleiten uns t\u00e4glich, sind von unsch\u00e4tzbarem Wert und k\u00f6nnen den entscheidenden Unterschied in vielen Lebensbereichen machen.\u00a0<\/span><\/p>\n<p><span style=\"color: #ffffff\"><span style=\"font-size: 12pt\">Mit speziell konzipierten Rechnenkurse schafft die VHS eine Welt, in der du deine grundlegenden mathematischen Kenntnisse bequem von zu\u00a0<\/span><span style=\"font-size: 12pt\">Hause aus verbessern kannst. <\/span><span style=\"font-size: 12pt\">Und<\/span><span style=\"font-size: 12pt\"> es ist v\u00f6llig kostenlos! Geil, oder?\u00a0<\/span><\/span><\/p>\n<p><span style=\"font-size: 12pt;color: #ffffff\">Wenn du <a href=\"https:\/\/www.vhs-lernportal.de\/wws\/home.php?sid=48471632723266257410413166192508751333622810850590242970585098591610Se843a256\" style=\"color: #ffffff\">die Webseite von Lernportal<\/a> betrittst und auf die Option <strong>''<span style=\"color: #e02b20\">Ich will lernen<\/span>''<\/strong> klickst, wirst du verschiedene Kursm\u00f6glichkeiten sehen. \u2193<\/span><\/p>\n<p><span style=\"font-size: 12pt\"><\/span><\/p>\n<p><span style=\"font-size: 12pt\"><\/span><\/p>\n<p><span style=\"font-size: 12pt\">\u00a0<\/span><\/p>\n<p>\u00a0 \u00a0 \u00a0 \u00a0 \u00a0 \u00a0 \u00a0 \u00a0 \u00a0 \u00a0 \u00a0 \u00a0 \u00a0 \u00a0 \u00a0 \u00a0 \u00a0 <img loading=\"lazy\" decoding=\"async\" class=\"alignnone size-medium wp-image-128\" src=\"https:\/\/blogs.uni-bremen.de\/mathematikinderpraxis\/files\/Ekran-goeruentuesue-2024-01-21-210423-256x300.png\" alt=\"\" width=\"256\" height=\"300\" \/><img loading=\"lazy\" decoding=\"async\" class=\"alignnone size-medium wp-image-126\" src=\"https:\/\/blogs.uni-bremen.de\/mathematikinderpraxis\/files\/WhatsApp-Image-2024-01-21-at-20.05.25-256x300.jpeg\" alt=\"\" width=\"256\" height=\"300\" \/><img loading=\"lazy\" decoding=\"async\" class=\"alignnone size-medium wp-image-125\" src=\"https:\/\/blogs.uni-bremen.de\/mathematikinderpraxis\/files\/Ekran-goeruentuesue-2024-01-21-195508-267x300.png\" alt=\"\" width=\"267\" height=\"300\" \/><\/p>\n<p><span style=\"font-size: large;color: #ffffff\"><em><span style=\"font-family: georgia, palatino, serif\">\u00a0 \u00a0 \u00a0 \u00a0 \u00a0 \u00a0 \u00a0 \u00a0 \u00a0 \u00a0 \u00a0 \u00a0 \u00a0 \u00a0 \u00a0 \u00a0 \u00a0 \u00a0 \u00a0 \u00a0 \u00a0 \u00a0 \u00a0 \u00a0 \u00a0 \u00a0 \u00a0 \u00a0 \u00a0 \u00a0 \u00a0 \u00a0 \u00a0 \u00a0 \u00a0 \u00a0 \u00a0 \u00a0 \u00a0 \u00a0 \u00a0 \u00a0 \u00a0 \u00a0Hier klickst du zum ''<span style=\"color: #e02b20\">Rechnen<\/span>''<\/span><\/em><\/span><\/p>\n<p><span style=\"font-size: large\"><em><span style=\"font-family: georgia, palatino, serif\"><\/span><\/em><\/span><\/p>\n<p><span style=\"font-size: large\"><em><span style=\"font-family: georgia, palatino, serif\"><\/span><\/em><\/span><\/p>\n<p><span style=\"font-size: large\"><em><span style=\"font-family: georgia, palatino, serif\"><\/span><\/em><\/span><\/p>\n<p><em><span style=\"font-family: georgia, palatino, serif;font-size: 10pt\"><\/span><\/em><\/p>\n<p><img loading=\"lazy\" decoding=\"async\" class=\"size-medium wp-image-135 aligncenter\" src=\"https:\/\/blogs.uni-bremen.de\/mathematikinderpraxis\/files\/Ekran-goeruentuesue-2024-01-21-233739-300x97.png\" alt=\"\" width=\"300\" height=\"97\" \/>\u00a0 \u00a0 \u00a0 \u00a0 \u00a0 \u00a0 \u00a0 \u00a0 \u00a0 \u00a0 \u00a0 \u00a0 \u00a0<span style=\"color: #de792c\"><img loading=\"lazy\" decoding=\"async\" class=\"size-medium wp-image-139 aligncenter\" src=\"https:\/\/blogs.uni-bremen.de\/mathematikinderpraxis\/files\/Ekran-goeruentuesue-2024-01-21-235709-260x300.png\" alt=\"\" width=\"260\" height=\"300\" \/><\/span><\/p>\n<p><span style=\"font-family: georgia, palatino, serif;font-size: large;color: #ffffff\"><em>\u00a0 \u00a0 \u00a0 \u00a0 \u00a0 \u00a0 \u00a0 \u00a0 \u00a0 \u00a0 \u00a0 \u00a0 \u00a0 \u00a0 \u00a0 \u00a0 \u00a0 \u00a0 \u00a0 \u00a0 \u00a0 \u00a0 \u00a0 \u00a0 \u00a0 \u00a0 \u00a0 \u00a0 \u00a0 \u00a0 \u00a0 \u00a0 \u00a0 \u00a0 \u00a0 \u00a0 \u00a0 \u00a0 \u00a0 Bevor es los geht, du musst dich anmelden!<\/em><\/span><\/p>\n<p><span style=\"font-family: georgia, palatino, serif;font-size: 10pt\"><em><\/em><\/span><\/p>\n<p>&nbsp;<\/p>\n<p>&nbsp;<\/p><\/div>\n\t\t\t<\/div>\n\t\t\t<\/div>\n\t\t\t\t\n\t\t\t\t\n\t\t\t\t\n\t\t\t\t\n\t\t\t<\/div><div class=\"et_d4_element et_pb_row et_pb_row_2  et_pb_css_mix_blend_mode et_block_row\">\n\t\t\t\t<div class=\"et_d4_element et_pb_column_1_2 et_pb_column et_pb_column_2  et_pb_css_mix_blend_mode et_block_column\">\n\t\t\t\t\n\t\t\t\t\n\t\t\t\t\n\t\t\t\t\n\t\t\t\t<div class=\"et_pb_module et_d4_element et_pb_image et_pb_image_0\">\n\t\t\t\t\n\t\t\t\t\n\t\t\t\t\n\t\t\t\t\n\t\t\t\t<span class=\"et_pb_image_wrap \"><img loading=\"lazy\" decoding=\"async\" width=\"815\" height=\"799\" src=\"https:\/\/blogs.uni-bremen.de\/mathematikinderpraxis\/files\/vhs.png\" alt=\"\" title=\"Ekran g\u00f6r\u00fcnt\u00fcs\u00fc 2024-01-22 005229\" srcset=\"https:\/\/blogs.uni-bremen.de\/mathematikinderpraxis\/files\/vhs.png 815w, https:\/\/blogs.uni-bremen.de\/mathematikinderpraxis\/files\/vhs-480x471.png 480w\" sizes=\"(min-width: 0px) and (max-width: 480px) 480px, (min-width: 481px) 815px, 100vw\" class=\"wp-image-168\" \/><\/span>\n\t\t\t<\/div>\n\t\t\t<\/div><div class=\"et_d4_element et_pb_column_1_2 et_pb_column et_pb_column_3  et_pb_css_mix_blend_mode et-last-child et_block_column\">\n\t\t\t\t\n\t\t\t\t\n\t\t\t\t\n\t\t\t\t\n\t\t\t\t<div class=\"et_pb_module et_d4_element et_pb_text et_pb_text_2  et_pb_text_align_left et_pb_bg_layout_light\">\n\t\t\t\t\n\t\t\t\t\n\t\t\t\t\n\t\t\t\t\n\t\t\t\t\n\t\t\t<\/div><div class=\"et_pb_module et_d4_element et_pb_text et_pb_text_3  et_pb_text_align_left et_pb_bg_layout_light\">\n\t\t\t\t\n\t\t\t\t\n\t\t\t\t\n\t\t\t\t\n\t\t\t\t\n\t\t\t<\/div><div class=\"et_pb_module et_d4_element et_pb_text et_pb_text_4  et_pb_text_align_left et_pb_bg_layout_light\">\n\t\t\t\t\n\t\t\t\t\n\t\t\t\t\n\t\t\t\t\n\t\t\t\t<div class=\"et_pb_text_inner\"><p><span style=\"font-size: large\"><\/span><\/p>\n<p><span style=\"font-size: large\"><\/span><\/p>\n<p><span style=\"font-size: large;color: #000000;font-family: Abel;font-weight: normal\"><span style=\"color: #ffffff\">\u00a0Die Mein Rechnen-Seite wird die Startseite des Kurses.<\/span><\/span><\/p>\n<p><span style=\"font-size: large;color: #ffffff;font-family: Abel;font-weight: normal\">\u00a0Hier kannst du deine <strong><em>\u00dcbungen<\/em> <\/strong>und <em><strong>die<\/strong> <strong>Ergebnisse<\/strong> <\/em>deiner \u00dcbungen\u00a0 \u00a0sehen. <\/span><\/p>\n<p><span style=\"font-size: large;color: #ffffff;font-family: Abel;font-weight: normal\">\u00a0Ganz unten wirst du zwei Optionen f\u00fcr 1:1 Trainer \u00dcbungen sehen.<\/span><\/p>\n<p><span style=\"font-size: large;color: #ffffff;font-family: Abel;font-weight: normal\"><\/span><\/p>\n<p><span style=\"font-size: large;color: #ffffff;font-family: Abel;font-weight: normal\">\u00a0 -\u00a0 \u00a0 \u00a0Und eigentlich bist du in diesem Kurs \u00fcberhaupt nicht allein! \ud83d\ude42<\/span><\/p>\n<p><span style=\"font-size: large;color: #ffffff;font-family: Abel;font-weight: normal\">\u00a0 \u00a0 \u00a0 <\/span><\/p>\n<p><span style=\"font-size: large;color: #ffffff;font-family: Abel;font-weight: normal\">\u00a0Ab sofort hast du eine*n <strong>Tutor*in<\/strong> , der dich w\u00e4hrend des gesamten\u00a0 \u00a0Kursverlaufs unterst\u00fctzen wird!<\/span><\/p>\n<p><span style=\"font-size: large;color: #ffffff;font-family: Abel;font-weight: normal\"><\/span><\/p>\n<p><span style=\"font-size: large;color: #ffffff;font-family: Abel;font-weight: normal\">\u00a0 \u00a0 \u00a0 \u00a0 (Auf der linken Seite wird beispielsweise Susanne die Tutorin\u00a0 \u00a0sein, die sich w\u00e4hrend dieses Kurses begleitet.)<\/span><\/p>\n<p><span style=\"font-size: large;color: #ffffff;font-family: Abel;font-weight: normal\"><\/span><\/p>\n<p><span style=\"font-size: large;color: #ffffff;font-family: Abel;font-weight: normal\">\u00a0Wenn du die Startseite betrachtet hast, klicke jetzt auf das\u00a0 \u00a0orangefarbene Feld mit der Aufschrift <em><strong>''<span style=\"color: #e02b20\">hier lernen<\/span>''<\/strong><\/em>!<\/span><\/p>\n<p><span><\/span><\/p>\n<p><span style=\"font-size: large\"><\/span><\/p>\n<p><span style=\"font-size: large\"><\/span><\/p>\n<p><span style=\"font-size: large\"><\/span><\/p><\/div>\n\t\t\t<\/div>\n\t\t\t<\/div>\n\t\t\t\t\n\t\t\t\t\n\t\t\t\t\n\t\t\t\t\n\t\t\t<\/div><div class=\"et_d4_element et_pb_row et_pb_row_3  et_pb_css_mix_blend_mode et_block_row\">\n\t\t\t\t<div class=\"et_d4_element et_pb_column_1_2 et_pb_column et_pb_column_4  et_pb_css_mix_blend_mode et_block_column\">\n\t\t\t\t\n\t\t\t\t\n\t\t\t\t\n\t\t\t\t\n\t\t\t\t<div class=\"et_pb_module et_d4_element et_pb_image et_pb_image_1\">\n\t\t\t\t\n\t\t\t\t\n\t\t\t\t\n\t\t\t\t\n\t\t\t\t<span class=\"et_pb_image_wrap \"><img loading=\"lazy\" decoding=\"async\" width=\"951\" height=\"752\" src=\"https:\/\/blogs.uni-bremen.de\/mathematikinderpraxis\/files\/Ekran-goeruentuesue-2024-01-22-005229.png\" alt=\"\" title=\"Ekran g\u00f6r\u00fcnt\u00fcs\u00fc 2024-01-22 005229\" srcset=\"https:\/\/blogs.uni-bremen.de\/mathematikinderpraxis\/files\/Ekran-goeruentuesue-2024-01-22-005229.png 951w, https:\/\/blogs.uni-bremen.de\/mathematikinderpraxis\/files\/Ekran-goeruentuesue-2024-01-22-005229-480x380.png 480w\" sizes=\"(min-width: 0px) and (max-width: 480px) 480px, (min-width: 481px) 951px, 100vw\" class=\"wp-image-145\" \/><\/span>\n\t\t\t<\/div>\n\t\t\t<\/div><div class=\"et_d4_element et_pb_column_1_2 et_pb_column et_pb_column_5  et_pb_css_mix_blend_mode et-last-child et_block_column\">\n\t\t\t\t\n\t\t\t\t\n\t\t\t\t\n\t\t\t\t\n\t\t\t\t<div class=\"et_pb_module et_d4_element et_pb_text et_pb_text_5  et_pb_text_align_left et_pb_bg_layout_light\">\n\t\t\t\t\n\t\t\t\t\n\t\t\t\t\n\t\t\t\t\n\t\t\t\t<div class=\"et_pb_text_inner\"><p><span style=\"font-family: Abel;font-weight: normal;font-size: large\">\u00a0<\/span><span style=\"font-family: Abel;font-weight: normal;font-size: large;color: #ffffff\">Yihuu!<\/span><\/p>\n<p><span style=\"font-family: Abel;font-weight: normal;font-size: large;color: #ffffff\">Jetzt kannst du mit dem Lernen beginnen!\u00a0<\/span><\/p>\n<p><span style=\"font-family: Abel;font-weight: normal;font-size: large;color: #ffffff\">Hier siehst du 15 verschiedene Lektionen. Jede Lektion besteht aus verschiedenen Themen, die grundlegende Mathematikkenntnisse abdecken.\u00a0<\/span><\/p>\n<p><span style=\"font-family: Abel;font-weight: normal;font-size: large;color: #ffffff\"><\/span><\/p>\n<p><span style=\"font-family: Abel;font-weight: normal;font-size: large;color: #ffffff\"><\/span><\/p>\n<p><span style=\"font-family: Abel;font-weight: normal;font-size: large;color: #ffffff\">Die \u00dcbungen haben verschiedene Fragetypen, manchmal Zuordnungen, manchmal Multiple-Choice usw. <\/span><\/p>\n<p><span style=\"font-family: Abel;font-weight: normal;font-size: large;color: #ffffff\">Bei Bedarf wird zun\u00e4chst eine kurze Erkl\u00e4rung zum Thema gegeben, dann geht es zu den \u00dcbungen \u00fcber. Nach jeder Frage kannst du direkt die richtige Antwort sehen, indem du auf ''<span style=\"color: #e02b20\"><strong>Ergebnis<\/strong><\/span>'' klickst.<\/span><\/p><\/div>\n\t\t\t<\/div>\n\t\t\t<\/div>\n\t\t\t\t\n\t\t\t\t\n\t\t\t\t\n\t\t\t\t\n\t\t\t<\/div>\n\t\t\t\t\n\t\t\t\t\n\t\t\t<\/div><div class=\"et_d4_element et_pb_section et_pb_section_1  et_pb_css_mix_blend_mode et_section_regular et_block_section\" >\n\t\t\t\t\n\t\t\t\t\n\t\t\t\t\n\t\t\t\t\n\t\t\t\t\n\t\t\t\t\n\t\t\t\t<div class=\"et_d4_element et_pb_row et_pb_row_4  et_pb_css_mix_blend_mode et_block_row\">\n\t\t\t\t<div class=\"et_d4_element et_pb_column_4_4 et_pb_column et_pb_column_6  et_pb_css_mix_blend_mode et-last-child et_block_column\">\n\t\t\t\t\n\t\t\t\t\n\t\t\t\t\n\t\t\t\t\n\t\t\t\t<div class=\"et_pb_module et_d4_element et_pb_text et_pb_text_6  et_pb_text_align_left et_pb_bg_layout_light\">\n\t\t\t\t\n\t\t\t\t\n\t\t\t\t\n\t\t\t\t\n\t\t\t\t<div class=\"et_pb_text_inner\"><p><strong><span style=\"color: #000000;font-size: x-large\">\u00a0 \u00a0 \u00a0 \u00a0 \u00a0 \u00a0 \u00a0 \u00a0 \u00a0 \u00a0 \u00a0 \u00a0 \u00a0 \u00a0 \u00a0 \u00a0 \u00a0 \u00a0 \u00a0 \u00a0 \u00a0 \u00a0 \u00a0 \u00a0 \u00a0 \u00a0 \u00a0 \u00a0 \u00a0 \u00a0 \u00a0 \u00a0 \u00a0 \u00a0<span style=\"font-family: Abel;font-size: xx-large\">LEKTIONEN<\/span><\/span><\/strong><\/p><\/div>\n\t\t\t<\/div>\n\t\t\t<\/div>\n\t\t\t\t\n\t\t\t\t\n\t\t\t\t\n\t\t\t\t\n\t\t\t<\/div><div class=\"et_d4_element et_pb_row et_pb_row_5  et_pb_css_mix_blend_mode et_block_row\">\n\t\t\t\t<div class=\"et_d4_element et_pb_column_4_4 et_pb_column et_pb_column_7  et_pb_css_mix_blend_mode et-last-child et_block_column\">\n\t\t\t\t\n\t\t\t\t\n\t\t\t\t\n\t\t\t\t\n\t\t\t\t<div class=\"et_pb_module et_d4_element et_pb_text et_pb_text_7  et_pb_text_align_left et_pb_bg_layout_light\">\n\t\t\t\t\n\t\t\t\t\n\t\t\t\t\n\t\t\t\t\n\t\t\t\t<div class=\"et_pb_text_inner\"><p><span style=\"font-family: Abel;font-weight: normal;font-size: large\">\u00a0<\/span><\/p>\n<ol>\n<li style=\"list-style-type: none\">\n<ol>\n<li style=\"list-style-type: none\">\n<ol>\n<li style=\"list-style-type: none\">\n<ol>\n<li style=\"list-style-type: none\">\n<ol>\n<li style=\"list-style-type: none\">\n<ol>\n<li style=\"list-style-type: none\">\n<ol>\n<li style=\"list-style-type: none\">\n<ol>\n<li style=\"list-style-type: none\">\n<ol>\n<li style=\"list-style-type: none\">\n<ol>\n<li style=\"list-style-type: none\">\n<ol>\n<li style=\"list-style-type: none\">\n<ol>\n<li style=\"list-style-type: none\">\n<ul>\n<li style=\"text-align: left\"><span style=\"font-size: large;color: #ffffff;font-family: Abel;font-weight: normal\">\u00dcber das Rechnen sprechen<\/span><\/li>\n<li style=\"text-align: left\"><span style=\"font-size: large;color: #ffffff;font-family: Abel;font-weight: normal\">\u00a0Kardinale und andere Nutzungen von Zahlen<\/span><\/li>\n<li style=\"text-align: left\"><span style=\"font-size: large;color: #ffffff;font-family: Abel;font-weight: normal\">Mengen und Zahlen ver\u00e4ndern<\/span><\/li>\n<li style=\"text-align: left\"><span style=\"font-size: large;color: #ffffff;font-family: Abel;font-weight: normal\">Mengen und Zahlen vergleichen\u00a0<\/span><\/li>\n<li style=\"text-align: left\"><span style=\"font-size: large;color: #ffffff;font-family: Abel;font-weight: normal\">\u00a0Mengen und Zahlen aufteilen<\/span><\/li>\n<li style=\"text-align: left\"><span style=\"font-size: large;color: #ffffff;font-family: Abel;font-weight: normal\">\u00a0Zahlbeziehungen bis 10\u00a0<\/span><\/li>\n<li style=\"text-align: left\"><span style=\"font-size: large;color: #ffffff;font-family: Abel;font-weight: normal\">\u00a0Teile, Ganzes und Gleichungen<\/span><\/li>\n<li style=\"text-align: left\"><span style=\"font-size: large;color: #ffffff;font-family: Abel;font-weight: normal\">\u00a0Zahlen bis 20\u00a0<\/span><\/li>\n<li style=\"text-align: left\"><span style=\"font-size: large;color: #ffffff;font-family: Abel;font-weight: normal\">\u00a0Immer zehn \u2013 Das B\u00fcndelungsprinzip<\/span><\/li>\n<li style=\"text-align: left\"><span style=\"font-size: large;color: #ffffff;font-family: Abel;font-weight: normal\">\u00a0Zahlen bis 100<\/span><\/li>\n<li style=\"text-align: left\"><span style=\"font-size: large;color: #ffffff;font-family: Abel;font-weight: normal\">\u00a0Zahlen bis 1000<\/span><\/li>\n<li style=\"text-align: left\"><span style=\"font-size: large;color: #ffffff;font-family: Abel;font-weight: normal\">\u00a0Gro\u00dfe Zahlen\u00a0<\/span><\/li>\n<li style=\"text-align: left\"><span style=\"font-size: large;color: #ffffff;font-family: Abel;font-weight: normal\">\u00a0Multiplikation<\/span><\/li>\n<li style=\"text-align: left\"><span style=\"font-size: large;color: #ffffff;font-family: Abel;font-weight: normal\">\u00a0Division<\/span><\/li>\n<li style=\"text-align: left\"><span style=\"font-size: large;color: #ffffff;font-family: Abel;font-weight: normal\">\u00a0Schriftliche Rechenverfahren<\/span><\/li>\n<\/ul>\n<\/li>\n<\/ol>\n<\/li>\n<\/ol>\n<\/li>\n<\/ol>\n<\/li>\n<\/ol>\n<\/li>\n<\/ol>\n<\/li>\n<\/ol>\n<\/li>\n<\/ol>\n<\/li>\n<\/ol>\n<\/li>\n<\/ol>\n<\/li>\n<\/ol>\n<\/li>\n<\/ol>\n<\/li>\n<\/ol><\/div>\n\t\t\t<\/div>\n\t\t\t<\/div>\n\t\t\t\t\n\t\t\t\t\n\t\t\t\t\n\t\t\t\t\n\t\t\t<\/div>\n\t\t\t\t\n\t\t\t\t\n\t\t\t<\/div><div class=\"et_d4_element et_pb_section et_pb_section_2  et_pb_css_mix_blend_mode et_section_regular et_block_section\" >\n\t\t\t\t\n\t\t\t\t\n\t\t\t\t\n\t\t\t\t\n\t\t\t\t\n\t\t\t\t\n\t\t\t\t<div class=\"et_d4_element et_pb_row et_pb_row_6  et_pb_css_mix_blend_mode et_block_row\">\n\t\t\t\t<div class=\"et_d4_element et_pb_column_1_2 et_pb_column et_pb_column_8  et_pb_css_mix_blend_mode et_block_column\">\n\t\t\t\t\n\t\t\t\t\n\t\t\t\t\n\t\t\t\t\n\t\t\t\t<div class=\"et_pb_module et_d4_element et_pb_image et_pb_image_2\">\n\t\t\t\t\n\t\t\t\t\n\t\t\t\t\n\t\t\t\t\n\t\t\t\t<span class=\"et_pb_image_wrap \"><img loading=\"lazy\" decoding=\"async\" width=\"500\" height=\"57\" src=\"https:\/\/blogs.uni-bremen.de\/mathematikinderpraxis\/files\/Ekran-goeruentuesue-2024-02-19-172646.png\" alt=\"\" title=\"Ekran g\u00f6r\u00fcnt\u00fcs\u00fc 2024-02-19 172646\" srcset=\"https:\/\/blogs.uni-bremen.de\/mathematikinderpraxis\/files\/Ekran-goeruentuesue-2024-02-19-172646.png 500w, https:\/\/blogs.uni-bremen.de\/mathematikinderpraxis\/files\/Ekran-goeruentuesue-2024-02-19-172646-480x55.png 480w\" sizes=\"(min-width: 0px) and (max-width: 480px) 480px, (min-width: 481px) 500px, 100vw\" class=\"wp-image-318\" \/><\/span>\n\t\t\t<\/div>\n\t\t\t<\/div><div class=\"et_d4_element et_pb_column_1_2 et_pb_column et_pb_column_9  et_pb_css_mix_blend_mode et-last-child et_block_column\">\n\t\t\t\t\n\t\t\t\t\n\t\t\t\t\n\t\t\t\t\n\t\t\t\t<div class=\"et_pb_module et_d4_element et_pb_text et_pb_text_8  et_pb_text_align_left et_pb_bg_layout_light\">\n\t\t\t\t\n\t\t\t\t\n\t\t\t\t\n\t\t\t\t\n\t\t\t\t<div class=\"et_pb_text_inner\"><p><span style=\"font-size: large;color: #ffffff;font-family: Abel;font-weight: normal\">Am Ende des Kurses wird ein Test auf dich warten. Damit kannst du dein Wissen \u00fcber den Kurs testen.<\/span><\/p>\n<p><span style=\"font-size: large;color: #ffffff;font-family: Abel;font-weight: normal\">Vergiss das nicht! : Jede Aufgabe im Test kann nur einmal gel\u00f6st werden. \ud83d\ude42<\/span><\/p><\/div>\n\t\t\t<\/div>\n\t\t\t<\/div>\n\t\t\t\t\n\t\t\t\t\n\t\t\t\t\n\t\t\t\t\n\t\t\t<\/div>\n\t\t\t\t\n\t\t\t\t\n\t\t\t<\/div><\/p>\n","protected":false},"excerpt":{"rendered":"","protected":false},"author":10873,"featured_media":0,"parent":0,"menu_order":0,"comment_status":"closed","ping_status":"closed","template":"","meta":{"_bbp_topic_count":0,"_bbp_reply_count":0,"_bbp_total_topic_count":0,"_bbp_total_reply_count":0,"_bbp_voice_count":0,"_bbp_anonymous_reply_count":0,"_bbp_topic_count_hidden":0,"_bbp_reply_count_hidden":0,"_bbp_forum_subforum_count":0,"_et_pb_use_builder":"on","_et_pb_old_content":"<h1><span style=\"color: #de792c\"><img class=\"aligncenter wp-image-116 size-large\" src=\"https:\/\/blogs.uni-bremen.de\/mathematikinderpraxis\/files\/Ekran-goeruentuesue-2024-01-21-184817-1024x205.png\" alt=\"\" width=\"1024\" height=\"205\" \/><\/span><\/h1>\r\n<h1><span style=\"color: #de792c\">\u00a0 \u00a0 \u00a0 \u00a0 \u00a0 <\/span><\/h1>\r\n<h1><span style=\"color: #de792c\">\u00a0 \u00a0 \u00a0 \u00a0 \u00a0 \u00a0Entdecke die Welt der Zahlen von Zuhause aus!<\/span><\/h1>\r\n<span style=\"font-size: 12pt\">Mathe und Rechnen begleiten uns t\u00e4glich, sind von unsch\u00e4tzbarem Wert und k\u00f6nnen den entscheidenden Unterschied in vielen Lebensbereichen machen.\u00a0<\/span>\r\n\r\n<span style=\"font-size: 12pt\">Mit speziell konzipierten Rechnenkurse schafft die VHS eine Welt, in der du deine grundlegenden mathematischen Kenntnisse bequem von zu\u00a0<\/span>\r\n\r\n<span style=\"font-size: 12pt\">Hause aus verbessern kannst. <\/span><span style=\"font-size: 12pt\">Und<\/span><span style=\"font-size: 12pt\"> es ist v\u00f6llig kostenlos! Geil, oder?\u00a0<\/span>\r\n\r\n<span style=\"font-size: 12pt\">Wenn du <a href=\"https:\/\/www.vhs-lernportal.de\/wws\/home.php?sid=48471632723266257410413166192508751333622810850590242970585098591610Se843a256\">die Webseite von Lernportal<\/a> betrittst und auf die Option <strong>''Ich will lernen''<\/strong> klickst, wirst du verschiedene Kursm\u00f6glichkeiten sehen. \u2193\u00a0<\/span>\r\n\r\n<img class=\"alignnone size-medium wp-image-128\" src=\"https:\/\/blogs.uni-bremen.de\/mathematikinderpraxis\/files\/Ekran-goeruentuesue-2024-01-21-210423-256x300.png\" alt=\"\" width=\"256\" height=\"300\" \/><img class=\"alignnone size-medium wp-image-126\" src=\"https:\/\/blogs.uni-bremen.de\/mathematikinderpraxis\/files\/WhatsApp-Image-2024-01-21-at-20.05.25-256x300.jpeg\" alt=\"\" width=\"256\" height=\"300\" \/><img class=\"alignnone size-medium wp-image-125\" src=\"https:\/\/blogs.uni-bremen.de\/mathematikinderpraxis\/files\/Ekran-goeruentuesue-2024-01-21-195508-267x300.png\" alt=\"\" width=\"267\" height=\"300\" \/>\r\n\r\n<em><span style=\"font-family: georgia, palatino, serif;font-size: 10pt\">\u00a0 \u00a0 \u00a0 \u00a0 \u00a0 \u00a0 \u00a0 \u00a0 \u00a0 \u00a0 \u00a0 \u00a0 \u00a0 \u00a0 \u00a0 \u00a0 \u00a0 \u00a0 \u00a0 \u00a0 \u00a0 \u00a0 \u00a0 \u00a0 \u00a0 \u00a0 \u00a0 \u00a0 \u00a0 \u00a0 \u00a0 \u00a0 \u00a0 \u00a0 \u00a0 \u00a0 \u00a0 \u00a0 \u00a0 \u00a0 \u00a0 \u00a0 \u00a0 \u00a0 \u00a0 \u00a0 \u00a0 \u00a0 Hier klickst du zum ''Rechnen''<\/span><\/em>\r\n\r\n\u00a0\r\n\r\n<img class=\"size-medium wp-image-135 aligncenter\" src=\"https:\/\/blogs.uni-bremen.de\/mathematikinderpraxis\/files\/Ekran-goeruentuesue-2024-01-21-233739-300x97.png\" alt=\"\" width=\"300\" height=\"97\" \/>\u00a0 \u00a0 \u00a0 \u00a0 \u00a0 \u00a0 \u00a0 \u00a0 \u00a0 \u00a0 \u00a0 \u00a0 \u00a0<span style=\"color: #de792c\"><img class=\"size-medium wp-image-139 aligncenter\" src=\"https:\/\/blogs.uni-bremen.de\/mathematikinderpraxis\/files\/Ekran-goeruentuesue-2024-01-21-235709-260x300.png\" alt=\"\" width=\"260\" height=\"300\" \/><\/span>\r\n\r\n<span style=\"font-family: georgia, palatino, serif;font-size: 10pt\"><em>\u00a0 \u00a0 \u00a0 \u00a0 \u00a0 \u00a0 \u00a0 \u00a0 \u00a0 \u00a0 \u00a0 \u00a0 \u00a0 \u00a0 \u00a0 \u00a0 \u00a0 \u00a0 \u00a0 \u00a0 \u00a0 \u00a0 \u00a0 \u00a0 \u00a0 \u00a0 \u00a0 \u00a0 \u00a0 \u00a0 \u00a0 \u00a0 \u00a0 \u00a0 \u00a0 \u00a0 \u00a0 \u00a0 \u00a0 \u00a0 \u00a0 \u00a0Bevor es los geht, du musst dich anmelden!<\/em><\/span>\r\n\r\n\u00a0\r\n\r\n<img class=\"alignnone size-medium wp-image-145\" src=\"https:\/\/blogs.uni-bremen.de\/mathematikinderpraxis\/files\/Ekran-goeruentuesue-2024-01-22-005229-300x237.png\" alt=\"\" width=\"300\" height=\"237\" \/>","_et_gb_content_width":"","footnotes":""},"class_list":["post-79","page","type-page","status-publish","hentry"],"_links":{"self":[{"href":"https:\/\/blogs.uni-bremen.de\/mathematikinderpraxis\/wp-json\/wp\/v2\/pages\/79","targetHints":{"allow":["GET"]}}],"collection":[{"href":"https:\/\/blogs.uni-bremen.de\/mathematikinderpraxis\/wp-json\/wp\/v2\/pages"}],"about":[{"href":"https:\/\/blogs.uni-bremen.de\/mathematikinderpraxis\/wp-json\/wp\/v2\/types\/page"}],"author":[{"embeddable":true,"href":"https:\/\/blogs.uni-bremen.de\/mathematikinderpraxis\/wp-json\/wp\/v2\/users\/10873"}],"replies":[{"embeddable":true,"href":"https:\/\/blogs.uni-bremen.de\/mathematikinderpraxis\/wp-json\/wp\/v2\/comments?post=79"}],"version-history":[{"count":9,"href":"https:\/\/blogs.uni-bremen.de\/mathematikinderpraxis\/wp-json\/wp\/v2\/pages\/79\/revisions"}],"predecessor-version":[{"id":379,"href":"https:\/\/blogs.uni-bremen.de\/mathematikinderpraxis\/wp-json\/wp\/v2\/pages\/79\/revisions\/379"}],"wp:attachment":[{"href":"https:\/\/blogs.uni-bremen.de\/mathematikinderpraxis\/wp-json\/wp\/v2\/media?parent=79"}],"curies":[{"name":"wp","href":"https:\/\/api.w.org\/{rel}","templated":true}]}}