{"id":74,"date":"2024-01-16T12:55:10","date_gmt":"2024-01-16T11:55:10","guid":{"rendered":"https:\/\/blogs.uni-bremen.de\/mathematikinderpraxis\/?page_id=74"},"modified":"2024-02-20T10:51:42","modified_gmt":"2024-02-20T09:51:42","slug":"genese","status":"publish","type":"page","link":"https:\/\/blogs.uni-bremen.de\/mathematikinderpraxis\/genese\/","title":{"rendered":"Genese"},"content":{"rendered":"<p><div class=\"et_d4_element et_pb_section et_pb_section_0  et_pb_css_mix_blend_mode et_section_regular et_block_section\" >\n\t\t\t\t\n\t\t\t\t\n\t\t\t\t\n\t\t\t\t\n\t\t\t\t\n\t\t\t\t\n\t\t\t\t<div class=\"et_d4_element et_pb_row et_pb_row_0 et_pb_equal_columns  et_pb_css_mix_blend_mode et_block_row\">\n\t\t\t\t<div class=\"et_d4_element et_pb_column_1_2 et_pb_column et_pb_column_0  et_pb_css_mix_blend_mode et_block_column\">\n\t\t\t\t\n\t\t\t\t\n\t\t\t\t\n\t\t\t\t\n\t\t\t\t<div class=\"et_pb_module et_d4_element et_pb_text et_pb_text_0  et_pb_text_align_left et_pb_bg_layout_light\">\n\t\t\t\t\n\t\t\t\t\n\t\t\t\t\n\t\t\t\t\n\t\t\t\t<div class=\"et_pb_text_inner\"><h4>Genese<\/h4><\/div>\n\t\t\t<\/div><div class=\"et_pb_module et_d4_element et_pb_text et_pb_text_1  et_pb_text_align_left et_pb_bg_layout_light\">\n\t\t\t\t\n\t\t\t\t\n\t\t\t\t\n\t\t\t\t\n\t\t\t\t<div class=\"et_pb_text_inner\"><h1>Wie entwickelt sich Numeracy?<\/h1><\/div>\n\t\t\t<\/div>\n\t\t\t<\/div><div class=\"et_d4_element et_pb_column_1_2 et_pb_column et_pb_column_1  et_pb_css_mix_blend_mode et-last-child et_block_column\">\n\t\t\t\t\n\t\t\t\t\n\t\t\t\t\n\t\t\t\t\n\t\t\t\t<div class=\"et_pb_module et_d4_element et_pb_image et_pb_image_0\">\n\t\t\t\t\n\t\t\t\t\n\t\t\t\t\n\t\t\t\t\n\t\t\t\t<span class=\"et_pb_image_wrap \"><img loading=\"lazy\" decoding=\"async\" width=\"1280\" height=\"1070\" src=\"https:\/\/blogs.uni-bremen.de\/mathematikinderpraxis\/files\/laptop-2298286_1280.png\" alt=\"\" title=\"laptop-2298286_1280\" srcset=\"https:\/\/blogs.uni-bremen.de\/mathematikinderpraxis\/files\/laptop-2298286_1280.png 1280w, https:\/\/blogs.uni-bremen.de\/mathematikinderpraxis\/files\/laptop-2298286_1280-980x819.png 980w, https:\/\/blogs.uni-bremen.de\/mathematikinderpraxis\/files\/laptop-2298286_1280-480x401.png 480w\" sizes=\"(min-width: 0px) and (max-width: 480px) 480px, (min-width: 481px) and (max-width: 980px) 980px, (min-width: 981px) 1280px, 100vw\" class=\"wp-image-255\" \/><\/span>\n\t\t\t<\/div>\n\t\t\t<\/div>\n\t\t\t\t\n\t\t\t\t\n\t\t\t\t\n\t\t\t\t\n\t\t\t<\/div>\n\t\t\t\t\n\t\t\t\t\n\t\t\t<\/div><div class=\"et_d4_element et_pb_section et_pb_section_1 et_pb_with_background  et_pb_css_mix_blend_mode et_section_regular et_block_section\" >\n\t\t\t\t\n\t\t\t\t\n\t\t\t\t\n\t\t\t\t\n\t\t\t\t\n\t\t\t\t\n\t\t\t\t<div class=\"et_d4_element et_pb_row et_pb_row_1  et_pb_css_mix_blend_mode et_block_row\">\n\t\t\t\t<div class=\"et_d4_element et_pb_column_4_4 et_pb_column et_pb_column_2  et_pb_css_mix_blend_mode et-last-child et_block_column\">\n\t\t\t\t\n\t\t\t\t\n\t\t\t\t\n\t\t\t\t\n\t\t\t\t<div class=\"et_pb_module et_d4_element et_pb_text et_pb_text_2  et_pb_text_align_left et_pb_bg_layout_light\">\n\t\t\t\t\n\t\t\t\t\n\t\t\t\t\n\t\t\t\t\n\t\t\t\t<div class=\"et_pb_text_inner\"><p><span style=\"color: #ffffff;font-family: Abel;font-weight: normal;font-size: large\">Die Genese der Numeralit\u00e4t, verstanden als die F\u00e4higkeit, mathematische <\/span><span style=\"color: #ffffff;font-family: Abel;font-weight: normal;font-size: large\">Informationen und Ideen zug\u00e4nglich zu machen, zu interpretieren und zu kommunizieren, um mit mathematischen Anforderungen in unterschiedlichen Alltagssituationen umgehen zu k\u00f6nnen (vgl. Krejcik et al., 2020, 294), ist ein komplexer Prozess, der von verschiedenen Faktoren beeinflusst wird. Die Bedeutung der Numeralit\u00e4t f\u00fcr die Teilhabe an vielen Lebensbereichen,\u00a0<\/span><\/p>\n<p><span style=\"color: #ffffff\"><\/span><\/p>\n<p>&nbsp;<\/p><\/div>\n\t\t\t<\/div><div class=\"et_pb_module et_d4_element et_pb_text et_pb_text_3  et_pb_text_align_left et_pb_bg_layout_light\">\n\t\t\t\t\n\t\t\t\t\n\t\t\t\t\n\t\t\t\t\n\t\t\t\t<div class=\"et_pb_text_inner\"><p><span style=\"color: #ffffff;font-family: Abel;font-weight: normal;font-size: large\">insbesondere am Arbeitsmarkt, ist unbestritten und wird durch zahlreiche Studien untermauert. Dabei spielt Numeralit\u00e4t nicht nur in hoch qualifizierten Berufsfeldern eine Rolle, sondern beeinflusst auch das Risiko von Arbeitslosigkeit und geringem Einkommen. Trotz dieser anerkannten Bedeutung ist die Forschung zu Numeralit\u00e4tskompetenzen und deren Auswirkungen auf die Teilhabe am lebenslangen Lernen noch begrenzt (vgl. ebd., 293).<\/span><\/p>\n<p>&nbsp;<\/p>\n<p><span style=\"color: #ffffff;font-family: Abel;font-weight: normal;font-size: large\">Interessanterweise wird Numeralit\u00e4t in der modernen Forschung zunehmend als soziale Praxis begriffen (vgl. Pabst et al., 2019, 379), welche die soziokulturellen, historischen und politischen Kontexte, in denen numerale Praktiken stattfinden, in den Blick nimmt (vgl. Krejcik et al., 2020, 294). Dieser Perspektivwechsel erlaubt es, Numeralit\u00e4t nicht nur als individuelle Kompetenz, sondern auch als Teil gesellschaftlicher Anforderungs- und Machtstrukturen zu verstehen. Ein solches Verst\u00e4ndnis lenkt die Aufmerksamkeit auf die individuellen Anwendungen und Bedeutungszuschreibungen von Numeralit\u00e4t und er\u00f6ffnet damit neue Forschungsperspektiven (vgl. Pabst et al., 2019, 380).<\/span><\/p>\n<p>&nbsp;<\/p>\n<p><span style=\"color: #ffffff;font-family: Abel;font-weight: normal;font-size: large\">Trotz der anerkannten Bedeutung von Numeralit\u00e4t f\u00fcr die gesellschaftliche Teilhabe und die individuelle Lebensgestaltung, zeigt sich, dass Numeralit\u00e4t in der Erwachsenenbildung und in der Praxis der Erwachsenenbildung bisher noch nicht hinreichend ber\u00fccksichtigt wurde (vgl. Pabst et al., 2019, 379f.). Dies mag unter anderem daran liegen, dass numerale Praktiken oft als selbstverst\u00e4ndlich angesehen und daher in ihrer Bedeutung untersch\u00e4tzt werden (vgl. Grotl\u00fcschen et al., 2019, 323). Zudem wird Numeralit\u00e4t von Erwachsenen h\u00e4ufig nicht als solche wahrgenommen, da sie in der Technologie verschwindet, jedoch bleibt sie ein wichtiges Element f\u00fcr politische und berufliche Prozesse (vgl. ebd., 337).<\/span><\/p>\n<p><span style=\"color: #ffffff\"><\/span><\/p>\n<p>&nbsp;<\/p><\/div>\n\t\t\t<\/div><div class=\"et_pb_with_border et_pb_module et_d4_element et_pb_text et_pb_text_4  et_pb_text_align_left et_pb_bg_layout_light\">\n\t\t\t\t\n\t\t\t\t\n\t\t\t\t\n\t\t\t\t\n\t\t\t\t<div class=\"et_pb_text_inner\"><p><span style=\"color: #ffffff;font-family: Abel;font-weight: normal;font-size: x-large\">Zusammenfassend l\u00e4sst sich feststellen, dass die Genese der Numeralit\u00e4t ein vielschichtiger Prozess ist, der von der fr\u00fchen Kindheit bis ins Erwachsenenalter reicht und sowohl von individuellen Lernprozessen als auch von gesellschaftlichen Anforderungen und Praktiken gepr\u00e4gt wird. Die Forschung steht dabei vor der Herausforderung, Numeralit\u00e4t in ihrer ganzen Breite zu erfassen und zu verstehen, um damit einen Beitrag zur F\u00f6rderung der Teilhabe und Bildung zu leisten.<\/span><\/p><\/div>\n\t\t\t<\/div>\n\t\t\t<\/div>\n\t\t\t\t\n\t\t\t\t\n\t\t\t\t\n\t\t\t\t\n\t\t\t<\/div>\n\t\t\t\t\n\t\t\t\t\n\t\t\t<\/div><div class=\"et_d4_element et_pb_section et_pb_section_2  et_pb_css_mix_blend_mode et_pb_fullwidth_section et_section_regular et_block_section\" >\n\t\t\t\t\n\t\t\t\t\n\t\t\t\t\n\t\t\t\t\n\t\t\t\t\n\t\t\t\t\n\t\t\t\t<section class=\"et_pb_module et_d4_element et_pb_fullwidth_header et_pb_fullwidth_header_0  et_pb_css_mix_blend_mode et_pb_text_align_left et_pb_bg_layout_dark\">\n\t\t\t\t\n\t\t\t\t\n\t\t\t\t\n\t\t\t\t\n\t\t\t\t<div class=\"et_pb_fullwidth_header_container left\">\n\t\t\t\t\t<div class=\"header-content-container center\">\n\t\t\t\t\t<div class=\"header-content\">\n\t\t\t\t\t\t\n\t\t\t\t\t\t<h1 class=\"et_pb_module_header\">Literatur<\/h1>\n\t\t\t\t\t\t\n\t\t\t\t\t\t<div class=\"et_pb_header_content_wrapper\"><p><span style=\"font-family: Abel;font-weight: normal;font-size: x-small\"><span style=\"color: #000000\">Grotl\u00fcschen, A., Buddeberg, K., &amp; Kaiser, G. (2019). Numeralit\u00e4t \u2013 eine untersch\u00e4tzte Dom\u00e4ne der Grundbildung? <\/span><em><span style=\"color: #000000\"><i>Zeitschrift f\u00fcr Weiterbildungsforschung, 42<\/i><\/span><\/em><span style=\"color: #000000\">, 319 - 342.<\/span><span style=\"color: #000000\"> <\/span><\/span><\/p>\n<p><span style=\"font-family: Abel;font-weight: normal;font-size: x-small\"><span style=\"color: #000000\"><span>Krejcik, L., &amp; Grotl\u00fcschen, A. (2020). Von der Umkehr des Matth\u00e4us-Effekts \u2013 Stundenintensive Weiterbildung bei geringen numeralen Kompetenzen.\u00a0<\/span><em>Zeitschrift f\u00fcr Weiterbildungsforschung<\/em><span>, 1-22.<\/span><\/span><\/span><\/p>\n<p><span style=\"color: #000000\"><span style=\"font-family: Times New Roman, serif\"><span style=\"font-size: medium\"><\/span><\/span><\/span><span style=\"font-size: x-small;background-color: #0c71c3;font-family: Abel;color: #000000\">Pabst, A., Curdt, W., Benz-Gydat, M., Schreiber-Barsch, S., &amp; Zeuner, C. (2019). Numeralit\u00e4t als soziale Praxis \u2013 forschungstheoretische Einordnung und empirische Zug\u00e4nge.\u00a0<\/span><em style=\"font-size: x-small;background-color: #0c71c3;font-family: Abel\"><span style=\"font-size: 10px;color: #000000\"><i style=\"font-size: 10px\">Zeitschrift f\u00fcr Weiterbildungsforschung, 42<\/i><\/span><\/em><span style=\"font-size: x-small;background-color: #0c71c3;font-family: Abel;color: #000000\">, 379 - 395.<\/span><\/p>\n<p><span style=\"font-family: Abel;font-weight: normal;font-size: x-small\"><span style=\"color: #000000\"><\/span><\/span><\/p>\n<p><span style=\"font-family: Abel;font-weight: normal;font-size: x-small\"><span style=\"color: #000000\"><\/span><\/span><\/p>\n<p><span style=\"font-family: Abel;font-weight: normal;font-size: x-small\"><span style=\"color: #000000\"><\/span><\/span><\/p>\n<p><span style=\"font-family: Abel;font-weight: normal;font-size: x-small\"><span style=\"color: #000000\"><\/span><\/span><\/p><\/div>\n\t\t\t\t\t\t\n\t\t\t\t\t<\/div>\n\t\t\t\t<\/div>\n\t\t\t\t\t\n\t\t\t\t<\/div>\n\t\t\t\t<div class=\"et_pb_fullwidth_header_overlay\"><\/div>\n\t\t\t\t<div class=\"et_pb_fullwidth_header_scroll\"><\/div>\n\t\t\t<\/section>\n\t\t\t\t\n\t\t\t\t\n\t\t\t<\/div><\/p>\n","protected":false},"excerpt":{"rendered":"","protected":false},"author":10873,"featured_media":0,"parent":0,"menu_order":0,"comment_status":"closed","ping_status":"closed","template":"","meta":{"_bbp_topic_count":0,"_bbp_reply_count":0,"_bbp_total_topic_count":0,"_bbp_total_reply_count":0,"_bbp_voice_count":0,"_bbp_anonymous_reply_count":0,"_bbp_topic_count_hidden":0,"_bbp_reply_count_hidden":0,"_bbp_forum_subforum_count":0,"_et_pb_use_builder":"on","_et_pb_old_content":"","_et_gb_content_width":"","footnotes":""},"class_list":["post-74","page","type-page","status-publish","hentry"],"_links":{"self":[{"href":"https:\/\/blogs.uni-bremen.de\/mathematikinderpraxis\/wp-json\/wp\/v2\/pages\/74","targetHints":{"allow":["GET"]}}],"collection":[{"href":"https:\/\/blogs.uni-bremen.de\/mathematikinderpraxis\/wp-json\/wp\/v2\/pages"}],"about":[{"href":"https:\/\/blogs.uni-bremen.de\/mathematikinderpraxis\/wp-json\/wp\/v2\/types\/page"}],"author":[{"embeddable":true,"href":"https:\/\/blogs.uni-bremen.de\/mathematikinderpraxis\/wp-json\/wp\/v2\/users\/10873"}],"replies":[{"embeddable":true,"href":"https:\/\/blogs.uni-bremen.de\/mathematikinderpraxis\/wp-json\/wp\/v2\/comments?post=74"}],"version-history":[{"count":9,"href":"https:\/\/blogs.uni-bremen.de\/mathematikinderpraxis\/wp-json\/wp\/v2\/pages\/74\/revisions"}],"predecessor-version":[{"id":368,"href":"https:\/\/blogs.uni-bremen.de\/mathematikinderpraxis\/wp-json\/wp\/v2\/pages\/74\/revisions\/368"}],"wp:attachment":[{"href":"https:\/\/blogs.uni-bremen.de\/mathematikinderpraxis\/wp-json\/wp\/v2\/media?parent=74"}],"curies":[{"name":"wp","href":"https:\/\/api.w.org\/{rel}","templated":true}]}}