{"id":16,"date":"2014-05-15T09:25:10","date_gmt":"2014-05-15T07:25:10","guid":{"rendered":"http:\/\/blogs.uni-bremen.de\/masterinformatik\/?page_id=16"},"modified":"2014-05-29T16:07:26","modified_gmt":"2014-05-29T14:07:26","slug":"planung-meiner-masterarbeit","status":"publish","type":"page","link":"https:\/\/blogs.uni-bremen.de\/masterinformatik\/planung-meiner-masterarbeit\/","title":{"rendered":"Planung meiner Masterarbeit"},"content":{"rendered":"<p>Wie der Titel schon sagt werde ich als Lernprojekt die Planung und die erste Phase der Erstellung meiner Masterarbeit beschreiben.<\/p>\n<p><strong>Die Masterarbeit<\/strong>: Ich habe mein <em>Informatikstudium<\/em> so gut wie abgeschlossen und schreibe nun meine Masterarbeit im Fachgebiet <em>Softwaretechnik <\/em>zum Thema<em> Software-Architektur f\u00fcr vernetzte Ger\u00e4te<\/em>. Da ich eine Arbeit mit Industriepartner schreibe, darf ich \u00fcber die Inhalte hier nicht mehr preisgeben. Ich denke, das ist aber auch nicht weiter schlimm f\u00fcr diesen Blog.<\/p>\n<p><strong>Der Stand (15.05.)<\/strong>: Ich habe mit der Planungsphase am 02.04. begonnen und werde &#8211; wenn alles klappt &#8211; Ende Mai meine Arbeit anmelden. Normalerweise ist bei uns ca. 1 Monat f\u00fcr die Planung der Arbeit und die Erstellung eines <em>Proposals<\/em> vorgesehen.<\/p>\n<p><em>Proposal<\/em> = kurze Beschreibung der Aufgabenstellung, der Ziele und de wissensch. Grundlagen und der verwandten Arbeiten auf 4 &#8211; 5 Seiten. Au\u00dferdem die geplante Gliederung f\u00fcr die Arbeit und ein zeitlicher Arbeitsplan der einzelnen Arbeitspakete.<\/p>\n<p>Dass es bei mir insgesamt fast 2 Monate dauert, liegt vor allem daran, dass ich in der Firma, die die Arbeit begleitet, noch einige Vorarbeiten machen musste, ohne die ich das Thema nicht h\u00e4tte bearbeiten k\u00f6nnen. F\u00fcr die Vorarbeiten habe ich ca. 3 Wochen gebraucht und arbeite aktuell noch an meinem Proposal. Dazu habe ich bereits viel Grundlagen &#8211; Literatur gelesung und schreibe momentan den Text. Au\u00dferdem geh\u00f6rt zum Proposal auch eine genaue zeitliche Planung der einzelnen Arbeitsschritte. Die muss ich auch noch erstellen.<\/p>\n<p><strong>Tool<\/strong>: Ich werde OneNote 2013 (Microsoft)\u00a0 f\u00fcr die Planung verwenden und das Tool in meinem Blog beschreiben. Grund: Ich verwende aktuell bereits OneNote f\u00fcr die Aufgabenplanung, Notizen, Organsisation usw. w\u00e4hrend der Planungsphase. Daher werde ich jetzt nicht- nur f\u00fcr eSTUDI &#8211; noch ein zweites Tool von den vorgestellten verwenden. Das w\u00e4re f\u00fcr mich ziemlich unpraktisch, weil ich dann immer an zwei verschiedenen Stellen \u00e4ndern oder irgendwie synchronisieren m\u00fcsste.\u00a0 OneNote ist zwar nich kostenlos und kein reines Online Tool, aber:<\/p>\n<ol>\n<li>F\u00fcr Studenten der Uni Paderborn ist es kostenlos \u00fcber <a href=\"https:\/\/www.dreamspark.com\/\">DreamSpark<\/a> erh\u00e4ltlich, wie \u00fcbrigens auch einige andere Microsoft Tools und Betriebssysteme. F\u00fcr Bremen oder andere Universit\u00e4ten wei\u00df ich es nicht genau, aber es gibt einige Uni&#8217;s die DreamSpark anbieten. Hier ist der Link f\u00fcr Studenten der Uni Paderborn: <a href=\"https:\/\/dreamspark.uni-paderborn.de\/\">https:\/\/dreamspark.uni-paderborn.de\/<\/a><\/li>\n<li>OneNote kann \u00fcber den Microsoft Account synchronisieren. D.h. die Daten liegen dann doch in der Cloud und ihr habt eure Notizen von \u00fcberall aus zugreifbar. \u00dcbrigens auch im Browser, wenn man sich bei Microsoft Live einloggt, falls man mal an einem Rechner ist, wo man kein OneNote installiert hat. Au\u00dferdem kann man seine Notizen nat\u00fcrlich auch mit einem Windows Phone ansehen\/\u00e4ndern. Ich wei\u00df: Das ist nicht besonders verbreitet, aber ich selbst habe eins \ud83d\ude09<\/li>\n<\/ol>\n<p><strong>Gefahren<\/strong> f\u00fcr mein Projekt:<\/p>\n<ul>\n<li>Viele Stress und trotzdem keine gute Note. Dadurch , dass der Industriepartner Sachen verlangt, die mich in meiner MA nicht unbedingt weiter bringen, k\u00f6nnte es passieren, dass die wissenschaftliche Qualit\u00e4t leidet, bzw. nicht ausreichend dabei rum kommt. Der Punkt ist generell eine Gefahr bei Industriearbeiten und deswegen habe ich ihn auch im Auge! In meinem Fall sieht das aber relativ gut aus, da mein Ansprechpartner im Unternehmen selbst an meiner Uni war und dort vor ein paar Jahren seinen Master und anschlie\u00dfend Dr. gemacht hat. D.h., ihm ist durchaus bewusst, was der Fokus bei einer Masterarbeit ist und es ist auch jetzt schon relativ gut abgesteckt, was f\u00fcr das Unetrnehmen dabei rauskommen soll und das ist gut machbar f\u00fcr mich.<\/li>\n<\/ul>\n<p><strong>Chancen:<\/strong><\/p>\n<ul>\n<li>Ich habe anschlie\u00dfend meinen Masterabschluss<\/li>\n<li>Ich habe einiges \u00fcber Software-Architekturen gelernt und dar\u00fcber, wie man eine Software-Architektur entwirft und anschlie\u00dfend auch umsetzt<\/li>\n<li>Ich kann in dem Aufgabengebiet eine Stelle finden und mich weiter auf das Thema spezielisieren, z.B. im Unternehmen, wo ich auch die MA schreibe \ud83d\ude09<\/li>\n<\/ul>\n<p>#Modul_B-L<\/p>\n","protected":false},"excerpt":{"rendered":"<p>Wie der Titel schon sagt werde ich als Lernprojekt die Planung und die erste Phase der Erstellung meiner Masterarbeit beschreiben. Die Masterarbeit: Ich habe mein Informatikstudium so gut wie abgeschlossen und schreibe nun meine Masterarbeit im Fachgebiet Softwaretechnik zum Thema &hellip; <a href=\"https:\/\/blogs.uni-bremen.de\/masterinformatik\/planung-meiner-masterarbeit\/\">Weiterlesen <span class=\"meta-nav\">&rarr;<\/span><\/a><\/p>\n","protected":false},"author":2320,"featured_media":0,"parent":0,"menu_order":0,"comment_status":"open","ping_status":"open","template":"","meta":{"_bbp_topic_count":0,"_bbp_reply_count":0,"_bbp_total_topic_count":0,"_bbp_total_reply_count":0,"_bbp_voice_count":0,"_bbp_anonymous_reply_count":0,"_bbp_topic_count_hidden":0,"_bbp_reply_count_hidden":0,"_bbp_forum_subforum_count":0,"footnotes":""},"class_list":["post-16","page","type-page","status-publish","hentry"],"_links":{"self":[{"href":"https:\/\/blogs.uni-bremen.de\/masterinformatik\/wp-json\/wp\/v2\/pages\/16","targetHints":{"allow":["GET"]}}],"collection":[{"href":"https:\/\/blogs.uni-bremen.de\/masterinformatik\/wp-json\/wp\/v2\/pages"}],"about":[{"href":"https:\/\/blogs.uni-bremen.de\/masterinformatik\/wp-json\/wp\/v2\/types\/page"}],"author":[{"embeddable":true,"href":"https:\/\/blogs.uni-bremen.de\/masterinformatik\/wp-json\/wp\/v2\/users\/2320"}],"replies":[{"embeddable":true,"href":"https:\/\/blogs.uni-bremen.de\/masterinformatik\/wp-json\/wp\/v2\/comments?post=16"}],"version-history":[{"count":1,"href":"https:\/\/blogs.uni-bremen.de\/masterinformatik\/wp-json\/wp\/v2\/pages\/16\/revisions"}],"predecessor-version":[{"id":17,"href":"https:\/\/blogs.uni-bremen.de\/masterinformatik\/wp-json\/wp\/v2\/pages\/16\/revisions\/17"}],"wp:attachment":[{"href":"https:\/\/blogs.uni-bremen.de\/masterinformatik\/wp-json\/wp\/v2\/media?parent=16"}],"curies":[{"name":"wp","href":"https:\/\/api.w.org\/{rel}","templated":true}]}}