{"id":84,"date":"2020-10-09T15:46:34","date_gmt":"2020-10-09T13:46:34","guid":{"rendered":"https:\/\/blogs.uni-bremen.de\/marcohoehn\/?page_id=84"},"modified":"2021-06-28T11:23:37","modified_gmt":"2021-06-28T09:23:37","slug":"nachruf","status":"publish","type":"page","link":"https:\/\/blogs.uni-bremen.de\/marcohoehn\/nachruf\/","title":{"rendered":"Nachruf"},"content":{"rendered":"<p><div class=\"et_d4_element et_pb_section et_pb_section_0  et_pb_css_mix_blend_mode et_pb_fullwidth_section et_section_regular et_block_section\" >\n\t\t\t\t\n\t\t\t\t\n\t\t\t\t\n\t\t\t\t\n\t\t\t\t\n\t\t\t\t\n\t\t\t\t<section class=\"et_pb_module et_d4_element et_pb_fullwidth_header et_pb_fullwidth_header_0  et_pb_css_mix_blend_mode et_pb_text_align_left et_pb_bg_layout_light\">\n\t\t\t\t\n\t\t\t\t\n\t\t\t\t\n\t\t\t\t\n\t\t\t\t<div class=\"et_pb_fullwidth_header_container left\">\n\t\t\t\t\t<div class=\"header-content-container center\">\n\t\t\t\t\t<div class=\"header-content\">\n\t\t\t\t\t\t\n\t\t\t\t\t\t<h1 class=\"et_pb_module_header\">NACHRUF<\/h1>\n\t\t\t\t\t\t<span class=\"et_pb_fullwidth_header_subhead\">erschienen auf der ZeMKI Website<\/span>\n\t\t\t\t\t\t<div class=\"et_pb_header_content_wrapper\"><\/div>\n\t\t\t\t\t\t\n\t\t\t\t\t<\/div>\n\t\t\t\t<\/div>\n\t\t\t\t\t\n\t\t\t\t<\/div>\n\t\t\t\t<div class=\"et_pb_fullwidth_header_overlay\"><\/div>\n\t\t\t\t<div class=\"et_pb_fullwidth_header_scroll\"><\/div>\n\t\t\t<\/section>\n\t\t\t\t\n\t\t\t\t\n\t\t\t<\/div><div class=\"et_d4_element et_pb_section et_pb_section_1 et_pb_with_background  et_pb_css_mix_blend_mode et_section_specialty et_block_section\" >\n\t\t\t\t\n\t\t\t\t\n\t\t\t\t\n\t\t\t\t\n\t\t\t\t\n\t\t\t\t<div class=\"et_pb_row et_block_row et_d4_element\">\n\t\t\t\t<div class=\"et_d4_element et_pb_column_2_3 et_pb_column et_pb_column_0   et_pb_specialty_column  et_pb_css_mix_blend_mode et_block_column\">\n\t\t\t\t\n\t\t\t\t\n\t\t\t\t\n\t\t\t\t\n\t\t\t\t<div class=\"et_d4_element et_pb_row_inner et_pb_row_inner_0  et_pb_css_mix_blend_mode et_block_row\">\n\t\t\t\t<div class=\"et_pb_column et_pb_column_4_4 et_d4_element et_pb_column_inner et_pb_column_inner_0  et_pb_css_mix_blend_mode et-last-child et_block_column\">\n\t\t\t\t\n\t\t\t\t\n\t\t\t\t\n\t\t\t\t\n\t\t\t\t<div class=\"et_pb_module et_d4_element et_pb_text et_pb_text_0  et_pb_text_align_left et_pb_bg_layout_light\">\n\t\t\t\t\n\t\t\t\t\n\t\t\t\t\n\t\t\t\t\n\t\t\t\t<div class=\"et_pb_text_inner\"><h2 class=\"header  \" style=\"text-align: justify\"><span>Wir trauern um Marco H\u00f6hn<\/span><\/h2>\n<p><span><\/span><\/p>\n<h3 class=\"subheader \"><span>F\u00fcr uns alle v\u00f6llig unerwartet und pl\u00f6tzlich starb im September 2020 Marco H\u00f6hn, erst wissenschaftlicher Mitarbeiter und dann langj\u00e4hriger Universit\u00e4tslektor am ZeMKI.<\/span><\/h3>\n<p><span><\/span><\/p>\n<p style=\"text-align: justify\">Marco H\u00f6hn geh\u00f6rte zum kleinen Kreis derjenigen, die die Kommunikations- und Medienwissenschaft an der Universit\u00e4t Bremen von der ersten Stunde an mit Nachdruck und gro\u00dfem Engagement aufbauten. Nach einem Studium der Soziologie an der Universit\u00e4t Trier war er vom April 2000 bis September 2004 wissenschaftlicher Mitarbeiter im Fachgebiet Medien\u00f6konomie an der Technischen Universit\u00e4t Ilmenau. Im Oktober 2004 wechselte er an die Universit\u00e4t Bremen, wo er zuerst als wissenschaftlicher Mitarbeiter, dann als Universit\u00e4tslektor f\u00fcr Kommunikations- und Medienwissenschaft mit dem Schwerpunkt Medien\u00f6konomie und Medienpraxis t\u00e4tig war. Neben diesen beruflichen Stationen war Marco H\u00f6hn immer wieder auch im Kultur- und Eventmanagement t\u00e4tig, phasenweise mit einer eigenen Eventagentur.<\/p>\n<p style=\"text-align: justify\">Mit viel Energie, gelassener Beharrlichkeit und stets guter Laune baute Marco H\u00f6hn den Bereich Medienpraxis der kommunikations- und medienwissenschaftlichen Studieng\u00e4nge der Universit\u00e4t Bremen auf, den er bis zum Schluss verantwortete. Dabei war f\u00fcr ihn die Verzahnung der universit\u00e4ren Lehre mit der Medienlandschaft im Lande Bremen und in Deutschland insgesamt ein gro\u00dfes Anliegen. Marco H\u00f6hn hatte einen vorausschauenden Blick f\u00fcr zuk\u00fcnftige Entwicklungen, setzte auf die Ver\u00e4nderung der Medienbranche hin zum Digitalen, als viele Ausbildungsinstitutionen in Deutschland dem noch abwartend gegen\u00fcber standen. Er pflegte enge Kontakte zu Vertreter*innen aus zahlreichen Feldern der Medienbranche und unterst\u00fctzte sie mit Rat und Tat. Dabei konnte er Viele als Lehrbeauftragte f\u00fcr das ZeMKI und unsere Studierenden \u00a0gewinnen. All dies lief in seinem Engagement im Klub Dialog zusammen, einer Vernetzungsplattform der Kultur- und Kreativwirtschaft in Bremen, bei der er seit September 2018 im Vorstand war.\u00a0<span>Die universit\u00e4re Lehre und der enge Kontakt zu Studierenden standen f\u00fcr Marco H\u00f6hn immer im Zentrum seiner Aktivit\u00e4ten. Bei den Studierenden war er f\u00fcr seine mitrei\u00dfenden Lehrveranstaltungen, seine abwechslungsreichen Lehrkonzepte, sein offenes Ohr, seine intensive Beratung und seine gro\u00dfe Unterst\u00fctzung ein in h\u00f6chstem Ma\u00dfe beliebter Dozent. Viele \u2013 manchmal zu viele \u2013 schrieben bei ihm ihre Abschlussarbeiten, die er kontinuierlich begleitete. Lehre war f\u00fcr Marco H\u00f6hn aber weit mehr als die Seminare, die er gab. Er erfand und organisierte die \"Media Practice\" -Informationsveranstaltungen, die Studierende \u00fcber den Arbeitsmarkt informieren, und bei denen sie durch Formate wie dem \"job speed dating\" zuk\u00fcnftige Arbeitgeber kennenlernen. Eng ist mit dem Namen Marco H\u00f6hn auch krosse.info verbunden, ein medien\u00fcbergreifendes Studierendenmagazin zu Themen aus Kultur, Medien, Freizeit und Gesellschaft. Viele sp\u00e4ter in der Medienbranche t\u00e4tige, ehemalige Studierende der Universit\u00e4t Bremen sammelten bei krosse.info ihre ersten journalistischen Erfahrungen.<\/span><\/p>\n<p style=\"text-align: justify\">Als Kollege war Marco H\u00f6hn der Ruhepol im aufgeregten Wissenschaftsbetrieb. Immer gespr\u00e4chsbereit und mit inspirierend hintergr\u00fcndigem Humor ist er uns in vielen geistigen \"Krisen-Momenten\" zur Seite gesprungen. Im mitunter chaotischen ZeMKI-Alltag hatte Marco alles im Blick und war \u2013 oft weit \u00fcber die \u00fcblichen Arbeitszeiten hinaus \u2013 Gestalter, Ratgeber und Probleml\u00f6ser zugleich.<\/p>\n<p style=\"text-align: justify\">Marco H\u00f6hn war Teamplayer (und das nicht nur als bekennender HSV Fan) und mit vielen Kolleginnen und Kollegen am ZeMKI freundschaftlich verbunden. Legend\u00e4r waren seine initiierten Fu\u00dfball-Tipprunden, seine fr\u00fcheren Aktivit\u00e4ten als DJ ebenso wie seine immer wieder gerne organisierten Konzert- und Fu\u00dfballstadion-Reisen.<\/p>\n<p style=\"text-align: justify\">Wir werden Marco sehr vermissen.<\/p><\/div>\n\t\t\t<\/div>\n\t\t\t<\/div>\n\t\t\t\t\n\t\t\t\t\n\t\t\t\t\n\t\t\t\t\n\t\t\t<\/div>\n\t\t\t<\/div><div class=\"et_d4_element et_pb_column_1_3 et_pb_column et_pb_column_1    et_pb_css_mix_blend_mode et_block_column\">\n\t\t\t\t\n\t\t\t\t\n\t\t\t\t\n\t\t\t\t\n\t\t\t\t<div class=\"et_pb_module et_d4_element et_pb_image et_pb_image_0\">\n\t\t\t\t\n\t\t\t\t\n\t\t\t\t\n\t\t\t\t\n\t\t\t\t<span class=\"et_pb_image_wrap \"><img loading=\"lazy\" decoding=\"async\" width=\"940\" height=\"1255\" src=\"https:\/\/blogs.uni-bremen.de\/marcohoehn\/files\/Marco-Nachruf-ZeMKI.jpg\" alt=\"\" title=\"Marco Nachruf ZeMKI\" srcset=\"https:\/\/blogs.uni-bremen.de\/marcohoehn\/files\/Marco-Nachruf-ZeMKI.jpg 940w, https:\/\/blogs.uni-bremen.de\/marcohoehn\/files\/Marco-Nachruf-ZeMKI-480x641.jpg 480w\" sizes=\"(min-width: 0px) and (max-width: 480px) 480px, (min-width: 481px) 940px, 100vw\" class=\"wp-image-264\" \/><\/span>\n\t\t\t<\/div>\n\t\t\t<\/div>\n\t\t\t\t<\/div>\n\t\t\t\t\n\t\t\t<\/div><div class=\"et_d4_element et_pb_section et_pb_section_2  et_pb_css_mix_blend_mode et_pb_fullwidth_section et_section_regular et_block_section\" >\n\t\t\t\t\n\t\t\t\t\n\t\t\t\t\n\t\t\t\t\n\t\t\t\t\n\t\t\t\t\n\t\t\t\t<section class=\"et_pb_module et_d4_element et_pb_fullwidth_header et_pb_fullwidth_header_1  et_pb_css_mix_blend_mode et_pb_text_align_left et_pb_bg_layout_light\">\n\t\t\t\t\n\t\t\t\t\n\t\t\t\t\n\t\t\t\t\n\t\t\t\t<div class=\"et_pb_fullwidth_header_container left\">\n\t\t\t\t\t<div class=\"header-content-container center\">\n\t\t\t\t\t<div class=\"header-content\">\n\t\t\t\t\t\t\n\t\t\t\t\t\t<h1 class=\"et_pb_module_header\">WEITERE NACHRUFE<\/h1>\n\t\t\t\t\t\t\n\t\t\t\t\t\t<div class=\"et_pb_header_content_wrapper\"><\/div>\n\t\t\t\t\t\t\n\t\t\t\t\t<\/div>\n\t\t\t\t<\/div>\n\t\t\t\t\t\n\t\t\t\t<\/div>\n\t\t\t\t<div class=\"et_pb_fullwidth_header_overlay\"><\/div>\n\t\t\t\t<div class=\"et_pb_fullwidth_header_scroll\"><\/div>\n\t\t\t<\/section>\n\t\t\t\t\n\t\t\t\t\n\t\t\t<\/div><div class=\"et_d4_element et_pb_section et_pb_section_3 et_pb_with_background  et_pb_css_mix_blend_mode et_section_regular et_block_section\" >\n\t\t\t\t\n\t\t\t\t\n\t\t\t\t\n\t\t\t\t\n\t\t\t\t\n\t\t\t\t\n\t\t\t\t<div class=\"et_d4_element et_pb_row et_pb_row_0  et_pb_css_mix_blend_mode et_block_row\">\n\t\t\t\t<div class=\"et_d4_element et_pb_column_4_4 et_pb_column et_pb_column_2  et_pb_css_mix_blend_mode et-last-child et_block_column\">\n\t\t\t\t\n\t\t\t\t\n\t\t\t\t\n\t\t\t\t\n\t\t\t\t<div class=\"et_pb_module et_d4_element et_pb_text et_pb_text_1  et_pb_text_align_left et_pb_bg_layout_light\">\n\t\t\t\t\n\t\t\t\t\n\t\t\t\t\n\t\t\t\t\n\t\t\t\t<div class=\"et_pb_text_inner\"><h2><strong>KLUB DIALOG<\/strong><\/h2>\n<p><a href=\"https:\/\/klub-dialog.de\/leute\/marco-hoehn\">https:\/\/klub-dialog.de\/leute\/marco-hoehn<\/a><\/p>\n<p>&nbsp;<\/p>\n<h2><strong>KROSSE<\/strong><\/h2>\n<p><strong><a href=\"https:\/\/krosse.info\/fuer-unseren-herausgeber\/\">https:\/\/krosse.info\/fuer-unseren-herausgeber\/<\/a><\/strong><\/p>\n<p><strong><\/strong><\/p>\n<p><strong><\/strong><\/p><\/div>\n\t\t\t<\/div>\n\t\t\t<\/div>\n\t\t\t\t\n\t\t\t\t\n\t\t\t\t\n\t\t\t\t\n\t\t\t<\/div>\n\t\t\t\t\n\t\t\t\t\n\t\t\t<\/div><div class=\"et_d4_element et_pb_section et_pb_section_4  et_pb_css_mix_blend_mode et_pb_fullwidth_section et_section_regular et_block_section\" >\n\t\t\t\t\n\t\t\t\t\n\t\t\t\t\n\t\t\t\t\n\t\t\t\t\n\t\t\t\t\n\t\t\t\t<section class=\"et_pb_module et_d4_element et_pb_fullwidth_header et_pb_fullwidth_header_2  et_pb_css_mix_blend_mode et_pb_text_align_left et_pb_bg_layout_light\">\n\t\t\t\t\n\t\t\t\t\n\t\t\t\t\n\t\t\t\t\n\t\t\t\t<div class=\"et_pb_fullwidth_header_container left\">\n\t\t\t\t\t<div class=\"header-content-container center\">\n\t\t\t\t\t<div class=\"header-content\">\n\t\t\t\t\t\t\n\t\t\t\t\t\t<h1 class=\"et_pb_module_header\">TRAUERANZEIGEN<\/h1>\n\t\t\t\t\t\t<span class=\"et_pb_fullwidth_header_subhead\">erschienen im Weser Kurier am 17.10.2020<\/span>\n\t\t\t\t\t\t<div class=\"et_pb_header_content_wrapper\"><\/div>\n\t\t\t\t\t\t\n\t\t\t\t\t<\/div>\n\t\t\t\t<\/div>\n\t\t\t\t\t\n\t\t\t\t<\/div>\n\t\t\t\t<div class=\"et_pb_fullwidth_header_overlay\"><\/div>\n\t\t\t\t<div class=\"et_pb_fullwidth_header_scroll\"><\/div>\n\t\t\t<\/section>\n\t\t\t\t\n\t\t\t\t\n\t\t\t<\/div><div class=\"et_d4_element et_pb_section et_pb_section_5 et_pb_with_background  et_pb_css_mix_blend_mode et_section_regular et_block_section\" >\n\t\t\t\t\n\t\t\t\t\n\t\t\t\t\n\t\t\t\t\n\t\t\t\t\n\t\t\t\t\n\t\t\t\t<div class=\"et_d4_element et_pb_row et_pb_row_1  et_pb_css_mix_blend_mode et_block_row\">\n\t\t\t\t<div class=\"et_d4_element et_pb_column_1_2 et_pb_column et_pb_column_3  et_pb_css_mix_blend_mode et_block_column\">\n\t\t\t\t\n\t\t\t\t\n\t\t\t\t\n\t\t\t\t\n\t\t\t\t<div class=\"et_pb_module et_d4_element et_pb_image et_pb_image_1\">\n\t\t\t\t\n\t\t\t\t\n\t\t\t\t\n\t\t\t\t\n\t\t\t\t<span class=\"et_pb_image_wrap \"><img decoding=\"async\" src=\"https:\/\/blogs.uni-bremen.de\/marcohoehn\/files\/Traueranzeige-ZeMKI-1-pdf.jpg\" alt=\"\" title=\"Traueranzeige ZeMKI\" \/><\/span>\n\t\t\t<\/div><div class=\"et_pb_module et_d4_element et_pb_image et_pb_image_2\">\n\t\t\t\t\n\t\t\t\t\n\t\t\t\t\n\t\t\t\t\n\t\t\t\t<span class=\"et_pb_image_wrap \"><img decoding=\"async\" src=\"https:\/\/blogs.uni-bremen.de\/marcohoehn\/files\/Traueranzeige-hmmh-pdf.jpg\" alt=\"\" title=\"Traueranzeige hmmh\" \/><\/span>\n\t\t\t<\/div>\n\t\t\t<\/div><div class=\"et_d4_element et_pb_column_1_2 et_pb_column et_pb_column_4  et_pb_css_mix_blend_mode et-last-child et_block_column\">\n\t\t\t\t\n\t\t\t\t\n\t\t\t\t\n\t\t\t\t\n\t\t\t\t<div class=\"et_pb_module et_d4_element et_pb_image et_pb_image_3\">\n\t\t\t\t\n\t\t\t\t\n\t\t\t\t\n\t\t\t\t\n\t\t\t\t<span class=\"et_pb_image_wrap \"><img decoding=\"async\" src=\"https:\/\/blogs.uni-bremen.de\/marcohoehn\/files\/Traueranzeige-Klub-Dialog-pdf.jpg\" alt=\"\" title=\"Traueranzeige Klub Dialog\" \/><\/span>\n\t\t\t<\/div><div class=\"et_pb_module et_d4_element et_pb_image et_pb_image_4\">\n\t\t\t\t\n\t\t\t\t\n\t\t\t\t\n\t\t\t\t\n\t\t\t\t<span class=\"et_pb_image_wrap \"><img decoding=\"async\" src=\"https:\/\/blogs.uni-bremen.de\/marcohoehn\/files\/Traueranzeige-bremen-digitalmedia-pdf.jpg\" alt=\"\" title=\"Traueranzeige bremen digitalmedia\" \/><\/span>\n\t\t\t<\/div>\n\t\t\t<\/div>\n\t\t\t\t\n\t\t\t\t\n\t\t\t\t\n\t\t\t\t\n\t\t\t<\/div><div class=\"et_d4_element et_pb_row et_pb_row_2  et_pb_css_mix_blend_mode et_block_row\">\n\t\t\t\t<div class=\"et_d4_element et_pb_column_1_2 et_pb_column et_pb_column_5  et_pb_css_mix_blend_mode et_block_column\">\n\t\t\t\t\n\t\t\t\t\n\t\t\t\t\n\t\t\t\t\n\t\t\t\t<div class=\"et_pb_module et_d4_element et_pb_image et_pb_image_5\">\n\t\t\t\t\n\t\t\t\t\n\t\t\t\t\n\t\t\t\t\n\t\t\t\t<span class=\"et_pb_image_wrap \"><img decoding=\"async\" src=\"https:\/\/blogs.uni-bremen.de\/marcohoehn\/files\/Traueranzeige-sendefaehig-pdf.jpg\" alt=\"\" title=\"Traueranzeige sendefaehig\" \/><\/span>\n\t\t\t<\/div>\n\t\t\t<\/div><div class=\"et_d4_element et_pb_column_1_2 et_pb_column et_pb_column_6  et_pb_css_mix_blend_mode et-last-child et_block_column et_pb_column_empty\">\n\t\t\t\t\n\t\t\t\t\n\t\t\t\t\n\t\t\t\t\n\t\t\t\t\n\t\t\t<\/div>\n\t\t\t\t\n\t\t\t\t\n\t\t\t\t\n\t\t\t\t\n\t\t\t<\/div>\n\t\t\t\t\n\t\t\t\t\n\t\t\t<\/div><div class=\"et_d4_element et_pb_section et_pb_section_6  et_pb_css_mix_blend_mode et_pb_fullwidth_section et_section_regular et_block_section\" >\n\t\t\t\t\n\t\t\t\t\n\t\t\t\t\n\t\t\t\t\n\t\t\t\t\n\t\t\t\t\n\t\t\t\t<section class=\"et_pb_module et_d4_element et_pb_fullwidth_header et_pb_fullwidth_header_3  et_pb_css_mix_blend_mode et_pb_text_align_left et_pb_bg_layout_light\">\n\t\t\t\t\n\t\t\t\t\n\t\t\t\t\n\t\t\t\t\n\t\t\t\t<div class=\"et_pb_fullwidth_header_container left\">\n\t\t\t\t\t\n\t\t\t\t\t\n\t\t\t\t<\/div>\n\t\t\t\t<div class=\"et_pb_fullwidth_header_overlay\"><\/div>\n\t\t\t\t<div class=\"et_pb_fullwidth_header_scroll\"><\/div>\n\t\t\t<\/section>\n\t\t\t\t\n\t\t\t\t\n\t\t\t<\/div><div class=\"et_d4_element et_pb_section et_pb_section_7 et_pb_with_background  et_pb_css_mix_blend_mode et_section_regular et_block_section\" >\n\t\t\t\t\n\t\t\t\t\n\t\t\t\t\n\t\t\t\t\n\t\t\t\t\n\t\t\t\t\n\t\t\t\t<div class=\"et_d4_element et_pb_row et_pb_row_3  et_pb_css_mix_blend_mode et_block_row\">\n\t\t\t\t<div class=\"et_d4_element et_pb_column_1_2 et_pb_column et_pb_column_7  et_pb_css_mix_blend_mode et_block_column\">\n\t\t\t\t\n\t\t\t\t\n\t\t\t\t\n\t\t\t\t\n\t\t\t\t<div class=\"et_pb_module et_d4_element et_pb_image et_pb_image_6\">\n\t\t\t\t\n\t\t\t\t\n\t\t\t\t\n\t\t\t\t\n\t\t\t\t<span class=\"et_pb_image_wrap \"><img loading=\"lazy\" decoding=\"async\" width=\"2560\" height=\"1920\" src=\"https:\/\/blogs.uni-bremen.de\/marcohoehn\/files\/IMG_0200-scaled.jpg\" alt=\"\" title=\"IMG_0200\" srcset=\"https:\/\/blogs.uni-bremen.de\/marcohoehn\/files\/IMG_0200-scaled.jpg 2560w, https:\/\/blogs.uni-bremen.de\/marcohoehn\/files\/IMG_0200-1280x960.jpg 1280w, https:\/\/blogs.uni-bremen.de\/marcohoehn\/files\/IMG_0200-980x735.jpg 980w, https:\/\/blogs.uni-bremen.de\/marcohoehn\/files\/IMG_0200-480x360.jpg 480w\" sizes=\"(min-width: 0px) and (max-width: 480px) 480px, (min-width: 481px) and (max-width: 980px) 980px, (min-width: 981px) and (max-width: 1280px) 1280px, (min-width: 1281px) 2560px, 100vw\" class=\"wp-image-633\" \/><\/span>\n\t\t\t<\/div>\n\t\t\t<\/div><div class=\"et_d4_element et_pb_column_1_2 et_pb_column et_pb_column_8  et_pb_css_mix_blend_mode et-last-child et_block_column\">\n\t\t\t\t\n\t\t\t\t\n\t\t\t\t\n\t\t\t\t\n\t\t\t\t<div class=\"et_pb_module et_d4_element et_pb_image et_pb_image_7\">\n\t\t\t\t\n\t\t\t\t\n\t\t\t\t\n\t\t\t\t\n\t\t\t\t<span class=\"et_pb_image_wrap \"><img loading=\"lazy\" decoding=\"async\" width=\"2560\" height=\"1920\" src=\"https:\/\/blogs.uni-bremen.de\/marcohoehn\/files\/IMG_4286-scaled.jpg\" alt=\"\" title=\"IMG_4286\" srcset=\"https:\/\/blogs.uni-bremen.de\/marcohoehn\/files\/IMG_4286-scaled.jpg 2560w, https:\/\/blogs.uni-bremen.de\/marcohoehn\/files\/IMG_4286-1280x960.jpg 1280w, https:\/\/blogs.uni-bremen.de\/marcohoehn\/files\/IMG_4286-980x735.jpg 980w, https:\/\/blogs.uni-bremen.de\/marcohoehn\/files\/IMG_4286-480x360.jpg 480w\" sizes=\"(min-width: 0px) and (max-width: 480px) 480px, (min-width: 481px) and (max-width: 980px) 980px, (min-width: 981px) and (max-width: 1280px) 1280px, (min-width: 1281px) 2560px, 100vw\" class=\"wp-image-634\" \/><\/span>\n\t\t\t<\/div>\n\t\t\t<\/div>\n\t\t\t\t\n\t\t\t\t\n\t\t\t\t\n\t\t\t\t\n\t\t\t<\/div>\n\t\t\t\t\n\t\t\t\t\n\t\t\t<\/div><\/p>\n","protected":false},"excerpt":{"rendered":"","protected":false},"author":12289,"featured_media":0,"parent":0,"menu_order":0,"comment_status":"closed","ping_status":"closed","template":"","meta":{"_bbp_topic_count":0,"_bbp_reply_count":0,"_bbp_total_topic_count":0,"_bbp_total_reply_count":0,"_bbp_voice_count":0,"_bbp_anonymous_reply_count":0,"_bbp_topic_count_hidden":0,"_bbp_reply_count_hidden":0,"_bbp_forum_subforum_count":0,"_et_pb_use_builder":"on","_et_pb_old_content":"","_et_gb_content_width":"","footnotes":""},"class_list":["post-84","page","type-page","status-publish","hentry"],"_links":{"self":[{"href":"https:\/\/blogs.uni-bremen.de\/marcohoehn\/wp-json\/wp\/v2\/pages\/84","targetHints":{"allow":["GET"]}}],"collection":[{"href":"https:\/\/blogs.uni-bremen.de\/marcohoehn\/wp-json\/wp\/v2\/pages"}],"about":[{"href":"https:\/\/blogs.uni-bremen.de\/marcohoehn\/wp-json\/wp\/v2\/types\/page"}],"author":[{"embeddable":true,"href":"https:\/\/blogs.uni-bremen.de\/marcohoehn\/wp-json\/wp\/v2\/users\/12289"}],"replies":[{"embeddable":true,"href":"https:\/\/blogs.uni-bremen.de\/marcohoehn\/wp-json\/wp\/v2\/comments?post=84"}],"version-history":[{"count":10,"href":"https:\/\/blogs.uni-bremen.de\/marcohoehn\/wp-json\/wp\/v2\/pages\/84\/revisions"}],"predecessor-version":[{"id":639,"href":"https:\/\/blogs.uni-bremen.de\/marcohoehn\/wp-json\/wp\/v2\/pages\/84\/revisions\/639"}],"wp:attachment":[{"href":"https:\/\/blogs.uni-bremen.de\/marcohoehn\/wp-json\/wp\/v2\/media?parent=84"}],"curies":[{"name":"wp","href":"https:\/\/api.w.org\/{rel}","templated":true}]}}