{"id":50,"date":"2021-11-06T16:03:38","date_gmt":"2021-11-06T15:03:38","guid":{"rendered":"https:\/\/blogs.uni-bremen.de\/listenhunde\/?page_id=50"},"modified":"2021-11-16T15:22:47","modified_gmt":"2021-11-16T14:22:47","slug":"welche-rassen-sind-eigentlich-listenhunde","status":"publish","type":"page","link":"https:\/\/blogs.uni-bremen.de\/listenhunde\/welche-rassen-sind-eigentlich-listenhunde\/","title":{"rendered":"Welche Hunderassen sind eigentlich Listenhunde?"},"content":{"rendered":"<p>Welche Hunderassen als &#8222;gef\u00e4hrlich&#8220; eingestuft werden und somit auf die Liste kommen, unterscheidet sich von Bundesland zu Bundesland. Doch fast Bundesweit gelten folgende Rassen als Kampfhunde:<\/p>\n<p><strong style=\"font-size: 1.1em\"><img loading=\"lazy\" decoding=\"async\" class=\"alignnone wp-image-65 size-medium\" src=\"https:\/\/blogs.uni-bremen.de\/listenhunde\/files\/PicsArt_11-16-03.06.17-300x200.jpg\" alt=\"\" width=\"300\" height=\"200\" srcset=\"https:\/\/blogs.uni-bremen.de\/listenhunde\/files\/PicsArt_11-16-03.06.17-300x200.jpg 300w, https:\/\/blogs.uni-bremen.de\/listenhunde\/files\/PicsArt_11-16-03.06.17-1024x683.jpg 1024w, https:\/\/blogs.uni-bremen.de\/listenhunde\/files\/PicsArt_11-16-03.06.17-768x512.jpg 768w, https:\/\/blogs.uni-bremen.de\/listenhunde\/files\/PicsArt_11-16-03.06.17-1200x800.jpg 1200w, https:\/\/blogs.uni-bremen.de\/listenhunde\/files\/PicsArt_11-16-03.06.17.jpg 1536w\" sizes=\"auto, (max-width: 300px) 100vw, 300px\" \/><\/strong><\/p>\n<ul>\n<li><strong style=\"font-size: 1.1em\">Staffordshire Bullterrier<\/strong><span style=\"font-size: 1.1em\">,<\/span><\/li>\n<\/ul>\n<p><strong><img loading=\"lazy\" decoding=\"async\" class=\"alignnone size-medium wp-image-68\" src=\"https:\/\/blogs.uni-bremen.de\/listenhunde\/files\/PicsArt_11-16-03.15.31-300x200.jpg\" alt=\"\" width=\"300\" height=\"200\" srcset=\"https:\/\/blogs.uni-bremen.de\/listenhunde\/files\/PicsArt_11-16-03.15.31-300x200.jpg 300w, https:\/\/blogs.uni-bremen.de\/listenhunde\/files\/PicsArt_11-16-03.15.31-1024x681.jpg 1024w, https:\/\/blogs.uni-bremen.de\/listenhunde\/files\/PicsArt_11-16-03.15.31-768x511.jpg 768w, https:\/\/blogs.uni-bremen.de\/listenhunde\/files\/PicsArt_11-16-03.15.31-1536x1022.jpg 1536w, https:\/\/blogs.uni-bremen.de\/listenhunde\/files\/PicsArt_11-16-03.15.31-1200x800.jpg 1200w, https:\/\/blogs.uni-bremen.de\/listenhunde\/files\/PicsArt_11-16-03.15.31.jpg 1539w\" sizes=\"auto, (max-width: 300px) 100vw, 300px\" \/><\/strong><\/p>\n<ul>\n<li><strong>American Staffordshire Terrier<\/strong>,<\/li>\n<\/ul>\n<p><strong><img loading=\"lazy\" decoding=\"async\" class=\"alignnone size-medium wp-image-69\" src=\"https:\/\/blogs.uni-bremen.de\/listenhunde\/files\/PicsArt_11-16-03.15.15-300x200.jpg\" alt=\"\" width=\"300\" height=\"200\" srcset=\"https:\/\/blogs.uni-bremen.de\/listenhunde\/files\/PicsArt_11-16-03.15.15-300x200.jpg 300w, https:\/\/blogs.uni-bremen.de\/listenhunde\/files\/PicsArt_11-16-03.15.15-1024x683.jpg 1024w, https:\/\/blogs.uni-bremen.de\/listenhunde\/files\/PicsArt_11-16-03.15.15-768x512.jpg 768w, https:\/\/blogs.uni-bremen.de\/listenhunde\/files\/PicsArt_11-16-03.15.15-1200x800.jpg 1200w, https:\/\/blogs.uni-bremen.de\/listenhunde\/files\/PicsArt_11-16-03.15.15.jpg 1536w\" sizes=\"auto, (max-width: 300px) 100vw, 300px\" \/><\/strong><\/p>\n<ul>\n<li><strong>American Pit Bull Terrier<\/strong><\/li>\n<\/ul>\n<p><strong><img loading=\"lazy\" decoding=\"async\" class=\"alignnone size-medium wp-image-70\" src=\"https:\/\/blogs.uni-bremen.de\/listenhunde\/files\/PicsArt_11-16-03.15.04-300x200.jpg\" alt=\"\" width=\"300\" height=\"200\" srcset=\"https:\/\/blogs.uni-bremen.de\/listenhunde\/files\/PicsArt_11-16-03.15.04-300x200.jpg 300w, https:\/\/blogs.uni-bremen.de\/listenhunde\/files\/PicsArt_11-16-03.15.04-1024x683.jpg 1024w, https:\/\/blogs.uni-bremen.de\/listenhunde\/files\/PicsArt_11-16-03.15.04-768x512.jpg 768w, https:\/\/blogs.uni-bremen.de\/listenhunde\/files\/PicsArt_11-16-03.15.04-1200x800.jpg 1200w, https:\/\/blogs.uni-bremen.de\/listenhunde\/files\/PicsArt_11-16-03.15.04.jpg 1536w\" sizes=\"auto, (max-width: 300px) 100vw, 300px\" \/> <\/strong><\/p>\n<ul>\n<li><strong>Bullterrier<\/strong>,<\/li>\n<li>sowie s\u00e4mtliche\u00a0<strong>Kreuzungen\u00a0<\/strong>dieser Rassen\u00a0<strong>untereinander\u00a0<\/strong>oder mit\u00a0<strong>anderen\u00a0<\/strong>Rassen<\/li>\n<\/ul>\n<p>Der Import nach Deutschland geht nur mit beh\u00f6rdlicher Genehmigung und je nach Bundesland gelten strenge Auflagen f\u00fcr die Haltung und Zucht jener Tiere. Die Bundesl\u00e4nder Niedersachen, Th\u00fcringen und Schleswig-Holstein haben sich in den letzten Jahren inzwischen etwas von den Listen distanziert, da Bei\u00dfvorf\u00e4lle und Verletzungen durch Hunde sich nicht auf die genannten Rassen beschr\u00e4nken. Jeder Hund kann potenziell gef\u00e4hrlich sein, wenn er sich in einer, in seinem ermessen, bedrohlichen Situation befindet, oder aggressiv erzogen wurde.<\/p>\n<p>&nbsp;<\/p>\n<p>&nbsp;<\/p>\n<p style=\"text-align: right\"><span style=\"font-size: 8pt\">Bilder: \u00a9 Copyright 2021 Hundeo GmbH<\/span><\/p>\n","protected":false},"excerpt":{"rendered":"<p>Welche Hunderassen als &#8222;gef\u00e4hrlich&#8220; eingestuft werden und somit auf die Liste kommen, unterscheidet sich von Bundesland zu Bundesland. Doch fast Bundesweit gelten folgende Rassen als Kampfhunde: Staffordshire Bullterrier, American Staffordshire Terrier, American Pit Bull Terrier Bullterrier, sowie s\u00e4mtliche\u00a0Kreuzungen\u00a0dieser &hellip; <\/p>\n<div class=\"more-link-wrapper\"><a href=\"https:\/\/blogs.uni-bremen.de\/listenhunde\/welche-rassen-sind-eigentlich-listenhunde\/\" class=\"more-link\">Continue reading<span class=\"screen-reader-text\"> &#8222;Welche Hunderassen sind eigentlich Listenhunde?&#8220;<\/span><\/a><\/div>\n","protected":false},"author":13618,"featured_media":0,"parent":0,"menu_order":0,"comment_status":"closed","ping_status":"closed","template":"","meta":{"_bbp_topic_count":0,"_bbp_reply_count":0,"_bbp_total_topic_count":0,"_bbp_total_reply_count":0,"_bbp_voice_count":0,"_bbp_anonymous_reply_count":0,"_bbp_topic_count_hidden":0,"_bbp_reply_count_hidden":0,"_bbp_forum_subforum_count":0,"footnotes":""},"class_list":["post-50","page","type-page","status-publish","hentry"],"_links":{"self":[{"href":"https:\/\/blogs.uni-bremen.de\/listenhunde\/wp-json\/wp\/v2\/pages\/50","targetHints":{"allow":["GET"]}}],"collection":[{"href":"https:\/\/blogs.uni-bremen.de\/listenhunde\/wp-json\/wp\/v2\/pages"}],"about":[{"href":"https:\/\/blogs.uni-bremen.de\/listenhunde\/wp-json\/wp\/v2\/types\/page"}],"author":[{"embeddable":true,"href":"https:\/\/blogs.uni-bremen.de\/listenhunde\/wp-json\/wp\/v2\/users\/13618"}],"replies":[{"embeddable":true,"href":"https:\/\/blogs.uni-bremen.de\/listenhunde\/wp-json\/wp\/v2\/comments?post=50"}],"version-history":[{"count":6,"href":"https:\/\/blogs.uni-bremen.de\/listenhunde\/wp-json\/wp\/v2\/pages\/50\/revisions"}],"predecessor-version":[{"id":71,"href":"https:\/\/blogs.uni-bremen.de\/listenhunde\/wp-json\/wp\/v2\/pages\/50\/revisions\/71"}],"wp:attachment":[{"href":"https:\/\/blogs.uni-bremen.de\/listenhunde\/wp-json\/wp\/v2\/media?parent=50"}],"curies":[{"name":"wp","href":"https:\/\/api.w.org\/{rel}","templated":true}]}}