{"id":101,"date":"2022-02-01T14:33:13","date_gmt":"2022-02-01T13:33:13","guid":{"rendered":"https:\/\/blogs.uni-bremen.de\/listenhunde\/?page_id=101"},"modified":"2022-03-28T13:00:18","modified_gmt":"2022-03-28T11:00:18","slug":"vermittlungssschwierigkeiten","status":"publish","type":"page","link":"https:\/\/blogs.uni-bremen.de\/listenhunde\/vermittlungssschwierigkeiten\/","title":{"rendered":"Vermittlungsschwierigkeiten"},"content":{"rendered":"<p><strong><span style=\"font-family: 'book antiqua', palatino, serif;font-size: 24pt\">Tierheim Bremen<\/span><\/strong><\/p>\n<p><span style=\"font-family: 'book antiqua', palatino, serif\">Wenn man sich auf die Internetseite des Tierschutzvereines Bremen begibt, fallen einem etwas ge\u00fcbteren Auge sofort die vielen Bilder der Listenhunde, -Mixen auf die ein neues Zuhause suchen. Wenn man dann den beschreibenden Text lie\u00dft fallen die Vermittlungsschwierigkeiten bereits auf&#8230;.<\/span><\/p>\n<p><img loading=\"lazy\" decoding=\"async\" class=\"wp-image-113 alignleft\" src=\"https:\/\/blogs.uni-bremen.de\/listenhunde\/files\/20220126_13083161-2-300x273.png\" alt=\"\" width=\"591\" height=\"538\" srcset=\"https:\/\/blogs.uni-bremen.de\/listenhunde\/files\/20220126_13083161-2-300x273.png 300w, https:\/\/blogs.uni-bremen.de\/listenhunde\/files\/20220126_13083161-2.png 732w\" sizes=\"auto, (max-width: 591px) 100vw, 591px\" \/><img loading=\"lazy\" decoding=\"async\" class=\"wp-image-114 alignright\" src=\"https:\/\/blogs.uni-bremen.de\/listenhunde\/files\/20220201_14511952-1-178x300.png\" alt=\"\" width=\"321\" height=\"541\" srcset=\"https:\/\/blogs.uni-bremen.de\/listenhunde\/files\/20220201_14511952-1-178x300.png 178w, https:\/\/blogs.uni-bremen.de\/listenhunde\/files\/20220201_14511952-1.png 398w\" sizes=\"auto, (max-width: 321px) 100vw, 321px\" \/><\/p>\n<p style=\"text-align: right\"><span style=\"font-size: 10pt;font-family: 'book antiqua', palatino, serif\">\u00a9 Bremer Tierschutzverein e.V. (Stand: 01.02.2022)<\/span><\/p>\n<table style=\"height: 185px;width: 98.5512%;border-collapse: collapse;border-style: none\">\n<tbody>\n<tr style=\"height: 185px\">\n<td style=\"width: 17.4128%;height: 185px\">\n<blockquote><p><span style=\"font-size: 10pt;font-family: 'book antiqua', palatino, serif\">&#8222;[&#8230;] ist ein American-Staffordshire-Terrier-Mix [&#8230;]. Aufgrund ihrer Rasse vermitteln wir sie nur nach Niedersachsen und Schleswig-Holstein.&#8220;<\/span><\/p>\n<p><span style=\"font-family: 'book antiqua', palatino, serif;font-size: 8pt\">(<a href=\"https:\/\/www.bremer-tierschutzverein.de\/hund\/news\/ice\/\">&#8222;Ice&#8220; &#8211; Bremer Tierschutzverein e.V. (bremer-tierschutzverein.de<\/a>)<\/span><\/p><\/blockquote>\n<\/td>\n<td style=\"width: 14.6398%;height: 185px\">\n<blockquote><p><span style=\"font-family: 'book antiqua', palatino, serif;font-size: 10pt\">&#8222;Der Pitbull[mix]r\u00fcde [&#8230;] sucht aufgrund seiner Rasse ein Zuhause in Niedersachsen oder Schleswig Holstein&#8220;<\/span><\/p>\n<p><span style=\"font-family: 'book antiqua', palatino, serif;font-size: 10pt\"><span style=\"font-family: 'book antiqua', palatino, serif;font-size: 8pt\">(<a href=\"https:\/\/www.bremer-tierschutzverein.de\/hund\/news\/oskar-1\/\">&#8222;Oskar&#8220; &#8211; Bremer Tierschutzverein e.V. (bremer-tierschutzverein.de<\/a><\/span>)<\/span><\/p><\/blockquote>\n<\/td>\n<td style=\"width: 16.4996%;height: 185px\">\n<blockquote><p><span style=\"font-size: 10pt\"><span style=\"font-family: 'book antiqua', palatino, serif\">&#8222;Da Paul eine Kreuzung mit einem Listenhund ist, wird er nur nach Schleswig-Holstein oder nach Niedersachsen vermittelt.&#8220;<\/span><span style=\"font-family: 'book antiqua', palatino, serif\"><br \/>\n<\/span><\/span><\/p>\n<p><span style=\"font-family: 'book antiqua', palatino, serif;font-size: 8pt\">(<a href=\"https:\/\/www.bremer-tierschutzverein.de\/hund\/news\/paul-2\/\">&#8222;Paul&#8220; &#8211; Bremer Tierschutzverein e.V. (bremer-tierschutzverein.de<\/a>)<\/span><\/p><\/blockquote>\n<\/td>\n<\/tr>\n<\/tbody>\n<\/table>\n<p><span style=\"font-family: 'book antiqua', palatino, serif\">&#8222;Aufgrund der Rasse wird [der Hund] nur nach Niedersachen und Schleswig-Holstein vermittelt&#8220; -&gt; <\/span><span style=\"font-family: 'book antiqua', palatino, serif\">\u00a0Ergo i<\/span><span style=\"font-family: 'book antiqua', palatino, serif\">n die Bundesl\u00e4nder mit den wenigsten Auflagen f\u00fcr Listenhunde. Nach Bremen k\u00f6nnen diese Hunde nicht vermittelt werden, da dort ein Haltungsverbot herrscht (unter gewissen Auflagen ist eine Haltung m\u00f6glich).<\/span><\/p>\n<p><span style=\"font-family: 'book antiqua', palatino, serif\"> Tierheimhunde haben es ohnehin meist schwer eine neue Familie zu finden. Doch wenn die Wohnorte der potenziellen neuen Familien auch noch auf zwei Bundesl\u00e4nder eingeschr\u00e4nkt werden, sinken die Chancen f\u00fcr einen Listenhund auf ein neues Zuhause enorm. Auch im Tierheim in Hamburg befinden sich einige Listenhunde die teilweise seit Jahren auf ein neues Zuhause warten. Denn potentielle Besitzer schrecken die vielen Auflagen ,die sie erf\u00fcllen m\u00fcssen vor\/nach einen Kauf eines Listenhundes, ab. Maulkorbpflicht, F\u00fchrungszeugnis, Hundehalterschein, Haftpflichtversicherung, Wesenstest&#8230; Die Liste der erforderlichen Dinge ist lang, wodurch viele Menschen sich lieber einen &#8222;einfachen&#8220; Hund holen den sie am gleichen Tag mit Nachhause nehmen k\u00f6nnen und sich nicht weiter mit B\u00fcrokratie und Infomaterialien herumschlagen m\u00fcssen. Nat\u00fcrlich k\u00f6nnte man jetzt die Faulheit vieler Menschen kritisieren, doch gehen wir wohl fast alle wie Wasser den Weg des geringsten Widerstandes. Dementsprechend ist es verst\u00e4ndlich sich nicht mit all den Auflagen besch\u00e4ftigen zu wollen, Selbst wenn man sich in einen Listenhund aus dem Tierheim verliebt haben sollte.<\/span><\/p>\n<p><span style=\"font-family: 'book antiqua', palatino, serif\">Das Reisen wird mit einem Listenhund meist schwerer als mit einer anderen Rasse. Viele, Hundefreundliche, Hotels verbieten Listenhunde den Zutritt. Manche \u00d6PV lassen Listenhunde nicht ohne Maulkorb- und Leinenpflicht mitfahren und selbst einige Hundeparks, -wiesen verbieten Listenhunden den Spa\u00df. Auch die Medien sind h\u00e4ufig nicht gerade f\u00f6rderlich um ein neutrales Bild \u00fcber Listenhunde zu verst\u00e4rken. Wenn \u00fcber Bei\u00dfvorf\u00e4lle mit unbekannten Hunderassen berichtet wird, so werden h\u00e4ufig Bilder von vermeintlichen aggressiven Listenhunden als Symbolbild abgedruckt. Dar\u00fcber hat Instagram: <span class=\"\">@listenhundliebe in ihrem Highlight &#8222;Kampfhunde&#8220; einige Beispiele herausgesucht und markiert.<\/span><\/span><\/p>\n<p><img loading=\"lazy\" decoding=\"async\" class=\"wp-image-121 alignleft\" src=\"https:\/\/blogs.uni-bremen.de\/listenhunde\/files\/Screenshot_20220201-160908_Instagram-169x300.jpg\" alt=\"\" width=\"279\" height=\"495\" srcset=\"https:\/\/blogs.uni-bremen.de\/listenhunde\/files\/Screenshot_20220201-160908_Instagram-169x300.jpg 169w, https:\/\/blogs.uni-bremen.de\/listenhunde\/files\/Screenshot_20220201-160908_Instagram-576x1024.jpg 576w, https:\/\/blogs.uni-bremen.de\/listenhunde\/files\/Screenshot_20220201-160908_Instagram-768x1366.jpg 768w, https:\/\/blogs.uni-bremen.de\/listenhunde\/files\/Screenshot_20220201-160908_Instagram-864x1536.jpg 864w, https:\/\/blogs.uni-bremen.de\/listenhunde\/files\/Screenshot_20220201-160908_Instagram.jpg 1075w\" sizes=\"auto, (max-width: 279px) 100vw, 279px\" \/><img loading=\"lazy\" decoding=\"async\" class=\"wp-image-120 alignleft\" style=\"font-size: 1.1em\" src=\"https:\/\/blogs.uni-bremen.de\/listenhunde\/files\/Screenshot_20220201-160902_Instagram-178x300.jpg\" alt=\"\" width=\"289\" height=\"486\" \/><img loading=\"lazy\" decoding=\"async\" class=\"wp-image-119 alignleft\" style=\"font-size: 1.1em\" src=\"https:\/\/blogs.uni-bremen.de\/listenhunde\/files\/Screenshot_20220201-160854_Instagram-188x300.jpg\" alt=\"\" width=\"305\" height=\"486\" srcset=\"https:\/\/blogs.uni-bremen.de\/listenhunde\/files\/Screenshot_20220201-160854_Instagram-188x300.jpg 188w, https:\/\/blogs.uni-bremen.de\/listenhunde\/files\/Screenshot_20220201-160854_Instagram-641x1024.jpg 641w, https:\/\/blogs.uni-bremen.de\/listenhunde\/files\/Screenshot_20220201-160854_Instagram-768x1227.jpg 768w, https:\/\/blogs.uni-bremen.de\/listenhunde\/files\/Screenshot_20220201-160854_Instagram-962x1536.jpg 962w, https:\/\/blogs.uni-bremen.de\/listenhunde\/files\/Screenshot_20220201-160854_Instagram.jpg 1080w\" sizes=\"auto, (max-width: 305px) 100vw, 305px\" \/><\/p>\n<p style=\"text-align: left\"><span style=\"font-family: 'book antiqua', palatino, serif\">Auch bei der Wohnungssuche mit Haustier gibt es ohnehin bereits Schwierigkeiten, doch bei Listenhunde schrecken viele Vermieter zur\u00fcck. Durch eine Anonyme Umfrage an Listenhundebesitzer*innen im B\u00fcrgerpark, Bremen, habe ich einige fragw\u00fcrdige Absagen der Vermietern bei ihrer Wohnungssuche erfahren.<\/span><\/p>\n<table style=\"border-collapse: collapse;width: 100%\">\n<tbody>\n<tr>\n<td style=\"width: 50%\">\n<blockquote><p><span style=\"font-family: 'book antiqua', palatino, serif;font-size: 12pt\">&#8222;In dem Haus wohnen noch andere Hunde, wir k\u00f6nnen nicht verantworten das einer davon zu Tode kommt&#8220;<\/span><\/p><\/blockquote>\n<\/td>\n<td style=\"width: 50%\">\n<blockquote><p><span style=\"font-family: 'book antiqua', palatino, serif;font-size: 12pt\">&#8222;Das kann ich nicht verantwortlichen nicht wenn sich die Nachbarn nicht mehr aus dem Haus trauen&#8220;<\/span><\/p><\/blockquote>\n<\/td>\n<\/tr>\n<tr>\n<td style=\"width: 50%\">\n<blockquote><p><span style=\"font-family: 'book antiqua', palatino, serif;font-size: 12pt\">&#8222;Ich hab ja nichts gegen Listenhunde, aber was sollen blo\u00df die Nachbarn denken&#8220;<\/span><\/p><\/blockquote>\n<\/td>\n<td style=\"width: 50%\">\n<blockquote><p><span style=\"font-family: 'book antiqua', palatino, serif;font-size: 12pt\">&#8222;Sind das nicht die mit der 20.000kg Bei\u00dfkraft und sie haben gleich zwei von den Kampfmaschinen?&#8220;<\/span><\/p><\/blockquote>\n<\/td>\n<\/tr>\n<\/tbody>\n<\/table>\n<p><span style=\"font-size: 18pt\"><strong><span style=\"font-family: 'book antiqua', palatino, serif\">Kurz gesagt: Einen Listenhund bei sich aufzunehmen wird einem nicht leicht gemacht<\/span><\/strong><\/span><\/p>\n","protected":false},"excerpt":{"rendered":"<p>Tierheim Bremen Wenn man sich auf die Internetseite des Tierschutzvereines Bremen begibt, fallen einem etwas ge\u00fcbteren Auge sofort die vielen Bilder der Listenhunde, -Mixen auf die ein neues Zuhause suchen. Wenn man dann den beschreibenden Text lie\u00dft fallen &hellip; <\/p>\n<div class=\"more-link-wrapper\"><a href=\"https:\/\/blogs.uni-bremen.de\/listenhunde\/vermittlungssschwierigkeiten\/\" class=\"more-link\">Continue reading<span class=\"screen-reader-text\"> &#8222;Vermittlungsschwierigkeiten&#8220;<\/span><\/a><\/div>\n","protected":false},"author":13618,"featured_media":0,"parent":0,"menu_order":0,"comment_status":"closed","ping_status":"closed","template":"","meta":{"_bbp_topic_count":0,"_bbp_reply_count":0,"_bbp_total_topic_count":0,"_bbp_total_reply_count":0,"_bbp_voice_count":0,"_bbp_anonymous_reply_count":0,"_bbp_topic_count_hidden":0,"_bbp_reply_count_hidden":0,"_bbp_forum_subforum_count":0,"footnotes":""},"class_list":["post-101","page","type-page","status-publish","hentry"],"_links":{"self":[{"href":"https:\/\/blogs.uni-bremen.de\/listenhunde\/wp-json\/wp\/v2\/pages\/101","targetHints":{"allow":["GET"]}}],"collection":[{"href":"https:\/\/blogs.uni-bremen.de\/listenhunde\/wp-json\/wp\/v2\/pages"}],"about":[{"href":"https:\/\/blogs.uni-bremen.de\/listenhunde\/wp-json\/wp\/v2\/types\/page"}],"author":[{"embeddable":true,"href":"https:\/\/blogs.uni-bremen.de\/listenhunde\/wp-json\/wp\/v2\/users\/13618"}],"replies":[{"embeddable":true,"href":"https:\/\/blogs.uni-bremen.de\/listenhunde\/wp-json\/wp\/v2\/comments?post=101"}],"version-history":[{"count":10,"href":"https:\/\/blogs.uni-bremen.de\/listenhunde\/wp-json\/wp\/v2\/pages\/101\/revisions"}],"predecessor-version":[{"id":128,"href":"https:\/\/blogs.uni-bremen.de\/listenhunde\/wp-json\/wp\/v2\/pages\/101\/revisions\/128"}],"wp:attachment":[{"href":"https:\/\/blogs.uni-bremen.de\/listenhunde\/wp-json\/wp\/v2\/media?parent=101"}],"curies":[{"name":"wp","href":"https:\/\/api.w.org\/{rel}","templated":true}]}}