{"id":3117,"date":"2016-08-08T12:30:27","date_gmt":"2016-08-08T10:30:27","guid":{"rendered":"https:\/\/blogs.uni-bremen.de\/lingwerk\/?page_id=3117"},"modified":"2017-10-13T18:57:43","modified_gmt":"2017-10-13T16:57:43","slug":"petite-italie","status":"publish","type":"page","link":"https:\/\/blogs.uni-bremen.de\/lingwerk\/linguistic-landscape\/petite-italie\/","title":{"rendered":"Petite Italie in Montr\u00e9al"},"content":{"rendered":"<p>Die folgende Auswahl von Bildern stammen aus einem Foto-Korpus von 777 Bildern, die w\u00e4hrend eines Forschungsaufenthaltes im September 2014 auf einem Teilabschnitt des Boulevard St. Laurent im sog. &#8222;Petite Italie&#8220; von Montr\u00e9al aufgenommen wurden. Die ausgew\u00e4hlten Fotos sollen einen kleinen Eindruck dar\u00fcber vermitteln, wie mannigfaltig sich Sprache im \u00f6ffentlichen Raum pr\u00e4sentiert und darauf aufmerksam machen, dass bei einer&nbsp;<i class=\"\">Linguistic-Landscape<\/i>-Studie wirklich alle schriftlichen Zeugnisse festzuhalten und zu ber\u00fccksichtigen sind: Stra\u00dfenbeschilderungen, Speisekarten, Plakate, Aush\u00e4nge, Graffiti etc.<\/p>\nngg_shortcode_0_placeholder\n","protected":false},"excerpt":{"rendered":"<p>Die folgende Auswahl von Bildern stammen aus einem Foto-Korpus von 777 Bildern, die w\u00e4hrend eines Forschungsaufenthaltes im September 2014 auf einem Teilabschnitt des Boulevard St. Laurent im sog. &#8222;Petite Italie&#8220; von Montr\u00e9al aufgenommen wurden. Die ausgew\u00e4hlten Fotos sollen einen kleinen Eindruck dar\u00fcber vermitteln, wie mannigfaltig sich Sprache im \u00f6ffentlichen Raum pr\u00e4sentiert und darauf aufmerksam machen, [&hellip;]<\/p>\n","protected":false},"author":4425,"featured_media":0,"parent":5,"menu_order":0,"comment_status":"closed","ping_status":"closed","template":"","meta":{"_bbp_topic_count":0,"_bbp_reply_count":0,"_bbp_total_topic_count":0,"_bbp_total_reply_count":0,"_bbp_voice_count":0,"_bbp_anonymous_reply_count":0,"_bbp_topic_count_hidden":0,"_bbp_reply_count_hidden":0,"_bbp_forum_subforum_count":0,"ngg_post_thumbnail":0,"footnotes":""},"class_list":["post-3117","page","type-page","status-publish","hentry"],"_links":{"self":[{"href":"https:\/\/blogs.uni-bremen.de\/lingwerk\/wp-json\/wp\/v2\/pages\/3117","targetHints":{"allow":["GET"]}}],"collection":[{"href":"https:\/\/blogs.uni-bremen.de\/lingwerk\/wp-json\/wp\/v2\/pages"}],"about":[{"href":"https:\/\/blogs.uni-bremen.de\/lingwerk\/wp-json\/wp\/v2\/types\/page"}],"author":[{"embeddable":true,"href":"https:\/\/blogs.uni-bremen.de\/lingwerk\/wp-json\/wp\/v2\/users\/4425"}],"replies":[{"embeddable":true,"href":"https:\/\/blogs.uni-bremen.de\/lingwerk\/wp-json\/wp\/v2\/comments?post=3117"}],"version-history":[{"count":8,"href":"https:\/\/blogs.uni-bremen.de\/lingwerk\/wp-json\/wp\/v2\/pages\/3117\/revisions"}],"predecessor-version":[{"id":4047,"href":"https:\/\/blogs.uni-bremen.de\/lingwerk\/wp-json\/wp\/v2\/pages\/3117\/revisions\/4047"}],"up":[{"embeddable":true,"href":"https:\/\/blogs.uni-bremen.de\/lingwerk\/wp-json\/wp\/v2\/pages\/5"}],"wp:attachment":[{"href":"https:\/\/blogs.uni-bremen.de\/lingwerk\/wp-json\/wp\/v2\/media?parent=3117"}],"curies":[{"name":"wp","href":"https:\/\/api.w.org\/{rel}","templated":true}]}}