{"id":2909,"date":"2016-04-18T09:46:51","date_gmt":"2016-04-18T07:46:51","guid":{"rendered":"https:\/\/blogs.uni-bremen.de\/lingwerk\/?page_id=2909"},"modified":"2024-04-09T12:33:01","modified_gmt":"2024-04-09T10:33:01","slug":"2909-2","status":"publish","type":"page","link":"https:\/\/blogs.uni-bremen.de\/lingwerk\/2909-2\/","title":{"rendered":"Recherche im Beeching-Korpus mit AntConc"},"content":{"rendered":"<h2 class=\"western\">Laden des Korpus in AntConc<\/h2>\n<p>Um das Beeching Korpus mit AntConc zu nutzen, sind folgende Schritte n\u00f6tig:<\/p>\n<ul>\n<li>Laden Sie die Softwre von der Homepage des Entwicklers herunter <a href=\"http:\/\/www.laurenceanthony.net\/software.html\">www.laurenceanthony.net\/software.html<\/a><\/li>\n<li>Starten Sie AntConc. (Eine Installation ist nicht notwendig.)<\/li>\n<li>\u00c4ndern Sie unter \u201eSettings\u201c &gt; Global Settings\u201c die Spracheinstellungen. Sie m\u00fcssen dazu auf \u201eEdit\u201c gehen und dann unter \u201eStandard Encodings\u201c \u201eWestern Latin 1\u201c ausw\u00e4hlen. Dann gehen Sie unten auf \u201eapply\u201c. Achtung: Dieser Schritt muss vollzogen werden, bevor das Korpus geladen wird. Wenn Sie es einmal vergessen haben, werden einige Sonderzeichen nicht korrekt dargestellt. Schlie\u00dfen Sie dann das Programm und fangen Sie noch einmal von vorne an.<\/li>\n<li>Laden Sie nun das Beeching-Korpus. Dazu gehen Sie oben auf \u201eFile\u201c &gt; \u201eOpen Files\u201c und w\u00e4hlen die Datei \u201eBeeching.txt\u201c aus. Wenn unten links unter \u201eFiles Processed\u201c ein blauer Balken erscheint, ist das Korpus geladen. Gehen Sie dann oberhalb des Textfensters auf \u201eFile view\u201c um zu \u00fcberpr\u00fcfen, ob der Text korrekt angezeigt wird.<\/li>\n<\/ul>\n<h2 class=\"western\">Beispiele der&nbsp;Nutzung<\/h2>\n<ul>\n<li><b>Word List:<\/b> Gehen Sie oben auf \u201eWord List\u201c und dann auf \u201eStart\u201c. Sie sehen nun, welche W\u00f6rter in dem Korpus am h\u00e4ufigsten vorkommen und wie oft sie jeweils auftreten.<\/li>\n<li><b>Concordance Lines\/Keywords in Context:<\/b> Gehen Sie oben auf \u201eConcordance\u201c und geben Sie unten ein Wort ein, z.B. \u201eparler\u201c, dann gehen Sie auf \u201eStart\u201c. Nun werden die sogenannten <i>Concordance Lines<\/i> oder <i>Keywords in Context<\/i> angezeigt, d.h. sie sehen die Umgebung, in der \u201eparler\u201c vorkommt. Mit dem Menu \u201eSearch Window size\u201c k\u00f6nnen Sie dabei angeben, wieviele W\u00f6rter der Kontext umfassen soll.<\/li>\n<li><b>Sortieren der Ergebnisse:<\/b> Unter \u201eKwic Sort\u201c k\u00f6nnen Sie angeben, an welchen W\u00f6rtern rechts oder links des gesuchten Wortes sich die alphabetische Sortierung orientiert. Wenn Sie sich z.B. f\u00fcr die W\u00f6rter rechts vom gesuchten Wort interessieren, geben Sie bei Level 1 \u201e1R\u201c also das erste Wort rechts an und klicken dann auf \u201esort\u201c.<\/li>\n<li><b>Joker<\/b><b>:<\/b> Das Beeching Korpus ist nicht annotiert, d.h. zum einen, dass hier nicht erfasst ist, zu welchen Wortarten die einzelnen W\u00f6rter geh\u00f6ren. Zum anderen hei\u00dft es auch, dass AntConc nicht automatisch z.B. nach allen Formen von \u201eparler\u201c sucht. Bei regelm\u00e4\u00dfiger Flexion kann man sich hier durch das Eingeben des Stammes und des Asterisken, also \u201eparl*\u201c, behelfen.<\/li>\n<li><b>Advanced Search:<\/b> Bei unregelm\u00e4\u00dfiger Flexion, also z.B. bei unregelm\u00e4\u00dfigen Verben, m\u00fcssen alle Formen von Hand eingegeben werden. Gehen Sie daf\u00fcr auf \u201eadvanced search\u201c, w\u00e4hlen Sie \u201euse search term(s) from list below\u201c aus und geben Sie alle W\u00f6rter ein, nach denen Sie suchen wollen, also bei Formen von avoir \u201eai, as, a, avons, avez, ont, eu, avais, avait, avions\u201c usw. (Alternativ gibt es die M\u00f6glichkeit, eine txt-Datei zu erstellen und diese in die &#8222;advanced search&#8220; zu laden. Dies empfiehlt sich, wenn eine identische Suche h\u00e4ufiger wiederholt werden soll.)<\/li>\n<li>&nbsp; Achtung! Das Anw\u00e4hlen der \u201eadvanced searched\u201c deaktiviert das Suchfeld in der bisher benutzten Maske. Um diese wieder zu benutzen, m\u00fcssen Sie erst das H\u00e4kchen bei der \u201eAdvanced Search\u201c wieder entfernen.<\/li>\n<\/ul>\n<p>Wenn Sie sich intensiver mit den M\u00f6glichkeiten von AntConc besch\u00e4ftigen m\u00f6chten, so sind die von Laurence Anthony auf Youtube zur Verf\u00fcgung gestellten <a href=\"https:\/\/www.youtube.com\/user\/AntlabJPN\">Einf\u00fchrungsvideos <\/a>empfehlenswert.<\/p>\n","protected":false},"excerpt":{"rendered":"<p>Laden des Korpus in AntConc Um das Beeching Korpus mit AntConc zu nutzen, sind folgende Schritte n\u00f6tig: Laden Sie die Softwre von der Homepage des Entwicklers herunter www.laurenceanthony.net\/software.html Starten Sie AntConc. (Eine Installation ist nicht notwendig.) \u00c4ndern Sie unter \u201eSettings\u201c &gt; Global Settings\u201c die Spracheinstellungen. Sie m\u00fcssen dazu auf \u201eEdit\u201c gehen und dann unter \u201eStandard [&hellip;]<\/p>\n","protected":false},"author":4425,"featured_media":0,"parent":0,"menu_order":0,"comment_status":"closed","ping_status":"closed","template":"","meta":{"_bbp_topic_count":0,"_bbp_reply_count":0,"_bbp_total_topic_count":0,"_bbp_total_reply_count":0,"_bbp_voice_count":0,"_bbp_anonymous_reply_count":0,"_bbp_topic_count_hidden":0,"_bbp_reply_count_hidden":0,"_bbp_forum_subforum_count":0,"ngg_post_thumbnail":0,"footnotes":""},"class_list":["post-2909","page","type-page","status-publish","hentry"],"_links":{"self":[{"href":"https:\/\/blogs.uni-bremen.de\/lingwerk\/wp-json\/wp\/v2\/pages\/2909","targetHints":{"allow":["GET"]}}],"collection":[{"href":"https:\/\/blogs.uni-bremen.de\/lingwerk\/wp-json\/wp\/v2\/pages"}],"about":[{"href":"https:\/\/blogs.uni-bremen.de\/lingwerk\/wp-json\/wp\/v2\/types\/page"}],"author":[{"embeddable":true,"href":"https:\/\/blogs.uni-bremen.de\/lingwerk\/wp-json\/wp\/v2\/users\/4425"}],"replies":[{"embeddable":true,"href":"https:\/\/blogs.uni-bremen.de\/lingwerk\/wp-json\/wp\/v2\/comments?post=2909"}],"version-history":[{"count":7,"href":"https:\/\/blogs.uni-bremen.de\/lingwerk\/wp-json\/wp\/v2\/pages\/2909\/revisions"}],"predecessor-version":[{"id":4260,"href":"https:\/\/blogs.uni-bremen.de\/lingwerk\/wp-json\/wp\/v2\/pages\/2909\/revisions\/4260"}],"wp:attachment":[{"href":"https:\/\/blogs.uni-bremen.de\/lingwerk\/wp-json\/wp\/v2\/media?parent=2909"}],"curies":[{"name":"wp","href":"https:\/\/api.w.org\/{rel}","templated":true}]}}