{"id":2005,"date":"2015-11-03T10:50:48","date_gmt":"2015-11-03T09:50:48","guid":{"rendered":"https:\/\/blogs.uni-bremen.de\/lingwerk\/?page_id=2005"},"modified":"2022-04-21T09:08:38","modified_gmt":"2022-04-21T07:08:38","slug":"f4","status":"publish","type":"page","link":"https:\/\/blogs.uni-bremen.de\/lingwerk\/f4\/","title":{"rendered":"Die Transkriptionssoftware f4"},"content":{"rendered":"<p>Die Transkriptionssoftware f4 ist im Cip-Laobr installiert und kann dort lokal benutzt werden. Im kleinen CIP-Labor (A 3340) ist an einem Computer ein Fu\u00dfschalter angeschlossen,&nbsp;der zusammen mit f4 verwendet werden kann. Zwei weitere Fu\u00dfschalter k\u00f6nnen auf Anfrage ausgeliehen werden.<\/p>\n<p>Informationen zum Programm finden Sie <a href=\"https:\/\/www.audiotranskription.de\/f4.htm\" target=\"_blank\" rel=\"noopener\">hier<\/a>.<\/p>\n<p>Au\u00dferdem gibt es <a href=\"https:\/\/blogs.uni-bremen.de\/lingwerk\/f4-handbuch\/\" target=\"_blank\" rel=\"noopener\">hier ein Handbuch<\/a> zum Programm und auf Youtube ein Videotutorial&nbsp;zur Software:<\/p>\n<div class=\"lyte-wrapper fourthree\" style=\"width:420px;max-width:100%;margin:5px;\"><div class=\"lyMe\" id=\"WYL_gRQdy6BVVis\"><div id=\"lyte_gRQdy6BVVis\" data-src=\"\/\/i.ytimg.com\/vi\/gRQdy6BVVis\/hqdefault.jpg\" class=\"pL\"><div class=\"tC\"><div class=\"tT\"><\/div><\/div><div class=\"play\"><\/div><div class=\"ctrl\"><div class=\"Lctrl\"><\/div><div class=\"Rctrl\"><\/div><\/div><\/div><noscript><a href=\"https:\/\/youtu.be\/gRQdy6BVVis\" rel=\"nofollow\"><img loading=\"lazy\" decoding=\"async\" src=\"https:\/\/i.ytimg.com\/vi\/gRQdy6BVVis\/0.jpg\" alt=\"YouTube-Video-Vorschaubild\" width=\"420\" height=\"295\" \/><br \/>Dieses Video auf YouTube ansehen<\/a><\/noscript><\/div><\/div><div class=\"lL\" style=\"max-width:100%;width:420px;margin:5px;\"><\/div><\/p>\n","protected":false},"excerpt":{"rendered":"<p>Die Transkriptionssoftware f4 ist im Cip-Laobr installiert und kann dort lokal benutzt werden. Im kleinen CIP-Labor (A 3340) ist an einem Computer ein Fu\u00dfschalter angeschlossen,&nbsp;der zusammen mit f4 verwendet werden kann. Zwei weitere Fu\u00dfschalter k\u00f6nnen auf Anfrage ausgeliehen werden. Informationen zum Programm finden Sie hier. Au\u00dferdem gibt es hier ein Handbuch zum Programm und auf [&hellip;]<\/p>\n","protected":false},"author":4425,"featured_media":0,"parent":0,"menu_order":0,"comment_status":"closed","ping_status":"closed","template":"","meta":{"_bbp_topic_count":0,"_bbp_reply_count":0,"_bbp_total_topic_count":0,"_bbp_total_reply_count":0,"_bbp_voice_count":0,"_bbp_anonymous_reply_count":0,"_bbp_topic_count_hidden":0,"_bbp_reply_count_hidden":0,"_bbp_forum_subforum_count":0,"ngg_post_thumbnail":0,"footnotes":""},"class_list":["post-2005","page","type-page","status-publish","hentry"],"_links":{"self":[{"href":"https:\/\/blogs.uni-bremen.de\/lingwerk\/wp-json\/wp\/v2\/pages\/2005","targetHints":{"allow":["GET"]}}],"collection":[{"href":"https:\/\/blogs.uni-bremen.de\/lingwerk\/wp-json\/wp\/v2\/pages"}],"about":[{"href":"https:\/\/blogs.uni-bremen.de\/lingwerk\/wp-json\/wp\/v2\/types\/page"}],"author":[{"embeddable":true,"href":"https:\/\/blogs.uni-bremen.de\/lingwerk\/wp-json\/wp\/v2\/users\/4425"}],"replies":[{"embeddable":true,"href":"https:\/\/blogs.uni-bremen.de\/lingwerk\/wp-json\/wp\/v2\/comments?post=2005"}],"version-history":[{"count":10,"href":"https:\/\/blogs.uni-bremen.de\/lingwerk\/wp-json\/wp\/v2\/pages\/2005\/revisions"}],"predecessor-version":[{"id":4206,"href":"https:\/\/blogs.uni-bremen.de\/lingwerk\/wp-json\/wp\/v2\/pages\/2005\/revisions\/4206"}],"wp:attachment":[{"href":"https:\/\/blogs.uni-bremen.de\/lingwerk\/wp-json\/wp\/v2\/media?parent=2005"}],"curies":[{"name":"wp","href":"https:\/\/api.w.org\/{rel}","templated":true}]}}