{"id":1807,"date":"2015-10-30T11:50:42","date_gmt":"2015-10-30T10:50:42","guid":{"rendered":"https:\/\/blogs.uni-bremen.de\/lingwerk\/?page_id=1807"},"modified":"2024-08-28T16:32:45","modified_gmt":"2024-08-28T14:32:45","slug":"linguistic-landscape","status":"publish","type":"page","link":"https:\/\/blogs.uni-bremen.de\/lingwerk\/literatur\/linguistic-landscape\/","title":{"rendered":"Kleine Literaturauswahl Linguistic Landscape"},"content":{"rendered":"<ul>\n<li>Auer, Peter (2010): \u201eSprachliche Landschaften. Die Strukturierung des \u00f6ffentlichen Raums durch die geschriebene Sprache\u201c, in: Deppermann, Arnulf \/ Linke, Angelika (eds.):&nbsp;<em>Sprache intermedial. Stimme und Schrift, Bild und Ton<\/em>. Berlin: De Gruyter, 271\u2013298. &lt;<a href=\"http:\/\/paul.igl.uni-freiburg.de\/auer\/userfiles\/downloads\/Sprachliche%20Landschaften.Auer.pdf\">http:\/\/paul.igl.uni-freiburg.de\/auer\/userfiles\/downloads\/Sprachliche%20Landschaften.Auer.pdf<\/a>&gt; (28\/8\/24).<\/li>\n<li>Blackwood, Robert J. \/Tufi, Stefania (2015):&nbsp;<em>The Linguistic Landscape of the Mediterranean. French and Italian Costal Cities.<\/em>&nbsp;Basingstoke: Palsgrave Macmillan. (in SuUB auch als ebook)<\/li>\n<li>Boschung, Susanne (2016): \u201eLe paysage linguistique: reflet d\u2019une r\u00e9alit\u00e9 bilingue \u00e0 Moncton, Nouveau Brunswick, Canada\u201c, in:&nbsp;<em>Travaux neuch\u00e2telois de linguistique&nbsp;<\/em>64, 161\u2013180. &lt;<a href=\"https:\/\/core.ac.uk\/download\/pdf\/79427004.pdf\">https:\/\/core.ac.uk\/download\/pdf\/79427004.pdf<\/a>&gt; (28\/8\/24)&nbsp;[Exemplarische LL-Studie].<\/li>\n<li>Castillo Lluch, M\u00f3nica \/ Kailuweit, Rolf \/ Pusch, Claus (eds.)(2019):&nbsp;<em>Linguistic Landscape Studies. The French Connection.&nbsp;<\/em>Freiburg: Rombach Verlag.&nbsp;<\/li>\n<li>Gorter, Durk (2006): \u201eLinguistic landscape. A new approach to multilingualism\u201c, in:&nbsp;<em>International Journal of Multilingualism 3,1,&nbsp;<\/em>1\u20136. (Online-Zugriff \u00fcber SuUB)<\/li>\n<li>Gorter, Durk (2018): &#8222;Methods and Techniques for Linguistic Landscape Research: About Definitions, Cores Issues and Technological Innnovations&#8220;, in: P\u00fctz, Martin \/ Mundt, Neele (eds.):&nbsp;<em>Expanding the Linguistic Landscape. Linguistic Diversity, Multimodality and the Use of Space as a Semiotic Resource.&nbsp;<\/em>Berlin: De Gruyter, 38\u201357. (in SuUB als ebook)<\/li>\n<li>Gorter, Durk (2021): &#8222;Multilingual inequality in public spaces: Towards an inclusive model of Linguistic Landscapes&#8220;, in: Blackwood, Robert \/ Dunlevy, Deirdre A. (eds.):&nbsp;<i>Multilingualism in Public Spaces. Empowering and Transforming Communities.&nbsp;<\/i>London: Bloomsbury Academic, 13\u201330. (in SuUB als ebook)<\/li>\n<li>Kromp\u00e1k, Edina \/ Fern\u00e1ndez-Mallat, V\u00edctor \/ Meyer, Stephan (eds.)(2021):&nbsp;<em>Linguistic Landscapes and Educational Spaces.&nbsp;<\/em>Bristol: Multilingual Matters. (in SuUB als ebook)<\/li>\n<li>Landry, Rodrigue \/ Bourhis, Richard Y. (1997): \u201eLinguistic Landscape and Ethnolinguistic Vitality. An Empirical Study\u201c, in:&nbsp;<em>Journal of Language and Social Psychology <\/em>16,1,23\u201349. (Online-Zugriff \u00fcber SuUB)<\/li>\n<li>Pusch, Claus (2015): \u201eSprachlandschaft in der Grenzregion: Eine&nbsp;<em>Linguistic Landscape Study&nbsp;<\/em>in Ll\u00edvia (Cerdanya)\u201d, in:&nbsp;<em>Zeitschrift f\u00fcr Katalanistik 28,<\/em>&nbsp;149\u2013166. &lt;<a href=\"http:\/\/www.romanistik.uni-freiburg.de\/pusch\/zfk\/28\/11_Pusch.pdf\">http:\/\/www.romanistik.uni-freiburg.de\/pusch\/zfk\/28\/11_Pusch.pdf<\/a>&gt; (28\/8\/24)&nbsp;[Exemplarische LL-Studie].<\/li>\n<li>Shohamy, Elana \/ Gorter, Durk (eds.) (2008):&nbsp;<em>Linguistic Landscape: Expanding the scenery<\/em>. London\/New York: Routledge. (in SuUB auch als ebook)<\/li>\n<li>Van Mensel, Luk \/ Vandenbroucke, Mieke \/ Blackwood, Robert (2017): \u201eChapter 21: Linguistic Landscapes\u201c, in: Garc\u00eda, Ofelia \/ Flores, Nelson \/ Spotti, Massimiliano (eds.):&nbsp;<em>The Oxford Handbook of Language and Society.<\/em>&nbsp;Oxford: Oxford University Press, 423\u2013449. (in SuUB auch als ebook)<\/li>\n<\/ul>\n","protected":false},"excerpt":{"rendered":"<p>Auer, Peter (2010): \u201eSprachliche Landschaften. Die Strukturierung des \u00f6ffentlichen Raums durch die geschriebene Sprache\u201c, in: Deppermann, Arnulf \/ Linke, Angelika (eds.):&nbsp;Sprache intermedial. Stimme und Schrift, Bild und Ton. Berlin: De Gruyter, 271\u2013298. &lt;http:\/\/paul.igl.uni-freiburg.de\/auer\/userfiles\/downloads\/Sprachliche%20Landschaften.Auer.pdf&gt; (28\/8\/24). Blackwood, Robert J. \/Tufi, Stefania (2015):&nbsp;The Linguistic Landscape of the Mediterranean. French and Italian Costal Cities.&nbsp;Basingstoke: Palsgrave Macmillan. (in SuUB auch [&hellip;]<\/p>\n","protected":false},"author":4425,"featured_media":0,"parent":1763,"menu_order":0,"comment_status":"closed","ping_status":"closed","template":"","meta":{"_bbp_topic_count":0,"_bbp_reply_count":0,"_bbp_total_topic_count":0,"_bbp_total_reply_count":0,"_bbp_voice_count":0,"_bbp_anonymous_reply_count":0,"_bbp_topic_count_hidden":0,"_bbp_reply_count_hidden":0,"_bbp_forum_subforum_count":0,"ngg_post_thumbnail":0,"footnotes":""},"class_list":["post-1807","page","type-page","status-publish","hentry"],"_links":{"self":[{"href":"https:\/\/blogs.uni-bremen.de\/lingwerk\/wp-json\/wp\/v2\/pages\/1807","targetHints":{"allow":["GET"]}}],"collection":[{"href":"https:\/\/blogs.uni-bremen.de\/lingwerk\/wp-json\/wp\/v2\/pages"}],"about":[{"href":"https:\/\/blogs.uni-bremen.de\/lingwerk\/wp-json\/wp\/v2\/types\/page"}],"author":[{"embeddable":true,"href":"https:\/\/blogs.uni-bremen.de\/lingwerk\/wp-json\/wp\/v2\/users\/4425"}],"replies":[{"embeddable":true,"href":"https:\/\/blogs.uni-bremen.de\/lingwerk\/wp-json\/wp\/v2\/comments?post=1807"}],"version-history":[{"count":12,"href":"https:\/\/blogs.uni-bremen.de\/lingwerk\/wp-json\/wp\/v2\/pages\/1807\/revisions"}],"predecessor-version":[{"id":4278,"href":"https:\/\/blogs.uni-bremen.de\/lingwerk\/wp-json\/wp\/v2\/pages\/1807\/revisions\/4278"}],"up":[{"embeddable":true,"href":"https:\/\/blogs.uni-bremen.de\/lingwerk\/wp-json\/wp\/v2\/pages\/1763"}],"wp:attachment":[{"href":"https:\/\/blogs.uni-bremen.de\/lingwerk\/wp-json\/wp\/v2\/media?parent=1807"}],"curies":[{"name":"wp","href":"https:\/\/api.w.org\/{rel}","templated":true}]}}