{"id":151,"date":"2015-10-01T21:46:37","date_gmt":"2015-10-01T19:46:37","guid":{"rendered":"https:\/\/blogs.uni-bremen.de\/lingwerk\/?page_id=151"},"modified":"2017-04-18T14:34:16","modified_gmt":"2017-04-18T12:34:16","slug":"concordancesoftware","status":"publish","type":"page","link":"https:\/\/blogs.uni-bremen.de\/lingwerk\/korpuslinguistik\/concordancesoftware\/","title":{"rendered":"Konkordanzsoftware"},"content":{"rendered":"<p>Mit Konkordanz-Software k\u00f6nnen Texte automatisch durchsucht werden. Hier eine Liste der g\u00e4ngigsten:<\/p>\n<ul>\n<li><a href=\"https:\/\/blogs.uni-bremen.de\/lingwerk\/antconc\/\" target=\"_blank\">AntConc<\/a>&nbsp;ist Freeware und kann&nbsp;<a href=\"http:\/\/www.laurenceanthony.net\/software\/antconc\/\" target=\"_blank\">hier<\/a> heruntergeladen werden. Auf&nbsp;Youtube findet man einf\u00fchrende&nbsp;<a href=\"https:\/\/www.youtube.com\/user\/AntlabJPN\" target=\"_blank\">Videotutorials<\/a> zur benutzung der Software (in englischer Sprache).&nbsp;<a href=\"https:\/\/blogs.uni-bremen.de\/lingwerk\/antconc-basics\/\">Hier<\/a>&nbsp;gibt es eine schriftliche&nbsp;<a href=\"https:\/\/blogs.uni-bremen.de\/lingwerk\/antconc-basics\/\" target=\"_blank\">Einf\u00fchrung in AntConc<\/a>&nbsp;zum Download (ebenfalls in Englisch).<\/li>\n<li><a title=\"http:\/\/www.lexically.net\/wordsmith\/\" href=\"http:\/\/www.lexically.net\/wordsmith\/\" target=\"_blank\">WordSmith Tools<\/a>&nbsp;ist eine sehr h\u00e4ufig benutzte Konkordanz-Software. Sie ist keine Freeware, aber auf den Computern im <a href=\"http:\/\/www.fb10.uni-bremen.de\/fb10ciplab\/default.aspx\" target=\"_blank\">CIP-Labor<\/a> installiert.<\/li>\n<li><a title=\"http:\/\/www.athel.com\/para.html\" href=\"http:\/\/www.athel.com\/para.html\" target=\"_blank\">ParaConc<\/a>&nbsp;ist eine bilinguale Konkordanz-Software, die f\u00fcr kontrastive Analysen, zur Analyse von Lernersprache und f\u00fcr \u00dcbersetzungsstudien genutzt werden kann. Es ist ein kostenloses Demo erh\u00e4ltlich.<\/li>\n<\/ul>\n","protected":false},"excerpt":{"rendered":"<p>Mit Konkordanz-Software k\u00f6nnen Texte automatisch durchsucht werden. Hier eine Liste der g\u00e4ngigsten: AntConc&nbsp;ist Freeware und kann&nbsp;hier heruntergeladen werden. Auf&nbsp;Youtube findet man einf\u00fchrende&nbsp;Videotutorials zur benutzung der Software (in englischer Sprache).&nbsp;Hier&nbsp;gibt es eine schriftliche&nbsp;Einf\u00fchrung in AntConc&nbsp;zum Download (ebenfalls in Englisch). WordSmith Tools&nbsp;ist eine sehr h\u00e4ufig benutzte Konkordanz-Software. Sie ist keine Freeware, aber auf den Computern im CIP-Labor [&hellip;]<\/p>\n","protected":false},"author":4425,"featured_media":0,"parent":73,"menu_order":0,"comment_status":"closed","ping_status":"closed","template":"","meta":{"_bbp_topic_count":0,"_bbp_reply_count":0,"_bbp_total_topic_count":0,"_bbp_total_reply_count":0,"_bbp_voice_count":0,"_bbp_anonymous_reply_count":0,"_bbp_topic_count_hidden":0,"_bbp_reply_count_hidden":0,"_bbp_forum_subforum_count":0,"ngg_post_thumbnail":0,"footnotes":""},"class_list":["post-151","page","type-page","status-publish","hentry"],"_links":{"self":[{"href":"https:\/\/blogs.uni-bremen.de\/lingwerk\/wp-json\/wp\/v2\/pages\/151","targetHints":{"allow":["GET"]}}],"collection":[{"href":"https:\/\/blogs.uni-bremen.de\/lingwerk\/wp-json\/wp\/v2\/pages"}],"about":[{"href":"https:\/\/blogs.uni-bremen.de\/lingwerk\/wp-json\/wp\/v2\/types\/page"}],"author":[{"embeddable":true,"href":"https:\/\/blogs.uni-bremen.de\/lingwerk\/wp-json\/wp\/v2\/users\/4425"}],"replies":[{"embeddable":true,"href":"https:\/\/blogs.uni-bremen.de\/lingwerk\/wp-json\/wp\/v2\/comments?post=151"}],"version-history":[{"count":8,"href":"https:\/\/blogs.uni-bremen.de\/lingwerk\/wp-json\/wp\/v2\/pages\/151\/revisions"}],"predecessor-version":[{"id":3963,"href":"https:\/\/blogs.uni-bremen.de\/lingwerk\/wp-json\/wp\/v2\/pages\/151\/revisions\/3963"}],"up":[{"embeddable":true,"href":"https:\/\/blogs.uni-bremen.de\/lingwerk\/wp-json\/wp\/v2\/pages\/73"}],"wp:attachment":[{"href":"https:\/\/blogs.uni-bremen.de\/lingwerk\/wp-json\/wp\/v2\/media?parent=151"}],"curies":[{"name":"wp","href":"https:\/\/api.w.org\/{rel}","templated":true}]}}