{"id":2,"date":"2021-04-22T14:42:37","date_gmt":"2021-04-22T12:42:37","guid":{"rendered":"https:\/\/blogs.uni-bremen.de\/lgbtwho\/?page_id=2"},"modified":"2021-07-16T15:23:47","modified_gmt":"2021-07-16T13:23:47","slug":"home","status":"publish","type":"page","link":"https:\/\/blogs.uni-bremen.de\/lgbtwho\/","title":{"rendered":"Home"},"content":{"rendered":"<div class=\"et_d4_element et_pb_section et_pb_section_0  et_pb_css_mix_blend_mode et_section_regular et_block_section\" >\n\t\t\t\t\n\t\t\t\t\n\t\t\t\t\n\t\t\t\t\n\t\t\t\t\n\t\t\t\t\n\t\t\t\t<div class=\"et_d4_element et_pb_row et_pb_row_0  et_pb_css_mix_blend_mode et_block_row\">\n\t\t\t\t<div class=\"et_d4_element et_pb_column_3_5 et_pb_column et_pb_column_0  et_pb_css_mix_blend_mode et_block_column\">\n\t\t\t\t\n\t\t\t\t\n\t\t\t\t\n\t\t\t\t\n\t\t\t\t<div class=\"et_pb_module et_d4_element et_pb_text et_pb_text_0  et_pb_text_align_justified et_pb_bg_layout_light\">\n\t\t\t\t\n\t\t\t\t\n\t\t\t\t\n\t\t\t\t\n\t\t\t\t<div class=\"et_pb_text_inner\"><h1 style=\"text-align: center\"><strong><span style=\"font-size: 36pt;font-family: 'times new roman', times, serif\">LGBTwho+<\/span><\/strong><\/h1>\n<p>&nbsp;<\/p>\n<p><span style=\"font-size: 12pt;font-family: tahoma, arial, helvetica, sans-serif\"><em><strong>Q<\/strong><\/em><i><span style=\"font-weight: 400\"><strong>ueer Community<\/strong> - <\/span><\/i><span style=\"font-weight: 400\">Was steckt eigentlich dahinter?<\/span><\/span><\/p>\n<p><span style=\"font-weight: 400;font-size: 12pt;font-family: tahoma, arial, helvetica, sans-serif\">Vorurteile, Pride, ganz individuelle Lebensgeschichten. Liebe und Sexualit\u00e4t sind Privatsache und scheinbar dennoch sehr \u00f6ffentlich und politisch. Eine andere Diskussion gibt es auch, sobald man nicht der Cis-hetero-Norm entspricht. Und was ist das denn schon wieder?<\/span><\/p>\n<p><span style=\"font-family: tahoma, arial, helvetica, sans-serif\"><span style=\"font-weight: 400;font-size: 12pt\">Darum soll sich dieser Blog und die dazugeh\u00f6rige Schaufensterausstellung drehen. Es wird \u00fcber kulturelle Themen wie Diskriminierung, Stereotypisierung und Privilegien, aber auch ganz pers\u00f6nliche Erfahrungen gesprochen. <\/span><span style=\"font-size: 12pt\">Entstanden ist das Projekt <strong>LGBTwho+<\/strong> im Rahmen von zwei Projektseminaren des Fachs Kulturwissenschaft. Das Ergebnis soll ein Akt der Solidarit\u00e4t, Repr\u00e4sentation und Austauschgrundlage werden. <\/span><span style=\"font-size: 12pt\">Die Inhalte wurden in drei Gruppen aus Studierenden erarbeitet, die sich mit verschiedenen Methoden dem Themenkomplex gen\u00e4hert haben. Geforscht wurde von und mit einer Mischung aus queeren und nicht-queeren Personen.<\/span><\/span><\/p>\n<p><span style=\"font-size: 12pt;font-family: tahoma, arial, helvetica, sans-serif\">Zu den Ergebnissen der Interviews gibt es au\u00dferdem ein Lexikon mit wichtigen Begriffen rund um die LGBTQIA+ Community, die Standorte der Schaufensterausstellung und ein G\u00e4stebuch zum Verewigen von Gedanken und Erfahrungen.<\/span><\/p>\n<p><span style=\"font-size: 12pt;font-family: tahoma, arial, helvetica, sans-serif\">Abschlie\u00dfend soll nochmals ein gro\u00dfer Dank an alle Interviewpartner*innen ausgesprochen werden, ohne die das Projekt nicht m\u00f6glich gewesen w\u00e4re. Das Teilen von Geschichten erfordert gro\u00dfes Vertrauen, das wir sehr wertsch\u00e4tzen!<\/span><\/p>\n<p>&nbsp;<\/p>\n<p>&nbsp;<\/p><\/div>\n\t\t\t<\/div>\n\t\t\t<\/div><div class=\"et_d4_element et_pb_column_2_5 et_pb_column et_pb_column_1  et_pb_css_mix_blend_mode et-last-child et_block_column\">\n\t\t\t\t\n\t\t\t\t\n\t\t\t\t\n\t\t\t\t\n\t\t\t\t<div class=\"et_pb_module et_d4_element et_pb_image et_pb_image_0\">\n\t\t\t\t\n\t\t\t\t\n\t\t\t\t\n\t\t\t\t\n\t\t\t\t<span class=\"et_pb_image_wrap \"><img decoding=\"async\" src=\"https:\/\/blogs.uni-bremen.de\/lgbtwho\/files\/Plakat.jpg\" alt=\"plakat lgbtwho+\" title=\"Plakat\" srcset=\"https:\/\/blogs.uni-bremen.de\/lgbtwho\/files\/Plakat.jpg 1035w, https:\/\/blogs.uni-bremen.de\/lgbtwho\/files\/Plakat-980x1515.jpg 980w, https:\/\/blogs.uni-bremen.de\/lgbtwho\/files\/Plakat-480x742.jpg 480w\" sizes=\"(min-width: 0px) and (max-width: 480px) 480px, (min-width: 481px) and (max-width: 980px) 980px, (min-width: 981px) 1035px, 100vw\" class=\"wp-image-685\" \/><\/span>\n\t\t\t<\/div>\n\t\t\t<\/div>\n\t\t\t\t\n\t\t\t\t\n\t\t\t\t\n\t\t\t\t\n\t\t\t<\/div><div class=\"et_d4_element et_pb_row et_pb_row_1  et_pb_css_mix_blend_mode et_block_row\">\n\t\t\t\t<div class=\"et_d4_element et_pb_column_1_3 et_pb_column et_pb_column_2  et_pb_css_mix_blend_mode et_block_column\">\n\t\t\t\t\n\t\t\t\t\n\t\t\t\t\n\t\t\t\t\n\t\t\t\t<div class=\"et_pb_button_module_wrapper et_pb_button_0_wrapper et_pb_button_alignment_center et_pb_module \">\n\t\t\t\t<a class=\"et_pb_button et_d4_element et_pb_button_0 et_pb_bg_layout_light et_block_module\" href=\"https:\/\/blogs.uni-bremen.de\/lgbtwho\/stories\/\">Stories<\/a>\n\t\t\t<\/div><div class=\"et_pb_module et_d4_element et_pb_text et_pb_text_1  et_pb_text_align_left et_pb_bg_layout_light\">\n\t\t\t\t\n\t\t\t\t\n\t\t\t\t\n\t\t\t\t\n\t\t\t\t<div class=\"et_pb_text_inner\"><p><span style=\"font-family: tahoma, arial, helvetica, sans-serif\"><span style=\"font-weight: 400;font-size: 12pt\">Im Rahmen von offenen Interviews wurde die Gestaltung an die Interviewpartner*innen abgegeben.<br \/><\/span><span style=\"font-weight: 400;font-size: 12pt\">Was will erz\u00e4hlt werden?<br \/>In den narrativ-biografischen Gespr\u00e4chen erz\u00e4hlen sie \u00fcber ihre eigenen Leben und setzen den Fokus in ihren Geschichten selbst. <\/span><span style=\"font-size: 12pt\">Dabei stand im Vordergrund, diesen Menschen eine Plattform f\u00fcr ihre Geschichten zu bieten, welche durch die Studierenden in einen \u00e4sthetischen Kontext gesetzt wurde.<\/span><\/span><\/p>\n<p>&nbsp;<\/p><\/div>\n\t\t\t<\/div>\n\t\t\t<\/div><div class=\"et_d4_element et_pb_column_1_3 et_pb_column et_pb_column_3  et_pb_css_mix_blend_mode et_block_column\">\n\t\t\t\t\n\t\t\t\t\n\t\t\t\t\n\t\t\t\t\n\t\t\t\t<div class=\"et_pb_button_module_wrapper et_pb_button_1_wrapper et_pb_button_alignment_center et_pb_module \">\n\t\t\t\t<a class=\"et_pb_button et_d4_element et_pb_button_1 et_pb_bg_layout_light et_block_module\" href=\"https:\/\/blogs.uni-bremen.de\/lgbtwho\/queerspaces\/\">Queer Spaces<\/a>\n\t\t\t<\/div><div class=\"et_pb_module et_d4_element et_pb_text et_pb_text_2  et_pb_text_align_left et_pb_bg_layout_light\">\n\t\t\t\t\n\t\t\t\t\n\t\t\t\t\n\t\t\t\t\n\t\t\t\t<div class=\"et_pb_text_inner\"><p><span style=\"font-family: tahoma, arial, helvetica, sans-serif\"><span style=\"font-weight: 400;font-size: 12pt\">Was kann ein queerer Raum sein? Wo sind queere R\u00e4ume? Wie k\u00f6nnen diese erm\u00f6glicht und genutzt werden? Wo f\u00e4ngt ein queerer Raum an und h\u00f6rt dieser irgendwann auf?<br \/><\/span><span style=\"font-weight: 400;font-size: 12pt\">Zur Beantwortung der Fragen wurde mit drei Interviewpartner*innen digital, vor Ort und auf einem Spaziergang gesprochen. Gespr\u00e4chsausschnitte verbunden mit von den Interviewpartner*innen gezeichneten Karten und Bildern erz\u00e4hlen von ihrer Wahrnehmung und sollen so Raum sichtbar machen, erweitern und erforschen.<\/span><\/span><\/p><\/div>\n\t\t\t<\/div>\n\t\t\t<\/div><div class=\"et_d4_element et_pb_column_1_3 et_pb_column et_pb_column_4  et_pb_css_mix_blend_mode et-last-child et_block_column\">\n\t\t\t\t\n\t\t\t\t\n\t\t\t\t\n\t\t\t\t\n\t\t\t\t<div class=\"et_pb_button_module_wrapper et_pb_button_2_wrapper et_pb_button_alignment_center et_pb_module \">\n\t\t\t\t<a class=\"et_pb_button et_d4_element et_pb_button_2 et_pb_bg_layout_light et_block_module\" href=\"https:\/\/blogs.uni-bremen.de\/lgbtwho\/diversedinge\/\">Diverse Dinge<\/a>\n\t\t\t<\/div><div class=\"et_pb_module et_d4_element et_pb_text et_pb_text_3  et_pb_text_align_left et_pb_bg_layout_light\">\n\t\t\t\t\n\t\t\t\t\n\t\t\t\t\n\t\t\t\t\n\t\t\t\t<div class=\"et_pb_text_inner\"><p><span style=\"font-size: 12pt;font-family: tahoma, arial, helvetica, sans-serif\"><span style=\"font-weight: 400\">Objekte sind leblos und haben doch Bedeutung. Sie bestimmen unseren Alltag. Sie erz\u00e4hlen Geschichten, sind Erinnerungsst\u00fccke, verbindende Elemente, spenden Trost, halten kostbare Momente in materieller Form fest.<br \/><\/span><span style=\"font-weight: 400\">Die Interviewpartner*innen dieser Gruppe haben selbst ausgew\u00e4hlte Gegenst\u00e4nde mitgebracht, \u00fcber die sie erz\u00e4hlen wollen, \u00fcber die sie etwas teilen m\u00f6chten. Diese kleinen, so pers\u00f6nlichen Ausschnitte des ganz individuellen Lebens sollen in Form einer Ausstellung einen Raum bekommen.\u00a0<\/span><\/span><\/p>\n<p>&nbsp;<\/p><\/div>\n\t\t\t<\/div>\n\t\t\t<\/div>\n\t\t\t\t\n\t\t\t\t\n\t\t\t\t\n\t\t\t\t\n\t\t\t<\/div><div class=\"et_d4_element et_pb_row et_pb_row_2  et_pb_css_mix_blend_mode et_block_row\">\n\t\t\t\t<div class=\"et_d4_element et_pb_column_1_4 et_pb_column et_pb_column_5  et_pb_css_mix_blend_mode et_block_column\">\n\t\t\t\t\n\t\t\t\t\n\t\t\t\t\n\t\t\t\t\n\t\t\t\t<div class=\"et_pb_button_module_wrapper et_pb_button_3_wrapper et_pb_button_alignment_center et_pb_module \">\n\t\t\t\t<a class=\"et_pb_button et_d4_element et_pb_button_3 et_pb_bg_layout_light et_block_module\" href=\"https:\/\/blogs.uni-bremen.de\/lgbtwho\/lexikon\/\">Lexikon<\/a>\n\t\t\t<\/div><div class=\"et_pb_module et_d4_element et_pb_text et_pb_text_4  et_pb_text_align_left et_pb_bg_layout_light\">\n\t\t\t\t\n\t\t\t\t\n\t\t\t\t\n\t\t\t\t\n\t\t\t\t<div class=\"et_pb_text_inner\"><p><span style=\"font-size: 12pt;font-family: tahoma, arial, helvetica, sans-serif\">Bei der Recherche und Interviews st\u00f6\u00dft man immer wieder auf unbekannte Begriffe und Formulierungen. Nach dem Motto \"Queer Me Up!\" gibt es hier eine Sammlung, um das Verst\u00e4ndnis zu erleichtern.<\/span><\/p><\/div>\n\t\t\t<\/div>\n\t\t\t<\/div><div class=\"et_d4_element et_pb_column_1_4 et_pb_column et_pb_column_6  et_pb_css_mix_blend_mode et_block_column\">\n\t\t\t\t\n\t\t\t\t\n\t\t\t\t\n\t\t\t\t\n\t\t\t\t<div class=\"et_pb_button_module_wrapper et_pb_button_4_wrapper et_pb_button_alignment_center et_pb_module \">\n\t\t\t\t<a class=\"et_pb_button et_d4_element et_pb_button_4 et_pb_bg_layout_light et_block_module\" href=\"https:\/\/blogs.uni-bremen.de\/lgbtwho\/standorte\/\">Standorte<\/a>\n\t\t\t<\/div><div class=\"et_pb_module et_d4_element et_pb_text et_pb_text_5  et_pb_text_align_left et_pb_bg_layout_light\">\n\t\t\t\t\n\t\t\t\t\n\t\t\t\t\n\t\t\t\t\n\t\t\t\t<div class=\"et_pb_text_inner\"><p><span style=\"font-size: 12pt;font-family: tahoma, arial, helvetica, sans-serif\">Wo findet denn nun genau diese Schaufensterausstellung statt, von der \u00fcberall die Rede ist?<\/span><\/p>\n<p><span style=\"font-size: 12pt;font-family: tahoma, arial, helvetica, sans-serif\">Das erfahrt ihr hier!<\/span><\/p><\/div>\n\t\t\t<\/div>\n\t\t\t<\/div><div class=\"et_d4_element et_pb_column_1_4 et_pb_column et_pb_column_7  et_pb_css_mix_blend_mode et_block_column\">\n\t\t\t\t\n\t\t\t\t\n\t\t\t\t\n\t\t\t\t\n\t\t\t\t<div class=\"et_pb_button_module_wrapper et_pb_button_5_wrapper et_pb_button_alignment_center et_pb_module \">\n\t\t\t\t<a class=\"et_pb_button et_d4_element et_pb_button_5 et_pb_bg_layout_light et_block_module\" href=\"https:\/\/blogs.uni-bremen.de\/lgbtwho\/kooperation\/\">Kooperation<\/a>\n\t\t\t<\/div><div class=\"et_pb_module et_d4_element et_pb_text et_pb_text_6  et_pb_text_align_left et_pb_bg_layout_light\">\n\t\t\t\t\n\t\t\t\t\n\t\t\t\t\n\t\t\t\t\n\t\t\t\t<div class=\"et_pb_text_inner\"><p><span style=\"font-size: 12pt;font-family: tahoma, arial, helvetica, sans-serif\">Das Projekt h\u00e4tte ohne liebe Unterst\u00fctzer*innen nicht funktioniert. Nicht nur Interviewpartner*innen, sondern auch Organisationen sollen ihre Aufmerksamkeit bekommen.<\/span><\/p><\/div>\n\t\t\t<\/div>\n\t\t\t<\/div><div class=\"et_d4_element et_pb_column_1_4 et_pb_column et_pb_column_8  et_pb_css_mix_blend_mode et-last-child et_block_column\">\n\t\t\t\t\n\t\t\t\t\n\t\t\t\t\n\t\t\t\t\n\t\t\t\t<div class=\"et_pb_button_module_wrapper et_pb_button_6_wrapper et_pb_button_alignment_center et_pb_module \">\n\t\t\t\t<a class=\"et_pb_button et_d4_element et_pb_button_6 et_pb_bg_layout_light et_block_module\" href=\"https:\/\/blogs.uni-bremen.de\/lgbtwho\/gaestebuch\/\">G\u00e4stebuch<\/a>\n\t\t\t<\/div><div class=\"et_pb_module et_d4_element et_pb_text et_pb_text_7  et_pb_text_align_left et_pb_bg_layout_light\">\n\t\t\t\t\n\t\t\t\t\n\t\t\t\t\n\t\t\t\t\n\t\t\t\t<div class=\"et_pb_text_inner\"><p><span style=\"font-family: tahoma, arial, helvetica, sans-serif;font-size: 12pt\">Ihr wollt auch euren Senf dazu geben oder von eigenen Erfahrungen berichten? Im G\u00e4stebuch habt ihr die M\u00f6glichkeit dazu!<\/span><\/p><\/div>\n\t\t\t<\/div>\n\t\t\t<\/div>\n\t\t\t\t\n\t\t\t\t\n\t\t\t\t\n\t\t\t\t\n\t\t\t<\/div>\n\t\t\t\t\n\t\t\t\t\n\t\t\t<\/div>\n","protected":false},"excerpt":{"rendered":"","protected":false},"author":10348,"featured_media":0,"parent":0,"menu_order":0,"comment_status":"closed","ping_status":"closed","template":"","meta":{"_bbp_topic_count":0,"_bbp_reply_count":0,"_bbp_total_topic_count":0,"_bbp_total_reply_count":0,"_bbp_voice_count":0,"_bbp_anonymous_reply_count":0,"_bbp_topic_count_hidden":0,"_bbp_reply_count_hidden":0,"_bbp_forum_subforum_count":0,"_et_pb_use_builder":"on","_et_pb_old_content":"<p>Dies ist ein Beispiel einer statischen WordPress-Seite. Du kannst sie bearbeiten und beispielsweise Infos \u00fcber dich oder das Weblog eingeben, damit die Leser wissen, woher du kommst und was du machst.<\/p><p>Du kannst entweder beliebig viele Hauptseiten (wie diese hier) oder Unterseiten, die sich in der Hierachiestruktur den Hauptseiten unterordnen, anlegen. Du kannst sie auch alle innerhalb von WordPress \u00e4ndern und verwalten.<br \/>Ben\u00f6tigst Du Hilfe beim Anlegen neuer Seiten? Auf der Supportseite des Blogssystems findest Videotutorials, die Dir den Einstieg so einfach wie m\u00f6glich machen sollen:<br \/>http:\/\/blogs.uni-bremen.de\/support\/<\/p>","_et_gb_content_width":"","footnotes":""},"class_list":["post-2","page","type-page","status-publish","hentry"],"_links":{"self":[{"href":"https:\/\/blogs.uni-bremen.de\/lgbtwho\/wp-json\/wp\/v2\/pages\/2","targetHints":{"allow":["GET"]}}],"collection":[{"href":"https:\/\/blogs.uni-bremen.de\/lgbtwho\/wp-json\/wp\/v2\/pages"}],"about":[{"href":"https:\/\/blogs.uni-bremen.de\/lgbtwho\/wp-json\/wp\/v2\/types\/page"}],"author":[{"embeddable":true,"href":"https:\/\/blogs.uni-bremen.de\/lgbtwho\/wp-json\/wp\/v2\/users\/10348"}],"replies":[{"embeddable":true,"href":"https:\/\/blogs.uni-bremen.de\/lgbtwho\/wp-json\/wp\/v2\/comments?post=2"}],"version-history":[{"count":0,"href":"https:\/\/blogs.uni-bremen.de\/lgbtwho\/wp-json\/wp\/v2\/pages\/2\/revisions"}],"wp:attachment":[{"href":"https:\/\/blogs.uni-bremen.de\/lgbtwho\/wp-json\/wp\/v2\/media?parent=2"}],"curies":[{"name":"wp","href":"https:\/\/api.w.org\/{rel}","templated":true}]}}