{"id":953,"date":"2024-03-04T14:30:22","date_gmt":"2024-03-04T13:30:22","guid":{"rendered":"https:\/\/blogs.uni-bremen.de\/lernen\/?page_id=953"},"modified":"2024-03-04T14:31:37","modified_gmt":"2024-03-04T13:31:37","slug":"informieren","status":"publish","type":"page","link":"https:\/\/blogs.uni-bremen.de\/lernen\/informieren\/","title":{"rendered":"Informieren"},"content":{"rendered":"<div class=\"et_d4_element et_pb_section et_pb_section_0  et_pb_css_mix_blend_mode et_section_regular et_pb_section--with-menu et_block_section\" >\n\t\t\t\t\n\t\t\t\t\n\t\t\t\t\n\t\t\t\t\n\t\t\t\t\n\t\t\t\t\n\t\t\t\t<div class=\"et_d4_element et_pb_row et_pb_row_0  et_pb_css_mix_blend_mode et_pb_row--with-menu et_block_row\">\n\t\t\t\t<div class=\"et_d4_element et_pb_column_4_4 et_pb_column et_pb_column_0  et_pb_css_mix_blend_mode et-last-child et_pb_column--with-menu et_block_column\">\n\t\t\t\t\n\t\t\t\t\n\t\t\t\t\n\t\t\t\t\n\t\t\t\t<div class=\"et_pb_module et_d4_element et_pb_menu et_pb_menu_0 et_pb_bg_layout_light  et_pb_text_align_left et_dropdown_animation_fade et_pb_menu--without-logo et_pb_menu--style-left_aligned\">\n\t\t\t\t\t\n\t\t\t\t\t\n\t\t\t\t\t\n\t\t\t\t\t\n\t\t\t\t\t<div class=\"et_pb_menu_inner_container clearfix\">\n\t\t\t\t\t\t\n\t\t\t\t\t\t<div class=\"et_pb_menu__wrap\">\n\t\t\t\t\t\t\t<div class=\"et_pb_menu__menu\">\n\t\t\t\t\t\t\t\t<nav class=\"et-menu-nav\"><ul id=\"menu-kategorienfilter\" class=\"et-menu nav\"><li id=\"menu-item-135\" class=\"et_pb_menu_page_id-102 menu-item menu-item-type-post_type menu-item-object-page menu-item-135\"><a href=\"https:\/\/blogs.uni-bremen.de\/lernen\/lehr-lernmethoden\/\">Alle<\/a><\/li>\n<li id=\"menu-item-937\" class=\"et_pb_menu_page_id-928 menu-item menu-item-type-post_type menu-item-object-page menu-item-937\"><a href=\"https:\/\/blogs.uni-bremen.de\/lernen\/ankommen-und-einstimmen\/\">Ankommen und Einstimmen<\/a><\/li>\n<li id=\"menu-item-945\" class=\"et_pb_menu_page_id-942 menu-item menu-item-type-post_type menu-item-object-page menu-item-945\"><a href=\"https:\/\/blogs.uni-bremen.de\/lernen\/vorwissen-aktivieren\/\">Vorwissen aktivieren<\/a><\/li>\n<li id=\"menu-item-959\" class=\"et_pb_menu_page_id-953 menu-item menu-item-type-post_type menu-item-object-page menu-item-959\"><a href=\"https:\/\/blogs.uni-bremen.de\/lernen\/informieren\/\">Informieren<\/a><\/li>\n<li id=\"menu-item-966\" class=\"et_pb_menu_page_id-962 menu-item menu-item-type-post_type menu-item-object-page menu-item-966\"><a href=\"https:\/\/blogs.uni-bremen.de\/lernen\/verarbeiten\/\">Verarbeiten<\/a><\/li>\n<li id=\"menu-item-973\" class=\"et_pb_menu_page_id-967 menu-item menu-item-type-post_type menu-item-object-page menu-item-973\"><a href=\"https:\/\/blogs.uni-bremen.de\/lernen\/auswerten\/\">Auswerten<\/a><\/li>\n<\/ul><\/nav>\n\t\t\t\t\t\t\t<\/div>\n\t\t\t\t\t\t\t\n\t\t\t\t\t\t\t\n\t\t\t\t\t\t\t<div class=\"et_mobile_nav_menu\">\n\t\t\t\t<div class=\"mobile_nav closed\">\n\t\t\t\t\t<span class=\"mobile_menu_bar\"><\/span>\n\t\t\t\t<\/div>\n\t\t\t<\/div>\n\t\t\t\t\t\t<\/div>\n\t\t\t\t\t\t\n\t\t\t\t\t<\/div>\n\t\t\t\t<\/div><div class=\"et_pb_module et_d4_element et_pb_post_title et_pb_post_title_0 et_pb_bg_layout_light  et_pb_text_align_left\"   >\n\t\t\t\t\n\t\t\t\t\n\t\t\t\t\n\t\t\t\t\n\t\t\t\t\n\t\t\t\t<div class=\"et_pb_title_container\">\n\t\t\t\t\t<h1 class=\"entry-title\"><\/h1>\n\t\t\t\t<\/div>\n\t\t\t\t\n\t\t\t<\/div><div class=\"et_pb_module et_d4_element et_pb_blog_0  et_pb_css_mix_blend_mode et_pb_blog_grid_wrapper et_pb_bg_layout_light\">\n\t\t\t\t\t<div class=\"et_pb_blog_grid clearfix \">\n\t\t\t\t\t\n\t\t\t\t\t\n\t\t\t\t\t\n\t\t\t\t\t\n\t\t\t\t\t<div class=\"et_pb_ajax_pagination_container\">\n\t\t\t\t\t\t<div class=\"et_pb_salvattore_content\" data-columns>\n\t\t\t<article id=\"post-1595\" class=\"et_pb_post clearfix et_pb_blog_item_0_0 post-1595 post type-post status-publish format-standard has-post-thumbnail hentry category-allgemein category-informieren category-methoden category-verarbeiten\">\n\n\t\t\t\t<div class=\"et_pb_image_container\"><a href=\"https:\/\/blogs.uni-bremen.de\/lernen\/2025\/03\/25\/think-square-share\/\" class=\"entry-featured-image-url\"><img loading=\"lazy\" decoding=\"async\" src=\"https:\/\/blogs.uni-bremen.de\/lernen\/files\/krakenimages-Y5bvRlcCx8k-unsplash-e1742898296528-400x250.jpg\" alt=\"Think-Square-Share\" class=\"\" srcset=\"https:\/\/blogs.uni-bremen.de\/lernen\/files\/krakenimages-Y5bvRlcCx8k-unsplash-e1742898296528.jpg 479w, https:\/\/blogs.uni-bremen.de\/lernen\/files\/krakenimages-Y5bvRlcCx8k-unsplash-e1742898296528-400x250.jpg 480w \" sizes=\"(max-width:479px) 479px, 100vw \"  width=\"400\" height=\"250\" \/><\/a><\/div>\n\t\t\t\t\t\t\t\t\t\t\t\t\t\t<h2 class=\"entry-title\">\n\t\t\t\t\t\t\t\t\t\t\t\t\t<a href=\"https:\/\/blogs.uni-bremen.de\/lernen\/2025\/03\/25\/think-square-share\/\">Think-Square-Share<\/a>\n\t\t\t\t\t\t\t\t\t\t\t<\/h2>\n\t\t\t\t\n\t\t\t\t\t<p class=\"post-meta\">von <span class=\"author vcard\"><a href=\"https:\/\/blogs.uni-bremen.de\/lernen\/author\/benar\/\" title=\"Beitr\u00e4ge von Benar\" rel=\"author\">Benar<\/a><\/span> | <span class=\"published\">M\u00e4rz 25, 2025<\/span> | <a href=\"https:\/\/blogs.uni-bremen.de\/lernen\/category\/allgemein\/\" rel=\"tag\">Allgemein<\/a>, <a href=\"https:\/\/blogs.uni-bremen.de\/lernen\/category\/methoden\/informieren\/\" rel=\"tag\">Informieren<\/a>, <a href=\"https:\/\/blogs.uni-bremen.de\/lernen\/category\/methoden\/\" rel=\"tag\">Methoden<\/a>, <a href=\"https:\/\/blogs.uni-bremen.de\/lernen\/category\/methoden\/verarbeiten\/\" rel=\"tag\">Verarbeiten<\/a><\/p><div class=\"post-content\"><div class=\"post-content-inner\"><p>Foto von krakenimages auf UnsplashBeschreibung der Methode Die Think-Square-Share-Methode ist eine Abwandlung und Erg\u00e4nzung der\u00a0Think-Pair-Share-Methode, bei\u00a0der die Partnerarbeit durch eine Gruppenarbeit ersetzt wird. Sie ist eine bew\u00e4hrte Technik des\u00a0kooperativen...<\/p>\n<\/div><\/div>\t\t\t\n\t\t\t<\/article>\n\t\t\t\t\n\t\t\t<article id=\"post-1535\" class=\"et_pb_post clearfix et_pb_blog_item_0_1 post-1535 post type-post status-publish format-standard has-post-thumbnail hentry category-informieren category-methoden category-verarbeiten category-vorwissen-aktivieren\">\n\n\t\t\t\t<div class=\"et_pb_image_container\"><a href=\"https:\/\/blogs.uni-bremen.de\/lernen\/2025\/02\/10\/ein-schritt-nach-vorne\/\" class=\"entry-featured-image-url\"><img loading=\"lazy\" decoding=\"async\" src=\"https:\/\/blogs.uni-bremen.de\/lernen\/files\/Three-men-walking-at-Medienhafen-Duesseldorf-2048x1360-1-400x250.jpg\" alt=\"Ein Schritt nach vorne\" class=\"\" srcset=\"https:\/\/blogs.uni-bremen.de\/lernen\/files\/Three-men-walking-at-Medienhafen-Duesseldorf-2048x1360-1.jpg 479w, https:\/\/blogs.uni-bremen.de\/lernen\/files\/Three-men-walking-at-Medienhafen-Duesseldorf-2048x1360-1-400x250.jpg 480w \" sizes=\"(max-width:479px) 479px, 100vw \"  width=\"400\" height=\"250\" \/><\/a><\/div>\n\t\t\t\t\t\t\t\t\t\t\t\t\t\t<h2 class=\"entry-title\">\n\t\t\t\t\t\t\t\t\t\t\t\t\t<a href=\"https:\/\/blogs.uni-bremen.de\/lernen\/2025\/02\/10\/ein-schritt-nach-vorne\/\">Ein Schritt nach vorne<\/a>\n\t\t\t\t\t\t\t\t\t\t\t<\/h2>\n\t\t\t\t\n\t\t\t\t\t<p class=\"post-meta\">von <span class=\"author vcard\"><a href=\"https:\/\/blogs.uni-bremen.de\/lernen\/author\/luk_hol\/\" title=\"Beitr\u00e4ge von Lukas\" rel=\"author\">Lukas<\/a><\/span> | <span class=\"published\">Feb. 10, 2025<\/span> | <a href=\"https:\/\/blogs.uni-bremen.de\/lernen\/category\/methoden\/informieren\/\" rel=\"tag\">Informieren<\/a>, <a href=\"https:\/\/blogs.uni-bremen.de\/lernen\/category\/methoden\/\" rel=\"tag\">Methoden<\/a>, <a href=\"https:\/\/blogs.uni-bremen.de\/lernen\/category\/methoden\/verarbeiten\/\" rel=\"tag\">Verarbeiten<\/a>, <a href=\"https:\/\/blogs.uni-bremen.de\/lernen\/category\/methoden\/vorwissen-aktivieren\/\" rel=\"tag\">Vorwissen aktivieren<\/a><\/p><div class=\"post-content\"><div class=\"post-content-inner\"><p>Bildquelle: Herrmann, Rafael (2016): Three men walking at Medienhafen D\u00fcsseldorf. Public Domain. Link: https:\/\/cc0.photo\/2016\/01\/14\/three-men-walking-medienhafen-dusseldorf\/ Beschreibung und Ziele der Methode Die Methode \"Ein Schritt nach vorne kommt urspr\u00fcnglich...<\/p>\n<\/div><\/div>\t\t\t\n\t\t\t<\/article>\n\t\t\t\t\n\t\t\t<article id=\"post-1355\" class=\"et_pb_post clearfix et_pb_blog_item_0_2 post-1355 post type-post status-publish format-standard has-post-thumbnail hentry category-informieren category-methoden category-verarbeiten\">\n\n\t\t\t\t<div class=\"et_pb_image_container\"><a href=\"https:\/\/blogs.uni-bremen.de\/lernen\/2025\/02\/05\/planspiel-rollenkarten\/\" class=\"entry-featured-image-url\"><img loading=\"lazy\" decoding=\"async\" src=\"https:\/\/blogs.uni-bremen.de\/lernen\/files\/pexels-henri-mathieu-83459742-400x250.jpg\" alt=\"Planspiel (Rollenkarten)\" class=\"\" srcset=\"https:\/\/blogs.uni-bremen.de\/lernen\/files\/pexels-henri-mathieu-83459742-scaled-e1737364786949.jpg 479w, https:\/\/blogs.uni-bremen.de\/lernen\/files\/pexels-henri-mathieu-83459742-400x250.jpg 480w \" sizes=\"(max-width:479px) 479px, 100vw \"  width=\"400\" height=\"250\" \/><\/a><\/div>\n\t\t\t\t\t\t\t\t\t\t\t\t\t\t<h2 class=\"entry-title\">\n\t\t\t\t\t\t\t\t\t\t\t\t\t<a href=\"https:\/\/blogs.uni-bremen.de\/lernen\/2025\/02\/05\/planspiel-rollenkarten\/\">Planspiel (Rollenkarten)<\/a>\n\t\t\t\t\t\t\t\t\t\t\t<\/h2>\n\t\t\t\t\n\t\t\t\t\t<p class=\"post-meta\">von <span class=\"author vcard\"><a href=\"https:\/\/blogs.uni-bremen.de\/lernen\/author\/s_jh7wv8\/\" title=\"Beitr\u00e4ge von Till\" rel=\"author\">Till<\/a><\/span> | <span class=\"published\">Feb. 5, 2025<\/span> | <a href=\"https:\/\/blogs.uni-bremen.de\/lernen\/category\/methoden\/informieren\/\" rel=\"tag\">Informieren<\/a>, <a href=\"https:\/\/blogs.uni-bremen.de\/lernen\/category\/methoden\/\" rel=\"tag\">Methoden<\/a>, <a href=\"https:\/\/blogs.uni-bremen.de\/lernen\/category\/methoden\/verarbeiten\/\" rel=\"tag\">Verarbeiten<\/a><\/p><div class=\"post-content\"><div class=\"post-content-inner\"><p>Foto von Henri Mathieu-Saint-Laurent: https:\/\/www.pexels.com\/de-de\/foto\/person-frau-sprechen-reden-8345974\/Beschreibung der Methode Das Planspiel als Methode basiert auf Rollenkarten und beschreibt eine Verk\u00f6rperung, der von der Lehrkraft vorgegebenen Haltung, durch...<\/p>\n<\/div><\/div>\t\t\t\n\t\t\t<\/article>\n\t\t\t\t\n\t\t\t<article id=\"post-1404\" class=\"et_pb_post clearfix et_pb_blog_item_0_3 post-1404 post type-post status-publish format-standard has-post-thumbnail hentry category-ankommen-und-einstimmen category-informieren category-methoden category-vorwissen-aktivieren\">\n\n\t\t\t\t<div class=\"et_pb_image_container\"><a href=\"https:\/\/blogs.uni-bremen.de\/lernen\/2025\/01\/24\/lehrendenvortrag\/\" class=\"entry-featured-image-url\"><img loading=\"lazy\" decoding=\"async\" src=\"https:\/\/blogs.uni-bremen.de\/lernen\/files\/weboptimiert-Unterricht-Schule-1536x1024-1-400x250.jpg\" alt=\"Lehrendenvortrag\" class=\"\" srcset=\"https:\/\/blogs.uni-bremen.de\/lernen\/files\/weboptimiert-Unterricht-Schule-1536x1024-1.jpg 479w, https:\/\/blogs.uni-bremen.de\/lernen\/files\/weboptimiert-Unterricht-Schule-1536x1024-1-400x250.jpg 480w \" sizes=\"(max-width:479px) 479px, 100vw \"  width=\"400\" height=\"250\" \/><\/a><\/div>\n\t\t\t\t\t\t\t\t\t\t\t\t\t\t<h2 class=\"entry-title\">\n\t\t\t\t\t\t\t\t\t\t\t\t\t<a href=\"https:\/\/blogs.uni-bremen.de\/lernen\/2025\/01\/24\/lehrendenvortrag\/\">Lehrendenvortrag<\/a>\n\t\t\t\t\t\t\t\t\t\t\t<\/h2>\n\t\t\t\t\n\t\t\t\t\t<p class=\"post-meta\">von <span class=\"author vcard\"><a href=\"https:\/\/blogs.uni-bremen.de\/lernen\/author\/mafr2\/\" title=\"Beitr\u00e4ge von Malte\" rel=\"author\">Malte<\/a><\/span> | <span class=\"published\">Jan. 24, 2025<\/span> | <a href=\"https:\/\/blogs.uni-bremen.de\/lernen\/category\/methoden\/ankommen-und-einstimmen\/\" rel=\"tag\">Ankommen und Einstimmen<\/a>, <a href=\"https:\/\/blogs.uni-bremen.de\/lernen\/category\/methoden\/informieren\/\" rel=\"tag\">Informieren<\/a>, <a href=\"https:\/\/blogs.uni-bremen.de\/lernen\/category\/methoden\/\" rel=\"tag\">Methoden<\/a>, <a href=\"https:\/\/blogs.uni-bremen.de\/lernen\/category\/methoden\/vorwissen-aktivieren\/\" rel=\"tag\">Vorwissen aktivieren<\/a><\/p><div class=\"post-content\"><div class=\"post-content-inner\"><p>Foto von Monkey Business auf Adobe StockBeschreibung der Methode Die Methode des Lehrendenvortrags ist vermutlich der Unterrichtsklassiker schlechthin und in Sachen Simplizit\u00e4t wohl kaum zu \u00fcbertreffen. Eine Lehrkraft stellt sich vor die Klasse und f\u00e4ngt an zu reden....<\/p>\n<\/div><\/div>\t\t\t\n\t\t\t<\/article>\n\t\t\t\t\n\t\t\t<article id=\"post-899\" class=\"et_pb_post clearfix et_pb_blog_item_0_4 post-899 post type-post status-publish format-standard has-post-thumbnail hentry category-auswertung category-informieren category-methoden category-verarbeiten\">\n\n\t\t\t\t<div class=\"et_pb_image_container\"><a href=\"https:\/\/blogs.uni-bremen.de\/lernen\/2024\/03\/31\/das-gruppenpuzzle\/\" class=\"entry-featured-image-url\"><img loading=\"lazy\" decoding=\"async\" src=\"https:\/\/blogs.uni-bremen.de\/lernen\/files\/markus-winkler-aYPtEknQmXE-unsplash-400x250.jpg\" alt=\"Das Gruppenpuzzle\" class=\"\" srcset=\"https:\/\/blogs.uni-bremen.de\/lernen\/files\/markus-winkler-aYPtEknQmXE-unsplash-scaled.jpg 479w, https:\/\/blogs.uni-bremen.de\/lernen\/files\/markus-winkler-aYPtEknQmXE-unsplash-400x250.jpg 480w \" sizes=\"(max-width:479px) 479px, 100vw \"  width=\"400\" height=\"250\" \/><\/a><\/div>\n\t\t\t\t\t\t\t\t\t\t\t\t\t\t<h2 class=\"entry-title\">\n\t\t\t\t\t\t\t\t\t\t\t\t\t<a href=\"https:\/\/blogs.uni-bremen.de\/lernen\/2024\/03\/31\/das-gruppenpuzzle\/\">Das Gruppenpuzzle<\/a>\n\t\t\t\t\t\t\t\t\t\t\t<\/h2>\n\t\t\t\t\n\t\t\t\t\t<p class=\"post-meta\">von <span class=\"author vcard\"><a href=\"https:\/\/blogs.uni-bremen.de\/lernen\/author\/sara7\/\" title=\"Beitr\u00e4ge von Sara Ammoura\" rel=\"author\">Sara Ammoura<\/a><\/span> | <span class=\"published\">M\u00e4rz 31, 2024<\/span> | <a href=\"https:\/\/blogs.uni-bremen.de\/lernen\/category\/methoden\/auswertung\/\" rel=\"tag\">Auswertung<\/a>, <a href=\"https:\/\/blogs.uni-bremen.de\/lernen\/category\/methoden\/informieren\/\" rel=\"tag\">Informieren<\/a>, <a href=\"https:\/\/blogs.uni-bremen.de\/lernen\/category\/methoden\/\" rel=\"tag\">Methoden<\/a>, <a href=\"https:\/\/blogs.uni-bremen.de\/lernen\/category\/methoden\/verarbeiten\/\" rel=\"tag\">Verarbeiten<\/a><\/p><div class=\"post-content\"><div class=\"post-content-inner\"><p>Foto von Markus Winkler auf Unsplash.\u00a0 \u200bBeschreibung der Methode &nbsp; Das Gruppenpuzzle. Eine Methode, die f\u00fcr eine hohe Aktivit\u00e4t der Sch\u00fcler*innen bekannt ist und zugleich auch ihre Wertsch\u00e4tzung untereinander st\u00e4rkt. Dadurch, dass die Sch\u00fcler*innen eine gro\u00dfe...<\/p>\n<\/div><\/div>\t\t\t\n\t\t\t<\/article>\n\t\t\t\t\n\t\t\t<article id=\"post-1122\" class=\"et_pb_post clearfix et_pb_blog_item_0_5 post-1122 post type-post status-publish format-standard has-post-thumbnail hentry category-ankommen-und-einstimmen category-auswertung category-informieren category-methoden category-verarbeiten category-vorwissen-aktivieren\">\n\n\t\t\t\t<div class=\"et_pb_image_container\"><a href=\"https:\/\/blogs.uni-bremen.de\/lernen\/2024\/03\/26\/wie-nehmen-wir-raeume-wahr-hineinversetzen\/\" class=\"entry-featured-image-url\"><img loading=\"lazy\" decoding=\"async\" src=\"https:\/\/blogs.uni-bremen.de\/lernen\/files\/IMG_1571-scaled.jpg\" alt=\"Wie nehmen wir R\u00e4ume wahr? &#8211; Hineinversetzen\" class=\"\" srcset=\"https:\/\/blogs.uni-bremen.de\/lernen\/files\/IMG_1571-scaled.jpg 479w, https:\/\/blogs.uni-bremen.de\/lernen\/files\/IMG_1571-scaled.jpg 480w \" sizes=\"(max-width:479px) 479px, 100vw \"  width=\"400\" height=\"250\" \/><\/a><\/div>\n\t\t\t\t\t\t\t\t\t\t\t\t\t\t<h2 class=\"entry-title\">\n\t\t\t\t\t\t\t\t\t\t\t\t\t<a href=\"https:\/\/blogs.uni-bremen.de\/lernen\/2024\/03\/26\/wie-nehmen-wir-raeume-wahr-hineinversetzen\/\">Wie nehmen wir R\u00e4ume wahr? &#8211; Hineinversetzen<\/a>\n\t\t\t\t\t\t\t\t\t\t\t<\/h2>\n\t\t\t\t\n\t\t\t\t\t<p class=\"post-meta\">von <span class=\"author vcard\"><a href=\"https:\/\/blogs.uni-bremen.de\/lernen\/author\/silan1\/\" title=\"Beitr\u00e4ge von Silan\" rel=\"author\">Silan<\/a><\/span> | <span class=\"published\">M\u00e4rz 26, 2024<\/span> | <a href=\"https:\/\/blogs.uni-bremen.de\/lernen\/category\/methoden\/ankommen-und-einstimmen\/\" rel=\"tag\">Ankommen und Einstimmen<\/a>, <a href=\"https:\/\/blogs.uni-bremen.de\/lernen\/category\/methoden\/auswertung\/\" rel=\"tag\">Auswertung<\/a>, <a href=\"https:\/\/blogs.uni-bremen.de\/lernen\/category\/methoden\/informieren\/\" rel=\"tag\">Informieren<\/a>, <a href=\"https:\/\/blogs.uni-bremen.de\/lernen\/category\/methoden\/\" rel=\"tag\">Methoden<\/a>, <a href=\"https:\/\/blogs.uni-bremen.de\/lernen\/category\/methoden\/verarbeiten\/\" rel=\"tag\">Verarbeiten<\/a>, <a href=\"https:\/\/blogs.uni-bremen.de\/lernen\/category\/methoden\/vorwissen-aktivieren\/\" rel=\"tag\">Vorwissen aktivieren<\/a><\/p><div class=\"post-content\"><div class=\"post-content-inner\"><p>Bild von Silan Kaya, steht unter der Creative Commons Zero (CC0) LizenzBeschreibung der Methode Das philosophische Feld der \u00c4sthetik ist seit jeher von gro\u00dfer Uneinigkeit dar\u00fcber gepr\u00e4gt, was ein Werk zu einem Kunstwerk macht (Carroll, 2000; Wartenberg, 2007; Davis,...<\/p>\n<\/div><\/div>\t\t\t\n\t\t\t<\/article>\n\t\t\t\t\n\t\t\t<article id=\"post-380\" class=\"et_pb_post clearfix et_pb_blog_item_0_6 post-380 post type-post status-publish format-standard has-post-thumbnail hentry category-informieren category-methoden category-verarbeiten\">\n\n\t\t\t\t<div class=\"et_pb_image_container\"><a href=\"https:\/\/blogs.uni-bremen.de\/lernen\/2024\/01\/29\/zines\/\" class=\"entry-featured-image-url\"><img loading=\"lazy\" decoding=\"async\" src=\"https:\/\/blogs.uni-bremen.de\/lernen\/files\/giulia-bertelli-y7rGTFyOzxc-unsplash-400x250.jpg\" alt=\"Zines\" class=\"\" srcset=\"https:\/\/blogs.uni-bremen.de\/lernen\/files\/giulia-bertelli-y7rGTFyOzxc-unsplash-scaled.jpg 479w, https:\/\/blogs.uni-bremen.de\/lernen\/files\/giulia-bertelli-y7rGTFyOzxc-unsplash-400x250.jpg 480w \" sizes=\"(max-width:479px) 479px, 100vw \"  width=\"400\" height=\"250\" \/><\/a><\/div>\n\t\t\t\t\t\t\t\t\t\t\t\t\t\t<h2 class=\"entry-title\">\n\t\t\t\t\t\t\t\t\t\t\t\t\t<a href=\"https:\/\/blogs.uni-bremen.de\/lernen\/2024\/01\/29\/zines\/\">Zines<\/a>\n\t\t\t\t\t\t\t\t\t\t\t<\/h2>\n\t\t\t\t\n\t\t\t\t\t<p class=\"post-meta\">von <span class=\"author vcard\"><a href=\"https:\/\/blogs.uni-bremen.de\/lernen\/author\/johkoch\/\" title=\"Beitr\u00e4ge von Johanna\" rel=\"author\">Johanna<\/a><\/span> | <span class=\"published\">Jan. 29, 2024<\/span> | <a href=\"https:\/\/blogs.uni-bremen.de\/lernen\/category\/methoden\/informieren\/\" rel=\"tag\">Informieren<\/a>, <a href=\"https:\/\/blogs.uni-bremen.de\/lernen\/category\/methoden\/\" rel=\"tag\">Methoden<\/a>, <a href=\"https:\/\/blogs.uni-bremen.de\/lernen\/category\/methoden\/verarbeiten\/\" rel=\"tag\">Verarbeiten<\/a><\/p><div class=\"post-content\"><div class=\"post-content-inner\"><p>Foto von Giulia Bertelli auf UnsplashBeschreibung der Methode Das Wort Zine kommt aus dem Englischen von \"magazine\" und beschreibt ein kleines, meist aus einer A4-Seite gefaltetes Heft. Es wird und wurde besonders als aktivistisches Mittel genutzt und in kleinen...<\/p>\n<\/div><\/div>\t\t\t\n\t\t\t<\/article>\n\t\t\t\t\n\t\t\t<article id=\"post-484\" class=\"et_pb_post clearfix et_pb_blog_item_0_7 post-484 post type-post status-publish format-standard has-post-thumbnail hentry category-auswertung category-informieren category-methoden category-verarbeiten category-vorwissen-aktivieren tag-auswerten tag-methode tag-verarbeiten\">\n\n\t\t\t\t<div class=\"et_pb_image_container\"><a href=\"https:\/\/blogs.uni-bremen.de\/lernen\/2024\/01\/29\/finde-den-fehler\/\" class=\"entry-featured-image-url\"><img loading=\"lazy\" decoding=\"async\" src=\"https:\/\/blogs.uni-bremen.de\/lernen\/files\/fragezeichen-symbol-das-an-eine-loesung-denkt-400x250.jpg\" alt=\"Finde den Fehler\" class=\"\" srcset=\"https:\/\/blogs.uni-bremen.de\/lernen\/files\/fragezeichen-symbol-das-an-eine-loesung-denkt-scaled.jpg 479w, https:\/\/blogs.uni-bremen.de\/lernen\/files\/fragezeichen-symbol-das-an-eine-loesung-denkt-400x250.jpg 480w \" sizes=\"(max-width:479px) 479px, 100vw \"  width=\"400\" height=\"250\" \/><\/a><\/div>\n\t\t\t\t\t\t\t\t\t\t\t\t\t\t<h2 class=\"entry-title\">\n\t\t\t\t\t\t\t\t\t\t\t\t\t<a href=\"https:\/\/blogs.uni-bremen.de\/lernen\/2024\/01\/29\/finde-den-fehler\/\">Finde den Fehler<\/a>\n\t\t\t\t\t\t\t\t\t\t\t<\/h2>\n\t\t\t\t\n\t\t\t\t\t<p class=\"post-meta\">von <span class=\"author vcard\"><a href=\"https:\/\/blogs.uni-bremen.de\/lernen\/author\/kpuissan\/\" title=\"Beitr\u00e4ge von Kassandra\" rel=\"author\">Kassandra<\/a><\/span> | <span class=\"published\">Jan. 29, 2024<\/span> | <a href=\"https:\/\/blogs.uni-bremen.de\/lernen\/category\/methoden\/auswertung\/\" rel=\"tag\">Auswertung<\/a>, <a href=\"https:\/\/blogs.uni-bremen.de\/lernen\/category\/methoden\/informieren\/\" rel=\"tag\">Informieren<\/a>, <a href=\"https:\/\/blogs.uni-bremen.de\/lernen\/category\/methoden\/\" rel=\"tag\">Methoden<\/a>, <a href=\"https:\/\/blogs.uni-bremen.de\/lernen\/category\/methoden\/verarbeiten\/\" rel=\"tag\">Verarbeiten<\/a>, <a href=\"https:\/\/blogs.uni-bremen.de\/lernen\/category\/methoden\/vorwissen-aktivieren\/\" rel=\"tag\">Vorwissen aktivieren<\/a><\/p><div class=\"post-content\"><div class=\"post-content-inner\"><p>Bild von rawpixel.com auf Freepik.\u00a0Beschreibung der Methode Unkompliziert, ohne Vorbereitungsaufwand, dabei anspruchsvoll und \u00e4u\u00dferst vielseitig: das ist das Konzept der Unterrichtsmethode \"Finde den Fehler\" (\"find the fib\").\u00a0 Es ist eine effektive M\u00f6glichkeit,...<\/p>\n<\/div><\/div>\t\t\t\n\t\t\t<\/article>\n\t\t\t\t\n\t\t\t<article id=\"post-150\" class=\"et_pb_post clearfix et_pb_blog_item_0_8 post-150 post type-post status-publish format-standard has-post-thumbnail hentry category-informieren category-methoden category-verarbeiten\">\n\n\t\t\t\t<div class=\"et_pb_image_container\"><a href=\"https:\/\/blogs.uni-bremen.de\/lernen\/2023\/06\/21\/eulen-der-weisheit\/\" class=\"entry-featured-image-url\"><img loading=\"lazy\" decoding=\"async\" src=\"https:\/\/blogs.uni-bremen.de\/lernen\/files\/robin-canfield-MUwy-9TLUg0-unsplash-400x250.jpg\" alt=\"Eulen der Weisheit\" class=\"\" srcset=\"https:\/\/blogs.uni-bremen.de\/lernen\/files\/robin-canfield-MUwy-9TLUg0-unsplash.jpg 479w, https:\/\/blogs.uni-bremen.de\/lernen\/files\/robin-canfield-MUwy-9TLUg0-unsplash-400x250.jpg 480w \" sizes=\"(max-width:479px) 479px, 100vw \"  width=\"400\" height=\"250\" \/><\/a><\/div>\n\t\t\t\t\t\t\t\t\t\t\t\t\t\t<h2 class=\"entry-title\">\n\t\t\t\t\t\t\t\t\t\t\t\t\t<a href=\"https:\/\/blogs.uni-bremen.de\/lernen\/2023\/06\/21\/eulen-der-weisheit\/\">Eulen der Weisheit<\/a>\n\t\t\t\t\t\t\t\t\t\t\t<\/h2>\n\t\t\t\t\n\t\t\t\t\t<p class=\"post-meta\">von <span class=\"author vcard\"><a href=\"https:\/\/blogs.uni-bremen.de\/lernen\/author\/pkubina\/\" title=\"Beitr\u00e4ge von Pia\" rel=\"author\">Pia<\/a><\/span> | <span class=\"published\">Juni 21, 2023<\/span> | <a href=\"https:\/\/blogs.uni-bremen.de\/lernen\/category\/methoden\/informieren\/\" rel=\"tag\">Informieren<\/a>, <a href=\"https:\/\/blogs.uni-bremen.de\/lernen\/category\/methoden\/\" rel=\"tag\">Methoden<\/a>, <a href=\"https:\/\/blogs.uni-bremen.de\/lernen\/category\/methoden\/verarbeiten\/\" rel=\"tag\">Verarbeiten<\/a><\/p><div class=\"post-content\"><div class=\"post-content-inner\"><p>Foto von Robin Canfield auf UnsplashBeschreibung der Methode Die Eulen der Weisheit Methode hat das Ziel, durch unterschiedliche Aufgabenstellungen in mehreren Gruppen verschiedene Impulse zu erm\u00f6glichen, um sich einemext zu n\u00e4hern. Dadurch sollen Inhalte aus...<\/p>\n<\/div><\/div>\t\t\t\n\t\t\t<\/article>\n\t\t\t\t<\/div><div><div class=\"pagination clearfix\">\n\t<div class=\"alignleft\"><\/div>\n\t<div class=\"alignright\"><\/div>\n<\/div><\/div><\/div>\n\t\t\t\t\t<\/div>\n\t\t\t\t\t \n\t\t\t\t<\/div>\n\t\t\t<\/div>\n\t\t\t\t\n\t\t\t\t\n\t\t\t\t\n\t\t\t\t\n\t\t\t<\/div>\n\t\t\t\t\n\t\t\t\t\n\t\t\t<\/div>\n","protected":false},"excerpt":{"rendered":"","protected":false},"author":6383,"featured_media":0,"parent":0,"menu_order":0,"comment_status":"closed","ping_status":"closed","template":"","meta":{"_bbp_topic_count":0,"_bbp_reply_count":0,"_bbp_total_topic_count":0,"_bbp_total_reply_count":0,"_bbp_voice_count":0,"_bbp_anonymous_reply_count":0,"_bbp_topic_count_hidden":0,"_bbp_reply_count_hidden":0,"_bbp_forum_subforum_count":0,"_et_pb_use_builder":"on","_et_pb_old_content":"","_et_gb_content_width":"","footnotes":""},"coauthors":[28],"class_list":["post-953","page","type-page","status-publish","hentry"],"_links":{"self":[{"href":"https:\/\/blogs.uni-bremen.de\/lernen\/wp-json\/wp\/v2\/pages\/953","targetHints":{"allow":["GET"]}}],"collection":[{"href":"https:\/\/blogs.uni-bremen.de\/lernen\/wp-json\/wp\/v2\/pages"}],"about":[{"href":"https:\/\/blogs.uni-bremen.de\/lernen\/wp-json\/wp\/v2\/types\/page"}],"author":[{"embeddable":true,"href":"https:\/\/blogs.uni-bremen.de\/lernen\/wp-json\/wp\/v2\/users\/6383"}],"replies":[{"embeddable":true,"href":"https:\/\/blogs.uni-bremen.de\/lernen\/wp-json\/wp\/v2\/comments?post=953"}],"version-history":[{"count":4,"href":"https:\/\/blogs.uni-bremen.de\/lernen\/wp-json\/wp\/v2\/pages\/953\/revisions"}],"predecessor-version":[{"id":960,"href":"https:\/\/blogs.uni-bremen.de\/lernen\/wp-json\/wp\/v2\/pages\/953\/revisions\/960"}],"wp:attachment":[{"href":"https:\/\/blogs.uni-bremen.de\/lernen\/wp-json\/wp\/v2\/media?parent=953"}],"wp:term":[{"taxonomy":"author","embeddable":true,"href":"https:\/\/blogs.uni-bremen.de\/lernen\/wp-json\/wp\/v2\/coauthors?post=953"}],"curies":[{"name":"wp","href":"https:\/\/api.w.org\/{rel}","templated":true}]}}