{"id":928,"date":"2024-03-04T14:15:32","date_gmt":"2024-03-04T13:15:32","guid":{"rendered":"https:\/\/blogs.uni-bremen.de\/lernen\/?page_id=928"},"modified":"2024-03-04T14:24:19","modified_gmt":"2024-03-04T13:24:19","slug":"ankommen-und-einstimmen","status":"publish","type":"page","link":"https:\/\/blogs.uni-bremen.de\/lernen\/ankommen-und-einstimmen\/","title":{"rendered":"Ankommen und Einstimmen"},"content":{"rendered":"<div class=\"et_d4_element et_pb_section et_pb_section_0  et_pb_css_mix_blend_mode et_section_regular et_pb_section--with-menu et_block_section\" >\n\t\t\t\t\n\t\t\t\t\n\t\t\t\t\n\t\t\t\t\n\t\t\t\t\n\t\t\t\t\n\t\t\t\t<div class=\"et_d4_element et_pb_row et_pb_row_0  et_pb_css_mix_blend_mode et_pb_row--with-menu et_block_row\">\n\t\t\t\t<div class=\"et_d4_element et_pb_column_4_4 et_pb_column et_pb_column_0  et_pb_css_mix_blend_mode et-last-child et_pb_column--with-menu et_block_column\">\n\t\t\t\t\n\t\t\t\t\n\t\t\t\t\n\t\t\t\t\n\t\t\t\t<div class=\"et_pb_module et_d4_element et_pb_menu et_pb_menu_0 et_pb_bg_layout_light  et_pb_text_align_left et_dropdown_animation_fade et_pb_menu--without-logo et_pb_menu--style-left_aligned\">\n\t\t\t\t\t\n\t\t\t\t\t\n\t\t\t\t\t\n\t\t\t\t\t\n\t\t\t\t\t<div class=\"et_pb_menu_inner_container clearfix\">\n\t\t\t\t\t\t\n\t\t\t\t\t\t<div class=\"et_pb_menu__wrap\">\n\t\t\t\t\t\t\t<div class=\"et_pb_menu__menu\">\n\t\t\t\t\t\t\t\t<nav class=\"et-menu-nav\"><ul id=\"menu-kategorienfilter\" class=\"et-menu nav\"><li id=\"menu-item-135\" class=\"et_pb_menu_page_id-102 menu-item menu-item-type-post_type menu-item-object-page menu-item-135\"><a href=\"https:\/\/blogs.uni-bremen.de\/lernen\/lehr-lernmethoden\/\">Alle<\/a><\/li>\n<li id=\"menu-item-937\" class=\"et_pb_menu_page_id-928 menu-item menu-item-type-post_type menu-item-object-page menu-item-937\"><a href=\"https:\/\/blogs.uni-bremen.de\/lernen\/ankommen-und-einstimmen\/\">Ankommen und Einstimmen<\/a><\/li>\n<li id=\"menu-item-945\" class=\"et_pb_menu_page_id-942 menu-item menu-item-type-post_type menu-item-object-page menu-item-945\"><a href=\"https:\/\/blogs.uni-bremen.de\/lernen\/vorwissen-aktivieren\/\">Vorwissen aktivieren<\/a><\/li>\n<li id=\"menu-item-959\" class=\"et_pb_menu_page_id-953 menu-item menu-item-type-post_type menu-item-object-page menu-item-959\"><a href=\"https:\/\/blogs.uni-bremen.de\/lernen\/informieren\/\">Informieren<\/a><\/li>\n<li id=\"menu-item-966\" class=\"et_pb_menu_page_id-962 menu-item menu-item-type-post_type menu-item-object-page menu-item-966\"><a href=\"https:\/\/blogs.uni-bremen.de\/lernen\/verarbeiten\/\">Verarbeiten<\/a><\/li>\n<li id=\"menu-item-973\" class=\"et_pb_menu_page_id-967 menu-item menu-item-type-post_type menu-item-object-page menu-item-973\"><a href=\"https:\/\/blogs.uni-bremen.de\/lernen\/auswerten\/\">Auswerten<\/a><\/li>\n<\/ul><\/nav>\n\t\t\t\t\t\t\t<\/div>\n\t\t\t\t\t\t\t\n\t\t\t\t\t\t\t\n\t\t\t\t\t\t\t<div class=\"et_mobile_nav_menu\">\n\t\t\t\t<div class=\"mobile_nav closed\">\n\t\t\t\t\t<span class=\"mobile_menu_bar\"><\/span>\n\t\t\t\t<\/div>\n\t\t\t<\/div>\n\t\t\t\t\t\t<\/div>\n\t\t\t\t\t\t\n\t\t\t\t\t<\/div>\n\t\t\t\t<\/div><div class=\"et_pb_module et_d4_element et_pb_post_title et_pb_post_title_0 et_pb_bg_layout_light  et_pb_text_align_left\"   >\n\t\t\t\t\n\t\t\t\t\n\t\t\t\t\n\t\t\t\t\n\t\t\t\t\n\t\t\t\t<div class=\"et_pb_title_container\">\n\t\t\t\t\t<h1 class=\"entry-title\"><\/h1>\n\t\t\t\t<\/div>\n\t\t\t\t\n\t\t\t<\/div><div class=\"et_pb_module et_d4_element et_pb_blog_0  et_pb_css_mix_blend_mode et_pb_blog_grid_wrapper et_pb_bg_layout_light\">\n\t\t\t\t\t<div class=\"et_pb_blog_grid clearfix \">\n\t\t\t\t\t\n\t\t\t\t\t\n\t\t\t\t\t\n\t\t\t\t\t\n\t\t\t\t\t<div class=\"et_pb_ajax_pagination_container\">\n\t\t\t\t\t\t<div class=\"et_pb_salvattore_content\" data-columns>\n\t\t\t<article id=\"post-1404\" class=\"et_pb_post clearfix et_pb_blog_item_0_0 post-1404 post type-post status-publish format-standard has-post-thumbnail hentry category-ankommen-und-einstimmen category-informieren category-methoden category-vorwissen-aktivieren\">\n\n\t\t\t\t<div class=\"et_pb_image_container\"><a href=\"https:\/\/blogs.uni-bremen.de\/lernen\/2025\/01\/24\/lehrendenvortrag\/\" class=\"entry-featured-image-url\"><img loading=\"lazy\" decoding=\"async\" src=\"https:\/\/blogs.uni-bremen.de\/lernen\/files\/weboptimiert-Unterricht-Schule-1536x1024-1-400x250.jpg\" alt=\"Lehrendenvortrag\" class=\"\" srcset=\"https:\/\/blogs.uni-bremen.de\/lernen\/files\/weboptimiert-Unterricht-Schule-1536x1024-1.jpg 479w, https:\/\/blogs.uni-bremen.de\/lernen\/files\/weboptimiert-Unterricht-Schule-1536x1024-1-400x250.jpg 480w \" sizes=\"(max-width:479px) 479px, 100vw \"  width=\"400\" height=\"250\" \/><\/a><\/div>\n\t\t\t\t\t\t\t\t\t\t\t\t\t\t<h2 class=\"entry-title\">\n\t\t\t\t\t\t\t\t\t\t\t\t\t<a href=\"https:\/\/blogs.uni-bremen.de\/lernen\/2025\/01\/24\/lehrendenvortrag\/\">Lehrendenvortrag<\/a>\n\t\t\t\t\t\t\t\t\t\t\t<\/h2>\n\t\t\t\t\n\t\t\t\t\t<p class=\"post-meta\">von <span class=\"author vcard\"><a href=\"https:\/\/blogs.uni-bremen.de\/lernen\/author\/mafr2\/\" title=\"Beitr\u00e4ge von Malte\" rel=\"author\">Malte<\/a><\/span> | <span class=\"published\">Jan. 24, 2025<\/span> | <a href=\"https:\/\/blogs.uni-bremen.de\/lernen\/category\/methoden\/ankommen-und-einstimmen\/\" rel=\"tag\">Ankommen und Einstimmen<\/a>, <a href=\"https:\/\/blogs.uni-bremen.de\/lernen\/category\/methoden\/informieren\/\" rel=\"tag\">Informieren<\/a>, <a href=\"https:\/\/blogs.uni-bremen.de\/lernen\/category\/methoden\/\" rel=\"tag\">Methoden<\/a>, <a href=\"https:\/\/blogs.uni-bremen.de\/lernen\/category\/methoden\/vorwissen-aktivieren\/\" rel=\"tag\">Vorwissen aktivieren<\/a><\/p><div class=\"post-content\"><div class=\"post-content-inner\"><p>Foto von Monkey Business auf Adobe StockBeschreibung der Methode Die Methode des Lehrendenvortrags ist vermutlich der Unterrichtsklassiker schlechthin und in Sachen Simplizit\u00e4t wohl kaum zu \u00fcbertreffen. Eine Lehrkraft stellt sich vor die Klasse und f\u00e4ngt an zu reden....<\/p>\n<\/div><\/div>\t\t\t\n\t\t\t<\/article>\n\t\t\t\t\n\t\t\t<article id=\"post-1331\" class=\"et_pb_post clearfix et_pb_blog_item_0_1 post-1331 post type-post status-publish format-standard has-post-thumbnail hentry category-allgemein category-ankommen-und-einstimmen category-auswertung category-methoden\">\n\n\t\t\t\t<div class=\"et_pb_image_container\"><a href=\"https:\/\/blogs.uni-bremen.de\/lernen\/2024\/11\/27\/domino\/\" class=\"entry-featured-image-url\"><img loading=\"lazy\" decoding=\"async\" src=\"https:\/\/blogs.uni-bremen.de\/lernen\/files\/Domino-1-400x250.jpg\" alt=\"Domino\" class=\"\" srcset=\"https:\/\/blogs.uni-bremen.de\/lernen\/files\/Domino-1-scaled.jpg 479w, https:\/\/blogs.uni-bremen.de\/lernen\/files\/Domino-1-400x250.jpg 480w \" sizes=\"(max-width:479px) 479px, 100vw \"  width=\"400\" height=\"250\" \/><\/a><\/div>\n\t\t\t\t\t\t\t\t\t\t\t\t\t\t<h2 class=\"entry-title\">\n\t\t\t\t\t\t\t\t\t\t\t\t\t<a href=\"https:\/\/blogs.uni-bremen.de\/lernen\/2024\/11\/27\/domino\/\">Domino<\/a>\n\t\t\t\t\t\t\t\t\t\t\t<\/h2>\n\t\t\t\t\n\t\t\t\t\t<p class=\"post-meta\">von <span class=\"author vcard\"><a href=\"https:\/\/blogs.uni-bremen.de\/lernen\/author\/skues\/\" title=\"Beitr\u00e4ge von Sarah-Leonie\" rel=\"author\">Sarah-Leonie<\/a><\/span> | <span class=\"published\">Nov. 27, 2024<\/span> | <a href=\"https:\/\/blogs.uni-bremen.de\/lernen\/category\/allgemein\/\" rel=\"tag\">Allgemein<\/a>, <a href=\"https:\/\/blogs.uni-bremen.de\/lernen\/category\/methoden\/ankommen-und-einstimmen\/\" rel=\"tag\">Ankommen und Einstimmen<\/a>, <a href=\"https:\/\/blogs.uni-bremen.de\/lernen\/category\/methoden\/auswertung\/\" rel=\"tag\">Auswertung<\/a>, <a href=\"https:\/\/blogs.uni-bremen.de\/lernen\/category\/methoden\/\" rel=\"tag\">Methoden<\/a><\/p><div class=\"post-content\"><div class=\"post-content-inner\"><p>Foto inklusive der Fotos auf den Dominosteinen von Sarah-Leonie KuesBeschreibung der Methode Die Domino Methode basiert auf dem Prinzip des bewegten Lernens und soll die Sch\u00fcler*innen aktivieren. Hierbei m\u00fcssen die Sch\u00fcler*innen miteinander kommunizieren, um gemeinsam...<\/p>\n<\/div><\/div>\t\t\t\n\t\t\t<\/article>\n\t\t\t\t\n\t\t\t<article id=\"post-229\" class=\"et_pb_post clearfix et_pb_blog_item_0_2 post-229 post type-post status-publish format-standard has-post-thumbnail hentry category-ankommen-und-einstimmen category-methoden category-vorwissen-aktivieren\">\n\n\t\t\t\t<div class=\"et_pb_image_container\"><a href=\"https:\/\/blogs.uni-bremen.de\/lernen\/2024\/06\/11\/traumreise\/\" class=\"entry-featured-image-url\"><img loading=\"lazy\" decoding=\"async\" src=\"https:\/\/blogs.uni-bremen.de\/lernen\/files\/fairy-tale-1180921_1920-400x250.png\" alt=\"Traumreise\" class=\"\" srcset=\"https:\/\/blogs.uni-bremen.de\/lernen\/files\/fairy-tale-1180921_1920.png 479w, https:\/\/blogs.uni-bremen.de\/lernen\/files\/fairy-tale-1180921_1920-400x250.png 480w \" sizes=\"(max-width:479px) 479px, 100vw \"  width=\"400\" height=\"250\" \/><\/a><\/div>\n\t\t\t\t\t\t\t\t\t\t\t\t\t\t<h2 class=\"entry-title\">\n\t\t\t\t\t\t\t\t\t\t\t\t\t<a href=\"https:\/\/blogs.uni-bremen.de\/lernen\/2024\/06\/11\/traumreise\/\">Traumreise<\/a>\n\t\t\t\t\t\t\t\t\t\t\t<\/h2>\n\t\t\t\t\n\t\t\t\t\t<p class=\"post-meta\">von <span class=\"author vcard\"><a href=\"https:\/\/blogs.uni-bremen.de\/lernen\/author\/hengro\/\" title=\"Beitr\u00e4ge von Henry\" rel=\"author\">Henry<\/a><\/span> | <span class=\"published\">Juni 11, 2024<\/span> | <a href=\"https:\/\/blogs.uni-bremen.de\/lernen\/category\/methoden\/ankommen-und-einstimmen\/\" rel=\"tag\">Ankommen und Einstimmen<\/a>, <a href=\"https:\/\/blogs.uni-bremen.de\/lernen\/category\/methoden\/\" rel=\"tag\">Methoden<\/a>, <a href=\"https:\/\/blogs.uni-bremen.de\/lernen\/category\/methoden\/vorwissen-aktivieren\/\" rel=\"tag\">Vorwissen aktivieren<\/a><\/p><div class=\"post-content\"><div class=\"post-content-inner\"><p>Das Beitragsbild von CDD20 steht unter CC0 1.0 UniversalBeschreibung der Methode Die Traumreise ist eine Methode die der Assoziationsbildung von Sch\u00fcler*innen beikommen kann, indem sie direkt an die Wahrnehmung der Tr\u00e4umenden\/Fantasierenden ankn\u00fcpft. So wird die...<\/p>\n<\/div><\/div>\t\t\t\n\t\t\t<\/article>\n\t\t\t\t\n\t\t\t<article id=\"post-1122\" class=\"et_pb_post clearfix et_pb_blog_item_0_3 post-1122 post type-post status-publish format-standard has-post-thumbnail hentry category-ankommen-und-einstimmen category-auswertung category-informieren category-methoden category-verarbeiten category-vorwissen-aktivieren\">\n\n\t\t\t\t<div class=\"et_pb_image_container\"><a href=\"https:\/\/blogs.uni-bremen.de\/lernen\/2024\/03\/26\/wie-nehmen-wir-raeume-wahr-hineinversetzen\/\" class=\"entry-featured-image-url\"><img loading=\"lazy\" decoding=\"async\" src=\"https:\/\/blogs.uni-bremen.de\/lernen\/files\/IMG_1571-scaled.jpg\" alt=\"Wie nehmen wir R\u00e4ume wahr? &#8211; Hineinversetzen\" class=\"\" srcset=\"https:\/\/blogs.uni-bremen.de\/lernen\/files\/IMG_1571-scaled.jpg 479w, https:\/\/blogs.uni-bremen.de\/lernen\/files\/IMG_1571-scaled.jpg 480w \" sizes=\"(max-width:479px) 479px, 100vw \"  width=\"400\" height=\"250\" \/><\/a><\/div>\n\t\t\t\t\t\t\t\t\t\t\t\t\t\t<h2 class=\"entry-title\">\n\t\t\t\t\t\t\t\t\t\t\t\t\t<a href=\"https:\/\/blogs.uni-bremen.de\/lernen\/2024\/03\/26\/wie-nehmen-wir-raeume-wahr-hineinversetzen\/\">Wie nehmen wir R\u00e4ume wahr? &#8211; Hineinversetzen<\/a>\n\t\t\t\t\t\t\t\t\t\t\t<\/h2>\n\t\t\t\t\n\t\t\t\t\t<p class=\"post-meta\">von <span class=\"author vcard\"><a href=\"https:\/\/blogs.uni-bremen.de\/lernen\/author\/silan1\/\" title=\"Beitr\u00e4ge von Silan\" rel=\"author\">Silan<\/a><\/span> | <span class=\"published\">M\u00e4rz 26, 2024<\/span> | <a href=\"https:\/\/blogs.uni-bremen.de\/lernen\/category\/methoden\/ankommen-und-einstimmen\/\" rel=\"tag\">Ankommen und Einstimmen<\/a>, <a href=\"https:\/\/blogs.uni-bremen.de\/lernen\/category\/methoden\/auswertung\/\" rel=\"tag\">Auswertung<\/a>, <a href=\"https:\/\/blogs.uni-bremen.de\/lernen\/category\/methoden\/informieren\/\" rel=\"tag\">Informieren<\/a>, <a href=\"https:\/\/blogs.uni-bremen.de\/lernen\/category\/methoden\/\" rel=\"tag\">Methoden<\/a>, <a href=\"https:\/\/blogs.uni-bremen.de\/lernen\/category\/methoden\/verarbeiten\/\" rel=\"tag\">Verarbeiten<\/a>, <a href=\"https:\/\/blogs.uni-bremen.de\/lernen\/category\/methoden\/vorwissen-aktivieren\/\" rel=\"tag\">Vorwissen aktivieren<\/a><\/p><div class=\"post-content\"><div class=\"post-content-inner\"><p>Bild von Silan Kaya, steht unter der Creative Commons Zero (CC0) LizenzBeschreibung der Methode Das philosophische Feld der \u00c4sthetik ist seit jeher von gro\u00dfer Uneinigkeit dar\u00fcber gepr\u00e4gt, was ein Werk zu einem Kunstwerk macht (Carroll, 2000; Wartenberg, 2007; Davis,...<\/p>\n<\/div><\/div>\t\t\t\n\t\t\t<\/article>\n\t\t\t\t\n\t\t\t<article id=\"post-750\" class=\"et_pb_post clearfix et_pb_blog_item_0_4 post-750 post type-post status-publish format-standard has-post-thumbnail hentry category-ankommen-und-einstimmen category-auswertung category-methoden category-vorwissen-aktivieren\">\n\n\t\t\t\t<div class=\"et_pb_image_container\"><a href=\"https:\/\/blogs.uni-bremen.de\/lernen\/2024\/02\/05\/assoziationskette\/\" class=\"entry-featured-image-url\"><img loading=\"lazy\" decoding=\"async\" src=\"https:\/\/blogs.uni-bremen.de\/lernen\/files\/omar-flores-MOO6k3RaiwE-unsplash-400x250.jpg\" alt=\"Assoziationskette\" class=\"\" srcset=\"https:\/\/blogs.uni-bremen.de\/lernen\/files\/omar-flores-MOO6k3RaiwE-unsplash.jpg 479w, https:\/\/blogs.uni-bremen.de\/lernen\/files\/omar-flores-MOO6k3RaiwE-unsplash-400x250.jpg 480w \" sizes=\"(max-width:479px) 479px, 100vw \"  width=\"400\" height=\"250\" \/><\/a><\/div>\n\t\t\t\t\t\t\t\t\t\t\t\t\t\t<h2 class=\"entry-title\">\n\t\t\t\t\t\t\t\t\t\t\t\t\t<a href=\"https:\/\/blogs.uni-bremen.de\/lernen\/2024\/02\/05\/assoziationskette\/\">Assoziationskette<\/a>\n\t\t\t\t\t\t\t\t\t\t\t<\/h2>\n\t\t\t\t\n\t\t\t\t\t<p class=\"post-meta\">von <span class=\"author vcard\"><a href=\"https:\/\/blogs.uni-bremen.de\/lernen\/author\/rutsta\/\" title=\"Beitr\u00e4ge von Ruth\" rel=\"author\">Ruth<\/a><\/span> | <span class=\"published\">Feb. 5, 2024<\/span> | <a href=\"https:\/\/blogs.uni-bremen.de\/lernen\/category\/methoden\/ankommen-und-einstimmen\/\" rel=\"tag\">Ankommen und Einstimmen<\/a>, <a href=\"https:\/\/blogs.uni-bremen.de\/lernen\/category\/methoden\/auswertung\/\" rel=\"tag\">Auswertung<\/a>, <a href=\"https:\/\/blogs.uni-bremen.de\/lernen\/category\/methoden\/\" rel=\"tag\">Methoden<\/a>, <a href=\"https:\/\/blogs.uni-bremen.de\/lernen\/category\/methoden\/vorwissen-aktivieren\/\" rel=\"tag\">Vorwissen aktivieren<\/a><\/p><div class=\"post-content\"><div class=\"post-content-inner\"><p>Foto von Omar Flores auf UnsplashBeschreibung der Methode Die Assoziationskette ist eine spielerische Methode, die der Gedankenlockerung, Anregung und Aktivierung der Schu\u0308ler:innen dienen soll. Ablauf der Methode Alle Schu\u0308ler:innen stellen sich in der Raummitte in...<\/p>\n<\/div><\/div>\t\t\t\n\t\t\t<\/article>\n\t\t\t\t\n\t\t\t<article id=\"post-528\" class=\"et_pb_post clearfix et_pb_blog_item_0_5 post-528 post type-post status-publish format-standard has-post-thumbnail hentry category-ankommen-und-einstimmen category-auswertung category-methoden category-verarbeiten\">\n\n\t\t\t\t<div class=\"et_pb_image_container\"><a href=\"https:\/\/blogs.uni-bremen.de\/lernen\/2024\/01\/11\/experimentieren\/\" class=\"entry-featured-image-url\"><img loading=\"lazy\" decoding=\"async\" src=\"https:\/\/blogs.uni-bremen.de\/lernen\/files\/ousa-chea-gKUC4TMhOiY-unsplash-1-400x250.jpg\" alt=\"Experimentieren\" class=\"\" srcset=\"https:\/\/blogs.uni-bremen.de\/lernen\/files\/ousa-chea-gKUC4TMhOiY-unsplash-1.jpg 479w, https:\/\/blogs.uni-bremen.de\/lernen\/files\/ousa-chea-gKUC4TMhOiY-unsplash-1-400x250.jpg 480w \" sizes=\"(max-width:479px) 479px, 100vw \"  width=\"400\" height=\"250\" \/><\/a><\/div>\n\t\t\t\t\t\t\t\t\t\t\t\t\t\t<h2 class=\"entry-title\">\n\t\t\t\t\t\t\t\t\t\t\t\t\t<a href=\"https:\/\/blogs.uni-bremen.de\/lernen\/2024\/01\/11\/experimentieren\/\">Experimentieren<\/a>\n\t\t\t\t\t\t\t\t\t\t\t<\/h2>\n\t\t\t\t\n\t\t\t\t\t<p class=\"post-meta\">von <span class=\"author vcard\"><a href=\"https:\/\/blogs.uni-bremen.de\/lernen\/author\/rutsta\/\" title=\"Beitr\u00e4ge von Ruth\" rel=\"author\">Ruth<\/a><\/span> | <span class=\"published\">Jan. 11, 2024<\/span> | <a href=\"https:\/\/blogs.uni-bremen.de\/lernen\/category\/methoden\/ankommen-und-einstimmen\/\" rel=\"tag\">Ankommen und Einstimmen<\/a>, <a href=\"https:\/\/blogs.uni-bremen.de\/lernen\/category\/methoden\/auswertung\/\" rel=\"tag\">Auswertung<\/a>, <a href=\"https:\/\/blogs.uni-bremen.de\/lernen\/category\/methoden\/\" rel=\"tag\">Methoden<\/a>, <a href=\"https:\/\/blogs.uni-bremen.de\/lernen\/category\/methoden\/verarbeiten\/\" rel=\"tag\">Verarbeiten<\/a><\/p><div class=\"post-content\"><div class=\"post-content-inner\"><p>Foto von Ousa Chea auf UnsplashBeschreibung der Methode Beim Experimentieren steht das praktische Erleben im Vordergrund. Die Sch\u00fcler:innen f\u00fchren selbstst\u00e4ndig Experimente durch, um Hypothesen zu \u00fcberpr\u00fcfen und neue Erkenntnisse zu gewinnen. Dabei werden sie dazu...<\/p>\n<\/div><\/div>\t\t\t\n\t\t\t<\/article>\n\t\t\t\t\n\t\t\t<article id=\"post-197\" class=\"et_pb_post clearfix et_pb_blog_item_0_6 post-197 post type-post status-publish format-standard has-post-thumbnail hentry category-ankommen-und-einstimmen\">\n\n\t\t\t\t<div class=\"et_pb_image_container\"><a href=\"https:\/\/blogs.uni-bremen.de\/lernen\/2023\/07\/03\/body-percussions\/\" class=\"entry-featured-image-url\"><img loading=\"lazy\" decoding=\"async\" src=\"https:\/\/blogs.uni-bremen.de\/lernen\/files\/daniel-lincoln-iK8t56RS4g8-unsplash-400x250.jpg\" alt=\"Body Percussions\" class=\"\" srcset=\"https:\/\/blogs.uni-bremen.de\/lernen\/files\/daniel-lincoln-iK8t56RS4g8-unsplash.jpg 479w, https:\/\/blogs.uni-bremen.de\/lernen\/files\/daniel-lincoln-iK8t56RS4g8-unsplash-400x250.jpg 480w \" sizes=\"(max-width:479px) 479px, 100vw \"  width=\"400\" height=\"250\" \/><\/a><\/div>\n\t\t\t\t\t\t\t\t\t\t\t\t\t\t<h2 class=\"entry-title\">\n\t\t\t\t\t\t\t\t\t\t\t\t\t<a href=\"https:\/\/blogs.uni-bremen.de\/lernen\/2023\/07\/03\/body-percussions\/\">Body Percussions<\/a>\n\t\t\t\t\t\t\t\t\t\t\t<\/h2>\n\t\t\t\t\n\t\t\t\t\t<p class=\"post-meta\">von <span class=\"author vcard\"><a href=\"https:\/\/blogs.uni-bremen.de\/lernen\/author\/mdwinger\/\" title=\"Beitr\u00e4ge von Megan\" rel=\"author\">Megan<\/a><\/span> | <span class=\"published\">Juli 3, 2023<\/span> | <a href=\"https:\/\/blogs.uni-bremen.de\/lernen\/category\/methoden\/ankommen-und-einstimmen\/\" rel=\"tag\">Ankommen und Einstimmen<\/a><\/p><div class=\"post-content\"><div class=\"post-content-inner\"><p>Foto von Daniel Lincoln auf UnsplashBeschreibung der Methode Musik ist Teil des Lebens eines jeden Menschen. Ob dies nun durch die Kopfh\u00f6rer ist, beim Singen unter der Dusche oder auch einfach nur die Musik in den \u00f6ffentlichen Verkehrsmitteln. Um sie herum kommen wir...<\/p>\n<\/div><\/div>\t\t\t\n\t\t\t<\/article>\n\t\t\t\t\n\t\t\t<article id=\"post-167\" class=\"et_pb_post clearfix et_pb_blog_item_0_7 post-167 post type-post status-publish format-standard has-post-thumbnail hentry category-ankommen-und-einstimmen category-methoden category-vorwissen-aktivieren\">\n\n\t\t\t\t<div class=\"et_pb_image_container\"><a href=\"https:\/\/blogs.uni-bremen.de\/lernen\/2023\/06\/21\/lebendige-statistik\/\" class=\"entry-featured-image-url\"><img loading=\"lazy\" decoding=\"async\" src=\"https:\/\/blogs.uni-bremen.de\/lernen\/files\/markus-spiske-qodjMu0byZ8-unsplash-400x250.jpg\" alt=\"Lebendige Statistik\" class=\"\" srcset=\"https:\/\/blogs.uni-bremen.de\/lernen\/files\/markus-spiske-qodjMu0byZ8-unsplash.jpg 479w, https:\/\/blogs.uni-bremen.de\/lernen\/files\/markus-spiske-qodjMu0byZ8-unsplash-400x250.jpg 480w \" sizes=\"(max-width:479px) 479px, 100vw \"  width=\"400\" height=\"250\" \/><\/a><\/div>\n\t\t\t\t\t\t\t\t\t\t\t\t\t\t<h2 class=\"entry-title\">\n\t\t\t\t\t\t\t\t\t\t\t\t\t<a href=\"https:\/\/blogs.uni-bremen.de\/lernen\/2023\/06\/21\/lebendige-statistik\/\">Lebendige Statistik<\/a>\n\t\t\t\t\t\t\t\t\t\t\t<\/h2>\n\t\t\t\t\n\t\t\t\t\t<p class=\"post-meta\">von <span class=\"author vcard\"><a href=\"https:\/\/blogs.uni-bremen.de\/lernen\/author\/maionken\/\" title=\"Beitr\u00e4ge von Maike\" rel=\"author\">Maike<\/a><\/span> | <span class=\"published\">Juni 21, 2023<\/span> | <a href=\"https:\/\/blogs.uni-bremen.de\/lernen\/category\/methoden\/ankommen-und-einstimmen\/\" rel=\"tag\">Ankommen und Einstimmen<\/a>, <a href=\"https:\/\/blogs.uni-bremen.de\/lernen\/category\/methoden\/\" rel=\"tag\">Methoden<\/a>, <a href=\"https:\/\/blogs.uni-bremen.de\/lernen\/category\/methoden\/vorwissen-aktivieren\/\" rel=\"tag\">Vorwissen aktivieren<\/a><\/p><div class=\"post-content\"><div class=\"post-content-inner\"><p>Foto von Markus Spiske auf UnsplashBeschreibung der Methode Im Rahmen der Unterrichtsgestaltung eignet sich die Methode \u201eLebendige Statistik\u201c besonders f\u00fcr eine thematische Hinf\u00fchrung und eine erste Sensibilisierung wie Positionierung der Lernenden zu einem (neuen)...<\/p>\n<\/div><\/div>\t\t\t\n\t\t\t<\/article>\n\t\t\t\t<\/div><div><div class=\"pagination clearfix\">\n\t<div class=\"alignleft\"><\/div>\n\t<div class=\"alignright\"><\/div>\n<\/div><\/div><\/div>\n\t\t\t\t\t<\/div>\n\t\t\t\t\t \n\t\t\t\t<\/div>\n\t\t\t<\/div>\n\t\t\t\t\n\t\t\t\t\n\t\t\t\t\n\t\t\t\t\n\t\t\t<\/div>\n\t\t\t\t\n\t\t\t\t\n\t\t\t<\/div>\n","protected":false},"excerpt":{"rendered":"","protected":false},"author":6383,"featured_media":0,"parent":0,"menu_order":0,"comment_status":"closed","ping_status":"closed","template":"","meta":{"_bbp_topic_count":0,"_bbp_reply_count":0,"_bbp_total_topic_count":0,"_bbp_total_reply_count":0,"_bbp_voice_count":0,"_bbp_anonymous_reply_count":0,"_bbp_topic_count_hidden":0,"_bbp_reply_count_hidden":0,"_bbp_forum_subforum_count":0,"_et_pb_use_builder":"on","_et_pb_old_content":"","_et_gb_content_width":"","footnotes":""},"coauthors":[28],"class_list":["post-928","page","type-page","status-publish","hentry"],"_links":{"self":[{"href":"https:\/\/blogs.uni-bremen.de\/lernen\/wp-json\/wp\/v2\/pages\/928","targetHints":{"allow":["GET"]}}],"collection":[{"href":"https:\/\/blogs.uni-bremen.de\/lernen\/wp-json\/wp\/v2\/pages"}],"about":[{"href":"https:\/\/blogs.uni-bremen.de\/lernen\/wp-json\/wp\/v2\/types\/page"}],"author":[{"embeddable":true,"href":"https:\/\/blogs.uni-bremen.de\/lernen\/wp-json\/wp\/v2\/users\/6383"}],"replies":[{"embeddable":true,"href":"https:\/\/blogs.uni-bremen.de\/lernen\/wp-json\/wp\/v2\/comments?post=928"}],"version-history":[{"count":6,"href":"https:\/\/blogs.uni-bremen.de\/lernen\/wp-json\/wp\/v2\/pages\/928\/revisions"}],"predecessor-version":[{"id":941,"href":"https:\/\/blogs.uni-bremen.de\/lernen\/wp-json\/wp\/v2\/pages\/928\/revisions\/941"}],"wp:attachment":[{"href":"https:\/\/blogs.uni-bremen.de\/lernen\/wp-json\/wp\/v2\/media?parent=928"}],"wp:term":[{"taxonomy":"author","embeddable":true,"href":"https:\/\/blogs.uni-bremen.de\/lernen\/wp-json\/wp\/v2\/coauthors?post=928"}],"curies":[{"name":"wp","href":"https:\/\/api.w.org\/{rel}","templated":true}]}}