{"id":364,"date":"2023-05-22T20:14:12","date_gmt":"2023-05-22T18:14:12","guid":{"rendered":"https:\/\/blogs.uni-bremen.de\/lehren2023kopie\/?page_id=364"},"modified":"2023-05-27T22:07:31","modified_gmt":"2023-05-27T20:07:31","slug":"sitzungsentwurf-gamification","status":"publish","type":"page","link":"https:\/\/blogs.uni-bremen.de\/lehren2023kopie\/sitzungsentwurf-gamification\/","title":{"rendered":"Sitzungsentwurf &#8211; Gamification"},"content":{"rendered":"<div class=\"et_d4_element et_pb_section et_pb_section_0 et_pb_with_background  et_pb_css_mix_blend_mode et_section_regular et_block_section\" >\n\t\t\t\t\n\t\t\t\t\n\t\t\t\t\n\t\t\t\t\n\t\t\t\t\n\t\t\t\t\n\t\t\t\t<div class=\"et_d4_element et_pb_row et_pb_row_0  et_pb_css_mix_blend_mode et_block_row\">\n\t\t\t\t<div class=\"et_d4_element et_pb_column_4_4 et_pb_column et_pb_column_0  et_pb_css_mix_blend_mode et-last-child et_block_column\">\n\t\t\t\t\n\t\t\t\t\n\t\t\t\t\n\t\t\t\t\n\t\t\t\t<div class=\"et_pb_module et_d4_element et_pb_text et_pb_text_0  et_pb_text_align_left et_pb_bg_layout_light\">\n\t\t\t\t\n\t\t\t\t\n\t\t\t\t\n\t\t\t\t\n\t\t\t\t<div class=\"et_pb_text_inner\"><h1>Sitzungsentwurf Gamification<\/h1>\n<table>\n<tbody>\n<tr>\n<td width=\"69\"><strong>Zeit (45 Minuten)<\/strong><\/td>\n<td width=\"138\"><strong>Ziel\u00a0<\/strong><\/td>\n<td width=\"92\"><strong>Verfahren<\/strong><\/td>\n<td width=\"147\"><strong>Inhalte<\/strong><\/td>\n<td width=\"90\"><strong>Mittel<\/strong><\/td>\n<td width=\"81\"><strong>Sozialform<\/strong><\/td>\n<\/tr>\n<tr>\n<td width=\"69\">2 Min.<\/td>\n<td width=\"138\">\u00dcberblick \u00fcber Lernspiele und Gamification zu schaffen<\/td>\n<td width=\"92\">Vorstellung der Themen Gamification und Lernspiele<\/td>\n<td width=\"147\">Einf\u00fchrung \u00fcber Lernspiele und Gamification, Unterschiede\/ Gemeinsamkeiten<\/td>\n<td width=\"90\">Computer<\/td>\n<td width=\"81\">Plenum<\/td>\n<\/tr>\n<tr>\n<td width=\"69\">6 Min<\/td>\n<td width=\"138\">Ein besseres Verst\u00e4ndnis f\u00fcr die Auswirkungen und Implikationen von Gamification zu entwickeln<\/td>\n<td width=\"92\">Ideen sammeln<\/td>\n<td width=\"147\">Vorteile und Nachteile von Gamification<\/td>\n<td width=\"90\">Mentimeter<\/td>\n<td width=\"81\">PA<\/td>\n<\/tr>\n<tr>\n<td width=\"69\">5 Min. .<\/td>\n<td width=\"138\">Ein besseres Verst\u00e4ndnis f\u00fcr die Auswirkungen und Implikationen von Gamification zu entwickeln<\/td>\n<td width=\"92\">Erg\u00e4nzung der Vor- und Nachteile<\/td>\n<td width=\"147\">M\u00f6gliche Erg\u00e4nzung bzw. Vervollst\u00e4ndigung der Vor- und Nachteile von Gamification<\/td>\n<td width=\"90\">Computer<\/td>\n<td width=\"81\">Plenum<\/td>\n<\/tr>\n<tr>\n<td width=\"69\">20 Min.<\/td>\n<td width=\"138\">Erfahrung mit Lernspiel erlangen<\/td>\n<td width=\"92\">\n<p>Auswahl aus 2 Spielen (mithilfe von Kartenziehen)<\/p>\n<p>&nbsp;<\/p>\n<p>ein Lernspiel ausprobieren<\/p>\n<\/td>\n<td width=\"147\">\n<p>Spiel 1: Jagd durchs Labyrinth<\/p>\n<p>Spiel 2: Spielshow-Quiz<\/p>\n<p>&nbsp;<\/p>\n<p><u>Fragen<\/u>:<\/p>\n<p>&nbsp;<\/p>\n<p>1. Welche Bereiche au\u00dferhalb von Spielen nutzen Gamification am h\u00e4ufigsten?<\/p>\n<p>2. Was ist kein Beispiel f\u00fcr Gamification?<\/p>\n<p>3. Aus welchem Grund gibt es Belohnungssysteme (wie Bestenliste) in Gamification?<\/p>\n<p>4. Was ist die Funktion von Levels in Lernspielen?<\/p>\n<p>5. Wozu wird Gamification im Bildungsbereich genutzt?<\/p>\n<p>6. Was ist der elementare Unterschied von Gamification zu Lernspielen?<\/p>\n<p>7. Welcher m\u00f6gliche Nachteil ergibt sich f\u00fcr die Lehrkraft beim Einsatz von Gamification?<\/p>\n<\/td>\n<td width=\"90\">\n<p>Handy<\/p>\n<p>iPad, Laptop<\/p>\n<p>Wordwall.net<\/p>\n<\/td>\n<td width=\"81\">EA<\/td>\n<\/tr>\n<tr>\n<td width=\"69\">8\u00a0 Min.<\/td>\n<td width=\"138\">Meinungen und Gedanken \u00fcber verschiedene Aspekte des Lernspiels auszudr\u00fccken<\/td>\n<td width=\"92\">Sammlung der Erfahrungen und Meinungen zu den beiden ausprobierten Lernspielen auf App \u201epadlet\u201c<\/td>\n<td width=\"147\">Feedback\/Bewertung und Erkenntnisse zu den ausprobierten Lernspielen<\/td>\n<td width=\"90\">padlet<\/td>\n<td width=\"81\">EA<\/td>\n<\/tr>\n<tr>\n<td width=\"69\">5 Min.<\/td>\n<td width=\"138\">Ausblick von weiteren Einsatzm\u00f6glichkeiten von Gamification au\u00dferhalb des Bildungsbereiches<\/td>\n<td width=\"92\">\n<p>Vorstellung von \u201eWorld Peace Game\u201c<\/p>\n<p>Vermittlung von weiteren Bereichen von Gamification durch Videos<\/p>\n<\/td>\n<td width=\"147\">\n<p>\u201cWorld Peace Game\u201c<\/p>\n<p>Veranschaulichung von weiteren Einsatzm\u00f6glichkeiten z.B. Haushalt, Stra\u00dfenverkehr, Sport,\u2026<\/p>\n<\/td>\n<td width=\"90\">Computer (Video, Bilder)<\/td>\n<td width=\"81\">Plenum<\/td>\n<\/tr>\n<\/tbody>\n<\/table><\/div>\n\t\t\t<\/div>\n\t\t\t<\/div>\n\t\t\t\t\n\t\t\t\t\n\t\t\t\t\n\t\t\t\t\n\t\t\t<\/div>\n\t\t\t\t\n\t\t\t\t\n\t\t\t<\/div>\n","protected":false},"excerpt":{"rendered":"","protected":false},"author":11778,"featured_media":0,"parent":0,"menu_order":0,"comment_status":"closed","ping_status":"closed","template":"","meta":{"_bbp_topic_count":0,"_bbp_reply_count":0,"_bbp_total_topic_count":0,"_bbp_total_reply_count":0,"_bbp_voice_count":0,"_bbp_anonymous_reply_count":0,"_bbp_topic_count_hidden":0,"_bbp_reply_count_hidden":0,"_bbp_forum_subforum_count":0,"_et_pb_use_builder":"on","_et_pb_old_content":"","_et_gb_content_width":"","footnotes":""},"class_list":["post-364","page","type-page","status-publish","hentry"],"_links":{"self":[{"href":"https:\/\/blogs.uni-bremen.de\/lehren2023kopie\/wp-json\/wp\/v2\/pages\/364","targetHints":{"allow":["GET"]}}],"collection":[{"href":"https:\/\/blogs.uni-bremen.de\/lehren2023kopie\/wp-json\/wp\/v2\/pages"}],"about":[{"href":"https:\/\/blogs.uni-bremen.de\/lehren2023kopie\/wp-json\/wp\/v2\/types\/page"}],"author":[{"embeddable":true,"href":"https:\/\/blogs.uni-bremen.de\/lehren2023kopie\/wp-json\/wp\/v2\/users\/11778"}],"replies":[{"embeddable":true,"href":"https:\/\/blogs.uni-bremen.de\/lehren2023kopie\/wp-json\/wp\/v2\/comments?post=364"}],"version-history":[{"count":5,"href":"https:\/\/blogs.uni-bremen.de\/lehren2023kopie\/wp-json\/wp\/v2\/pages\/364\/revisions"}],"predecessor-version":[{"id":924,"href":"https:\/\/blogs.uni-bremen.de\/lehren2023kopie\/wp-json\/wp\/v2\/pages\/364\/revisions\/924"}],"wp:attachment":[{"href":"https:\/\/blogs.uni-bremen.de\/lehren2023kopie\/wp-json\/wp\/v2\/media?parent=364"}],"curies":[{"name":"wp","href":"https:\/\/api.w.org\/{rel}","templated":true}]}}